{"id":49,"date":"2024-09-17T10:48:24","date_gmt":"2024-09-17T10:48:24","guid":{"rendered":"https:\/\/escoladigital.madeira.gov.pt\/colegioinfante\/?page_id=49"},"modified":"2024-09-17T10:56:31","modified_gmt":"2024-09-17T10:56:31","slug":"colegio","status":"publish","type":"page","link":"https:\/\/escoladigital.madeira.gov.pt\/colegioinfante\/colegio\/","title":{"rendered":"Col\u00e9gio"},"content":{"rendered":"\n<p>Somos uma Escola Cat\u00f3lica Dehoniana.<\/p>\n\n\n\n<h2 class=\"wp-block-heading\">Escola<\/h2>\n\n\n\n<p>Uma Escola que deseja promover um ensino de qualidade, onde cada um tem oportunidade de afirmar-se, valorizar-se e de p\u00f4r a render todas as suas capacidades humanas, pessoais e sociais, quer a n\u00edvel intelectual, f\u00edsico, espiritual e art\u00edstico, e desenvolver o Homem Todo e Todo o Homem. Defende um ensino personificante, onde cada um tem um nome e uma rela\u00e7\u00e3o dignificante, onde a disciplina \u00e9 uma realidade e a seguran\u00e7a uma constante.<\/p>\n\n\n\n<h2 class=\"wp-block-heading\">Escola Cat\u00f3lica<\/h2>\n\n\n\n<p>Uma Escola Cat\u00f3lica que educa para a Eternidade. \u00c0 luz dos princ\u00edpios e valores de inspira\u00e7\u00e3o crist\u00e3, deseja formar as consci\u00eancias para assumirem o protagonismo da sua vida numa sociedade onde alguns desses valores s\u00e3o postos em causa. Fazer uma s\u00edntese entre Cultura e F\u00e9, F\u00e9 e Vida, atrav\u00e9s de uma forma\u00e7\u00e3o equilibrada, humana, curricular e cat\u00f3lica.<\/p>\n\n\n\n<h2 class=\"wp-block-heading\">Escola Cat\u00f3lica Dehoniana<\/h2>\n\n\n\n<p>Como Escola Cat\u00f3lica Dehoniana, pretende descobrir o Deus do Amor e viver no Amor de Deus. Como o Pe. Dehon, sonhamos formar homens e mulheres, para que, \u00e0 luz do Evangelho, se empenhem na constru\u00e7\u00e3o de um mundo novo. Um mundo com cora\u00e7\u00e3o, \u00e0 imagem e semelhan\u00e7a do Cora\u00e7\u00e3o de Jesus.<\/p>\n\n\n\n<h2 class=\"wp-block-heading\">A nossa hist\u00f3ria<\/h2>\n\n\n\n<p>Breve resenha das datas relevantes:<\/p>\n\n\n\n<p>1957: Funda\u00e7\u00e3o do Col\u00e9gio na Quinta Favilla &#8211; Avenida do Infante, no Funchal. O seu objetivo era prestar \u00e0 popula\u00e7\u00e3o madeirense um servi\u00e7o de educa\u00e7\u00e3o escolar inspirado e orientado pelos princ\u00edpios da Escola Cat\u00f3lica.<\/p>\n\n\n\n<p>1958: Mudan\u00e7a para a nova sede do Col\u00e9gio no Grande Hotel Belmonte, na freguesia do Monte.<\/p>\n\n\n\n<p>1961: Atribui\u00e7\u00e3o do Alvar\u00e1 com o n\u00ba 1635.<\/p>\n\n\n\n<p>1970: Introdu\u00e7\u00e3o do regime de coeduca\u00e7\u00e3o (masculino e feminino).<\/p>\n\n\n\n<p>1974: Encerramento do Internato, em 1974, passando a funcionar nas modalidades de Externato e Semi-internato.<\/p>\n\n\n\n<p>1978: Atribui\u00e7\u00e3o do paralelismo pedag\u00f3gico e goza do t\u00edtulo de utilidade p\u00fablica (Decreto Regional n\u00ba 27\/78\/M, de 3 de Julho de 1979).<\/p>\n\n\n\n<p>1981: Op\u00e7\u00e3o por um Contrato de Associa\u00e7\u00e3o, entre o Governo Regional da Madeira e o Col\u00e9gio Infante, vinculou este \u00faltimo \u00e0 zona escolar do Monte.<\/p>\n\n\n\n<p>1995: Declara\u00e7\u00e3o do Edif\u00edcio Antigo do Col\u00e9gio Infante D. Henrique como bem do Patrim\u00f3nio Cultural edificado na Regi\u00e3o Aut\u00f3noma da Madeira.<\/p>\n\n\n\n<p>2000: Op\u00e7\u00e3o por um novo modelo de gest\u00e3o em que na Dire\u00e7\u00e3o do Col\u00e9gio s\u00e3o integrados dois professores.<\/p>\n\n\n\n<p>2003: Introdu\u00e7\u00e3o do Regime de Escola a Tempo Inteiro.<\/p>\n\n\n\n<p>2006: Abertura do Pr\u00e9-Escolar (crian\u00e7as de 5 anos).<\/p>\n\n\n\n<p>2015: Alargamento do Pr\u00e9-Escolar a crian\u00e7as de 4 anos.<\/p>\n","protected":false},"excerpt":{"rendered":"<p>Somos uma Escola Cat\u00f3lica Dehoniana. Escola Uma Escola que deseja promover um ensino de qualidade, onde cada um tem oportunidade de afirmar-se, valorizar-se e de p\u00f4r a render todas as suas capacidades humanas, pessoais e sociais, quer a n\u00edvel intelectual, f\u00edsico, espiritual e art\u00edstico, e desenvolver o Homem Todo e Todo o Homem. Defende um &hellip; <\/p>\n<p class=\"link-more\"><a href=\"https:\/\/escoladigital.madeira.gov.pt\/colegioinfante\/colegio\/\" class=\"more-link\">Read more<span class=\"screen-reader-text\"> &#8220;Col\u00e9gio&#8221;<\/span><\/a><\/p>\n","protected":false},"author":58,"featured_media":0,"parent":0,"menu_order":0,"comment_status":"closed","ping_status":"closed","template":"","meta":{"_themeisle_gutenberg_block_has_review":false,"inspiro_hide_title":false,"footnotes":""},"class_list":["post-49","page","type-page","status-publish","hentry"],"_links":{"self":[{"href":"https:\/\/escoladigital.madeira.gov.pt\/colegioinfante\/wp-json\/wp\/v2\/pages\/49","targetHints":{"allow":["GET"]}}],"collection":[{"href":"https:\/\/escoladigital.madeira.gov.pt\/colegioinfante\/wp-json\/wp\/v2\/pages"}],"about":[{"href":"https:\/\/escoladigital.madeira.gov.pt\/colegioinfante\/wp-json\/wp\/v2\/types\/page"}],"author":[{"embeddable":true,"href":"https:\/\/escoladigital.madeira.gov.pt\/colegioinfante\/wp-json\/wp\/v2\/users\/58"}],"replies":[{"embeddable":true,"href":"https:\/\/escoladigital.madeira.gov.pt\/colegioinfante\/wp-json\/wp\/v2\/comments?post=49"}],"version-history":[{"count":2,"href":"https:\/\/escoladigital.madeira.gov.pt\/colegioinfante\/wp-json\/wp\/v2\/pages\/49\/revisions"}],"predecessor-version":[{"id":68,"href":"https:\/\/escoladigital.madeira.gov.pt\/colegioinfante\/wp-json\/wp\/v2\/pages\/49\/revisions\/68"}],"wp:attachment":[{"href":"https:\/\/escoladigital.madeira.gov.pt\/colegioinfante\/wp-json\/wp\/v2\/media?parent=49"}],"curies":[{"name":"wp","href":"https:\/\/api.w.org\/{rel}","templated":true}]}}