{"id":380,"date":"2025-08-06T19:46:08","date_gmt":"2025-08-06T19:46:08","guid":{"rendered":"https:\/\/escoladigital.madeira.gov.pt\/colegiosteresinha\/?page_id=380"},"modified":"2026-02-09T18:31:05","modified_gmt":"2026-02-09T18:31:05","slug":"documentos-institucionais","status":"publish","type":"page","link":"https:\/\/escoladigital.madeira.gov.pt\/colegiosteresinha\/documentos-institucionais\/","title":{"rendered":"Documentos Institucionais"},"content":{"rendered":"\t\t<div data-elementor-type=\"wp-page\" data-elementor-id=\"380\" class=\"elementor elementor-380\">\n\t\t\t\t<div class=\"elementor-element elementor-element-7ac16fa classe_documentos e-flex e-con-boxed e-con e-parent\" data-id=\"7ac16fa\" data-element_type=\"container\" data-e-type=\"container\">\n\t\t\t\t\t<div class=\"e-con-inner\">\n\t\t\t\t<div class=\"elementor-element elementor-element-31e6ca7 elementor-widget elementor-widget-html\" data-id=\"31e6ca7\" data-element_type=\"widget\" data-e-type=\"widget\" data-widget_type=\"html.default\">\n\t\t\t\t<div class=\"elementor-widget-container\">\n\t\t\t\t\t<section class=\"docs-institucionais\">\r\n  <div class=\"docs-card\">\r\n    <h2>\ud83d\udcd1 Documentos Institucionais<\/h2>\r\n    <p class=\"intro\">\r\n      Consulte os principais documentos que regem o funcionamento e os princ\u00edpios orientadores do \r\n      <strong>Col\u00e9gio de Santa Teresinha<\/strong>.\r\n    <\/p>\r\n\r\n    <div class=\"docs-grid\">\r\n      <a href=\"\/colegiosteresinha\/colegiosteresinha\/shared-files\/1478\/?Regulamento.-Interno.-JULHO.-2025.pdf\r\n\" class=\"doc-item\">\r\n        <span class=\"doc-title\">Regulamento Interno<\/span>\r\n    \r\n      <\/a>\r\n\r\n      <a href=\"\/colegiosteresinha\/colegiosteresinha\/shared-files\/1479\/?Plano-Anual-de-Escola-2025-2026.pdf\" class=\"doc-item\">\r\n        <span class=\"doc-title\">Plano Anual de Escola<\/span>\r\n      <\/a>\r\n\r\n      <a href=\"https:\/\/escoladigital.madeira.gov.pt\/colegiosteresinha\/wp-content\/uploads\/sites\/68\/2026\/02\/Criterios-de-avaliacao-1.o-Ciclo-2025-2026.pdf\" class=\"doc-item\">\r\n        <span class=\"doc-title\">Crit\u00e9rios de Avalia\u00e7\u00e3o \u2013 1.\u00ba Ciclo<\/span>\r\n      <\/a>\r\n\r\n      <a href=\"https:\/\/escoladigital.madeira.gov.pt\/colegiosteresinha\/wp-content\/uploads\/sites\/68\/2026\/02\/Criterios-de-avaliacao-2.o-e-3.o-Ciclo-2025-2026.pdf\" class=\"doc-item\">\r\n        <span class=\"doc-title\">Crit\u00e9rios de Avalia\u00e7\u00e3o \u2013 2.\u00ba e 3.\u00ba Ciclos<\/span>\r\n      <\/a>\r\n\r\n      <a href=\"\/colegiosteresinha\/colegiosteresinha\/shared-files\/1485\/?Regimento-CAA_CST-2025-2026-1.pdf\" class=\"doc-item\">\r\n        <span class=\"doc-title\">Regimento do Centro de Apoio \u00e0 Aprendizagem<\/span>\r\n      <\/a>\r\n    <\/div>\r\n\r\n    <p class=\"nota\">Todos os documentos est\u00e3o dispon\u00edveis em formato PDF.<\/p>\r\n  <\/div>\r\n<\/section>\t\t\t\t<\/div>\n\t\t\t\t<\/div>\n\t\t\t\t\t<\/div>\n\t\t\t\t<\/div>\n\t\t\t\t<\/div>\n\t\t","protected":false},"excerpt":{"rendered":"<p>\ud83d\udcd1 Documentos Institucionais Consulte os principais documentos que regem o funcionamento e os princ\u00edpios orientadores do Col\u00e9gio de Santa Teresinha. Regulamento Interno Plano Anual de Escola Crit\u00e9rios de Avalia\u00e7\u00e3o \u2013 1.\u00ba Ciclo Crit\u00e9rios de Avalia\u00e7\u00e3o \u2013 2.\u00ba e 3.\u00ba Ciclos Regimento do Centro de Apoio \u00e0 Aprendizagem Todos os documentos est\u00e3o dispon\u00edveis em formato PDF.<\/p>\n","protected":false},"author":93,"featured_media":0,"parent":0,"menu_order":0,"comment_status":"closed","ping_status":"closed","template":"elementor_header_footer","meta":{"site-sidebar-layout":"no-sidebar","site-content-layout":"","ast-site-content-layout":"full-width-container","site-content-style":"default","site-sidebar-style":"default","ast-global-header-display":"","ast-banner-title-visibility":"","ast-main-header-display":"","ast-hfb-above-header-display":"","ast-hfb-below-header-display":"","ast-hfb-mobile-header-display":"","site-post-title":"disabled","ast-breadcrumbs-content":"","ast-featured-img":"disabled","footer-sml-layout":"","ast-disable-related-posts":"","theme-transparent-header-meta":"","adv-header-id-meta":"","stick-header-meta":"","header-above-stick-meta":"","header-main-stick-meta":"","header-below-stick-meta":"","astra-migrate-meta-layouts":"default","ast-page-background-enabled":"default","ast-page-background-meta":{"desktop":{"background-color":"var(--ast-global-color-5)","background-image":"","background-repeat":"repeat","background-position":"center center","background-size":"auto","background-attachment":"scroll","background-type":"","background-media":"","overlay-type":"","overlay-color":"","overlay-opacity":"","overlay-gradient":""},"tablet":{"background-color":"","background-image":"","background-repeat":"repeat","background-position":"center center","background-size":"auto","background-attachment":"scroll","background-type":"","background-media":"","overlay-type":"","overlay-color":"","overlay-opacity":"","overlay-gradient":""},"mobile":{"background-color":"","background-image":"","background-repeat":"repeat","background-position":"center center","background-size":"auto","background-attachment":"scroll","background-type":"","background-media":"","overlay-type":"","overlay-color":"","overlay-opacity":"","overlay-gradient":""}},"ast-content-background-meta":{"desktop":{"background-color":"var(--ast-global-color-4)","background-image":"","background-repeat":"repeat","background-position":"center center","background-size":"auto","background-attachment":"scroll","background-type":"","background-media":"","overlay-type":"","overlay-color":"","overlay-opacity":"","overlay-gradient":""},"tablet":{"background-color":"var(--ast-global-color-4)","background-image":"","background-repeat":"repeat","background-position":"center center","background-size":"auto","background-attachment":"scroll","background-type":"","background-media":"","overlay-type":"","overlay-color":"","overlay-opacity":"","overlay-gradient":""},"mobile":{"background-color":"var(--ast-global-color-4)","background-image":"","background-repeat":"repeat","background-position":"center center","background-size":"auto","background-attachment":"scroll","background-type":"","background-media":"","overlay-type":"","overlay-color":"","overlay-opacity":"","overlay-gradient":""}},"_themeisle_gutenberg_block_has_review":false,"footnotes":""},"class_list":["post-380","page","type-page","status-publish","hentry"],"_links":{"self":[{"href":"https:\/\/escoladigital.madeira.gov.pt\/colegiosteresinha\/wp-json\/wp\/v2\/pages\/380","targetHints":{"allow":["GET"]}}],"collection":[{"href":"https:\/\/escoladigital.madeira.gov.pt\/colegiosteresinha\/wp-json\/wp\/v2\/pages"}],"about":[{"href":"https:\/\/escoladigital.madeira.gov.pt\/colegiosteresinha\/wp-json\/wp\/v2\/types\/page"}],"author":[{"embeddable":true,"href":"https:\/\/escoladigital.madeira.gov.pt\/colegiosteresinha\/wp-json\/wp\/v2\/users\/93"}],"replies":[{"embeddable":true,"href":"https:\/\/escoladigital.madeira.gov.pt\/colegiosteresinha\/wp-json\/wp\/v2\/comments?post=380"}],"version-history":[{"count":55,"href":"https:\/\/escoladigital.madeira.gov.pt\/colegiosteresinha\/wp-json\/wp\/v2\/pages\/380\/revisions"}],"predecessor-version":[{"id":4336,"href":"https:\/\/escoladigital.madeira.gov.pt\/colegiosteresinha\/wp-json\/wp\/v2\/pages\/380\/revisions\/4336"}],"wp:attachment":[{"href":"https:\/\/escoladigital.madeira.gov.pt\/colegiosteresinha\/wp-json\/wp\/v2\/media?parent=380"}],"curies":[{"name":"wp","href":"https:\/\/api.w.org\/{rel}","templated":true}]}}