{"id":389,"date":"2025-08-06T20:00:25","date_gmt":"2025-08-06T20:00:25","guid":{"rendered":"https:\/\/escoladigital.madeira.gov.pt\/colegiosteresinha\/?page_id=389"},"modified":"2026-02-09T13:08:23","modified_gmt":"2026-02-09T13:08:23","slug":"calendario-escolar","status":"publish","type":"page","link":"https:\/\/escoladigital.madeira.gov.pt\/colegiosteresinha\/calendario-escolar\/","title":{"rendered":"Calend\u00e1rio Escolar"},"content":{"rendered":"\t\t<div data-elementor-type=\"wp-page\" data-elementor-id=\"389\" class=\"elementor elementor-389\">\n\t\t\t\t<div class=\"elementor-element elementor-element-b6dc64f calendario_classe e-flex e-con-boxed e-con e-parent\" data-id=\"b6dc64f\" data-element_type=\"container\" data-e-type=\"container\">\n\t\t\t\t\t<div class=\"e-con-inner\">\n\t\t\t\t<div class=\"elementor-element elementor-element-b42f6a6 calendario_classse elementor-widget elementor-widget-html\" data-id=\"b42f6a6\" data-element_type=\"widget\" data-e-type=\"widget\" data-widget_type=\"html.default\">\n\t\t\t\t<div class=\"elementor-widget-container\">\n\t\t\t\t\t<section class=\"calendario-escolar\" aria-labelledby=\"titulo-calendario\">\r\n  <header class=\"cal-topo\">\r\n    <h2 id=\"titulo-calendario\">Calend\u00e1rio Escolar<\/h2>\r\n\r\n    <p class=\"intro\">\r\n      Consulte o calend\u00e1rio com as datas relevantes do ano letivo, incluindo feriados, interrup\u00e7\u00f5es letivas e momentos\r\n      de avalia\u00e7\u00e3o. Recomenda-se a consulta regular para acompanhar eventuais atualiza\u00e7\u00f5es.\r\n    <\/p>\r\n  <\/header>\r\n\r\n  <article class=\"cal-card\" aria-label=\"Download do Calend\u00e1rio Escolar\">\r\n    <div class=\"cal-card-topo\">\r\n      <span class=\"cal-icone\" aria-hidden=\"true\">\ud83d\udcc5<\/span>\r\n\r\n      <div class=\"cal-card-texto\">\r\n        <h3>Calend\u00e1rio 2025\/2026<\/h3>\r\n        <p>Documento oficial em formato PDF.<\/p>\r\n      <\/div>\r\n    <\/div>\r\n\r\n    <div class=\"cal-acoes\">\r\n      <a class=\"cal-btn\" href=\"\/colegiosteresinha\/colegiosteresinha\/shared-files\/545\/?CALEND\u00c1RIO%202025%202026.pdf\" target=\"_blank\" rel=\"noopener\">\r\n        Abrir calend\u00e1rio\r\n      <\/a>\r\n    <\/div>\r\n\r\n    <footer class=\"meta\">\r\n      <small>PDF \u00b7 2 p\u00e1ginas \u00b7 atualizado a 5 de setembro de 2025<\/small>\r\n    <\/footer>\r\n  <\/article>\r\n<\/section>\r\n\t\t\t\t<\/div>\n\t\t\t\t<\/div>\n\t\t\t\t\t<\/div>\n\t\t\t\t<\/div>\n\t\t\t\t<\/div>\n\t\t","protected":false},"excerpt":{"rendered":"<p>Calend\u00e1rio Escolar Consulte o calend\u00e1rio com as datas relevantes do ano letivo, incluindo feriados, interrup\u00e7\u00f5es letivas e momentos de avalia\u00e7\u00e3o. Recomenda-se a consulta regular para acompanhar eventuais atualiza\u00e7\u00f5es. \ud83d\udcc5 Calend\u00e1rio 2025\/2026 Documento oficial em formato PDF. Abrir calend\u00e1rio PDF \u00b7 2 p\u00e1ginas \u00b7 atualizado a 5 de setembro de 2025<\/p>\n","protected":false},"author":93,"featured_media":0,"parent":0,"menu_order":0,"comment_status":"closed","ping_status":"closed","template":"","meta":{"site-sidebar-layout":"default","site-content-layout":"","ast-site-content-layout":"full-width-container","site-content-style":"default","site-sidebar-style":"default","ast-global-header-display":"","ast-banner-title-visibility":"","ast-main-header-display":"","ast-hfb-above-header-display":"","ast-hfb-below-header-display":"","ast-hfb-mobile-header-display":"","site-post-title":"disabled","ast-breadcrumbs-content":"","ast-featured-img":"","footer-sml-layout":"","ast-disable-related-posts":"","theme-transparent-header-meta":"","adv-header-id-meta":"","stick-header-meta":"","header-above-stick-meta":"","header-main-stick-meta":"","header-below-stick-meta":"","astra-migrate-meta-layouts":"default","ast-page-background-enabled":"default","ast-page-background-meta":{"desktop":{"background-color":"var(--ast-global-color-5)","background-image":"","background-repeat":"repeat","background-position":"center center","background-size":"auto","background-attachment":"scroll","background-type":"","background-media":"","overlay-type":"","overlay-color":"","overlay-opacity":"","overlay-gradient":""},"tablet":{"background-color":"","background-image":"","background-repeat":"repeat","background-position":"center center","background-size":"auto","background-attachment":"scroll","background-type":"","background-media":"","overlay-type":"","overlay-color":"","overlay-opacity":"","overlay-gradient":""},"mobile":{"background-color":"","background-image":"","background-repeat":"repeat","background-position":"center center","background-size":"auto","background-attachment":"scroll","background-type":"","background-media":"","overlay-type":"","overlay-color":"","overlay-opacity":"","overlay-gradient":""}},"ast-content-background-meta":{"desktop":{"background-color":"var(--ast-global-color-4)","background-image":"","background-repeat":"repeat","background-position":"center center","background-size":"auto","background-attachment":"scroll","background-type":"","background-media":"","overlay-type":"","overlay-color":"","overlay-opacity":"","overlay-gradient":""},"tablet":{"background-color":"var(--ast-global-color-4)","background-image":"","background-repeat":"repeat","background-position":"center center","background-size":"auto","background-attachment":"scroll","background-type":"","background-media":"","overlay-type":"","overlay-color":"","overlay-opacity":"","overlay-gradient":""},"mobile":{"background-color":"var(--ast-global-color-4)","background-image":"","background-repeat":"repeat","background-position":"center center","background-size":"auto","background-attachment":"scroll","background-type":"","background-media":"","overlay-type":"","overlay-color":"","overlay-opacity":"","overlay-gradient":""}},"_themeisle_gutenberg_block_has_review":false,"footnotes":""},"class_list":["post-389","page","type-page","status-publish","hentry"],"_links":{"self":[{"href":"https:\/\/escoladigital.madeira.gov.pt\/colegiosteresinha\/wp-json\/wp\/v2\/pages\/389","targetHints":{"allow":["GET"]}}],"collection":[{"href":"https:\/\/escoladigital.madeira.gov.pt\/colegiosteresinha\/wp-json\/wp\/v2\/pages"}],"about":[{"href":"https:\/\/escoladigital.madeira.gov.pt\/colegiosteresinha\/wp-json\/wp\/v2\/types\/page"}],"author":[{"embeddable":true,"href":"https:\/\/escoladigital.madeira.gov.pt\/colegiosteresinha\/wp-json\/wp\/v2\/users\/93"}],"replies":[{"embeddable":true,"href":"https:\/\/escoladigital.madeira.gov.pt\/colegiosteresinha\/wp-json\/wp\/v2\/comments?post=389"}],"version-history":[{"count":31,"href":"https:\/\/escoladigital.madeira.gov.pt\/colegiosteresinha\/wp-json\/wp\/v2\/pages\/389\/revisions"}],"predecessor-version":[{"id":4306,"href":"https:\/\/escoladigital.madeira.gov.pt\/colegiosteresinha\/wp-json\/wp\/v2\/pages\/389\/revisions\/4306"}],"wp:attachment":[{"href":"https:\/\/escoladigital.madeira.gov.pt\/colegiosteresinha\/wp-json\/wp\/v2\/media?parent=389"}],"curies":[{"name":"wp","href":"https:\/\/api.w.org\/{rel}","templated":true}]}}