{"id":45,"date":"2025-07-08T10:46:44","date_gmt":"2025-07-08T10:46:44","guid":{"rendered":"https:\/\/escoladigital.madeira.gov.pt\/colegiosteresinha\/?page_id=45"},"modified":"2026-03-23T14:52:40","modified_gmt":"2026-03-23T14:52:40","slug":"alunos","status":"publish","type":"page","link":"https:\/\/escoladigital.madeira.gov.pt\/colegiosteresinha\/alunos\/","title":{"rendered":"Alunos"},"content":{"rendered":"\t\t<div data-elementor-type=\"wp-page\" data-elementor-id=\"45\" class=\"elementor elementor-45\">\n\t\t\t\t<div class=\"elementor-element elementor-element-3e93f96 Classe_alunos e-flex e-con-boxed e-con e-parent\" data-id=\"3e93f96\" data-element_type=\"container\" data-e-type=\"container\">\n\t\t\t\t\t<div class=\"e-con-inner\">\n\t\t\t\t<div class=\"elementor-element elementor-element-48bbf89 elementor-widget elementor-widget-html\" data-id=\"48bbf89\" data-element_type=\"widget\" data-e-type=\"widget\" data-widget_type=\"html.default\">\n\t\t\t\t<div class=\"elementor-widget-container\">\n\t\t\t\t\t<section class=\"Classe_alunos\" aria-labelledby=\"titulo-alunos\">\r\n\r\n  <h2 id=\"titulo-alunos\" class=\"titulo-academico\">\r\n    Alunos\r\n  <\/h2>\r\n\r\n  <p>\r\n  Esta \u00e1rea re\u00fane os principais recursos destinados aos alunos do <strong>Col\u00e9gio de Santa Teresinha<\/strong>.<br>\r\n  Aqui poder\u00e1 consultar os <strong>hor\u00e1rios<\/strong>, os <strong>manuais escolares<\/strong>, o <strong>calend\u00e1rio escolar<\/strong>, as <strong>provas<\/strong>,\r\n  as <strong>plataformas digitais<\/strong> e a <strong>ementa<\/strong>.\r\n<\/p>\r\n\r\n\r\n  <div class=\"alunos-grid\">\r\n      \r\n     <a class=\"aluno-card\" href=\"https:\/\/escoladigital.madeira.gov.pt\/colegiosteresinha\/eventos\/\">\r\n  <span class=\"icon\">\ud83d\udcdd\ufe0f<\/span>\r\n  <span class=\"titulo\">Provas<\/span>\r\n  <span class=\"texto\">Provas-ensaio, ModA e provas finais.<\/span>\r\n<\/a>\r\n\r\n    <a class=\"aluno-card\" href=\"https:\/\/escoladigital.madeira.gov.pt\/colegiosteresinha\/horarios\/\">\r\n      <span class=\"icon\">\u23f0<\/span>\r\n      <span class=\"titulo\">Hor\u00e1rios<\/span>\r\n      <span class=\"texto\">Hor\u00e1rios por turma do ano letivo.<\/span>\r\n    <\/a>\r\n\r\n    <a class=\"aluno-card\" href=\"https:\/\/escoladigital.madeira.gov.pt\/colegiosteresinha\/manuais-escolares\/\">\r\n      <span class=\"icon\">\ud83d\udcd8<\/span>\r\n      <span class=\"titulo\">Manuais Escolares<\/span>\r\n      <span class=\"texto\">Listas de manuais adotados.<\/span>\r\n    <\/a>\r\n\r\n    <a class=\"aluno-card\" href=\"https:\/\/escoladigital.madeira.gov.pt\/colegiosteresinha\/calendario-escolar\/\">\r\n      <span class=\"icon\">\ud83d\udcc5<\/span>\r\n      <span class=\"titulo\">Calend\u00e1rio Escolar<\/span>\r\n      <span class=\"texto\">Datas importantes do ano letivo.<\/span>\r\n    <\/a>\r\n\r\n    <a class=\"aluno-card\" href=\"https:\/\/escoladigital.madeira.gov.pt\/colegiosteresinha\/plataformas-digitais\/\">\r\n      <span class=\"icon\">\u2601\ufe0f<\/span>\r\n      <span class=\"titulo\">Plataformas Digitais<\/span>\r\n      <span class=\"texto\">Acesso ao Moodle.<\/span>\r\n    <\/a>\r\n    \r\n    <a class=\"aluno-card\" href=\"https:\/\/escoladigital.madeira.gov.pt\/colegiosteresinha\/ementa\/\">\r\n  <span class=\"icon\">\ud83c\udf7d\ufe0f<\/span>\r\n  <span class=\"titulo\">Ementa<\/span>\r\n  <span class=\"texto\">Menus atualizados de almo\u00e7os e lanches.<\/span>\r\n<\/a>\r\n\r\n\r\n  <\/div>\r\n\r\n<\/section>\r\n\t\t\t\t<\/div>\n\t\t\t\t<\/div>\n\t\t\t\t\t<\/div>\n\t\t\t\t<\/div>\n\t\t\t\t<\/div>\n\t\t","protected":false},"excerpt":{"rendered":"<p>Alunos Esta \u00e1rea re\u00fane os principais recursos destinados aos alunos do Col\u00e9gio de Santa Teresinha. Aqui poder\u00e1 consultar os hor\u00e1rios, os manuais escolares, o calend\u00e1rio escolar, as provas, as plataformas digitais e a ementa. \ud83d\udcdd\ufe0f Provas Provas-ensaio, ModA e provas finais. \u23f0 Hor\u00e1rios Hor\u00e1rios por turma do ano letivo. \ud83d\udcd8 Manuais Escolares Listas de manuais [&hellip;]<\/p>\n","protected":false},"author":93,"featured_media":0,"parent":0,"menu_order":0,"comment_status":"closed","ping_status":"closed","template":"elementor_header_footer","meta":{"site-sidebar-layout":"default","site-content-layout":"","ast-site-content-layout":"full-width-container","site-content-style":"boxed","site-sidebar-style":"default","ast-global-header-display":"","ast-banner-title-visibility":"","ast-main-header-display":"","ast-hfb-above-header-display":"","ast-hfb-below-header-display":"","ast-hfb-mobile-header-display":"","site-post-title":"disabled","ast-breadcrumbs-content":"","ast-featured-img":"","footer-sml-layout":"","ast-disable-related-posts":"","theme-transparent-header-meta":"","adv-header-id-meta":"","stick-header-meta":"","header-above-stick-meta":"","header-main-stick-meta":"","header-below-stick-meta":"","astra-migrate-meta-layouts":"default","ast-page-background-enabled":"default","ast-page-background-meta":{"desktop":{"background-color":"var(--ast-global-color-5)","background-image":"","background-repeat":"repeat","background-position":"center center","background-size":"auto","background-attachment":"scroll","background-type":"","background-media":"","overlay-type":"","overlay-color":"","overlay-opacity":"","overlay-gradient":""},"tablet":{"background-color":"","background-image":"","background-repeat":"repeat","background-position":"center center","background-size":"auto","background-attachment":"scroll","background-type":"","background-media":"","overlay-type":"","overlay-color":"","overlay-opacity":"","overlay-gradient":""},"mobile":{"background-color":"","background-image":"","background-repeat":"repeat","background-position":"center center","background-size":"auto","background-attachment":"scroll","background-type":"","background-media":"","overlay-type":"","overlay-color":"","overlay-opacity":"","overlay-gradient":""}},"ast-content-background-meta":{"desktop":{"background-color":"var(--ast-global-color-4)","background-image":"","background-repeat":"repeat","background-position":"center center","background-size":"auto","background-attachment":"scroll","background-type":"","background-media":"","overlay-type":"","overlay-color":"","overlay-opacity":"","overlay-gradient":""},"tablet":{"background-color":"var(--ast-global-color-4)","background-image":"","background-repeat":"repeat","background-position":"center center","background-size":"auto","background-attachment":"scroll","background-type":"","background-media":"","overlay-type":"","overlay-color":"","overlay-opacity":"","overlay-gradient":""},"mobile":{"background-color":"var(--ast-global-color-4)","background-image":"","background-repeat":"repeat","background-position":"center center","background-size":"auto","background-attachment":"scroll","background-type":"","background-media":"","overlay-type":"","overlay-color":"","overlay-opacity":"","overlay-gradient":""}},"_themeisle_gutenberg_block_has_review":false,"footnotes":""},"class_list":["post-45","page","type-page","status-publish","hentry"],"_links":{"self":[{"href":"https:\/\/escoladigital.madeira.gov.pt\/colegiosteresinha\/wp-json\/wp\/v2\/pages\/45","targetHints":{"allow":["GET"]}}],"collection":[{"href":"https:\/\/escoladigital.madeira.gov.pt\/colegiosteresinha\/wp-json\/wp\/v2\/pages"}],"about":[{"href":"https:\/\/escoladigital.madeira.gov.pt\/colegiosteresinha\/wp-json\/wp\/v2\/types\/page"}],"author":[{"embeddable":true,"href":"https:\/\/escoladigital.madeira.gov.pt\/colegiosteresinha\/wp-json\/wp\/v2\/users\/93"}],"replies":[{"embeddable":true,"href":"https:\/\/escoladigital.madeira.gov.pt\/colegiosteresinha\/wp-json\/wp\/v2\/comments?post=45"}],"version-history":[{"count":58,"href":"https:\/\/escoladigital.madeira.gov.pt\/colegiosteresinha\/wp-json\/wp\/v2\/pages\/45\/revisions"}],"predecessor-version":[{"id":5800,"href":"https:\/\/escoladigital.madeira.gov.pt\/colegiosteresinha\/wp-json\/wp\/v2\/pages\/45\/revisions\/5800"}],"wp:attachment":[{"href":"https:\/\/escoladigital.madeira.gov.pt\/colegiosteresinha\/wp-json\/wp\/v2\/media?parent=45"}],"curies":[{"name":"wp","href":"https:\/\/api.w.org\/{rel}","templated":true}]}}