{"id":49,"date":"2025-07-08T10:47:28","date_gmt":"2025-07-08T10:47:28","guid":{"rendered":"https:\/\/escoladigital.madeira.gov.pt\/colegiosteresinha\/?page_id=49"},"modified":"2026-02-09T13:33:39","modified_gmt":"2026-02-09T13:33:39","slug":"manuais-escolares","status":"publish","type":"page","link":"https:\/\/escoladigital.madeira.gov.pt\/colegiosteresinha\/manuais-escolares\/","title":{"rendered":"Manuais Escolares"},"content":{"rendered":"\t\t<div data-elementor-type=\"wp-page\" data-elementor-id=\"49\" class=\"elementor elementor-49\">\n\t\t\t\t<div class=\"elementor-element elementor-element-be3eba3 manuais_classe e-flex e-con-boxed e-con e-parent\" data-id=\"be3eba3\" data-element_type=\"container\" data-e-type=\"container\">\n\t\t\t\t\t<div class=\"e-con-inner\">\n\t\t\t\t<div class=\"elementor-element elementor-element-30b4421 manuais elementor-widget elementor-widget-html\" data-id=\"30b4421\" data-element_type=\"widget\" data-e-type=\"widget\" data-widget_type=\"html.default\">\n\t\t\t\t<div class=\"elementor-widget-container\">\n\t\t\t\t\t<section class=\"manuais-escolares\" aria-labelledby=\"titulo-manuais\">\r\n  <header class=\"manuais-topo\">\r\n    <h2 id=\"titulo-manuais\">Manuais Escolares<\/h2>\r\n    <p class=\"intro\">\r\n      Consulte e descarregue as listas de manuais adotados pelo <strong>Col\u00e9gio de Santa Teresinha<\/strong>\r\n      para o ano letivo <strong>2025\/2026<\/strong>.\r\n    <\/p>\r\n  <\/header>\r\n\r\n  <div class=\"manuais-blocos\">\r\n\r\n    <section class=\"secao\" aria-labelledby=\"ciclo-1\">\r\n      <h3 id=\"ciclo-1\">1.\u00ba Ciclo<\/h3>\r\n      <ul class=\"lista-botoes\" role=\"list\">\r\n        <li><a class=\"btn-ano\" href=\"\/colegiosteresinha\/colegiosteresinha\/shared-files\/993\/?Lista%201.%C2%BA%20ano%2025-26.pdf\" target=\"_blank\" rel=\"noopener\">1.\u00ba Ano<\/a><\/li>\r\n        <li><a class=\"btn-ano\" href=\"\/colegiosteresinha\/colegiosteresinha\/shared-files\/994\/?Lista%202.%C2%BA%20ano%2025-26.pdf\" target=\"_blank\" rel=\"noopener\">2.\u00ba Ano<\/a><\/li>\r\n        <li><a class=\"btn-ano\" href=\"\/colegiosteresinha\/colegiosteresinha\/shared-files\/995\/?Lista%203.%C2%BA%20ano%2025-26.pdf\" target=\"_blank\" rel=\"noopener\">3.\u00ba Ano<\/a><\/li>\r\n        <li><a class=\"btn-ano\" href=\"\/colegiosteresinha\/colegiosteresinha\/shared-files\/996\/?Lista%204.%C2%BA%20ano%2025-26.pdf\" target=\"_blank\" rel=\"noopener\">4.\u00ba Ano<\/a><\/li>\r\n      <\/ul>\r\n    <\/section>\r\n\r\n    <section class=\"secao\" aria-labelledby=\"ciclo-2\">\r\n      <h3 id=\"ciclo-2\">2.\u00ba Ciclo<\/h3>\r\n      <ul class=\"lista-botoes\" role=\"list\">\r\n        <li><a class=\"btn-ano\" href=\"\/colegiosteresinha\/colegiosteresinha\/shared-files\/998\/?Livros%205.%C2%BA%20Ano.pdf\" target=\"_blank\" rel=\"noopener\">5.\u00ba Ano<\/a><\/li>\r\n        <li><a class=\"btn-ano\" href=\"\/colegiosteresinha\/colegiosteresinha\/shared-files\/999\/?Livros%206.%C2%BA%20Ano.pdf\" target=\"_blank\" rel=\"noopener\">6.\u00ba Ano<\/a><\/li>\r\n      <\/ul>\r\n    <\/section>\r\n\r\n    <section class=\"secao\" aria-labelledby=\"ciclo-3\">\r\n      <h3 id=\"ciclo-3\">3.\u00ba Ciclo<\/h3>\r\n      <ul class=\"lista-botoes\" role=\"list\">\r\n        <li><a class=\"btn-ano\" href=\"\/colegiosteresinha\/colegiosteresinha\/shared-files\/1000\/?LIVROS%207.%C2%BA%20Ano.pdf\" target=\"_blank\" rel=\"noopener\">7.\u00ba Ano<\/a><\/li>\r\n        <li><a class=\"btn-ano\" href=\"\/colegiosteresinha\/colegiosteresinha\/shared-files\/1001\/?LIVROS%208.%C2%BA%20Ano.pdf\" target=\"_blank\" rel=\"noopener\">8.\u00ba Ano<\/a><\/li>\r\n        <li><a class=\"btn-ano\" href=\"\/colegiosteresinha\/colegiosteresinha\/shared-files\/1002\/?LIVROS%209.%C2%BA%20Ano.pdf\" target=\"_blank\" rel=\"noopener\">9.\u00ba Ano<\/a><\/li>\r\n      <\/ul>\r\n    <\/section>\r\n\r\n    <section class=\"secao\" aria-labelledby=\"educ-lit\">\r\n      <h3 id=\"educ-lit\">Educa\u00e7\u00e3o Liter\u00e1ria<\/h3>\r\n      <ul class=\"lista-botoes\" role=\"list\">\r\n        <li><a class=\"btn-ano\" href=\"\/colegiosteresinha\/colegiosteresinha\/shared-files\/1003\/?Educa%C3%A7%C3%A3o%20Liter%C3%A1ria%20%E2%80%93%207.%C2%BA%20Ano.pdf\" target=\"_blank\" rel=\"noopener\">7.\u00ba Ano<\/a><\/li>\r\n        <li><a class=\"btn-ano\" href=\"\/colegiosteresinha\/colegiosteresinha\/shared-files\/1004\/?Educa%C3%A7%C3%A3o%20Liter%C3%A1ria%20%E2%80%93%208.%C2%BA%20Ano.pdf\" target=\"_blank\" rel=\"noopener\">8.\u00ba Ano<\/a><\/li>\r\n        <li><a class=\"btn-ano\" href=\"\/colegiosteresinha\/colegiosteresinha\/shared-files\/1005\/?Educa%C3%A7%C3%A3o%20Liter%C3%A1ria%20%E2%80%93%209.%C2%BA%20Ano.pdf\" target=\"_blank\" rel=\"noopener\">9.\u00ba Ano<\/a><\/li>\r\n      <\/ul>\r\n    <\/section>\r\n\r\n    <section class=\"secao\" aria-labelledby=\"lista-material\">\r\n      <h3 id=\"lista-material\">Lista de Material<\/h3>\r\n      <ul class=\"lista-botoes\" role=\"list\">\r\n        <li><a class=\"btn-ano\" href=\"\/colegiosteresinha\/colegiosteresinha\/shared-files\/1006\/?MATERIAL%20DISCIPLINAS%20-%205.%C2%BA%20e%206.%C2%BA%20ANOs.pdf\" target=\"_blank\" rel=\"noopener\">5.\u00ba\/6.\u00ba Ano<\/a><\/li>\r\n        <li><a class=\"btn-ano\" href=\"\/colegiosteresinha\/colegiosteresinha\/shared-files\/1007\/?MATERIAL%20PARA%20EDUCA%C3%87%C3%83O%20VISUAL%207.%C2%BA%20E%208.%C2%BA%20ANO.pdf\" target=\"_blank\" rel=\"noopener\">7.\u00ba\/8.\u00ba Ano (Ed. Visual)<\/a><\/li>\r\n        <li><a class=\"btn-ano\" href=\"\/colegiosteresinha\/colegiosteresinha\/shared-files\/1008\/?MATERIAL%20PARA%20EDUCA%C3%87%C3%83O%20VISUAL%209%C2%BA%20ANO.pdf\" target=\"_blank\" rel=\"noopener\">9.\u00ba Ano (Ed. Visual)<\/a><\/li>\r\n      <\/ul>\r\n    <\/section>\r\n\r\n  <\/div>\r\n\r\n  <footer class=\"rodape\">\r\n    <small>Documentos sujeitos a atualiza\u00e7\u00f5es conforme orienta\u00e7\u00f5es da Secretaria Regional da Educa\u00e7\u00e3o.<\/small>\r\n  <\/footer>\r\n<\/section>\r\n\t\t\t\t<\/div>\n\t\t\t\t<\/div>\n\t\t\t\t\t<\/div>\n\t\t\t\t<\/div>\n\t\t\t\t<\/div>\n\t\t","protected":false},"excerpt":{"rendered":"<p>Manuais Escolares Consulte e descarregue as listas de manuais adotados pelo Col\u00e9gio de Santa Teresinha para o ano letivo 2025\/2026. 1.\u00ba Ciclo 1.\u00ba Ano 2.\u00ba Ano 3.\u00ba Ano 4.\u00ba Ano 2.\u00ba Ciclo 5.\u00ba Ano 6.\u00ba Ano 3.\u00ba Ciclo 7.\u00ba Ano 8.\u00ba Ano 9.\u00ba Ano Educa\u00e7\u00e3o Liter\u00e1ria 7.\u00ba Ano 8.\u00ba Ano 9.\u00ba Ano Lista de Material [&hellip;]<\/p>\n","protected":false},"author":93,"featured_media":0,"parent":0,"menu_order":0,"comment_status":"closed","ping_status":"closed","template":"","meta":{"site-sidebar-layout":"default","site-content-layout":"","ast-site-content-layout":"full-width-container","site-content-style":"default","site-sidebar-style":"default","ast-global-header-display":"","ast-banner-title-visibility":"","ast-main-header-display":"","ast-hfb-above-header-display":"","ast-hfb-below-header-display":"","ast-hfb-mobile-header-display":"","site-post-title":"disabled","ast-breadcrumbs-content":"","ast-featured-img":"","footer-sml-layout":"","ast-disable-related-posts":"","theme-transparent-header-meta":"","adv-header-id-meta":"","stick-header-meta":"","header-above-stick-meta":"","header-main-stick-meta":"","header-below-stick-meta":"","astra-migrate-meta-layouts":"default","ast-page-background-enabled":"default","ast-page-background-meta":{"desktop":{"background-color":"var(--ast-global-color-5)","background-image":"","background-repeat":"repeat","background-position":"center center","background-size":"auto","background-attachment":"scroll","background-type":"","background-media":"","overlay-type":"","overlay-color":"","overlay-opacity":"","overlay-gradient":""},"tablet":{"background-color":"","background-image":"","background-repeat":"repeat","background-position":"center center","background-size":"auto","background-attachment":"scroll","background-type":"","background-media":"","overlay-type":"","overlay-color":"","overlay-opacity":"","overlay-gradient":""},"mobile":{"background-color":"","background-image":"","background-repeat":"repeat","background-position":"center center","background-size":"auto","background-attachment":"scroll","background-type":"","background-media":"","overlay-type":"","overlay-color":"","overlay-opacity":"","overlay-gradient":""}},"ast-content-background-meta":{"desktop":{"background-color":"var(--ast-global-color-4)","background-image":"","background-repeat":"repeat","background-position":"center center","background-size":"auto","background-attachment":"scroll","background-type":"","background-media":"","overlay-type":"","overlay-color":"","overlay-opacity":"","overlay-gradient":""},"tablet":{"background-color":"var(--ast-global-color-4)","background-image":"","background-repeat":"repeat","background-position":"center center","background-size":"auto","background-attachment":"scroll","background-type":"","background-media":"","overlay-type":"","overlay-color":"","overlay-opacity":"","overlay-gradient":""},"mobile":{"background-color":"var(--ast-global-color-4)","background-image":"","background-repeat":"repeat","background-position":"center center","background-size":"auto","background-attachment":"scroll","background-type":"","background-media":"","overlay-type":"","overlay-color":"","overlay-opacity":"","overlay-gradient":""}},"_themeisle_gutenberg_block_has_review":false,"footnotes":""},"class_list":["post-49","page","type-page","status-publish","hentry"],"_links":{"self":[{"href":"https:\/\/escoladigital.madeira.gov.pt\/colegiosteresinha\/wp-json\/wp\/v2\/pages\/49","targetHints":{"allow":["GET"]}}],"collection":[{"href":"https:\/\/escoladigital.madeira.gov.pt\/colegiosteresinha\/wp-json\/wp\/v2\/pages"}],"about":[{"href":"https:\/\/escoladigital.madeira.gov.pt\/colegiosteresinha\/wp-json\/wp\/v2\/types\/page"}],"author":[{"embeddable":true,"href":"https:\/\/escoladigital.madeira.gov.pt\/colegiosteresinha\/wp-json\/wp\/v2\/users\/93"}],"replies":[{"embeddable":true,"href":"https:\/\/escoladigital.madeira.gov.pt\/colegiosteresinha\/wp-json\/wp\/v2\/comments?post=49"}],"version-history":[{"count":25,"href":"https:\/\/escoladigital.madeira.gov.pt\/colegiosteresinha\/wp-json\/wp\/v2\/pages\/49\/revisions"}],"predecessor-version":[{"id":4325,"href":"https:\/\/escoladigital.madeira.gov.pt\/colegiosteresinha\/wp-json\/wp\/v2\/pages\/49\/revisions\/4325"}],"wp:attachment":[{"href":"https:\/\/escoladigital.madeira.gov.pt\/colegiosteresinha\/wp-json\/wp\/v2\/media?parent=49"}],"curies":[{"name":"wp","href":"https:\/\/api.w.org\/{rel}","templated":true}]}}