{"id":53,"date":"2025-07-08T10:48:43","date_gmt":"2025-07-08T10:48:43","guid":{"rendered":"https:\/\/escoladigital.madeira.gov.pt\/colegiosteresinha\/?page_id=53"},"modified":"2026-03-27T13:06:27","modified_gmt":"2026-03-27T13:06:27","slug":"ementa","status":"publish","type":"page","link":"https:\/\/escoladigital.madeira.gov.pt\/colegiosteresinha\/ementa\/","title":{"rendered":"Ementa"},"content":{"rendered":"\t\t<div data-elementor-type=\"wp-page\" data-elementor-id=\"53\" class=\"elementor elementor-53\">\n\t\t\t\t<div class=\"elementor-element elementor-element-92ef478 classe_Ementa e-flex e-con-boxed e-con e-parent\" data-id=\"92ef478\" data-element_type=\"container\" data-e-type=\"container\">\n\t\t\t\t\t<div class=\"e-con-inner\">\n\t\t\t\t<div class=\"elementor-element elementor-element-b736744 elementor-widget elementor-widget-html\" data-id=\"b736744\" data-element_type=\"widget\" data-e-type=\"widget\" data-widget_type=\"html.default\">\n\t\t\t\t<div class=\"elementor-widget-container\">\n\t\t\t\t\t\r\n<section class=\"ementas-escolares educacional\" aria-labelledby=\"titulo-ementas\">\r\n<h2 id=\"titulo-ementas\">Ementa Escolar<\/h2>\r\n<p class=\"intro\">A confe\u00e7\u00e3o das refei\u00e7\u00f5es est\u00e1 a cargo da <strong>Gertal<\/strong>. Consulte, abaixo, as ementas dispon\u00edveis para os alunos.<\/p>\r\n<div class=\"ementas-botoes\" role=\"group\" aria-label=\"Downloads de ementas\"><a class=\"btn-turma\" href=\"https:\/\/escoladigital.madeira.gov.pt\/colegiosteresinha\/wp-content\/uploads\/sites\/68\/2026\/03\/EMENTA-CST-30-MAR.-A-01-ABR.-2026.pdf\" target=\"_blank\" rel=\"noopener\" aria-label=\"Ementa - Almo\u00e7os (PDF)\"> <span class=\"turma-sigla\">Ementa dos Almo\u00e7os<\/span> <\/a> <a class=\"btn-turma\" href=\"\/colegiosteresinha\/colegiosteresinha\/shared-files\/1220\/?Lanche-CST-2025-2026_alteracao.pdf\" target=\"_blank\" rel=\"noopener\" aria-label=\"Ementa - Lanches (PDF)\"> <span class=\"turma-sigla\">Ementa dos Lanches<\/span>  <\/a><\/div>\r\n<figure class=\"fornecedor\"><img decoding=\"async\" src=\"https:\/\/escoladigital.madeira.gov.pt\/colegiosteresinha\/wp-content\/uploads\/sites\/68\/2025\/08\/Gertal.png\" alt=\"Gertal \u2014 fornecedora de refei\u00e7\u00f5es escolares\" width=\"160\" height=\"160\" \/>\r\n<figcaption>Parceria com a Gertal<\/figcaption>\r\n<\/figure>\r\n<p class=\"nota\">As ementas s\u00e3o atualizadas regularmente. Recomenda-se a consulta frequente.<\/p>\r\n<\/section>\r\n\r\n\r\n\r\n<p>&nbsp;<\/p>\r\n\t\t\t\t<\/div>\n\t\t\t\t<\/div>\n\t\t\t\t\t<\/div>\n\t\t\t\t<\/div>\n\t\t\t\t<\/div>\n\t\t","protected":false},"excerpt":{"rendered":"<p>Ementa Escolar A confe\u00e7\u00e3o das refei\u00e7\u00f5es est\u00e1 a cargo da Gertal. Consulte, abaixo, as ementas dispon\u00edveis para os alunos. Ementa dos Almo\u00e7os Ementa dos Lanches Parceria com a Gertal As ementas s\u00e3o atualizadas regularmente. Recomenda-se a consulta frequente. &nbsp;<\/p>\n","protected":false},"author":93,"featured_media":0,"parent":0,"menu_order":0,"comment_status":"closed","ping_status":"closed","template":"","meta":{"site-sidebar-layout":"default","site-content-layout":"","ast-site-content-layout":"full-width-container","site-content-style":"boxed","site-sidebar-style":"default","ast-global-header-display":"","ast-banner-title-visibility":"","ast-main-header-display":"","ast-hfb-above-header-display":"","ast-hfb-below-header-display":"","ast-hfb-mobile-header-display":"","site-post-title":"disabled","ast-breadcrumbs-content":"","ast-featured-img":"","footer-sml-layout":"","ast-disable-related-posts":"","theme-transparent-header-meta":"","adv-header-id-meta":"","stick-header-meta":"","header-above-stick-meta":"","header-main-stick-meta":"","header-below-stick-meta":"","astra-migrate-meta-layouts":"default","ast-page-background-enabled":"default","ast-page-background-meta":{"desktop":{"background-color":"var(--ast-global-color-5)","background-image":"","background-repeat":"repeat","background-position":"center center","background-size":"auto","background-attachment":"scroll","background-type":"","background-media":"","overlay-type":"","overlay-color":"","overlay-opacity":"","overlay-gradient":""},"tablet":{"background-color":"","background-image":"","background-repeat":"repeat","background-position":"center center","background-size":"auto","background-attachment":"scroll","background-type":"","background-media":"","overlay-type":"","overlay-color":"","overlay-opacity":"","overlay-gradient":""},"mobile":{"background-color":"","background-image":"","background-repeat":"repeat","background-position":"center center","background-size":"auto","background-attachment":"scroll","background-type":"","background-media":"","overlay-type":"","overlay-color":"","overlay-opacity":"","overlay-gradient":""}},"ast-content-background-meta":{"desktop":{"background-color":"var(--ast-global-color-4)","background-image":"","background-repeat":"repeat","background-position":"center center","background-size":"auto","background-attachment":"scroll","background-type":"","background-media":"","overlay-type":"","overlay-color":"","overlay-opacity":"","overlay-gradient":""},"tablet":{"background-color":"var(--ast-global-color-4)","background-image":"","background-repeat":"repeat","background-position":"center center","background-size":"auto","background-attachment":"scroll","background-type":"","background-media":"","overlay-type":"","overlay-color":"","overlay-opacity":"","overlay-gradient":""},"mobile":{"background-color":"var(--ast-global-color-4)","background-image":"","background-repeat":"repeat","background-position":"center center","background-size":"auto","background-attachment":"scroll","background-type":"","background-media":"","overlay-type":"","overlay-color":"","overlay-opacity":"","overlay-gradient":""}},"_themeisle_gutenberg_block_has_review":false,"footnotes":""},"class_list":["post-53","page","type-page","status-publish","hentry"],"_links":{"self":[{"href":"https:\/\/escoladigital.madeira.gov.pt\/colegiosteresinha\/wp-json\/wp\/v2\/pages\/53","targetHints":{"allow":["GET"]}}],"collection":[{"href":"https:\/\/escoladigital.madeira.gov.pt\/colegiosteresinha\/wp-json\/wp\/v2\/pages"}],"about":[{"href":"https:\/\/escoladigital.madeira.gov.pt\/colegiosteresinha\/wp-json\/wp\/v2\/types\/page"}],"author":[{"embeddable":true,"href":"https:\/\/escoladigital.madeira.gov.pt\/colegiosteresinha\/wp-json\/wp\/v2\/users\/93"}],"replies":[{"embeddable":true,"href":"https:\/\/escoladigital.madeira.gov.pt\/colegiosteresinha\/wp-json\/wp\/v2\/comments?post=53"}],"version-history":[{"count":72,"href":"https:\/\/escoladigital.madeira.gov.pt\/colegiosteresinha\/wp-json\/wp\/v2\/pages\/53\/revisions"}],"predecessor-version":[{"id":5808,"href":"https:\/\/escoladigital.madeira.gov.pt\/colegiosteresinha\/wp-json\/wp\/v2\/pages\/53\/revisions\/5808"}],"wp:attachment":[{"href":"https:\/\/escoladigital.madeira.gov.pt\/colegiosteresinha\/wp-json\/wp\/v2\/media?parent=53"}],"curies":[{"name":"wp","href":"https:\/\/api.w.org\/{rel}","templated":true}]}}