{"id":55,"date":"2025-07-08T10:49:10","date_gmt":"2025-07-08T10:49:10","guid":{"rendered":"https:\/\/escoladigital.madeira.gov.pt\/colegiosteresinha\/?page_id=55"},"modified":"2026-02-09T12:00:50","modified_gmt":"2026-02-09T12:00:50","slug":"encarregados-de-educacao","status":"publish","type":"page","link":"https:\/\/escoladigital.madeira.gov.pt\/colegiosteresinha\/encarregados-de-educacao\/","title":{"rendered":"Encarregados de Educa\u00e7\u00e3o"},"content":{"rendered":"\t\t<div data-elementor-type=\"wp-page\" data-elementor-id=\"55\" class=\"elementor elementor-55\">\n\t\t\t\t<div class=\"elementor-element elementor-element-2ff37ea EEducacao e-flex e-con-boxed e-con e-parent\" data-id=\"2ff37ea\" data-element_type=\"container\" data-e-type=\"container\">\n\t\t\t\t\t<div class=\"e-con-inner\">\n\t\t\t\t<div class=\"elementor-element elementor-element-c8370e2 elementor-widget elementor-widget-html\" data-id=\"c8370e2\" data-element_type=\"widget\" data-e-type=\"widget\" data-widget_type=\"html.default\">\n\t\t\t\t<div class=\"elementor-widget-container\">\n\t\t\t\t\t<section class=\"encarregados-educacao\" aria-labelledby=\"titulo-ee\">\r\n  <header class=\"ee-topo\">\r\n    <h2 id=\"titulo-ee\">Encarregados de Educa\u00e7\u00e3o<\/h2>\r\n\r\n    <p class=\"intro\">\r\n      Esta \u00e1rea destina-se \u00e0 comunica\u00e7\u00e3o institucional com os encarregados de educa\u00e7\u00e3o do\r\n      <strong>Col\u00e9gio de Santa Teresinha<\/strong>. Aqui s\u00e3o disponibilizados <strong>comunicados oficiais<\/strong>,\r\n      informa\u00e7\u00f5es relevantes e avisos dirigidos \u00e0 comunidade educativa.\r\n    <\/p>\r\n  <\/header>\r\n\r\n  <div class=\"grid-acessos\" role=\"list\">\r\n    <article class=\"card-acesso\" role=\"listitem\">\r\n      <div class=\"card-cabecalho\">\r\n        <span class=\"icon-circle\" aria-hidden=\"true\">\ud83d\udce2<\/span>\r\n        <div class=\"card-titulos\">\r\n          <h3>Comunicados<\/h3>\r\n          <p class=\"card-sub\">Informa\u00e7\u00f5es e avisos dirigidos aos encarregados de educa\u00e7\u00e3o.<\/p>\r\n        <\/div>\r\n      <\/div>\r\n\r\n      <div class=\"card-acoes\">\r\n        <a class=\"btn-principal\" href=\"https:\/\/escoladigital.madeira.gov.pt\/colegiosteresinha\/comunicados\/\">\r\n          Ver comunicados\r\n        <\/a>\r\n      <\/div>\r\n\r\n      <p class=\"card-nota\">\r\n        Dica: consulte regularmente para se manter atualizado(a) sobre prazos, reuni\u00f5es e avisos.\r\n      <\/p>\r\n    <\/article>\r\n  <\/div>\r\n\r\n  <div class=\"ee-rodape\">\r\n    <p class=\"nota-final\">\r\n      Caso necessite de apoio adicional, consulte a p\u00e1gina de <a href=\"https:\/\/escoladigital.madeira.gov.pt\/colegiosteresinha\/contactos\/\">Contactos<\/a>.\r\n    <\/p>\r\n  <\/div>\r\n<\/section>\r\n\t\t\t\t<\/div>\n\t\t\t\t<\/div>\n\t\t\t\t\t<\/div>\n\t\t\t\t<\/div>\n\t\t\t\t<\/div>\n\t\t","protected":false},"excerpt":{"rendered":"<p>Encarregados de Educa\u00e7\u00e3o Esta \u00e1rea destina-se \u00e0 comunica\u00e7\u00e3o institucional com os encarregados de educa\u00e7\u00e3o do Col\u00e9gio de Santa Teresinha. Aqui s\u00e3o disponibilizados comunicados oficiais, informa\u00e7\u00f5es relevantes e avisos dirigidos \u00e0 comunidade educativa. \ud83d\udce2 Comunicados Informa\u00e7\u00f5es e avisos dirigidos aos encarregados de educa\u00e7\u00e3o. Ver comunicados Dica: consulte regularmente para se manter atualizado(a) sobre prazos, reuni\u00f5es e [&hellip;]<\/p>\n","protected":false},"author":93,"featured_media":0,"parent":0,"menu_order":0,"comment_status":"closed","ping_status":"closed","template":"","meta":{"site-sidebar-layout":"no-sidebar","site-content-layout":"","ast-site-content-layout":"full-width-container","site-content-style":"boxed","site-sidebar-style":"default","ast-global-header-display":"","ast-banner-title-visibility":"","ast-main-header-display":"","ast-hfb-above-header-display":"","ast-hfb-below-header-display":"","ast-hfb-mobile-header-display":"","site-post-title":"disabled","ast-breadcrumbs-content":"","ast-featured-img":"disabled","footer-sml-layout":"","ast-disable-related-posts":"","theme-transparent-header-meta":"","adv-header-id-meta":"","stick-header-meta":"","header-above-stick-meta":"","header-main-stick-meta":"","header-below-stick-meta":"","astra-migrate-meta-layouts":"default","ast-page-background-enabled":"default","ast-page-background-meta":{"desktop":{"background-color":"var(--ast-global-color-5)","background-image":"","background-repeat":"repeat","background-position":"center center","background-size":"auto","background-attachment":"scroll","background-type":"","background-media":"","overlay-type":"","overlay-color":"","overlay-opacity":"","overlay-gradient":""},"tablet":{"background-color":"","background-image":"","background-repeat":"repeat","background-position":"center center","background-size":"auto","background-attachment":"scroll","background-type":"","background-media":"","overlay-type":"","overlay-color":"","overlay-opacity":"","overlay-gradient":""},"mobile":{"background-color":"","background-image":"","background-repeat":"repeat","background-position":"center center","background-size":"auto","background-attachment":"scroll","background-type":"","background-media":"","overlay-type":"","overlay-color":"","overlay-opacity":"","overlay-gradient":""}},"ast-content-background-meta":{"desktop":{"background-color":"var(--ast-global-color-4)","background-image":"","background-repeat":"repeat","background-position":"center center","background-size":"auto","background-attachment":"scroll","background-type":"","background-media":"","overlay-type":"","overlay-color":"","overlay-opacity":"","overlay-gradient":""},"tablet":{"background-color":"var(--ast-global-color-4)","background-image":"","background-repeat":"repeat","background-position":"center center","background-size":"auto","background-attachment":"scroll","background-type":"","background-media":"","overlay-type":"","overlay-color":"","overlay-opacity":"","overlay-gradient":""},"mobile":{"background-color":"var(--ast-global-color-4)","background-image":"","background-repeat":"repeat","background-position":"center center","background-size":"auto","background-attachment":"scroll","background-type":"","background-media":"","overlay-type":"","overlay-color":"","overlay-opacity":"","overlay-gradient":""}},"_themeisle_gutenberg_block_has_review":false,"footnotes":""},"class_list":["post-55","page","type-page","status-publish","hentry"],"_links":{"self":[{"href":"https:\/\/escoladigital.madeira.gov.pt\/colegiosteresinha\/wp-json\/wp\/v2\/pages\/55","targetHints":{"allow":["GET"]}}],"collection":[{"href":"https:\/\/escoladigital.madeira.gov.pt\/colegiosteresinha\/wp-json\/wp\/v2\/pages"}],"about":[{"href":"https:\/\/escoladigital.madeira.gov.pt\/colegiosteresinha\/wp-json\/wp\/v2\/types\/page"}],"author":[{"embeddable":true,"href":"https:\/\/escoladigital.madeira.gov.pt\/colegiosteresinha\/wp-json\/wp\/v2\/users\/93"}],"replies":[{"embeddable":true,"href":"https:\/\/escoladigital.madeira.gov.pt\/colegiosteresinha\/wp-json\/wp\/v2\/comments?post=55"}],"version-history":[{"count":35,"href":"https:\/\/escoladigital.madeira.gov.pt\/colegiosteresinha\/wp-json\/wp\/v2\/pages\/55\/revisions"}],"predecessor-version":[{"id":4189,"href":"https:\/\/escoladigital.madeira.gov.pt\/colegiosteresinha\/wp-json\/wp\/v2\/pages\/55\/revisions\/4189"}],"wp:attachment":[{"href":"https:\/\/escoladigital.madeira.gov.pt\/colegiosteresinha\/wp-json\/wp\/v2\/media?parent=55"}],"curies":[{"name":"wp","href":"https:\/\/api.w.org\/{rel}","templated":true}]}}