{"id":59,"date":"2025-07-08T10:49:56","date_gmt":"2025-07-08T10:49:56","guid":{"rendered":"https:\/\/escoladigital.madeira.gov.pt\/colegiosteresinha\/?page_id=59"},"modified":"2026-02-09T12:06:52","modified_gmt":"2026-02-09T12:06:52","slug":"comunicados","status":"publish","type":"page","link":"https:\/\/escoladigital.madeira.gov.pt\/colegiosteresinha\/comunicados\/","title":{"rendered":"Comunicados"},"content":{"rendered":"\t\t<div data-elementor-type=\"wp-page\" data-elementor-id=\"59\" class=\"elementor elementor-59\">\n\t\t\t\t<div class=\"elementor-element elementor-element-e418ee3 e-flex e-con-boxed e-con e-parent\" data-id=\"e418ee3\" data-element_type=\"container\" data-e-type=\"container\">\n\t\t\t\t\t<div class=\"e-con-inner\">\n\t\t\t\t<div class=\"elementor-element elementor-element-56a17f8 elementor-widget elementor-widget-html\" data-id=\"56a17f8\" data-element_type=\"widget\" data-e-type=\"widget\" data-widget_type=\"html.default\">\n\t\t\t\t<div class=\"elementor-widget-container\">\n\t\t\t\t\t<section class=\"comunicados_classe\" aria-labelledby=\"titulo-comunicados\">\r\n\r\n  <header class=\"comunicados-topo\">\r\n    <h1 id=\"titulo-comunicados\">Comunicados<\/h1>\r\n\r\n    <p class=\"intro\">\r\n      Consulte nesta p\u00e1gina as informa\u00e7\u00f5es oficiais relativas ao funcionamento do\r\n      <strong>Col\u00e9gio de Santa Teresinha<\/strong>, incluindo datas importantes,\r\n      reuni\u00f5es e avisos dirigidos aos encarregados de educa\u00e7\u00e3o.\r\n    <\/p>\r\n  <\/header>\r\n\r\n\r\n  <div class=\"info-letivo-bloco\">\r\n\r\n    <h2><span class=\"emoji\">\ud83d\udcc5<\/span> In\u00edcio do Ano Letivo 2025\/2026<\/h2>\r\n\r\n    <table class=\"tabela-letiva\">\r\n      <thead>\r\n        <tr>\r\n          <th>Ano de Escolaridade<\/th>\r\n          <th>Data<\/th>\r\n        <\/tr>\r\n      <\/thead>\r\n      <tbody>\r\n        <tr>\r\n          <td><strong>Pr\u00e9-Escolar<\/strong><\/td>\r\n          <td>05 de setembro<\/td>\r\n        <\/tr>\r\n        <tr>\r\n          <td><strong>1.\u00ba, 2.\u00ba, 3.\u00ba e 4.\u00ba Anos<\/strong><\/td>\r\n          <td>08 de setembro<\/td>\r\n        <\/tr>\r\n        <tr>\r\n          <td><strong>5.\u00ba e 7.\u00ba Anos<\/strong><\/td>\r\n          <td>09 de setembro<\/td>\r\n        <\/tr>\r\n        <tr>\r\n          <td><strong>6.\u00ba, 8.\u00ba e 9.\u00ba Anos<\/strong><\/td>\r\n          <td>10 de setembro<\/td>\r\n        <\/tr>\r\n      <\/tbody>\r\n    <\/table>\r\n\r\n\r\n    <h2 class=\"titulo-com-status\">\r\n      <span class=\"emoji\">\ud83d\udcd8<\/span>\r\n      Reuni\u00f5es de Pais\r\n      <span class=\"badge badge--done\">Conclu\u00eddas<\/span>\r\n    <\/h2>\r\n\r\n    <table class=\"tabela-letiva is-archived\" aria-describedby=\"nota-reunioes\">\r\n      <thead>\r\n        <tr>\r\n          <th>Ano<\/th>\r\n          <th>Dia<\/th>\r\n          <th>Hora<\/th>\r\n          <th>Local<\/th>\r\n        <\/tr>\r\n      <\/thead>\r\n      <tbody>\r\n        <tr>\r\n          <td>\r\n            <strong>Pr\u00e9-Escolar \u2014 4 e 5 anos<\/strong><br>\r\n            <small>(crian\u00e7as que entram pela primeira vez)<\/small>\r\n          <\/td>\r\n          <td>3 de setembro<\/td>\r\n          <td>18h00<\/td>\r\n          <td rowspan=\"3\">Gin\u00e1sio do col\u00e9gio<\/td>\r\n        <\/tr>\r\n        <tr>\r\n          <td><strong>1.\u00ba Ano<\/strong><\/td>\r\n          <td>4 de setembro<\/td>\r\n          <td>18h00<\/td>\r\n        <\/tr>\r\n        <tr>\r\n          <td><strong>5.\u00ba Ano<\/strong><\/td>\r\n          <td>5 de setembro<\/td>\r\n          <td>18h00<\/td>\r\n        <\/tr>\r\n      <\/tbody>\r\n    <\/table>\r\n\r\n\r\n    <div id=\"nota-reunioes\" class=\"nota-final\">\r\n      <p>\r\n        <strong>\u2139\ufe0f Nota:<\/strong>\r\n        As reuni\u00f5es de pais desta fase j\u00e1 terminaram.\r\n        Para qualquer esclarecimento adicional, contacte a Secretaria\r\n        ou o respetivo Diretor de Turma.\r\n      <\/p>\r\n    <\/div>\r\n\r\n  <\/div>\r\n<\/section>\r\n\t\t\t\t<\/div>\n\t\t\t\t<\/div>\n\t\t\t\t\t<\/div>\n\t\t\t\t<\/div>\n\t\t\t\t<\/div>\n\t\t","protected":false},"excerpt":{"rendered":"<p>Comunicados Consulte nesta p\u00e1gina as informa\u00e7\u00f5es oficiais relativas ao funcionamento do Col\u00e9gio de Santa Teresinha, incluindo datas importantes, reuni\u00f5es e avisos dirigidos aos encarregados de educa\u00e7\u00e3o. \ud83d\udcc5 In\u00edcio do Ano Letivo 2025\/2026 Ano de Escolaridade Data Pr\u00e9-Escolar 05 de setembro 1.\u00ba, 2.\u00ba, 3.\u00ba e 4.\u00ba Anos 08 de setembro 5.\u00ba e 7.\u00ba Anos 09 de [&hellip;]<\/p>\n","protected":false},"author":93,"featured_media":0,"parent":0,"menu_order":0,"comment_status":"closed","ping_status":"closed","template":"","meta":{"site-sidebar-layout":"default","site-content-layout":"","ast-site-content-layout":"full-width-container","site-content-style":"default","site-sidebar-style":"default","ast-global-header-display":"","ast-banner-title-visibility":"","ast-main-header-display":"","ast-hfb-above-header-display":"","ast-hfb-below-header-display":"","ast-hfb-mobile-header-display":"","site-post-title":"disabled","ast-breadcrumbs-content":"","ast-featured-img":"","footer-sml-layout":"","ast-disable-related-posts":"","theme-transparent-header-meta":"","adv-header-id-meta":"","stick-header-meta":"","header-above-stick-meta":"","header-main-stick-meta":"","header-below-stick-meta":"","astra-migrate-meta-layouts":"default","ast-page-background-enabled":"default","ast-page-background-meta":{"desktop":{"background-color":"var(--ast-global-color-5)","background-image":"","background-repeat":"repeat","background-position":"center center","background-size":"auto","background-attachment":"scroll","background-type":"","background-media":"","overlay-type":"","overlay-color":"","overlay-opacity":"","overlay-gradient":""},"tablet":{"background-color":"","background-image":"","background-repeat":"repeat","background-position":"center center","background-size":"auto","background-attachment":"scroll","background-type":"","background-media":"","overlay-type":"","overlay-color":"","overlay-opacity":"","overlay-gradient":""},"mobile":{"background-color":"","background-image":"","background-repeat":"repeat","background-position":"center center","background-size":"auto","background-attachment":"scroll","background-type":"","background-media":"","overlay-type":"","overlay-color":"","overlay-opacity":"","overlay-gradient":""}},"ast-content-background-meta":{"desktop":{"background-color":"var(--ast-global-color-4)","background-image":"","background-repeat":"repeat","background-position":"center center","background-size":"auto","background-attachment":"scroll","background-type":"","background-media":"","overlay-type":"","overlay-color":"","overlay-opacity":"","overlay-gradient":""},"tablet":{"background-color":"var(--ast-global-color-4)","background-image":"","background-repeat":"repeat","background-position":"center center","background-size":"auto","background-attachment":"scroll","background-type":"","background-media":"","overlay-type":"","overlay-color":"","overlay-opacity":"","overlay-gradient":""},"mobile":{"background-color":"var(--ast-global-color-4)","background-image":"","background-repeat":"repeat","background-position":"center center","background-size":"auto","background-attachment":"scroll","background-type":"","background-media":"","overlay-type":"","overlay-color":"","overlay-opacity":"","overlay-gradient":""}},"_themeisle_gutenberg_block_has_review":false,"footnotes":""},"class_list":["post-59","page","type-page","status-publish","hentry"],"_links":{"self":[{"href":"https:\/\/escoladigital.madeira.gov.pt\/colegiosteresinha\/wp-json\/wp\/v2\/pages\/59","targetHints":{"allow":["GET"]}}],"collection":[{"href":"https:\/\/escoladigital.madeira.gov.pt\/colegiosteresinha\/wp-json\/wp\/v2\/pages"}],"about":[{"href":"https:\/\/escoladigital.madeira.gov.pt\/colegiosteresinha\/wp-json\/wp\/v2\/types\/page"}],"author":[{"embeddable":true,"href":"https:\/\/escoladigital.madeira.gov.pt\/colegiosteresinha\/wp-json\/wp\/v2\/users\/93"}],"replies":[{"embeddable":true,"href":"https:\/\/escoladigital.madeira.gov.pt\/colegiosteresinha\/wp-json\/wp\/v2\/comments?post=59"}],"version-history":[{"count":19,"href":"https:\/\/escoladigital.madeira.gov.pt\/colegiosteresinha\/wp-json\/wp\/v2\/pages\/59\/revisions"}],"predecessor-version":[{"id":4199,"href":"https:\/\/escoladigital.madeira.gov.pt\/colegiosteresinha\/wp-json\/wp\/v2\/pages\/59\/revisions\/4199"}],"wp:attachment":[{"href":"https:\/\/escoladigital.madeira.gov.pt\/colegiosteresinha\/wp-json\/wp\/v2\/media?parent=59"}],"curies":[{"name":"wp","href":"https:\/\/api.w.org\/{rel}","templated":true}]}}