{"id":13,"date":"2025-11-26T16:08:56","date_gmt":"2025-11-26T16:08:56","guid":{"rendered":"https:\/\/escoladigital.madeira.gov.pt\/eb1marocossantoserra\/?page_id=13"},"modified":"2025-12-18T13:22:32","modified_gmt":"2025-12-18T13:22:32","slug":"inicio","status":"publish","type":"page","link":"https:\/\/escoladigital.madeira.gov.pt\/eb1marocossantoserra\/","title":{"rendered":"Home"},"content":{"rendered":"\n\n\n<p class=\"has-text-align-right animated slideInLeft\">R. Nossa Senhora do Bom Caminho N.\u00ba 7 9200 &#8211; 162 Ribeira de Machico<strong>| 291146079<\/strong> <strong>|<\/strong><a href=\"mailto:eb1pemarocossantoserra@edu.madeira.gov.pt\">eb1pemarocossantoserra@edu.madeira.gov.pt<\/a><\/p>\n\n\n\n<div class=\"wp-block-columns alignfull is-layout-flex wp-container-core-columns-is-layout-28f84493 wp-block-columns-is-layout-flex\">\n<div class=\"wp-block-column is-layout-flow wp-block-column-is-layout-flow\">\n<figure class=\"wp-block-image size-large\"><img fetchpriority=\"high\" decoding=\"async\" width=\"1024\" height=\"496\" src=\"https:\/\/escoladigital.madeira.gov.pt\/eb1marocossantoserra\/wp-content\/uploads\/sites\/76\/2025\/11\/cropped-thumbnail_msas_escola_logo-final-01-1-scaled-2-1024x496.png\" alt=\"\" class=\"wp-image-169\" srcset=\"https:\/\/escoladigital.madeira.gov.pt\/eb1marocossantoserra\/wp-content\/uploads\/sites\/76\/2025\/11\/cropped-thumbnail_msas_escola_logo-final-01-1-scaled-2-1024x496.png 1024w, https:\/\/escoladigital.madeira.gov.pt\/eb1marocossantoserra\/wp-content\/uploads\/sites\/76\/2025\/11\/cropped-thumbnail_msas_escola_logo-final-01-1-scaled-2-300x145.png 300w, https:\/\/escoladigital.madeira.gov.pt\/eb1marocossantoserra\/wp-content\/uploads\/sites\/76\/2025\/11\/cropped-thumbnail_msas_escola_logo-final-01-1-scaled-2-768x372.png 768w, https:\/\/escoladigital.madeira.gov.pt\/eb1marocossantoserra\/wp-content\/uploads\/sites\/76\/2025\/11\/cropped-thumbnail_msas_escola_logo-final-01-1-scaled-2-1536x744.png 1536w, https:\/\/escoladigital.madeira.gov.pt\/eb1marocossantoserra\/wp-content\/uploads\/sites\/76\/2025\/11\/cropped-thumbnail_msas_escola_logo-final-01-1-scaled-2-331x160.png 331w, https:\/\/escoladigital.madeira.gov.pt\/eb1marocossantoserra\/wp-content\/uploads\/sites\/76\/2025\/11\/cropped-thumbnail_msas_escola_logo-final-01-1-scaled-2.png 1763w\" sizes=\"(max-width: 1024px) 100vw, 1024px\" \/><\/figure>\n<\/div>\n\n\n\n<div class=\"wp-block-column is-layout-flow wp-block-column-is-layout-flow\">\n<iframe src=\"https:\/\/www.google.com\/maps\/embed?pb=!1m18!1m12!1m3!1d3356.099859420603!2d-16.82009512386443!3d32.736538986052786!2m3!1f0!2f0!3f0!3m2!1i1024!2i768!4f13.1!3m3!1m2!1s0xc60640000c3d165%3A0xe0f0697b7b6f3c7f!2sEscola%20B%C3%A1sica%20de%20Santo%20Ant%C3%B3nio%20da%20Serra!5e0!3m2!1spt-PT!2spt!4v1764839291267!5m2!1spt-PT!2spt\" width=\"600\" height=\"450\" style=\"border:0\" allowfullscreen=\"\"><\/iframe>\n<\/div>\n\n\n\n<div class=\"wp-block-column is-layout-flow wp-block-column-is-layout-flow\">\n<p class=\"has-text-align-center has-pale-cyan-blue-background-color has-background\"><strong>Pagamento das Refei\u00e7\u00f5es<\/strong>\/<strong>Mensalidades<\/strong><\/p>\n\n\n\n<p>Os Pagamentos dever\u00e3o efetuar-se <strong>at\u00e9 ao dia 8 de cada m\u00eas <\/strong>(dinheiro ou transfer\u00eancia bancaria), com exce\u00e7\u00e3o do m\u00eas de setembro. Em, caso de transfer\u00eancia deve enviar comprovativo para a escola.<\/p>\n\n\n\n<p><strong>IBAN<\/strong><\/p>\n\n\n\n<p>PT 50 0018 0008 0061 5251 0206 4<\/p>\n<\/div>\n<\/div>\n\n\n\n<div class=\"wp-block-columns alignfull is-layout-flex wp-container-core-columns-is-layout-28f84493 wp-block-columns-is-layout-flex\">\n<div class=\"wp-block-column is-layout-flow wp-block-column-is-layout-flow\"><div class=\" is-style-boxed wp-block-themeisle-blocks-posts-grid\" id=\"wp-block-themeisle-blocks-posts-grid-7b8f2137\"><div class=\"is-grid o-posts-grid-columns-3\"><div class=\"o-posts-grid-post-blog o-posts-grid-post-plain\"><div class=\"o-posts-grid-post\"><div class=\"o-posts-grid-post-image\"><a href=\"https:\/\/escoladigital.madeira.gov.pt\/eb1marocossantoserra\/2026\/04\/06\/biblioteca-itinerante-a-magia-da-leitura\/\"><img decoding=\"async\" width=\"2209\" height=\"2248\" src=\"https:\/\/escoladigital.madeira.gov.pt\/eb1marocossantoserra\/wp-content\/uploads\/sites\/76\/2026\/04\/carrinha.jpg\" class=\"attachment-full size-full\" alt=\"Biblioteca Itinerante- A Magia da Leitura\" srcset=\"https:\/\/escoladigital.madeira.gov.pt\/eb1marocossantoserra\/wp-content\/uploads\/sites\/76\/2026\/04\/carrinha.jpg 2209w, https:\/\/escoladigital.madeira.gov.pt\/eb1marocossantoserra\/wp-content\/uploads\/sites\/76\/2026\/04\/carrinha-295x300.jpg 295w, https:\/\/escoladigital.madeira.gov.pt\/eb1marocossantoserra\/wp-content\/uploads\/sites\/76\/2026\/04\/carrinha-1006x1024.jpg 1006w, https:\/\/escoladigital.madeira.gov.pt\/eb1marocossantoserra\/wp-content\/uploads\/sites\/76\/2026\/04\/carrinha-768x782.jpg 768w, https:\/\/escoladigital.madeira.gov.pt\/eb1marocossantoserra\/wp-content\/uploads\/sites\/76\/2026\/04\/carrinha-1509x1536.jpg 1509w, https:\/\/escoladigital.madeira.gov.pt\/eb1marocossantoserra\/wp-content\/uploads\/sites\/76\/2026\/04\/carrinha-2012x2048.jpg 2012w\" sizes=\"(max-width: 2209px) 100vw, 2209px\" \/><\/a><\/div><div class=\"o-posts-grid-post-body\"><span class=\"o-posts-grid-post-category\"><a href=\"https:\/\/escoladigital.madeira.gov.pt\/eb1marocossantoserra\/category\/noticias\/\">noticias<\/a><\/span><h4 class=\"o-posts-grid-post-title\"><a href=\"https:\/\/escoladigital.madeira.gov.pt\/eb1marocossantoserra\/2026\/04\/06\/biblioteca-itinerante-a-magia-da-leitura\/\">Biblioteca Itinerante- A Magia da Leitura<\/a><\/h4><p class=\"o-posts-grid-post-meta\">  <time datetime=\"2026-04-06T17:56:30+00:00\">Abril 6, 2026<\/time> by <a href=\"https:\/\/escoladigital.madeira.gov.pt\/eb1marocossantoserra\/author\/eb1marocossantoserra\/\">eb1marocossantoserra<\/a><\/p><div class=\"o-posts-grid-post-description\"><p>&nbsp;Na tarde do dia 25 de mar\u00e7o, houve magia, aprendizado e divers\u00e3o liter\u00e1ria \u00e0 volta dos livros \u2026<\/p><\/div><\/div><\/div><\/div><div class=\"o-posts-grid-post-blog o-posts-grid-post-plain\"><div class=\"o-posts-grid-post\"><div class=\"o-posts-grid-post-image\"><a href=\"https:\/\/escoladigital.madeira.gov.pt\/eb1marocossantoserra\/2026\/04\/01\/evento-intercultural-erasmus-celebra-diversidade-europeia-e-mobiliza-toda-a-comunidade-escolar\/\"><img decoding=\"async\" width=\"2000\" height=\"1126\" src=\"https:\/\/escoladigital.madeira.gov.pt\/eb1marocossantoserra\/wp-content\/uploads\/sites\/76\/2026\/03\/WhatsApp-Image-2026-04-01-at-00.56.40.jpeg\" class=\"attachment-full size-full\" alt=\"Evento Intercultural Erasmus + celebra diversidade europeia e mobiliza toda a comunidade escolar\" srcset=\"https:\/\/escoladigital.madeira.gov.pt\/eb1marocossantoserra\/wp-content\/uploads\/sites\/76\/2026\/03\/WhatsApp-Image-2026-04-01-at-00.56.40.jpeg 2000w, https:\/\/escoladigital.madeira.gov.pt\/eb1marocossantoserra\/wp-content\/uploads\/sites\/76\/2026\/03\/WhatsApp-Image-2026-04-01-at-00.56.40-300x169.jpeg 300w, https:\/\/escoladigital.madeira.gov.pt\/eb1marocossantoserra\/wp-content\/uploads\/sites\/76\/2026\/03\/WhatsApp-Image-2026-04-01-at-00.56.40-1024x577.jpeg 1024w, https:\/\/escoladigital.madeira.gov.pt\/eb1marocossantoserra\/wp-content\/uploads\/sites\/76\/2026\/03\/WhatsApp-Image-2026-04-01-at-00.56.40-768x432.jpeg 768w, https:\/\/escoladigital.madeira.gov.pt\/eb1marocossantoserra\/wp-content\/uploads\/sites\/76\/2026\/03\/WhatsApp-Image-2026-04-01-at-00.56.40-1536x865.jpeg 1536w\" sizes=\"(max-width: 2000px) 100vw, 2000px\" \/><\/a><\/div><div class=\"o-posts-grid-post-body\"><span class=\"o-posts-grid-post-category\"><a href=\"https:\/\/escoladigital.madeira.gov.pt\/eb1marocossantoserra\/category\/noticias\/\">noticias<\/a><\/span><h4 class=\"o-posts-grid-post-title\"><a href=\"https:\/\/escoladigital.madeira.gov.pt\/eb1marocossantoserra\/2026\/04\/01\/evento-intercultural-erasmus-celebra-diversidade-europeia-e-mobiliza-toda-a-comunidade-escolar\/\">Evento Intercultural Erasmus + celebra diversidade europeia e mobiliza toda a comunidade escolar<\/a><\/h4><p class=\"o-posts-grid-post-meta\">  <time datetime=\"2026-04-01T00:02:35+00:00\">Abril 1, 2026<\/time> by <a href=\"https:\/\/escoladigital.madeira.gov.pt\/eb1marocossantoserra\/author\/eb1marocossantoserra\/\">eb1marocossantoserra<\/a><\/p><div class=\"o-posts-grid-post-description\"><p>No passado dia 27 de mar\u00e7o, a nossa escola dinamizou um significativo evento intercultural no \u00e2mbito\u2026<\/p><\/div><\/div><\/div><\/div><div class=\"o-posts-grid-post-blog o-posts-grid-post-plain\"><div class=\"o-posts-grid-post\"><div class=\"o-posts-grid-post-image\"><a href=\"https:\/\/escoladigital.madeira.gov.pt\/eb1marocossantoserra\/2026\/03\/30\/visita-a-fabrica-insular\/\"><img loading=\"lazy\" decoding=\"async\" width=\"400\" height=\"226\" src=\"https:\/\/escoladigital.madeira.gov.pt\/eb1marocossantoserra\/wp-content\/uploads\/sites\/76\/2026\/03\/2.jpg\" class=\"attachment-full size-full\" alt=\"Visita \u00e0 F\u00e1brica Insular\" srcset=\"https:\/\/escoladigital.madeira.gov.pt\/eb1marocossantoserra\/wp-content\/uploads\/sites\/76\/2026\/03\/2.jpg 400w, https:\/\/escoladigital.madeira.gov.pt\/eb1marocossantoserra\/wp-content\/uploads\/sites\/76\/2026\/03\/2-300x170.jpg 300w\" sizes=\"(max-width: 400px) 100vw, 400px\" \/><\/a><\/div><div class=\"o-posts-grid-post-body\"><span class=\"o-posts-grid-post-category\"><a href=\"https:\/\/escoladigital.madeira.gov.pt\/eb1marocossantoserra\/category\/noticias\/\">noticias<\/a><\/span><h4 class=\"o-posts-grid-post-title\"><a href=\"https:\/\/escoladigital.madeira.gov.pt\/eb1marocossantoserra\/2026\/03\/30\/visita-a-fabrica-insular\/\">Visita \u00e0 F\u00e1brica Insular<\/a><\/h4><p class=\"o-posts-grid-post-meta\">  <time datetime=\"2026-03-30T18:38:51+00:00\">Mar\u00e7o 30, 2026<\/time> by <a href=\"https:\/\/escoladigital.madeira.gov.pt\/eb1marocossantoserra\/author\/eb1marocossantoserra\/\">eb1marocossantoserra<\/a><\/p><div class=\"o-posts-grid-post-description\"><p>No passado dia 25 de mar\u00e7o, as turmas dos 3.\u00ba e 4.\u00ba anos da escola trocaram as salas de aula [&amp;helli\u2026<\/p><\/div><\/div><\/div><\/div><div class=\"o-posts-grid-post-blog o-posts-grid-post-plain\"><div class=\"o-posts-grid-post\"><div class=\"o-posts-grid-post-image\"><a href=\"https:\/\/escoladigital.madeira.gov.pt\/eb1marocossantoserra\/2026\/03\/30\/alista-te-por-um-dia\/\"><img loading=\"lazy\" decoding=\"async\" width=\"480\" height=\"270\" src=\"https:\/\/escoladigital.madeira.gov.pt\/eb1marocossantoserra\/wp-content\/uploads\/sites\/76\/2026\/03\/capa.jpg\" class=\"attachment-full size-full\" alt=\"Alista-te por Um Dia\" srcset=\"https:\/\/escoladigital.madeira.gov.pt\/eb1marocossantoserra\/wp-content\/uploads\/sites\/76\/2026\/03\/capa.jpg 480w, https:\/\/escoladigital.madeira.gov.pt\/eb1marocossantoserra\/wp-content\/uploads\/sites\/76\/2026\/03\/capa-300x169.jpg 300w\" sizes=\"(max-width: 480px) 100vw, 480px\" \/><\/a><\/div><div class=\"o-posts-grid-post-body\"><span class=\"o-posts-grid-post-category\"><a href=\"https:\/\/escoladigital.madeira.gov.pt\/eb1marocossantoserra\/category\/noticias\/\">noticias<\/a><\/span><h4 class=\"o-posts-grid-post-title\"><a href=\"https:\/\/escoladigital.madeira.gov.pt\/eb1marocossantoserra\/2026\/03\/30\/alista-te-por-um-dia\/\">Alista-te por Um Dia<\/a><\/h4><p class=\"o-posts-grid-post-meta\">  <time datetime=\"2026-03-30T17:42:57+00:00\">Mar\u00e7o 30, 2026<\/time> by <a href=\"https:\/\/escoladigital.madeira.gov.pt\/eb1marocossantoserra\/author\/eb1marocossantoserra\/\">eb1marocossantoserra<\/a><\/p><div class=\"o-posts-grid-post-description\"><p>A atividade \u201cAlista-te por Um Dia\u201d \u00e9 uma iniciativa desenvolvida em parceria entre o Minist\u00e9rio da D\u2026<\/p><\/div><\/div><\/div><\/div><div class=\"o-posts-grid-post-blog o-posts-grid-post-plain\"><div class=\"o-posts-grid-post\"><div class=\"o-posts-grid-post-image\"><a href=\"https:\/\/escoladigital.madeira.gov.pt\/eb1marocossantoserra\/2026\/03\/26\/evento-intercultural-erasmus-2024-2026\/\"><img loading=\"lazy\" decoding=\"async\" width=\"1810\" height=\"2560\" src=\"https:\/\/escoladigital.madeira.gov.pt\/eb1marocossantoserra\/wp-content\/uploads\/sites\/76\/2026\/03\/Cartazevento-scaled.png\" class=\"attachment-full size-full\" alt=\"Evento Intercultural Erasmus+ (2024-2026)\" srcset=\"https:\/\/escoladigital.madeira.gov.pt\/eb1marocossantoserra\/wp-content\/uploads\/sites\/76\/2026\/03\/Cartazevento-scaled.png 1810w, https:\/\/escoladigital.madeira.gov.pt\/eb1marocossantoserra\/wp-content\/uploads\/sites\/76\/2026\/03\/Cartazevento-212x300.png 212w, https:\/\/escoladigital.madeira.gov.pt\/eb1marocossantoserra\/wp-content\/uploads\/sites\/76\/2026\/03\/Cartazevento-724x1024.png 724w, https:\/\/escoladigital.madeira.gov.pt\/eb1marocossantoserra\/wp-content\/uploads\/sites\/76\/2026\/03\/Cartazevento-768x1086.png 768w, https:\/\/escoladigital.madeira.gov.pt\/eb1marocossantoserra\/wp-content\/uploads\/sites\/76\/2026\/03\/Cartazevento-1086x1536.png 1086w, https:\/\/escoladigital.madeira.gov.pt\/eb1marocossantoserra\/wp-content\/uploads\/sites\/76\/2026\/03\/Cartazevento-1448x2048.png 1448w\" sizes=\"(max-width: 1810px) 100vw, 1810px\" \/><\/a><\/div><div class=\"o-posts-grid-post-body\"><span class=\"o-posts-grid-post-category\"><a href=\"https:\/\/escoladigital.madeira.gov.pt\/eb1marocossantoserra\/category\/noticias\/\">noticias<\/a><\/span><h4 class=\"o-posts-grid-post-title\"><a href=\"https:\/\/escoladigital.madeira.gov.pt\/eb1marocossantoserra\/2026\/03\/26\/evento-intercultural-erasmus-2024-2026\/\">Evento Intercultural Erasmus+ (2024-2026)<\/a><\/h4><p class=\"o-posts-grid-post-meta\">  <time datetime=\"2026-03-26T12:24:22+00:00\">Mar\u00e7o 26, 2026<\/time> by <a href=\"https:\/\/escoladigital.madeira.gov.pt\/eb1marocossantoserra\/author\/eb1marocossantoserra\/\">eb1marocossantoserra<\/a><\/p><div class=\"o-posts-grid-post-description\"><p><\/p><\/div><\/div><\/div><\/div><div class=\"o-posts-grid-post-blog o-posts-grid-post-plain\"><div class=\"o-posts-grid-post\"><div class=\"o-posts-grid-post-image\"><a href=\"https:\/\/escoladigital.madeira.gov.pt\/eb1marocossantoserra\/2026\/03\/25\/vista-ao-museu-da-baleia\/\"><img loading=\"lazy\" decoding=\"async\" width=\"2560\" height=\"1441\" src=\"https:\/\/escoladigital.madeira.gov.pt\/eb1marocossantoserra\/wp-content\/uploads\/sites\/76\/2026\/03\/20260319_155308-1-scaled.jpg\" class=\"attachment-full size-full\" alt=\"Erasmus +: Projeto &#8220;da Serra ao Mar&#8221; &#8211; Visita ao Museu da Baleia\" srcset=\"https:\/\/escoladigital.madeira.gov.pt\/eb1marocossantoserra\/wp-content\/uploads\/sites\/76\/2026\/03\/20260319_155308-1-scaled.jpg 2560w, https:\/\/escoladigital.madeira.gov.pt\/eb1marocossantoserra\/wp-content\/uploads\/sites\/76\/2026\/03\/20260319_155308-1-300x169.jpg 300w, https:\/\/escoladigital.madeira.gov.pt\/eb1marocossantoserra\/wp-content\/uploads\/sites\/76\/2026\/03\/20260319_155308-1-1024x577.jpg 1024w, https:\/\/escoladigital.madeira.gov.pt\/eb1marocossantoserra\/wp-content\/uploads\/sites\/76\/2026\/03\/20260319_155308-1-768x432.jpg 768w, https:\/\/escoladigital.madeira.gov.pt\/eb1marocossantoserra\/wp-content\/uploads\/sites\/76\/2026\/03\/20260319_155308-1-1536x865.jpg 1536w, https:\/\/escoladigital.madeira.gov.pt\/eb1marocossantoserra\/wp-content\/uploads\/sites\/76\/2026\/03\/20260319_155308-1-2048x1153.jpg 2048w\" sizes=\"(max-width: 2560px) 100vw, 2560px\" \/><\/a><\/div><div class=\"o-posts-grid-post-body\"><span class=\"o-posts-grid-post-category\"><a href=\"https:\/\/escoladigital.madeira.gov.pt\/eb1marocossantoserra\/category\/noticias\/\">noticias<\/a><\/span><h4 class=\"o-posts-grid-post-title\"><a href=\"https:\/\/escoladigital.madeira.gov.pt\/eb1marocossantoserra\/2026\/03\/25\/vista-ao-museu-da-baleia\/\">Erasmus +: Projeto &#8220;da Serra ao Mar&#8221; &#8211; Visita ao Museu da Baleia<\/a><\/h4><p class=\"o-posts-grid-post-meta\">  <time datetime=\"2026-03-25T18:25:10+00:00\">Mar\u00e7o 25, 2026<\/time> by <a href=\"https:\/\/escoladigital.madeira.gov.pt\/eb1marocossantoserra\/author\/eb1marocossantoserra\/\">eb1marocossantoserra<\/a><\/p><div class=\"o-posts-grid-post-description\"><p>Not\u00edcia No passado dia 19 de mar\u00e7o, os alunos do 1.\u00ba e 2.\u00ba anos participaram numa visita de estudo a\u2026<\/p><\/div><\/div><\/div><\/div><\/div> <\/div><\/div>\n<\/div>\n\n\n<p class=\"burst-pageviews\">This page has been viewed 48 times.<\/p>\n\n\n<p><\/p>\n","protected":false},"excerpt":{"rendered":"<p>R. Nossa Senhora do Bom Caminho N.\u00ba 7 9200 &#8211; 162 Ribeira de Machico| 291146079 |eb1pemarocossantoserra@edu.madeira.gov.pt Pagamento das Refei\u00e7\u00f5es\/Mensalidades Os [&hellip;]<\/p>\n","protected":false},"author":106,"featured_media":0,"parent":0,"menu_order":0,"comment_status":"closed","ping_status":"closed","template":"","meta":{"site-sidebar-layout":"default","site-content-layout":"","ast-site-content-layout":"default","site-content-style":"default","site-sidebar-style":"default","ast-global-header-display":"","ast-banner-title-visibility":"","ast-main-header-display":"","ast-hfb-above-header-display":"","ast-hfb-below-header-display":"","ast-hfb-mobile-header-display":"","site-post-title":"disabled","ast-breadcrumbs-content":"","ast-featured-img":"disabled","footer-sml-layout":"","ast-disable-related-posts":"","theme-transparent-header-meta":"","adv-header-id-meta":"","stick-header-meta":"","header-above-stick-meta":"","header-main-stick-meta":"","header-below-stick-meta":"","astra-migrate-meta-layouts":"default","ast-page-background-enabled":"default","ast-page-background-meta":{"desktop":{"background-color":"var(--ast-global-color-5)","background-image":"","background-repeat":"repeat","background-position":"center center","background-size":"auto","background-attachment":"scroll","background-type":"","background-media":"","overlay-type":"","overlay-color":"","overlay-opacity":"","overlay-gradient":""},"tablet":{"background-color":"","background-image":"","background-repeat":"repeat","background-position":"center center","background-size":"auto","background-attachment":"scroll","background-type":"","background-media":"","overlay-type":"","overlay-color":"","overlay-opacity":"","overlay-gradient":""},"mobile":{"background-color":"","background-image":"","background-repeat":"repeat","background-position":"center center","background-size":"auto","background-attachment":"scroll","background-type":"","background-media":"","overlay-type":"","overlay-color":"","overlay-opacity":"","overlay-gradient":""}},"ast-content-background-meta":{"desktop":{"background-color":"var(--ast-global-color-4)","background-image":"","background-repeat":"repeat","background-position":"center center","background-size":"auto","background-attachment":"scroll","background-type":"","background-media":"","overlay-type":"","overlay-color":"","overlay-opacity":"","overlay-gradient":""},"tablet":{"background-color":"var(--ast-global-color-4)","background-image":"","background-repeat":"repeat","background-position":"center center","background-size":"auto","background-attachment":"scroll","background-type":"","background-media":"","overlay-type":"","overlay-color":"","overlay-opacity":"","overlay-gradient":""},"mobile":{"background-color":"var(--ast-global-color-4)","background-image":"","background-repeat":"repeat","background-position":"center center","background-size":"auto","background-attachment":"scroll","background-type":"","background-media":"","overlay-type":"","overlay-color":"","overlay-opacity":"","overlay-gradient":""}},"_themeisle_gutenberg_block_has_review":false,"footnotes":""},"class_list":["post-13","page","type-page","status-publish","hentry"],"_links":{"self":[{"href":"https:\/\/escoladigital.madeira.gov.pt\/eb1marocossantoserra\/wp-json\/wp\/v2\/pages\/13","targetHints":{"allow":["GET"]}}],"collection":[{"href":"https:\/\/escoladigital.madeira.gov.pt\/eb1marocossantoserra\/wp-json\/wp\/v2\/pages"}],"about":[{"href":"https:\/\/escoladigital.madeira.gov.pt\/eb1marocossantoserra\/wp-json\/wp\/v2\/types\/page"}],"author":[{"embeddable":true,"href":"https:\/\/escoladigital.madeira.gov.pt\/eb1marocossantoserra\/wp-json\/wp\/v2\/users\/106"}],"replies":[{"embeddable":true,"href":"https:\/\/escoladigital.madeira.gov.pt\/eb1marocossantoserra\/wp-json\/wp\/v2\/comments?post=13"}],"version-history":[{"count":57,"href":"https:\/\/escoladigital.madeira.gov.pt\/eb1marocossantoserra\/wp-json\/wp\/v2\/pages\/13\/revisions"}],"predecessor-version":[{"id":509,"href":"https:\/\/escoladigital.madeira.gov.pt\/eb1marocossantoserra\/wp-json\/wp\/v2\/pages\/13\/revisions\/509"}],"wp:attachment":[{"href":"https:\/\/escoladigital.madeira.gov.pt\/eb1marocossantoserra\/wp-json\/wp\/v2\/media?parent=13"}],"curies":[{"name":"wp","href":"https:\/\/api.w.org\/{rel}","templated":true}]}}