{"id":203,"date":"2025-12-09T17:22:55","date_gmt":"2025-12-09T17:22:55","guid":{"rendered":"https:\/\/escoladigital.madeira.gov.pt\/eb1marocossantoserra\/?page_id=203"},"modified":"2025-12-09T21:10:47","modified_gmt":"2025-12-09T21:10:47","slug":"identidade","status":"publish","type":"page","link":"https:\/\/escoladigital.madeira.gov.pt\/eb1marocossantoserra\/identidade\/","title":{"rendered":"Identidade"},"content":{"rendered":"\t\t<div data-elementor-type=\"wp-page\" data-elementor-id=\"203\" class=\"elementor elementor-203\">\n\t\t\t\t<div class=\"elementor-element elementor-element-16d1cc88 e-flex e-con-boxed e-con e-parent\" data-id=\"16d1cc88\" data-element_type=\"container\" data-e-type=\"container\">\n\t\t\t\t\t<div class=\"e-con-inner\">\n\t\t<div class=\"elementor-element elementor-element-9234a38 e-con-full e-flex e-con e-child\" data-id=\"9234a38\" data-element_type=\"container\" data-e-type=\"container\">\n\t\t\t\t<div class=\"elementor-element elementor-element-47c0f15e elementor-widget elementor-widget-image\" data-id=\"47c0f15e\" data-element_type=\"widget\" data-e-type=\"widget\" data-widget_type=\"image.default\">\n\t\t\t\t\t\t\t\t\t\t\t\t\t\t\t<img decoding=\"async\" width=\"150\" height=\"150\" src=\"https:\/\/escoladigital.madeira.gov.pt\/eb1marocossantoserra\/wp-content\/uploads\/sites\/76\/2025\/12\/7198180-150x150.png\" class=\"attachment-thumbnail size-thumbnail wp-image-260\" alt=\"\" srcset=\"https:\/\/escoladigital.madeira.gov.pt\/eb1marocossantoserra\/wp-content\/uploads\/sites\/76\/2025\/12\/7198180-150x150.png 150w, https:\/\/escoladigital.madeira.gov.pt\/eb1marocossantoserra\/wp-content\/uploads\/sites\/76\/2025\/12\/7198180-300x300.png 300w, https:\/\/escoladigital.madeira.gov.pt\/eb1marocossantoserra\/wp-content\/uploads\/sites\/76\/2025\/12\/7198180.png 512w\" sizes=\"(max-width: 150px) 100vw, 150px\" \/>\t\t\t\t\t\t\t\t\t\t\t\t\t\t\t<\/div>\n\t\t\t\t<div class=\"elementor-element elementor-element-71af86c7 premium-title-color elementor-widget elementor-widget-premium-addon-title\" data-id=\"71af86c7\" data-element_type=\"widget\" data-e-type=\"widget\" data-widget_type=\"premium-addon-title.default\">\n\t\t\t\t\t\n\t\t<div class=\"premium-title-container style6\">\n\t\t\t<h3 class=\"premium-title-header premium-title-style6\">\n\t\t\t\t\n\t\t\t\t\n\t\t\t\t\t\t\t\t\t\t\t\t<span class=\"premium-title-text\">\n\t\t\t\t\tMiss\u00e3o\t\t\t\t<\/span>\n\t\t\t\t\t\n\t\t\t\t\t\t\t\t\n\t\t\t\t\t\t\t<\/h3>\n\n\t\t<\/div>\n\n\t\t\t\t\t\t<\/div>\n\t\t\t\t<div class=\"elementor-element elementor-element-4e07e919 elementor-widget elementor-widget-text-editor\" data-id=\"4e07e919\" data-element_type=\"widget\" data-e-type=\"widget\" data-widget_type=\"text-editor.default\">\n\t\t\t\t\t\t\t\t\t<p><span class=\"TextRun SCXW32271102 BCX0\" lang=\"PT-PT\" xml:lang=\"PT-PT\" data-contrast=\"none\"><span class=\"NormalTextRun SCXW32271102 BCX0\">A miss\u00e3o da escola \u00e9 recuperar e ampliar a rela\u00e7\u00e3o com as fam\u00edlias, a comunidade e o meio envolvente, potenciando a aprendizagem e o sucesso das crian\u00e7as\/alunos nas vertentes pessoal, social e cultural.\u00a0<\/span><\/span><\/p>\t\t\t\t\t\t\t\t<\/div>\n\t\t\t\t<\/div>\n\t\t<div class=\"elementor-element elementor-element-1860735e e-con-full e-flex e-con e-child\" data-id=\"1860735e\" data-element_type=\"container\" data-e-type=\"container\">\n\t\t\t\t<div class=\"elementor-element elementor-element-55bd7bc elementor-widget elementor-widget-image\" data-id=\"55bd7bc\" data-element_type=\"widget\" data-e-type=\"widget\" data-widget_type=\"image.default\">\n\t\t\t\t\t\t\t\t\t\t\t\t\t\t\t<img decoding=\"async\" width=\"150\" height=\"150\" src=\"https:\/\/escoladigital.madeira.gov.pt\/eb1marocossantoserra\/wp-content\/uploads\/sites\/76\/2025\/12\/5807476-150x150.png\" class=\"attachment-thumbnail size-thumbnail wp-image-261\" alt=\"\" srcset=\"https:\/\/escoladigital.madeira.gov.pt\/eb1marocossantoserra\/wp-content\/uploads\/sites\/76\/2025\/12\/5807476-150x150.png 150w, https:\/\/escoladigital.madeira.gov.pt\/eb1marocossantoserra\/wp-content\/uploads\/sites\/76\/2025\/12\/5807476-300x300.png 300w, https:\/\/escoladigital.madeira.gov.pt\/eb1marocossantoserra\/wp-content\/uploads\/sites\/76\/2025\/12\/5807476.png 512w\" sizes=\"(max-width: 150px) 100vw, 150px\" \/>\t\t\t\t\t\t\t\t\t\t\t\t\t\t\t<\/div>\n\t\t\t\t<div class=\"elementor-element elementor-element-7142f7ff premium-title-color elementor-widget elementor-widget-premium-addon-title\" data-id=\"7142f7ff\" data-element_type=\"widget\" data-e-type=\"widget\" data-widget_type=\"premium-addon-title.default\">\n\t\t\t\t\t\n\t\t<div class=\"premium-title-container style6\">\n\t\t\t<h3 class=\"premium-title-header premium-title-style6\">\n\t\t\t\t\n\t\t\t\t\n\t\t\t\t\t\t\t\t\t\t\t\t<span class=\"premium-title-text\">\n\t\t\t\t\tVis\u00e3o\t\t\t\t<\/span>\n\t\t\t\t\t\n\t\t\t\t\t\t\t\t\n\t\t\t\t\t\t\t<\/h3>\n\n\t\t<\/div>\n\n\t\t\t\t\t\t<\/div>\n\t\t\t\t<div class=\"elementor-element elementor-element-563153f9 elementor-widget elementor-widget-text-editor\" data-id=\"563153f9\" data-element_type=\"widget\" data-e-type=\"widget\" data-widget_type=\"text-editor.default\">\n\t\t\t\t\t\t\t\t\t<p><span class=\"TextRun SCXW95429366 BCX0\" lang=\"PT-PT\" style=\"margin: 0px;padding: 0px;text-align: justify;text-indent: 47px;font-size: 12pt;line-height: 27px;font-family: Arial, Arial_EmbeddedFont, Arial_MSFontService, sans-serif\" xml:lang=\"PT-PT\" data-contrast=\"none\"><span class=\"NormalTextRun SCXW95429366 BCX0\" style=\"margin: 0px;padding: 0px\">Ser uma escola de refer\u00eancia na rela\u00e7\u00e3o com as fam\u00edlias e a comunidade, alcan\u00e7ando o sucesso escolar<\/span><span class=\"NormalTextRun SCXW95429366 BCX0\" style=\"margin: 0px;padding: 0px\">.<\/span><\/span><span class=\"EOP SCXW95429366 BCX0\" style=\"margin: 0px;padding: 0px;text-align: justify;text-indent: 47px;font-size: 12pt;line-height: 27px;font-family: Arial, Arial_EmbeddedFont, Arial_MSFontService, sans-serif\" data-ccp-props=\"{&quot;201341983&quot;:0,&quot;335551550&quot;:6,&quot;335551620&quot;:6,&quot;335559731&quot;:708,&quot;335559739&quot;:0,&quot;335559740&quot;:360}\">\u00a0<\/span><\/p>\t\t\t\t\t\t\t\t<\/div>\n\t\t\t\t<\/div>\n\t\t<div class=\"elementor-element elementor-element-6dc89aba e-con-full e-flex e-con e-child\" data-id=\"6dc89aba\" data-element_type=\"container\" data-e-type=\"container\">\n\t\t\t\t<div class=\"elementor-element elementor-element-2ef87d0f elementor-widget elementor-widget-image\" data-id=\"2ef87d0f\" data-element_type=\"widget\" data-e-type=\"widget\" data-widget_type=\"image.default\">\n\t\t\t\t\t\t\t\t\t\t\t\t\t\t\t<img decoding=\"async\" width=\"150\" height=\"150\" src=\"https:\/\/escoladigital.madeira.gov.pt\/eb1marocossantoserra\/wp-content\/uploads\/sites\/76\/2025\/12\/12431857-150x150.png\" class=\"attachment-thumbnail size-thumbnail wp-image-262\" alt=\"\" srcset=\"https:\/\/escoladigital.madeira.gov.pt\/eb1marocossantoserra\/wp-content\/uploads\/sites\/76\/2025\/12\/12431857-150x150.png 150w, https:\/\/escoladigital.madeira.gov.pt\/eb1marocossantoserra\/wp-content\/uploads\/sites\/76\/2025\/12\/12431857.png 256w\" sizes=\"(max-width: 150px) 100vw, 150px\" \/>\t\t\t\t\t\t\t\t\t\t\t\t\t\t\t<\/div>\n\t\t\t\t<div class=\"elementor-element elementor-element-30dd8e61 premium-title-color elementor-widget elementor-widget-premium-addon-title\" data-id=\"30dd8e61\" data-element_type=\"widget\" data-e-type=\"widget\" data-widget_type=\"premium-addon-title.default\">\n\t\t\t\t\t\n\t\t<div class=\"premium-title-container style6\">\n\t\t\t<h3 class=\"premium-title-header premium-title-style6\">\n\t\t\t\t\n\t\t\t\t\n\t\t\t\t\t\t\t\t\t\t\t\t<span class=\"premium-title-text\">\n\t\t\t\t\tValores\t\t\t\t<\/span>\n\t\t\t\t\t\n\t\t\t\t\t\t\t\t\n\t\t\t\t\t\t\t<\/h3>\n\n\t\t<\/div>\n\n\t\t\t\t\t\t<\/div>\n\t\t\t\t<div class=\"elementor-element elementor-element-279c1750 elementor-widget elementor-widget-text-editor\" data-id=\"279c1750\" data-element_type=\"widget\" data-e-type=\"widget\" data-widget_type=\"text-editor.default\">\n\t\t\t\t\t\t\t\t\t<ul><li><span data-contrast=\"auto\">Responsabilidade<\/span><span data-ccp-props=\"{&quot;201341983&quot;:0,&quot;335551550&quot;:1,&quot;335551620&quot;:1,&quot;335559685&quot;:720,&quot;335559739&quot;:200,&quot;335559740&quot;:360}\">\u00a0<\/span><\/li><li><span data-contrast=\"auto\">Integridade<\/span><span data-ccp-props=\"{&quot;201341983&quot;:0,&quot;335551550&quot;:1,&quot;335551620&quot;:1,&quot;335559685&quot;:720,&quot;335559739&quot;:200,&quot;335559740&quot;:360}\">\u00a0<\/span><\/li><li><span data-contrast=\"auto\">Toler\u00e2ncia<\/span><span data-ccp-props=\"{&quot;201341983&quot;:0,&quot;335551550&quot;:1,&quot;335551620&quot;:1,&quot;335559685&quot;:720,&quot;335559739&quot;:200,&quot;335559740&quot;:360}\">\u00a0<\/span><\/li><li><span data-contrast=\"auto\">Liberdade<\/span><span data-ccp-props=\"{&quot;201341983&quot;:0,&quot;335551550&quot;:1,&quot;335551620&quot;:1,&quot;335559685&quot;:720,&quot;335559739&quot;:200,&quot;335559740&quot;:360}\">\u00a0<\/span><\/li><li><span data-contrast=\"auto\">Empatia\u00a0<\/span><span data-ccp-props=\"{&quot;201341983&quot;:0,&quot;335551550&quot;:1,&quot;335551620&quot;:1,&quot;335559685&quot;:720,&quot;335559739&quot;:200,&quot;335559740&quot;:360}\">\u00a0<\/span><\/li><li><span data-contrast=\"auto\">Solidariedade<\/span><\/li><li><span data-contrast=\"auto\">Cidadania<\/span><\/li><li><span data-contrast=\"auto\">Compet\u00eancia<\/span><span data-ccp-props=\"{&quot;201341983&quot;:0,&quot;335551550&quot;:1,&quot;335551620&quot;:1,&quot;335559685&quot;:720,&quot;335559739&quot;:200,&quot;335559740&quot;:360}\">\u00a0<\/span><\/li><li><span data-contrast=\"auto\">Compromisso<\/span><span data-ccp-props=\"{&quot;201341983&quot;:0,&quot;335551550&quot;:1,&quot;335551620&quot;:1,&quot;335559685&quot;:720,&quot;335559739&quot;:200,&quot;335559740&quot;:360}\">\u00a0<\/span><\/li><li><span data-contrast=\"auto\">Coopera\u00e7\u00e3o<\/span><span data-ccp-props=\"{&quot;201341983&quot;:0,&quot;335551550&quot;:1,&quot;335551620&quot;:1,&quot;335559685&quot;:720,&quot;335559739&quot;:200,&quot;335559740&quot;:360}\">\u00a0<\/span><\/li><\/ul>\t\t\t\t\t\t\t\t<\/div>\n\t\t\t\t<\/div>\n\t\t\t\t\t<\/div>\n\t\t\t\t<\/div>\n\t\t\t\t<\/div>\n\t\t","protected":false},"excerpt":{"rendered":"<p>Miss\u00e3o A miss\u00e3o da escola \u00e9 recuperar e ampliar a rela\u00e7\u00e3o com as fam\u00edlias, a comunidade e o meio envolvente, [&hellip;]<\/p>\n","protected":false},"author":106,"featured_media":0,"parent":0,"menu_order":0,"comment_status":"closed","ping_status":"closed","template":"","meta":{"site-sidebar-layout":"default","site-content-layout":"","ast-site-content-layout":"default","site-content-style":"default","site-sidebar-style":"default","ast-global-header-display":"","ast-banner-title-visibility":"","ast-main-header-display":"","ast-hfb-above-header-display":"","ast-hfb-below-header-display":"","ast-hfb-mobile-header-display":"","site-post-title":"","ast-breadcrumbs-content":"","ast-featured-img":"","footer-sml-layout":"","ast-disable-related-posts":"","theme-transparent-header-meta":"","adv-header-id-meta":"","stick-header-meta":"","header-above-stick-meta":"","header-main-stick-meta":"","header-below-stick-meta":"","astra-migrate-meta-layouts":"default","ast-page-background-enabled":"default","ast-page-background-meta":{"desktop":{"background-color":"var(--ast-global-color-5)","background-image":"","background-repeat":"repeat","background-position":"center center","background-size":"auto","background-attachment":"scroll","background-type":"","background-media":"","overlay-type":"","overlay-color":"","overlay-opacity":"","overlay-gradient":""},"tablet":{"background-color":"","background-image":"","background-repeat":"repeat","background-position":"center center","background-size":"auto","background-attachment":"scroll","background-type":"","background-media":"","overlay-type":"","overlay-color":"","overlay-opacity":"","overlay-gradient":""},"mobile":{"background-color":"","background-image":"","background-repeat":"repeat","background-position":"center center","background-size":"auto","background-attachment":"scroll","background-type":"","background-media":"","overlay-type":"","overlay-color":"","overlay-opacity":"","overlay-gradient":""}},"ast-content-background-meta":{"desktop":{"background-color":"var(--ast-global-color-4)","background-image":"","background-repeat":"repeat","background-position":"center center","background-size":"auto","background-attachment":"scroll","background-type":"","background-media":"","overlay-type":"","overlay-color":"","overlay-opacity":"","overlay-gradient":""},"tablet":{"background-color":"var(--ast-global-color-4)","background-image":"","background-repeat":"repeat","background-position":"center center","background-size":"auto","background-attachment":"scroll","background-type":"","background-media":"","overlay-type":"","overlay-color":"","overlay-opacity":"","overlay-gradient":""},"mobile":{"background-color":"var(--ast-global-color-4)","background-image":"","background-repeat":"repeat","background-position":"center center","background-size":"auto","background-attachment":"scroll","background-type":"","background-media":"","overlay-type":"","overlay-color":"","overlay-opacity":"","overlay-gradient":""}},"_themeisle_gutenberg_block_has_review":false,"footnotes":""},"class_list":["post-203","page","type-page","status-publish","hentry"],"_links":{"self":[{"href":"https:\/\/escoladigital.madeira.gov.pt\/eb1marocossantoserra\/wp-json\/wp\/v2\/pages\/203","targetHints":{"allow":["GET"]}}],"collection":[{"href":"https:\/\/escoladigital.madeira.gov.pt\/eb1marocossantoserra\/wp-json\/wp\/v2\/pages"}],"about":[{"href":"https:\/\/escoladigital.madeira.gov.pt\/eb1marocossantoserra\/wp-json\/wp\/v2\/types\/page"}],"author":[{"embeddable":true,"href":"https:\/\/escoladigital.madeira.gov.pt\/eb1marocossantoserra\/wp-json\/wp\/v2\/users\/106"}],"replies":[{"embeddable":true,"href":"https:\/\/escoladigital.madeira.gov.pt\/eb1marocossantoserra\/wp-json\/wp\/v2\/comments?post=203"}],"version-history":[{"count":37,"href":"https:\/\/escoladigital.madeira.gov.pt\/eb1marocossantoserra\/wp-json\/wp\/v2\/pages\/203\/revisions"}],"predecessor-version":[{"id":265,"href":"https:\/\/escoladigital.madeira.gov.pt\/eb1marocossantoserra\/wp-json\/wp\/v2\/pages\/203\/revisions\/265"}],"wp:attachment":[{"href":"https:\/\/escoladigital.madeira.gov.pt\/eb1marocossantoserra\/wp-json\/wp\/v2\/media?parent=203"}],"curies":[{"name":"wp","href":"https:\/\/api.w.org\/{rel}","templated":true}]}}