{"id":421,"date":"2025-12-17T16:16:53","date_gmt":"2025-12-17T16:16:53","guid":{"rendered":"https:\/\/escoladigital.madeira.gov.pt\/eb1marocossantoserra\/?page_id=421"},"modified":"2025-12-17T16:31:44","modified_gmt":"2025-12-17T16:31:44","slug":"documentos","status":"publish","type":"page","link":"https:\/\/escoladigital.madeira.gov.pt\/eb1marocossantoserra\/documentos\/","title":{"rendered":"Documentos para baixar"},"content":{"rendered":"<div class=\"shared-files-embed-69ebf66b588f6 shared-files-main-container\" data-elem-class=\"shared-files-embed-69ebf66b588f6\" data-search-type=\"0\" data-post-id=\"421\"><div class=\"shared-files-search\"><ul class=\"shared-files-main-file-list\"><li class=\"shared-files-card-428\"><div class=\"shared-files-main-elements\"><div class=\"shared-files-main-elements-left\" style=\"background-image: url(https:\/\/escoladigital.madeira.gov.pt\/eb1marocossantoserra\/wp-content\/plugins\/shared-files\/img\/2020\/pdf.svg);\"><\/div><div class=\"shared-files-main-elements-right\"><a class=\"shared-files-file-title\"  data-file-type=\"\"  data-file-url=\"\/eb1marocossantoserra\/eb1marocossantoserra\/shared-files\/428\/?Declaracao-de-nao-frequencia-por-motivos-de-ferias-dos-encarregados-de-educacao.pdf\"  data-external-url=\"\"  data-image-url=\"\" href=\"\/eb1marocossantoserra\/eb1marocossantoserra\/shared-files\/428\/?Declaracao-de-nao-frequencia-por-motivos-de-ferias-dos-encarregados-de-educacao.pdf\" target=\"_blank\">Declara\u00e7\u00e3o de n\u00e3o frequ\u00eancia por motivos de f\u00e9rias dos pais<\/a><span class=\"shared-file-size\">81.67 KB<\/span><a href=\"https:\/\/escoladigital.madeira.gov.pt\/eb1marocossantoserra\/eb1marocossantoserra\/shared-files\/428\/?Declaracao-de-nao-frequencia-por-motivos-de-ferias-dos-encarregados-de-educacao.pdf\" target=\"_blank\" class=\"shared-files-preview-button\">Visualiza\u00e7\u00e3o<\/a><span class=\"shared-file-date\">Dezembro 17, 2025<\/span><div class=\"shared-files-download-counter\"><span>Downloads: 139<\/span><\/div><div class=\"shared-files-tags-container\"><span>Doc PAIS<\/span><\/div><div class=\"shared-files-download-button-container\"><a href=\"\/eb1marocossantoserra\/eb1marocossantoserra\/shared-files\/428\/?Declaracao-de-nao-frequencia-por-motivos-de-ferias-dos-encarregados-de-educacao.pdf&download=1\" class=\"shared-files-download-button\"  download>Download<\/a><\/div><div class=\"shared-files-edit-actions\"><\/div><\/div><\/div><\/li><\/ul><\/div><\/div>\n\n\n<div class=\"shared-files-embed-69ebf66b59511 shared-files-main-container\" data-elem-class=\"shared-files-embed-69ebf66b59511\" data-search-type=\"0\" data-post-id=\"428\"><div class=\"shared-files-search\"><ul class=\"shared-files-main-file-list\"><li class=\"shared-files-card-427\"><div class=\"shared-files-main-elements\"><div class=\"shared-files-main-elements-left\" style=\"background-image: url(https:\/\/escoladigital.madeira.gov.pt\/eb1marocossantoserra\/wp-content\/plugins\/shared-files\/img\/2020\/pdf.svg);\"><\/div><div class=\"shared-files-main-elements-right\"><a class=\"shared-files-file-title\"  data-file-type=\"\"  data-file-url=\"\/eb1marocossantoserra\/eb1marocossantoserra\/shared-files\/427\/?Justificacao-de-Faltas-dos-Alunos.pdf\"  data-external-url=\"\"  data-image-url=\"\" href=\"\/eb1marocossantoserra\/eb1marocossantoserra\/shared-files\/427\/?Justificacao-de-Faltas-dos-Alunos.pdf\" target=\"_blank\">Justifica\u00e7\u00e3o de Faltas Alunos<\/a><span class=\"shared-file-size\">96.31 KB<\/span><a href=\"https:\/\/escoladigital.madeira.gov.pt\/eb1marocossantoserra\/eb1marocossantoserra\/shared-files\/427\/?Justificacao-de-Faltas-dos-Alunos.pdf\" target=\"_blank\" class=\"shared-files-preview-button\">Visualiza\u00e7\u00e3o<\/a><span class=\"shared-file-date\">Dezembro 17, 2025<\/span><div class=\"shared-files-download-counter\"><span>Downloads: 133<\/span><\/div><div class=\"shared-files-download-button-container\"><a href=\"\/eb1marocossantoserra\/eb1marocossantoserra\/shared-files\/427\/?Justificacao-de-Faltas-dos-Alunos.pdf&download=1\" class=\"shared-files-download-button\"  download>Download<\/a><\/div><div class=\"shared-files-edit-actions\"><\/div><\/div><\/div><\/li><\/ul><\/div><\/div>\n\n\n<div class=\"shared-files-embed-69ebf66b59dc8 shared-files-main-container\" data-elem-class=\"shared-files-embed-69ebf66b59dc8\" data-search-type=\"0\" data-post-id=\"427\"><div class=\"shared-files-search\"><ul class=\"shared-files-main-file-list\"><li class=\"shared-files-card-426\"><div class=\"shared-files-main-elements\"><div class=\"shared-files-main-elements-left\" style=\"background-image: url(https:\/\/escoladigital.madeira.gov.pt\/eb1marocossantoserra\/wp-content\/plugins\/shared-files\/img\/2020\/pdf.svg);\"><\/div><div class=\"shared-files-main-elements-right\"><a class=\"shared-files-file-title\"  data-file-type=\"\"  data-file-url=\"\/eb1marocossantoserra\/eb1marocossantoserra\/shared-files\/426\/?Declaracao-de-Nao-Frequencia-das-AEC.pdf\"  data-external-url=\"\"  data-image-url=\"\" href=\"\/eb1marocossantoserra\/eb1marocossantoserra\/shared-files\/426\/?Declaracao-de-Nao-Frequencia-das-AEC.pdf\" target=\"_blank\">Declara\u00e7\u00e3o de N\u00e3o Frequ\u00eancia das AEC<\/a><span class=\"shared-file-size\">80.99 KB<\/span><a href=\"https:\/\/escoladigital.madeira.gov.pt\/eb1marocossantoserra\/eb1marocossantoserra\/shared-files\/426\/?Declaracao-de-Nao-Frequencia-das-AEC.pdf\" target=\"_blank\" class=\"shared-files-preview-button\">Visualiza\u00e7\u00e3o<\/a><span class=\"shared-file-date\">Dezembro 17, 2025<\/span><div class=\"shared-files-download-counter\"><span>Downloads: 149<\/span><\/div><div class=\"shared-files-download-button-container\"><a href=\"\/eb1marocossantoserra\/eb1marocossantoserra\/shared-files\/426\/?Declaracao-de-Nao-Frequencia-das-AEC.pdf&download=1\" class=\"shared-files-download-button\"  download>Download<\/a><\/div><div class=\"shared-files-edit-actions\"><\/div><\/div><\/div><\/li><\/ul><\/div><\/div>\n\n\n<div class=\"shared-files-embed-69ebf66b5a9fc shared-files-main-container\" data-elem-class=\"shared-files-embed-69ebf66b5a9fc\" data-search-type=\"0\" data-post-id=\"426\"><div class=\"shared-files-search\"><ul class=\"shared-files-main-file-list\"><li class=\"shared-files-card-425\"><div class=\"shared-files-main-elements\"><div class=\"shared-files-main-elements-left\" style=\"background-image: url(https:\/\/escoladigital.madeira.gov.pt\/eb1marocossantoserra\/wp-content\/plugins\/shared-files\/img\/2020\/pdf.svg);\"><\/div><div class=\"shared-files-main-elements-right\"><a class=\"shared-files-file-title\"  data-file-type=\"\"  data-file-url=\"\/eb1marocossantoserra\/eb1marocossantoserra\/shared-files\/425\/?Requetimento-para-Acolhimenhto-Antecipado.pdf\"  data-external-url=\"\"  data-image-url=\"\" href=\"\/eb1marocossantoserra\/eb1marocossantoserra\/shared-files\/425\/?Requetimento-para-Acolhimenhto-Antecipado.pdf\" target=\"_blank\">Requerimento Acolhimento Antecipado<\/a><span class=\"shared-file-size\">431.29 KB<\/span><a href=\"https:\/\/escoladigital.madeira.gov.pt\/eb1marocossantoserra\/eb1marocossantoserra\/shared-files\/425\/?Requetimento-para-Acolhimenhto-Antecipado.pdf\" target=\"_blank\" class=\"shared-files-preview-button\">Visualiza\u00e7\u00e3o<\/a><span class=\"shared-file-date\">Dezembro 17, 2025<\/span><div class=\"shared-files-download-counter\"><span>Downloads: 121<\/span><\/div><div class=\"shared-files-download-button-container\"><a href=\"\/eb1marocossantoserra\/eb1marocossantoserra\/shared-files\/425\/?Requetimento-para-Acolhimenhto-Antecipado.pdf&download=1\" class=\"shared-files-download-button\"  download>Download<\/a><\/div><div class=\"shared-files-edit-actions\"><\/div><\/div><\/div><\/li><\/ul><\/div><\/div>\n","protected":false},"excerpt":{"rendered":"","protected":false},"author":106,"featured_media":0,"parent":0,"menu_order":0,"comment_status":"closed","ping_status":"closed","template":"","meta":{"site-sidebar-layout":"default","site-content-layout":"","ast-site-content-layout":"default","site-content-style":"default","site-sidebar-style":"default","ast-global-header-display":"","ast-banner-title-visibility":"","ast-main-header-display":"","ast-hfb-above-header-display":"","ast-hfb-below-header-display":"","ast-hfb-mobile-header-display":"","site-post-title":"","ast-breadcrumbs-content":"","ast-featured-img":"","footer-sml-layout":"","ast-disable-related-posts":"","theme-transparent-header-meta":"","adv-header-id-meta":"","stick-header-meta":"","header-above-stick-meta":"","header-main-stick-meta":"","header-below-stick-meta":"","astra-migrate-meta-layouts":"default","ast-page-background-enabled":"default","ast-page-background-meta":{"desktop":{"background-color":"var(--ast-global-color-5)","background-image":"","background-repeat":"repeat","background-position":"center center","background-size":"auto","background-attachment":"scroll","background-type":"","background-media":"","overlay-type":"","overlay-color":"","overlay-opacity":"","overlay-gradient":""},"tablet":{"background-color":"","background-image":"","background-repeat":"repeat","background-position":"center center","background-size":"auto","background-attachment":"scroll","background-type":"","background-media":"","overlay-type":"","overlay-color":"","overlay-opacity":"","overlay-gradient":""},"mobile":{"background-color":"","background-image":"","background-repeat":"repeat","background-position":"center center","background-size":"auto","background-attachment":"scroll","background-type":"","background-media":"","overlay-type":"","overlay-color":"","overlay-opacity":"","overlay-gradient":""}},"ast-content-background-meta":{"desktop":{"background-color":"var(--ast-global-color-4)","background-image":"","background-repeat":"repeat","background-position":"center center","background-size":"auto","background-attachment":"scroll","background-type":"","background-media":"","overlay-type":"","overlay-color":"","overlay-opacity":"","overlay-gradient":""},"tablet":{"background-color":"var(--ast-global-color-4)","background-image":"","background-repeat":"repeat","background-position":"center center","background-size":"auto","background-attachment":"scroll","background-type":"","background-media":"","overlay-type":"","overlay-color":"","overlay-opacity":"","overlay-gradient":""},"mobile":{"background-color":"var(--ast-global-color-4)","background-image":"","background-repeat":"repeat","background-position":"center center","background-size":"auto","background-attachment":"scroll","background-type":"","background-media":"","overlay-type":"","overlay-color":"","overlay-opacity":"","overlay-gradient":""}},"_themeisle_gutenberg_block_has_review":false,"footnotes":""},"class_list":["post-421","page","type-page","status-publish","hentry"],"_links":{"self":[{"href":"https:\/\/escoladigital.madeira.gov.pt\/eb1marocossantoserra\/wp-json\/wp\/v2\/pages\/421","targetHints":{"allow":["GET"]}}],"collection":[{"href":"https:\/\/escoladigital.madeira.gov.pt\/eb1marocossantoserra\/wp-json\/wp\/v2\/pages"}],"about":[{"href":"https:\/\/escoladigital.madeira.gov.pt\/eb1marocossantoserra\/wp-json\/wp\/v2\/types\/page"}],"author":[{"embeddable":true,"href":"https:\/\/escoladigital.madeira.gov.pt\/eb1marocossantoserra\/wp-json\/wp\/v2\/users\/106"}],"replies":[{"embeddable":true,"href":"https:\/\/escoladigital.madeira.gov.pt\/eb1marocossantoserra\/wp-json\/wp\/v2\/comments?post=421"}],"version-history":[{"count":4,"href":"https:\/\/escoladigital.madeira.gov.pt\/eb1marocossantoserra\/wp-json\/wp\/v2\/pages\/421\/revisions"}],"predecessor-version":[{"id":430,"href":"https:\/\/escoladigital.madeira.gov.pt\/eb1marocossantoserra\/wp-json\/wp\/v2\/pages\/421\/revisions\/430"}],"wp:attachment":[{"href":"https:\/\/escoladigital.madeira.gov.pt\/eb1marocossantoserra\/wp-json\/wp\/v2\/media?parent=421"}],"curies":[{"name":"wp","href":"https:\/\/api.w.org\/{rel}","templated":true}]}}