{"id":473,"date":"2025-12-18T10:09:45","date_gmt":"2025-12-18T10:09:45","guid":{"rendered":"https:\/\/escoladigital.madeira.gov.pt\/eb1marocossantoserra\/?page_id=473"},"modified":"2025-12-18T10:18:40","modified_gmt":"2025-12-18T10:18:40","slug":"mensagem-do-diretor","status":"publish","type":"page","link":"https:\/\/escoladigital.madeira.gov.pt\/eb1marocossantoserra\/mensagem-do-diretor\/","title":{"rendered":"Mensagem do Diretor"},"content":{"rendered":"\n<p>A escola \u00e9 uma comunidade educativa constru\u00edda diariamente com o contributo de todos. A sua miss\u00e3o assenta na promo\u00e7\u00e3o de uma educa\u00e7\u00e3o de qualidade, inclusiva e humanista, centrada no desenvolvimento integral de cada crian\u00e7a, num ambiente seguro, acolhedor e estimulante.<\/p>\n\n\n\n<p>Neste percurso, a rela\u00e7\u00e3o de proximidade e coopera\u00e7\u00e3o entre a escola e os encarregados de educa\u00e7\u00e3o assume um papel fundamental. Acreditamos que a educa\u00e7\u00e3o \u00e9 um processo partilhado, no qual a comunica\u00e7\u00e3o, a confian\u00e7a m\u00fatua e a corresponsabiliza\u00e7\u00e3o s\u00e3o essenciais para o sucesso educativo e o bem-estar dos alunos. \u00c9 atrav\u00e9s deste di\u00e1logo permanente e construtivo que conseguimos responder melhor \u00e0s necessidades das crian\u00e7as e fortalecer o projeto educativo da escola.<\/p>\n\n\n\n<p>Orientamos a nossa a\u00e7\u00e3o pelos valores do respeito, da responsabilidade, da solidariedade e da cidadania, promovendo uma cultura de participa\u00e7\u00e3o ativa das fam\u00edlias na vida escolar. Valorizamos o envolvimento dos encarregados de educa\u00e7\u00e3o como parceiros estrat\u00e9gicos na defini\u00e7\u00e3o de objetivos, na supera\u00e7\u00e3o de desafios e na constru\u00e7\u00e3o de solu\u00e7\u00f5es que contribuam para uma escola cada vez mais aberta, inovadora e pr\u00f3xima da comunidade.<\/p>\n\n\n\n<p>Trabalhamos com sentido de miss\u00e3o e vis\u00e3o de futuro, colocando as crian\u00e7as no centro das decis\u00f5es e refor\u00e7ando, diariamente, a convic\u00e7\u00e3o de que uma escola melhor se constr\u00f3i em conjunto, com di\u00e1logo, compromisso e confian\u00e7a.<\/p>\n\n\n\n<p>O Diretor<br><em>Rui Miguel Franco V\u00edtor<\/em><\/p>\n\n\n\n<hr class=\"wp-block-separator has-alpha-channel-opacity\" \/>\n\n\n\n<ul class=\"wp-block-list\"><\/ul>\n\n\n\n<p class=\"has-pale-cyan-blue-background-color has-background\"><\/p>\n\n\n\n<p><\/p>\n","protected":false},"excerpt":{"rendered":"<p>A escola \u00e9 uma comunidade educativa constru\u00edda diariamente com o contributo de todos. A sua miss\u00e3o assenta na promo\u00e7\u00e3o de [&hellip;]<\/p>\n","protected":false},"author":106,"featured_media":0,"parent":0,"menu_order":0,"comment_status":"closed","ping_status":"closed","template":"","meta":{"site-sidebar-layout":"default","site-content-layout":"","ast-site-content-layout":"default","site-content-style":"default","site-sidebar-style":"default","ast-global-header-display":"","ast-banner-title-visibility":"","ast-main-header-display":"","ast-hfb-above-header-display":"","ast-hfb-below-header-display":"","ast-hfb-mobile-header-display":"","site-post-title":"","ast-breadcrumbs-content":"","ast-featured-img":"","footer-sml-layout":"","ast-disable-related-posts":"","theme-transparent-header-meta":"","adv-header-id-meta":"","stick-header-meta":"","header-above-stick-meta":"","header-main-stick-meta":"","header-below-stick-meta":"","astra-migrate-meta-layouts":"default","ast-page-background-enabled":"default","ast-page-background-meta":{"desktop":{"background-color":"var(--ast-global-color-5)","background-image":"","background-repeat":"repeat","background-position":"center center","background-size":"auto","background-attachment":"scroll","background-type":"","background-media":"","overlay-type":"","overlay-color":"","overlay-opacity":"","overlay-gradient":""},"tablet":{"background-color":"","background-image":"","background-repeat":"repeat","background-position":"center center","background-size":"auto","background-attachment":"scroll","background-type":"","background-media":"","overlay-type":"","overlay-color":"","overlay-opacity":"","overlay-gradient":""},"mobile":{"background-color":"","background-image":"","background-repeat":"repeat","background-position":"center center","background-size":"auto","background-attachment":"scroll","background-type":"","background-media":"","overlay-type":"","overlay-color":"","overlay-opacity":"","overlay-gradient":""}},"ast-content-background-meta":{"desktop":{"background-color":"var(--ast-global-color-4)","background-image":"","background-repeat":"repeat","background-position":"center center","background-size":"auto","background-attachment":"scroll","background-type":"","background-media":"","overlay-type":"","overlay-color":"","overlay-opacity":"","overlay-gradient":""},"tablet":{"background-color":"var(--ast-global-color-4)","background-image":"","background-repeat":"repeat","background-position":"center center","background-size":"auto","background-attachment":"scroll","background-type":"","background-media":"","overlay-type":"","overlay-color":"","overlay-opacity":"","overlay-gradient":""},"mobile":{"background-color":"var(--ast-global-color-4)","background-image":"","background-repeat":"repeat","background-position":"center center","background-size":"auto","background-attachment":"scroll","background-type":"","background-media":"","overlay-type":"","overlay-color":"","overlay-opacity":"","overlay-gradient":""}},"_themeisle_gutenberg_block_has_review":false,"footnotes":""},"class_list":["post-473","page","type-page","status-publish","hentry"],"_links":{"self":[{"href":"https:\/\/escoladigital.madeira.gov.pt\/eb1marocossantoserra\/wp-json\/wp\/v2\/pages\/473","targetHints":{"allow":["GET"]}}],"collection":[{"href":"https:\/\/escoladigital.madeira.gov.pt\/eb1marocossantoserra\/wp-json\/wp\/v2\/pages"}],"about":[{"href":"https:\/\/escoladigital.madeira.gov.pt\/eb1marocossantoserra\/wp-json\/wp\/v2\/types\/page"}],"author":[{"embeddable":true,"href":"https:\/\/escoladigital.madeira.gov.pt\/eb1marocossantoserra\/wp-json\/wp\/v2\/users\/106"}],"replies":[{"embeddable":true,"href":"https:\/\/escoladigital.madeira.gov.pt\/eb1marocossantoserra\/wp-json\/wp\/v2\/comments?post=473"}],"version-history":[{"count":2,"href":"https:\/\/escoladigital.madeira.gov.pt\/eb1marocossantoserra\/wp-json\/wp\/v2\/pages\/473\/revisions"}],"predecessor-version":[{"id":479,"href":"https:\/\/escoladigital.madeira.gov.pt\/eb1marocossantoserra\/wp-json\/wp\/v2\/pages\/473\/revisions\/479"}],"wp:attachment":[{"href":"https:\/\/escoladigital.madeira.gov.pt\/eb1marocossantoserra\/wp-json\/wp\/v2\/media?parent=473"}],"curies":[{"name":"wp","href":"https:\/\/api.w.org\/{rel}","templated":true}]}}