{"id":864,"date":"2026-03-09T17:39:29","date_gmt":"2026-03-09T17:39:29","guid":{"rendered":"https:\/\/escoladigital.madeira.gov.pt\/eb1marocossantoserra\/?page_id=864"},"modified":"2026-03-09T17:59:22","modified_gmt":"2026-03-09T17:59:22","slug":"noticias","status":"publish","type":"page","link":"https:\/\/escoladigital.madeira.gov.pt\/eb1marocossantoserra\/noticias\/","title":{"rendered":"Not\u00edcias"},"content":{"rendered":"<ul class=\"wp-block-latest-posts__list wp-block-latest-posts\"><li><a class=\"wp-block-latest-posts__post-title\" href=\"https:\/\/escoladigital.madeira.gov.pt\/eb1marocossantoserra\/2026\/04\/06\/biblioteca-itinerante-a-magia-da-leitura\/\">Biblioteca Itinerante- A Magia da Leitura<\/a><\/li>\n<li><a class=\"wp-block-latest-posts__post-title\" href=\"https:\/\/escoladigital.madeira.gov.pt\/eb1marocossantoserra\/2026\/04\/01\/evento-intercultural-erasmus-celebra-diversidade-europeia-e-mobiliza-toda-a-comunidade-escolar\/\">Evento Intercultural Erasmus + celebra diversidade europeia e mobiliza toda a comunidade escolar<\/a><\/li>\n<li><a class=\"wp-block-latest-posts__post-title\" href=\"https:\/\/escoladigital.madeira.gov.pt\/eb1marocossantoserra\/2026\/03\/30\/visita-a-fabrica-insular\/\">Visita \u00e0 F\u00e1brica Insular<\/a><\/li>\n<li><a class=\"wp-block-latest-posts__post-title\" href=\"https:\/\/escoladigital.madeira.gov.pt\/eb1marocossantoserra\/2026\/03\/30\/alista-te-por-um-dia\/\">Alista-te por Um Dia<\/a><\/li>\n<li><a class=\"wp-block-latest-posts__post-title\" href=\"https:\/\/escoladigital.madeira.gov.pt\/eb1marocossantoserra\/2026\/03\/26\/evento-intercultural-erasmus-2024-2026\/\">Evento Intercultural Erasmus+ (2024-2026)<\/a><\/li>\n<li><a class=\"wp-block-latest-posts__post-title\" href=\"https:\/\/escoladigital.madeira.gov.pt\/eb1marocossantoserra\/2026\/03\/25\/vista-ao-museu-da-baleia\/\">Erasmus +: Projeto &#8220;da Serra ao Mar&#8221; &#8211; Visita ao Museu da Baleia<\/a><\/li>\n<li><a class=\"wp-block-latest-posts__post-title\" href=\"https:\/\/escoladigital.madeira.gov.pt\/eb1marocossantoserra\/2026\/03\/25\/correr-pela-vida\/\">Correr pela Vida<\/a><\/li>\n<li><a class=\"wp-block-latest-posts__post-title\" href=\"https:\/\/escoladigital.madeira.gov.pt\/eb1marocossantoserra\/2026\/03\/22\/pequenos-exploradores-descobrem-as-raizes-madeirenses-na-ribeira-brava\/\">Pequenos Exploradores Descobrem as Ra\u00edzes Madeirenses na Ribeira Brava<\/a><\/li>\n<li><a class=\"wp-block-latest-posts__post-title\" href=\"https:\/\/escoladigital.madeira.gov.pt\/eb1marocossantoserra\/2026\/03\/16\/triatlo-literario-final-concelhia-machico-santana\/\">Triatlo Liter\u00e1rio: Final Concelhia Machico-Santana<\/a><\/li>\n<li><a class=\"wp-block-latest-posts__post-title\" href=\"https:\/\/escoladigital.madeira.gov.pt\/eb1marocossantoserra\/2026\/03\/16\/erasmus-praticas-implementadas-na-escola-inspiradas-no-modelo-pedagogico-finlandes\/\">Erasmus+: pr\u00e1ticas implementadas na escola inspiradas no modelo pedag\u00f3gico finland\u00eas<\/a><\/li>\n<li><a class=\"wp-block-latest-posts__post-title\" href=\"https:\/\/escoladigital.madeira.gov.pt\/eb1marocossantoserra\/2026\/03\/15\/erasmus-experiencias-sensoriais-e-aprendizagem-ao-ar-livre-na-creche\/\">Erasmus+: experi\u00eancias sensoriais e aprendizagem ao ar livre na Creche<\/a><\/li>\n<li><a class=\"wp-block-latest-posts__post-title\" href=\"https:\/\/escoladigital.madeira.gov.pt\/eb1marocossantoserra\/2026\/03\/11\/erasmus-ka122\/\">Erasmus+ KA122<\/a><\/li>\n<li><a class=\"wp-block-latest-posts__post-title\" href=\"https:\/\/escoladigital.madeira.gov.pt\/eb1marocossantoserra\/2026\/03\/02\/guardioes-da-natureza\/\">\u201cGuardi\u00f5es da Natureza\u201d<\/a><\/li>\n<li><a class=\"wp-block-latest-posts__post-title\" href=\"https:\/\/escoladigital.madeira.gov.pt\/eb1marocossantoserra\/2026\/02\/20\/apreciar-a-natureza-em-epoca-de-carnaval\/\">Apreciar a Natureza em \u00c9poca de Carnaval<\/a><\/li>\n<li><a class=\"wp-block-latest-posts__post-title\" href=\"https:\/\/escoladigital.madeira.gov.pt\/eb1marocossantoserra\/2026\/02\/18\/escola-assinala-dia-da-internet-mais-segura-com-acao-da-psp-de-machico\/\">Escola assinala Dia da Internet Mais Segura com a\u00e7\u00e3o da PSP de Machico<\/a><\/li>\n<li><a class=\"wp-block-latest-posts__post-title\" href=\"https:\/\/escoladigital.madeira.gov.pt\/eb1marocossantoserra\/2026\/02\/13\/viagem-no-tempo-no-nucleo-dos-dragoeiros-alunos-exploram-fosseis-plantas-e-rochas\/\">Erasmus +: Projeto &#8220;da Serra ao Mar&#8221; faz uma viagem no Tempo\u201d no N\u00facleo dos Dragoeiros<\/a><\/li>\n<li><a class=\"wp-block-latest-posts__post-title\" href=\"https:\/\/escoladigital.madeira.gov.pt\/eb1marocossantoserra\/2026\/02\/10\/docentes-da-eb1-pe-de-marocos-e-santo-antonio-da-serra-em-mobilidade-erasmus-na-grecia\/\">Docentes da EB1\/PE de Maro\u00e7os e Santo Ant\u00f3nio da Serra em mobilidade Erasmus+ na Gr\u00e9cia<\/a><\/li>\n<li><a class=\"wp-block-latest-posts__post-title\" href=\"https:\/\/escoladigital.madeira.gov.pt\/eb1marocossantoserra\/2026\/02\/10\/festival-internacional-de-cordofones-tradicionais-9-a-edicao-do-acorde-2026\/\">Festival Internacional de Cordofones Tradicionais- 9.\u00aa Edi\u00e7\u00e3o do aCORDE 2026<\/a><\/li>\n<li><a class=\"wp-block-latest-posts__post-title\" href=\"https:\/\/escoladigital.madeira.gov.pt\/eb1marocossantoserra\/2026\/01\/23\/sensibilizacao-para-a-seguranca-na-internet-na-eb1-pec-de-marocos-e-santo-antonio-da-serra\/\">Sensibiliza\u00e7\u00e3o para a Seguran\u00e7a na Internet<\/a><\/li>\n<li><a class=\"wp-block-latest-posts__post-title\" href=\"https:\/\/escoladigital.madeira.gov.pt\/eb1marocossantoserra\/2026\/01\/21\/apoio-a-aquisicao-de-braguinhas\/\">Aprender a tocar Braguinha (Protocolo com a Casa do Povo de Santo Ant\u00f3nio da Serra)<\/a><\/li>\n<li><a class=\"wp-block-latest-posts__post-title\" href=\"https:\/\/escoladigital.madeira.gov.pt\/eb1marocossantoserra\/2026\/01\/20\/sensibilizacao-seguranca-na-internet\/\">Sensibiliza\u00e7\u00e3o &#8220;Seguran\u00e7a na Internet&#8221;<\/a><\/li>\n<li><a class=\"wp-block-latest-posts__post-title\" href=\"https:\/\/escoladigital.madeira.gov.pt\/eb1marocossantoserra\/2025\/12\/22\/natal-a-porta-cheio-de-brilho\/\">Natal \u00e0 Porta Cheio de Brilho<\/a><\/li>\n<li><a class=\"wp-block-latest-posts__post-title\" href=\"https:\/\/escoladigital.madeira.gov.pt\/eb1marocossantoserra\/2025\/12\/22\/hora-do-conto-os-trix-salvam-o-natal\/\">Hora do Conto &#8220;Os Trix salvam o Natal&#8221;<\/a><\/li>\n<li><a class=\"wp-block-latest-posts__post-title\" href=\"https:\/\/escoladigital.madeira.gov.pt\/eb1marocossantoserra\/2025\/12\/18\/maos-na-massa-para-celebrar-o-natal-madeirense\/\">M\u00e3os na Massa para Celebrar o Natal Madeirense!<\/a><\/li>\n<li><a class=\"wp-block-latest-posts__post-title\" href=\"https:\/\/escoladigital.madeira.gov.pt\/eb1marocossantoserra\/2025\/12\/18\/espetaculo-de-magia-com-o-magico-dani-encanta-criancas-nas-comemoracoes-de-natal-da-escola\/\">Espet\u00e1culo de Magia com o M\u00e1gico Dani Encanta Crian\u00e7as nas Comemora\u00e7\u00f5es de Natal da Escola<\/a><\/li>\n<li><a class=\"wp-block-latest-posts__post-title\" href=\"https:\/\/escoladigital.madeira.gov.pt\/eb1marocossantoserra\/2025\/12\/17\/visita-de-estudo-ao-museu-de-historia-natural-do-funchal\/\">Visita de estudo ao Museu de Hist\u00f3ria Natural do Funchal<\/a><\/li>\n<li><a class=\"wp-block-latest-posts__post-title\" href=\"https:\/\/escoladigital.madeira.gov.pt\/eb1marocossantoserra\/2025\/12\/15\/hora-do-codigo\/\">Hora do C\u00f3digo<\/a><\/li>\n<li><a class=\"wp-block-latest-posts__post-title\" href=\"https:\/\/escoladigital.madeira.gov.pt\/eb1marocossantoserra\/2025\/12\/13\/prevenir-a-brincar\/\">Prevenir a brincar<\/a><\/li>\n<li><a class=\"wp-block-latest-posts__post-title\" href=\"https:\/\/escoladigital.madeira.gov.pt\/eb1marocossantoserra\/2025\/12\/03\/i-forum-regional-erasmus-educacao-e-formacao\/\">I F\u00f3rum Regional Erasmus +, Educa\u00e7\u00e3o e Forma\u00e7\u00e3o<\/a><\/li>\n<\/ul>\n\n\n<p><\/p>\n","protected":false},"excerpt":{"rendered":"","protected":false},"author":106,"featured_media":0,"parent":0,"menu_order":0,"comment_status":"closed","ping_status":"closed","template":"","meta":{"site-sidebar-layout":"default","site-content-layout":"","ast-site-content-layout":"default","site-content-style":"default","site-sidebar-style":"default","ast-global-header-display":"","ast-banner-title-visibility":"","ast-main-header-display":"","ast-hfb-above-header-display":"","ast-hfb-below-header-display":"","ast-hfb-mobile-header-display":"","site-post-title":"","ast-breadcrumbs-content":"","ast-featured-img":"","footer-sml-layout":"","ast-disable-related-posts":"","theme-transparent-header-meta":"","adv-header-id-meta":"","stick-header-meta":"","header-above-stick-meta":"","header-main-stick-meta":"","header-below-stick-meta":"","astra-migrate-meta-layouts":"default","ast-page-background-enabled":"default","ast-page-background-meta":{"desktop":{"background-color":"var(--ast-global-color-5)","background-image":"","background-repeat":"repeat","background-position":"center center","background-size":"auto","background-attachment":"scroll","background-type":"","background-media":"","overlay-type":"","overlay-color":"","overlay-opacity":"","overlay-gradient":""},"tablet":{"background-color":"","background-image":"","background-repeat":"repeat","background-position":"center center","background-size":"auto","background-attachment":"scroll","background-type":"","background-media":"","overlay-type":"","overlay-color":"","overlay-opacity":"","overlay-gradient":""},"mobile":{"background-color":"","background-image":"","background-repeat":"repeat","background-position":"center center","background-size":"auto","background-attachment":"scroll","background-type":"","background-media":"","overlay-type":"","overlay-color":"","overlay-opacity":"","overlay-gradient":""}},"ast-content-background-meta":{"desktop":{"background-color":"var(--ast-global-color-4)","background-image":"","background-repeat":"repeat","background-position":"center center","background-size":"auto","background-attachment":"scroll","background-type":"","background-media":"","overlay-type":"","overlay-color":"","overlay-opacity":"","overlay-gradient":""},"tablet":{"background-color":"var(--ast-global-color-4)","background-image":"","background-repeat":"repeat","background-position":"center center","background-size":"auto","background-attachment":"scroll","background-type":"","background-media":"","overlay-type":"","overlay-color":"","overlay-opacity":"","overlay-gradient":""},"mobile":{"background-color":"var(--ast-global-color-4)","background-image":"","background-repeat":"repeat","background-position":"center center","background-size":"auto","background-attachment":"scroll","background-type":"","background-media":"","overlay-type":"","overlay-color":"","overlay-opacity":"","overlay-gradient":""}},"_themeisle_gutenberg_block_has_review":false,"footnotes":""},"class_list":["post-864","page","type-page","status-publish","hentry"],"_links":{"self":[{"href":"https:\/\/escoladigital.madeira.gov.pt\/eb1marocossantoserra\/wp-json\/wp\/v2\/pages\/864","targetHints":{"allow":["GET"]}}],"collection":[{"href":"https:\/\/escoladigital.madeira.gov.pt\/eb1marocossantoserra\/wp-json\/wp\/v2\/pages"}],"about":[{"href":"https:\/\/escoladigital.madeira.gov.pt\/eb1marocossantoserra\/wp-json\/wp\/v2\/types\/page"}],"author":[{"embeddable":true,"href":"https:\/\/escoladigital.madeira.gov.pt\/eb1marocossantoserra\/wp-json\/wp\/v2\/users\/106"}],"replies":[{"embeddable":true,"href":"https:\/\/escoladigital.madeira.gov.pt\/eb1marocossantoserra\/wp-json\/wp\/v2\/comments?post=864"}],"version-history":[{"count":13,"href":"https:\/\/escoladigital.madeira.gov.pt\/eb1marocossantoserra\/wp-json\/wp\/v2\/pages\/864\/revisions"}],"predecessor-version":[{"id":882,"href":"https:\/\/escoladigital.madeira.gov.pt\/eb1marocossantoserra\/wp-json\/wp\/v2\/pages\/864\/revisions\/882"}],"wp:attachment":[{"href":"https:\/\/escoladigital.madeira.gov.pt\/eb1marocossantoserra\/wp-json\/wp\/v2\/media?parent=864"}],"curies":[{"name":"wp","href":"https:\/\/api.w.org\/{rel}","templated":true}]}}