{"id":278,"date":"2024-12-11T15:27:39","date_gmt":"2024-12-11T15:27:39","guid":{"rendered":"https:\/\/escoladigital.madeira.gov.pt\/eb1peachada\/?page_id=278"},"modified":"2024-12-19T13:02:14","modified_gmt":"2024-12-19T13:02:14","slug":"oferta-educativa","status":"publish","type":"page","link":"https:\/\/escoladigital.madeira.gov.pt\/eb1peachada\/oferta-educativa\/","title":{"rendered":"Educa\u00e7\u00e3o para o Empreendedorismo e Cidadania"},"content":{"rendered":"\n<div class=\"wp-block-columns is-layout-flex wp-container-core-columns-is-layout-28f84493 wp-block-columns-is-layout-flex\">\n<div class=\"wp-block-column is-layout-flow wp-block-column-is-layout-flow\">\n<p>O programa Exploradores de Sonhos insere-se no projeto Educa\u00e7\u00e3o para o Empreendedorismo e a Cidadania, que pretende promover a cultura empreendedora particularmente junto das gera\u00e7\u00f5es mais jovens. Como conte\u00fados para esta fase de desenvolvimento humano, s\u00e3o propostas 10 compet\u00eancias relacionadas com a confian\u00e7a, nomeadamente, a autoconfian\u00e7a, a partilha confiante, o brincar em liberdade, a comunica\u00e7\u00e3o confiante, a presen\u00e7a confiante, o orgulho, a amizade, a toler\u00e2ncia, o sentido de humor e a imagina\u00e7\u00e3o criativa.<\/p>\n\n\n\n<p>O encanto do programa Exploradores de Sonhos encontra-se no est\u00edmulo evidente \u00e0 capacidade de sonhar. Para isso, s\u00e3o disponibilizados conceitos inovadores, narra\u00e7\u00f5es atrativas e din\u00e2micas envolventes.<\/p>\n<\/div>\n\n\n\n<div class=\"wp-block-column is-layout-flow wp-block-column-is-layout-flow\">\n<figure class=\"wp-block-image aligncenter size-full is-resized\" id=\"wp-block-themeisle-blocks-image-f44fa062\"><a href=\"https:\/\/globalskills.pt\/programas\/\" target=\"_blank\" rel=\" noreferrer noopener\"><img fetchpriority=\"high\" decoding=\"async\" width=\"600\" height=\"839\" src=\"https:\/\/escoladigital.madeira.gov.pt\/eb1peachada\/wp-content\/uploads\/sites\/26\/2024\/12\/Exploradores-Custom.png\" alt=\"\" class=\"wp-image-363\" style=\"width:276px;height:auto\" srcset=\"https:\/\/escoladigital.madeira.gov.pt\/eb1peachada\/wp-content\/uploads\/sites\/26\/2024\/12\/Exploradores-Custom.png 600w, https:\/\/escoladigital.madeira.gov.pt\/eb1peachada\/wp-content\/uploads\/sites\/26\/2024\/12\/Exploradores-Custom-215x300.png 215w\" sizes=\"(max-width: 600px) 100vw, 600px\" \/><\/a><\/figure>\n<\/div>\n<\/div>\n","protected":false},"excerpt":{"rendered":"<p>O programa Exploradores de Sonhos insere-se no projeto Educa\u00e7\u00e3o para o Empreendedorismo e a Cidadania, que pretende promover a cultura [&hellip;]<\/p>\n","protected":false},"author":35,"featured_media":0,"parent":0,"menu_order":0,"comment_status":"closed","ping_status":"closed","template":"","meta":{"site-sidebar-layout":"default","site-content-layout":"","ast-site-content-layout":"default","site-content-style":"default","site-sidebar-style":"default","ast-global-header-display":"","ast-banner-title-visibility":"","ast-main-header-display":"","ast-hfb-above-header-display":"","ast-hfb-below-header-display":"","ast-hfb-mobile-header-display":"","site-post-title":"","ast-breadcrumbs-content":"","ast-featured-img":"","footer-sml-layout":"","ast-disable-related-posts":"","theme-transparent-header-meta":"","adv-header-id-meta":"","stick-header-meta":"","header-above-stick-meta":"","header-main-stick-meta":"","header-below-stick-meta":"","astra-migrate-meta-layouts":"default","ast-page-background-enabled":"default","ast-page-background-meta":{"desktop":{"background-color":"var(--ast-global-color-4)","background-image":"","background-repeat":"repeat","background-position":"center center","background-size":"auto","background-attachment":"scroll","background-type":"","background-media":"","overlay-type":"","overlay-color":"","overlay-opacity":"","overlay-gradient":""},"tablet":{"background-color":"","background-image":"","background-repeat":"repeat","background-position":"center center","background-size":"auto","background-attachment":"scroll","background-type":"","background-media":"","overlay-type":"","overlay-color":"","overlay-opacity":"","overlay-gradient":""},"mobile":{"background-color":"","background-image":"","background-repeat":"repeat","background-position":"center center","background-size":"auto","background-attachment":"scroll","background-type":"","background-media":"","overlay-type":"","overlay-color":"","overlay-opacity":"","overlay-gradient":""}},"ast-content-background-meta":{"desktop":{"background-color":"var(--ast-global-color-5)","background-image":"","background-repeat":"repeat","background-position":"center center","background-size":"auto","background-attachment":"scroll","background-type":"","background-media":"","overlay-type":"","overlay-color":"","overlay-opacity":"","overlay-gradient":""},"tablet":{"background-color":"var(--ast-global-color-5)","background-image":"","background-repeat":"repeat","background-position":"center center","background-size":"auto","background-attachment":"scroll","background-type":"","background-media":"","overlay-type":"","overlay-color":"","overlay-opacity":"","overlay-gradient":""},"mobile":{"background-color":"var(--ast-global-color-5)","background-image":"","background-repeat":"repeat","background-position":"center center","background-size":"auto","background-attachment":"scroll","background-type":"","background-media":"","overlay-type":"","overlay-color":"","overlay-opacity":"","overlay-gradient":""}},"_themeisle_gutenberg_block_has_review":false,"footnotes":""},"class_list":["post-278","page","type-page","status-publish","hentry"],"_links":{"self":[{"href":"https:\/\/escoladigital.madeira.gov.pt\/eb1peachada\/wp-json\/wp\/v2\/pages\/278","targetHints":{"allow":["GET"]}}],"collection":[{"href":"https:\/\/escoladigital.madeira.gov.pt\/eb1peachada\/wp-json\/wp\/v2\/pages"}],"about":[{"href":"https:\/\/escoladigital.madeira.gov.pt\/eb1peachada\/wp-json\/wp\/v2\/types\/page"}],"author":[{"embeddable":true,"href":"https:\/\/escoladigital.madeira.gov.pt\/eb1peachada\/wp-json\/wp\/v2\/users\/35"}],"replies":[{"embeddable":true,"href":"https:\/\/escoladigital.madeira.gov.pt\/eb1peachada\/wp-json\/wp\/v2\/comments?post=278"}],"version-history":[{"count":5,"href":"https:\/\/escoladigital.madeira.gov.pt\/eb1peachada\/wp-json\/wp\/v2\/pages\/278\/revisions"}],"predecessor-version":[{"id":431,"href":"https:\/\/escoladigital.madeira.gov.pt\/eb1peachada\/wp-json\/wp\/v2\/pages\/278\/revisions\/431"}],"wp:attachment":[{"href":"https:\/\/escoladigital.madeira.gov.pt\/eb1peachada\/wp-json\/wp\/v2\/media?parent=278"}],"curies":[{"name":"wp","href":"https:\/\/api.w.org\/{rel}","templated":true}]}}