{"id":29,"date":"2024-11-27T16:16:51","date_gmt":"2024-11-27T16:16:51","guid":{"rendered":"https:\/\/escoladigital.madeira.gov.pt\/eb1peachada\/?page_id=29"},"modified":"2024-12-19T13:17:19","modified_gmt":"2024-12-19T13:17:19","slug":"sobre-nos","status":"publish","type":"page","link":"https:\/\/escoladigital.madeira.gov.pt\/eb1peachada\/sobre-nos\/","title":{"rendered":"Quem somos?"},"content":{"rendered":"\n<div class=\"wp-block-columns is-layout-flex wp-container-core-columns-is-layout-28f84493 wp-block-columns-is-layout-flex\">\n<div class=\"wp-block-column is-layout-flow wp-block-column-is-layout-flow\">\n<p>A Escola de 1\u00ba Ciclo com Pr\u00e9-Escolar da Achada est\u00e1 inserida na freguesia de S\u00e3o Roque.<br>A freguesia de S\u00e3o Roque possui um Centro C\u00edvico onde funcionam os servi\u00e7os aut\u00e1rquicos (Junta de Freguesia e Casa do Povo). Existem ainda outros organismos e institui\u00e7\u00f5es, nomeadamente a n\u00edvel da sa\u00fade, do desporto, da cultura, do com\u00e9rcio e servi\u00e7os e da solidariedade social.<br>A nossa escola foi inaugurada a 21 de setembro de 2009 e \u00e9 muito procurada principalmente pela sua localiza\u00e7\u00e3o.<br>Sendo a proximidade ao centro da cidade um dos seus pontos fortes, torna-se f\u00e1cil o recurso aos organismos p\u00fablicos, de solidariedade social, desportivos e recreativos e a outros de grande import\u00e2ncia, o que se torna vital para a consecu\u00e7\u00e3o dos objetivos do seu Projeto Educativo. A escola foi erguida no meio de habita\u00e7\u00f5es e funciona num edif\u00edcio de constru\u00e7\u00e3o moderna constru\u00eddo de raiz no ano de 2009 sendo constitu\u00edda por um edif\u00edcio \u00fanico de dois pisos circundada por p\u00e1tios e zonas verdes.<\/p>\n<\/div>\n\n\n\n<div class=\"wp-block-column is-layout-flow wp-block-column-is-layout-flow\">\n<p><\/p>\n\n\n\n<div id=\"wp-block-themeisle-blocks-slider-4288cfcd\" class=\"wp-block-themeisle-blocks-slider glide\" data-per-view=\"1\" data-gap=\"0\" data-peek=\"0\" data-autoplay=\"true\" data-height=\"400px\" data-hide-arrows=\"false\"><div class=\"glide__track\" data-glide-el=\"track\"><div class=\"glide__slides\"><div class=\"wp-block-themeisle-blocks-slider-item-wrapper glide__slide\"><figure><img decoding=\"async\" class=\"wp-block-themeisle-blocks-slider-item\" src=\"https:\/\/escoladigital.madeira.gov.pt\/eb1peachada\/wp-content\/uploads\/sites\/26\/2024\/12\/1.jpg\" alt=\"\" title=\"\" data-id=\"390\" \/><\/figure><\/div><div class=\"wp-block-themeisle-blocks-slider-item-wrapper glide__slide\"><figure><img decoding=\"async\" class=\"wp-block-themeisle-blocks-slider-item\" src=\"https:\/\/escoladigital.madeira.gov.pt\/eb1peachada\/wp-content\/uploads\/sites\/26\/2024\/12\/2017-12-07-1.jpg\" alt=\"\" title=\"\" data-id=\"392\" \/><\/figure><\/div><div class=\"wp-block-themeisle-blocks-slider-item-wrapper glide__slide\"><figure><img decoding=\"async\" class=\"wp-block-themeisle-blocks-slider-item\" src=\"https:\/\/escoladigital.madeira.gov.pt\/eb1peachada\/wp-content\/uploads\/sites\/26\/2024\/12\/2017-12-07.jpg\" alt=\"\" title=\"\" data-id=\"389\" \/><\/figure><\/div><div class=\"wp-block-themeisle-blocks-slider-item-wrapper glide__slide\"><figure><img decoding=\"async\" class=\"wp-block-themeisle-blocks-slider-item\" src=\"https:\/\/escoladigital.madeira.gov.pt\/eb1peachada\/wp-content\/uploads\/sites\/26\/2024\/12\/3.jpg\" alt=\"\" title=\"\" data-id=\"391\" \/><\/figure><\/div><div class=\"wp-block-themeisle-blocks-slider-item-wrapper glide__slide\"><figure><img decoding=\"async\" class=\"wp-block-themeisle-blocks-slider-item\" src=\"https:\/\/escoladigital.madeira.gov.pt\/eb1peachada\/wp-content\/uploads\/sites\/26\/2024\/12\/IMG-20230626-WA0005.jpg\" alt=\"\" title=\"\" data-id=\"393\" \/><\/figure><\/div><\/div><div class=\"glide__bullets\" data-glide-el=\"controls[nav]\"><button class=\"glide__bullet\" data-glide-dir=\"=0\"><\/button><button class=\"glide__bullet\" data-glide-dir=\"=1\"><\/button><button class=\"glide__bullet\" data-glide-dir=\"=2\"><\/button><button class=\"glide__bullet\" data-glide-dir=\"=3\"><\/button><button class=\"glide__bullet\" data-glide-dir=\"=4\"><\/button><\/div><\/div><\/div>\n<\/div>\n<\/div>\n\n\n\n<p><strong><span class=\"highlight\">Hino da nossa escola<\/span><\/strong><\/p>\n\n\n\n<figure class=\"wp-block-audio\"><audio controls src=\"https:\/\/escoladigital.madeira.gov.pt\/eb1peachada\/wp-content\/uploads\/sites\/26\/2024\/12\/Hino-Escola-da-Achada-voz.mp3\"><\/audio><\/figure>\n\n\n\n<figure class=\"wp-block-image aligncenter size-large is-resized\"><img fetchpriority=\"high\" decoding=\"async\" width=\"1024\" height=\"576\" src=\"https:\/\/escoladigital.madeira.gov.pt\/eb1peachada\/wp-content\/uploads\/sites\/26\/2024\/12\/Letra-hino-escola-1024x576.png\" alt=\"\" class=\"wp-image-412\" style=\"width:820px;height:auto\" srcset=\"https:\/\/escoladigital.madeira.gov.pt\/eb1peachada\/wp-content\/uploads\/sites\/26\/2024\/12\/Letra-hino-escola-1024x576.png 1024w, https:\/\/escoladigital.madeira.gov.pt\/eb1peachada\/wp-content\/uploads\/sites\/26\/2024\/12\/Letra-hino-escola-300x169.png 300w, https:\/\/escoladigital.madeira.gov.pt\/eb1peachada\/wp-content\/uploads\/sites\/26\/2024\/12\/Letra-hino-escola-768x432.png 768w, https:\/\/escoladigital.madeira.gov.pt\/eb1peachada\/wp-content\/uploads\/sites\/26\/2024\/12\/Letra-hino-escola-1536x864.png 1536w, https:\/\/escoladigital.madeira.gov.pt\/eb1peachada\/wp-content\/uploads\/sites\/26\/2024\/12\/Letra-hino-escola.png 1920w\" sizes=\"(max-width: 1024px) 100vw, 1024px\" \/><\/figure>\n\n\n\n<p><\/p>\n","protected":false},"excerpt":{"rendered":"<p>A Escola de 1\u00ba Ciclo com Pr\u00e9-Escolar da Achada est\u00e1 inserida na freguesia de S\u00e3o Roque.A freguesia de S\u00e3o Roque [&hellip;]<\/p>\n","protected":false},"author":35,"featured_media":0,"parent":0,"menu_order":0,"comment_status":"closed","ping_status":"closed","template":"","meta":{"site-sidebar-layout":"default","site-content-layout":"","ast-site-content-layout":"default","site-content-style":"default","site-sidebar-style":"default","ast-global-header-display":"","ast-banner-title-visibility":"","ast-main-header-display":"","ast-hfb-above-header-display":"","ast-hfb-below-header-display":"","ast-hfb-mobile-header-display":"","site-post-title":"","ast-breadcrumbs-content":"","ast-featured-img":"","footer-sml-layout":"","ast-disable-related-posts":"","theme-transparent-header-meta":"","adv-header-id-meta":"","stick-header-meta":"","header-above-stick-meta":"","header-main-stick-meta":"","header-below-stick-meta":"","astra-migrate-meta-layouts":"default","ast-page-background-enabled":"default","ast-page-background-meta":{"desktop":{"background-color":"var(--ast-global-color-4)","background-image":"","background-repeat":"repeat","background-position":"center center","background-size":"auto","background-attachment":"scroll","background-type":"","background-media":"","overlay-type":"","overlay-color":"","overlay-opacity":"","overlay-gradient":""},"tablet":{"background-color":"","background-image":"","background-repeat":"repeat","background-position":"center center","background-size":"auto","background-attachment":"scroll","background-type":"","background-media":"","overlay-type":"","overlay-color":"","overlay-opacity":"","overlay-gradient":""},"mobile":{"background-color":"","background-image":"","background-repeat":"repeat","background-position":"center center","background-size":"auto","background-attachment":"scroll","background-type":"","background-media":"","overlay-type":"","overlay-color":"","overlay-opacity":"","overlay-gradient":""}},"ast-content-background-meta":{"desktop":{"background-color":"var(--ast-global-color-5)","background-image":"","background-repeat":"repeat","background-position":"center center","background-size":"auto","background-attachment":"scroll","background-type":"","background-media":"","overlay-type":"","overlay-color":"","overlay-opacity":"","overlay-gradient":""},"tablet":{"background-color":"var(--ast-global-color-5)","background-image":"","background-repeat":"repeat","background-position":"center center","background-size":"auto","background-attachment":"scroll","background-type":"","background-media":"","overlay-type":"","overlay-color":"","overlay-opacity":"","overlay-gradient":""},"mobile":{"background-color":"var(--ast-global-color-5)","background-image":"","background-repeat":"repeat","background-position":"center center","background-size":"auto","background-attachment":"scroll","background-type":"","background-media":"","overlay-type":"","overlay-color":"","overlay-opacity":"","overlay-gradient":""}},"_themeisle_gutenberg_block_has_review":false,"footnotes":""},"class_list":["post-29","page","type-page","status-publish","hentry"],"_links":{"self":[{"href":"https:\/\/escoladigital.madeira.gov.pt\/eb1peachada\/wp-json\/wp\/v2\/pages\/29","targetHints":{"allow":["GET"]}}],"collection":[{"href":"https:\/\/escoladigital.madeira.gov.pt\/eb1peachada\/wp-json\/wp\/v2\/pages"}],"about":[{"href":"https:\/\/escoladigital.madeira.gov.pt\/eb1peachada\/wp-json\/wp\/v2\/types\/page"}],"author":[{"embeddable":true,"href":"https:\/\/escoladigital.madeira.gov.pt\/eb1peachada\/wp-json\/wp\/v2\/users\/35"}],"replies":[{"embeddable":true,"href":"https:\/\/escoladigital.madeira.gov.pt\/eb1peachada\/wp-json\/wp\/v2\/comments?post=29"}],"version-history":[{"count":14,"href":"https:\/\/escoladigital.madeira.gov.pt\/eb1peachada\/wp-json\/wp\/v2\/pages\/29\/revisions"}],"predecessor-version":[{"id":437,"href":"https:\/\/escoladigital.madeira.gov.pt\/eb1peachada\/wp-json\/wp\/v2\/pages\/29\/revisions\/437"}],"wp:attachment":[{"href":"https:\/\/escoladigital.madeira.gov.pt\/eb1peachada\/wp-json\/wp\/v2\/media?parent=29"}],"curies":[{"name":"wp","href":"https:\/\/api.w.org\/{rel}","templated":true}]}}