{"id":295,"date":"2024-12-11T16:11:29","date_gmt":"2024-12-11T16:11:29","guid":{"rendered":"https:\/\/escoladigital.madeira.gov.pt\/eb1peachada\/?page_id=295"},"modified":"2024-12-18T20:36:40","modified_gmt":"2024-12-18T20:36:40","slug":"eco-escolas","status":"publish","type":"page","link":"https:\/\/escoladigital.madeira.gov.pt\/eb1peachada\/eco-escolas\/","title":{"rendered":"Eco-escolas"},"content":{"rendered":"\n<p>Eco-Escolas \u00e9 um programa internacional da \u201cFoundation for Environmental Education\u201d, desenvolvido em Portugal desde 1996 pela ABAE (atualmente designada ABAAE \u2013 Associa\u00e7\u00e3o Bandeira Azul de Ambiente e Educa\u00e7\u00e3o). Pretende encorajar a\u00e7\u00f5es e reconhecer o trabalho de qualidade desenvolvido pela escola, no \u00e2mbito da Educa\u00e7\u00e3o Ambiental para a Sustentabilidade.<\/p>\n\n\n\n<figure class=\"wp-block-image size-full is-resized\" id=\"wp-block-themeisle-blocks-image-7548b103\"><a href=\"https:\/\/ecoescolas.abaae.pt\/\" target=\"_blank\" rel=\"noreferrer noopener\"><img fetchpriority=\"high\" decoding=\"async\" width=\"809\" height=\"796\" src=\"https:\/\/escoladigital.madeira.gov.pt\/eb1peachada\/wp-content\/uploads\/sites\/26\/2024\/12\/eco-escola_logo_high_res.png\" alt=\"\" class=\"wp-image-234\" style=\"width:255px;height:auto\" srcset=\"https:\/\/escoladigital.madeira.gov.pt\/eb1peachada\/wp-content\/uploads\/sites\/26\/2024\/12\/eco-escola_logo_high_res.png 809w, https:\/\/escoladigital.madeira.gov.pt\/eb1peachada\/wp-content\/uploads\/sites\/26\/2024\/12\/eco-escola_logo_high_res-300x295.png 300w, https:\/\/escoladigital.madeira.gov.pt\/eb1peachada\/wp-content\/uploads\/sites\/26\/2024\/12\/eco-escola_logo_high_res-768x756.png 768w\" sizes=\"(max-width: 809px) 100vw, 809px\" \/><\/a><\/figure>\n\n\n\n<p><\/p>\n","protected":false},"excerpt":{"rendered":"<p>Eco-Escolas \u00e9 um programa internacional da \u201cFoundation for Environmental Education\u201d, desenvolvido em Portugal desde 1996 pela ABAE (atualmente designada ABAAE [&hellip;]<\/p>\n","protected":false},"author":35,"featured_media":0,"parent":0,"menu_order":0,"comment_status":"closed","ping_status":"closed","template":"","meta":{"site-sidebar-layout":"default","site-content-layout":"","ast-site-content-layout":"default","site-content-style":"default","site-sidebar-style":"default","ast-global-header-display":"","ast-banner-title-visibility":"","ast-main-header-display":"","ast-hfb-above-header-display":"","ast-hfb-below-header-display":"","ast-hfb-mobile-header-display":"","site-post-title":"","ast-breadcrumbs-content":"","ast-featured-img":"","footer-sml-layout":"","ast-disable-related-posts":"","theme-transparent-header-meta":"","adv-header-id-meta":"","stick-header-meta":"","header-above-stick-meta":"","header-main-stick-meta":"","header-below-stick-meta":"","astra-migrate-meta-layouts":"default","ast-page-background-enabled":"default","ast-page-background-meta":{"desktop":{"background-color":"var(--ast-global-color-4)","background-image":"","background-repeat":"repeat","background-position":"center center","background-size":"auto","background-attachment":"scroll","background-type":"","background-media":"","overlay-type":"","overlay-color":"","overlay-opacity":"","overlay-gradient":""},"tablet":{"background-color":"","background-image":"","background-repeat":"repeat","background-position":"center center","background-size":"auto","background-attachment":"scroll","background-type":"","background-media":"","overlay-type":"","overlay-color":"","overlay-opacity":"","overlay-gradient":""},"mobile":{"background-color":"","background-image":"","background-repeat":"repeat","background-position":"center center","background-size":"auto","background-attachment":"scroll","background-type":"","background-media":"","overlay-type":"","overlay-color":"","overlay-opacity":"","overlay-gradient":""}},"ast-content-background-meta":{"desktop":{"background-color":"var(--ast-global-color-5)","background-image":"","background-repeat":"repeat","background-position":"center center","background-size":"auto","background-attachment":"scroll","background-type":"","background-media":"","overlay-type":"","overlay-color":"","overlay-opacity":"","overlay-gradient":""},"tablet":{"background-color":"var(--ast-global-color-5)","background-image":"","background-repeat":"repeat","background-position":"center center","background-size":"auto","background-attachment":"scroll","background-type":"","background-media":"","overlay-type":"","overlay-color":"","overlay-opacity":"","overlay-gradient":""},"mobile":{"background-color":"var(--ast-global-color-5)","background-image":"","background-repeat":"repeat","background-position":"center center","background-size":"auto","background-attachment":"scroll","background-type":"","background-media":"","overlay-type":"","overlay-color":"","overlay-opacity":"","overlay-gradient":""}},"_themeisle_gutenberg_block_has_review":false,"footnotes":""},"class_list":["post-295","page","type-page","status-publish","hentry"],"_links":{"self":[{"href":"https:\/\/escoladigital.madeira.gov.pt\/eb1peachada\/wp-json\/wp\/v2\/pages\/295","targetHints":{"allow":["GET"]}}],"collection":[{"href":"https:\/\/escoladigital.madeira.gov.pt\/eb1peachada\/wp-json\/wp\/v2\/pages"}],"about":[{"href":"https:\/\/escoladigital.madeira.gov.pt\/eb1peachada\/wp-json\/wp\/v2\/types\/page"}],"author":[{"embeddable":true,"href":"https:\/\/escoladigital.madeira.gov.pt\/eb1peachada\/wp-json\/wp\/v2\/users\/35"}],"replies":[{"embeddable":true,"href":"https:\/\/escoladigital.madeira.gov.pt\/eb1peachada\/wp-json\/wp\/v2\/comments?post=295"}],"version-history":[{"count":5,"href":"https:\/\/escoladigital.madeira.gov.pt\/eb1peachada\/wp-json\/wp\/v2\/pages\/295\/revisions"}],"predecessor-version":[{"id":354,"href":"https:\/\/escoladigital.madeira.gov.pt\/eb1peachada\/wp-json\/wp\/v2\/pages\/295\/revisions\/354"}],"wp:attachment":[{"href":"https:\/\/escoladigital.madeira.gov.pt\/eb1peachada\/wp-json\/wp\/v2\/media?parent=295"}],"curies":[{"name":"wp","href":"https:\/\/api.w.org\/{rel}","templated":true}]}}