{"id":297,"date":"2024-12-11T16:15:36","date_gmt":"2024-12-11T16:15:36","guid":{"rendered":"https:\/\/escoladigital.madeira.gov.pt\/eb1peachada\/?page_id=297"},"modified":"2024-12-18T20:35:44","modified_gmt":"2024-12-18T20:35:44","slug":"educacao-para-seguranca-e-prevencao-de-riscos","status":"publish","type":"page","link":"https:\/\/escoladigital.madeira.gov.pt\/eb1peachada\/educacao-para-seguranca-e-prevencao-de-riscos\/","title":{"rendered":"Educa\u00e7\u00e3o para a Seguran\u00e7a e Preven\u00e7\u00e3o de Riscos"},"content":{"rendered":"\n<p>O Projeto de Educa\u00e7\u00e3o para a Seguran\u00e7a e Preven\u00e7\u00e3o de Riscos (ESPR) permite dotar os alunos de conhecimentos sobre os diferentes riscos a que est\u00e3o expostos e incentivar a ado\u00e7\u00e3o consciente de atitudes e comportamentos de preven\u00e7\u00e3o e de autoprote\u00e7\u00e3o que minimizem a exposi\u00e7\u00e3o e vulnerabilidade a diversos tipos de acidentes e que consciencializem e treinem alguns procedimentos de preven\u00e7\u00e3o e emerg\u00eancia.<\/p>\n\n\n\n<p>As \u00e1reas tem\u00e1ticas nesta abordagem pluridimensional \u00e0 seguran\u00e7a incluem os riscos naturais, mistos e tecnol\u00f3gicos, a sa\u00fade, a seguran\u00e7a rodovi\u00e1ria, de consumo e alimentar, os planos familiares de emerg\u00eancia e o sistema de prote\u00e7\u00e3o civil, bem como a seguran\u00e7a contra inc\u00eandios em edif\u00edcios e o plano de preven\u00e7\u00e3o e emerg\u00eancia das escolas.<\/p>\n\n\n\n<p><\/p>\n\n\n\n<figure class=\"wp-block-image size-full\" id=\"wp-block-themeisle-blocks-image-c29841df\"><a href=\"https:\/\/educareprevenir.madeira.gov.pt\/\" target=\"_blank\" rel=\"noreferrer noopener\"><img fetchpriority=\"high\" decoding=\"async\" width=\"412\" height=\"165\" src=\"https:\/\/escoladigital.madeira.gov.pt\/eb1peachada\/wp-content\/uploads\/sites\/26\/2024\/12\/Captura-de-ecra-2024-12-11-162015.png\" alt=\"\" class=\"wp-image-302\" srcset=\"https:\/\/escoladigital.madeira.gov.pt\/eb1peachada\/wp-content\/uploads\/sites\/26\/2024\/12\/Captura-de-ecra-2024-12-11-162015.png 412w, https:\/\/escoladigital.madeira.gov.pt\/eb1peachada\/wp-content\/uploads\/sites\/26\/2024\/12\/Captura-de-ecra-2024-12-11-162015-300x120.png 300w\" sizes=\"(max-width: 412px) 100vw, 412px\" \/><\/a><\/figure>\n\n\n\n<p><\/p>\n","protected":false},"excerpt":{"rendered":"<p>O Projeto de Educa\u00e7\u00e3o para a Seguran\u00e7a e Preven\u00e7\u00e3o de Riscos (ESPR) permite dotar os alunos de conhecimentos sobre os [&hellip;]<\/p>\n","protected":false},"author":35,"featured_media":0,"parent":0,"menu_order":0,"comment_status":"closed","ping_status":"closed","template":"","meta":{"site-sidebar-layout":"default","site-content-layout":"","ast-site-content-layout":"default","site-content-style":"default","site-sidebar-style":"default","ast-global-header-display":"","ast-banner-title-visibility":"","ast-main-header-display":"","ast-hfb-above-header-display":"","ast-hfb-below-header-display":"","ast-hfb-mobile-header-display":"","site-post-title":"","ast-breadcrumbs-content":"","ast-featured-img":"","footer-sml-layout":"","ast-disable-related-posts":"","theme-transparent-header-meta":"","adv-header-id-meta":"","stick-header-meta":"","header-above-stick-meta":"","header-main-stick-meta":"","header-below-stick-meta":"","astra-migrate-meta-layouts":"default","ast-page-background-enabled":"default","ast-page-background-meta":{"desktop":{"background-color":"var(--ast-global-color-4)","background-image":"","background-repeat":"repeat","background-position":"center center","background-size":"auto","background-attachment":"scroll","background-type":"","background-media":"","overlay-type":"","overlay-color":"","overlay-opacity":"","overlay-gradient":""},"tablet":{"background-color":"","background-image":"","background-repeat":"repeat","background-position":"center center","background-size":"auto","background-attachment":"scroll","background-type":"","background-media":"","overlay-type":"","overlay-color":"","overlay-opacity":"","overlay-gradient":""},"mobile":{"background-color":"","background-image":"","background-repeat":"repeat","background-position":"center center","background-size":"auto","background-attachment":"scroll","background-type":"","background-media":"","overlay-type":"","overlay-color":"","overlay-opacity":"","overlay-gradient":""}},"ast-content-background-meta":{"desktop":{"background-color":"var(--ast-global-color-5)","background-image":"","background-repeat":"repeat","background-position":"center center","background-size":"auto","background-attachment":"scroll","background-type":"","background-media":"","overlay-type":"","overlay-color":"","overlay-opacity":"","overlay-gradient":""},"tablet":{"background-color":"var(--ast-global-color-5)","background-image":"","background-repeat":"repeat","background-position":"center center","background-size":"auto","background-attachment":"scroll","background-type":"","background-media":"","overlay-type":"","overlay-color":"","overlay-opacity":"","overlay-gradient":""},"mobile":{"background-color":"var(--ast-global-color-5)","background-image":"","background-repeat":"repeat","background-position":"center center","background-size":"auto","background-attachment":"scroll","background-type":"","background-media":"","overlay-type":"","overlay-color":"","overlay-opacity":"","overlay-gradient":""}},"_themeisle_gutenberg_block_has_review":false,"footnotes":""},"class_list":["post-297","page","type-page","status-publish","hentry"],"_links":{"self":[{"href":"https:\/\/escoladigital.madeira.gov.pt\/eb1peachada\/wp-json\/wp\/v2\/pages\/297","targetHints":{"allow":["GET"]}}],"collection":[{"href":"https:\/\/escoladigital.madeira.gov.pt\/eb1peachada\/wp-json\/wp\/v2\/pages"}],"about":[{"href":"https:\/\/escoladigital.madeira.gov.pt\/eb1peachada\/wp-json\/wp\/v2\/types\/page"}],"author":[{"embeddable":true,"href":"https:\/\/escoladigital.madeira.gov.pt\/eb1peachada\/wp-json\/wp\/v2\/users\/35"}],"replies":[{"embeddable":true,"href":"https:\/\/escoladigital.madeira.gov.pt\/eb1peachada\/wp-json\/wp\/v2\/comments?post=297"}],"version-history":[{"count":8,"href":"https:\/\/escoladigital.madeira.gov.pt\/eb1peachada\/wp-json\/wp\/v2\/pages\/297\/revisions"}],"predecessor-version":[{"id":353,"href":"https:\/\/escoladigital.madeira.gov.pt\/eb1peachada\/wp-json\/wp\/v2\/pages\/297\/revisions\/353"}],"wp:attachment":[{"href":"https:\/\/escoladigital.madeira.gov.pt\/eb1peachada\/wp-json\/wp\/v2\/media?parent=297"}],"curies":[{"name":"wp","href":"https:\/\/api.w.org\/{rel}","templated":true}]}}