{"id":91,"date":"2024-11-27T16:15:07","date_gmt":"2024-11-27T16:15:07","guid":{"rendered":"https:\/\/escoladigital.madeira.gov.pt\/eb1peachada\/?page_id=91"},"modified":"2025-07-22T11:44:11","modified_gmt":"2025-07-22T11:44:11","slug":"jornal-digital","status":"publish","type":"page","link":"https:\/\/escoladigital.madeira.gov.pt\/eb1peachada\/jornal-digital\/","title":{"rendered":"Jornal digital"},"content":{"rendered":"\n<div class=\"wp-block-columns is-layout-flex wp-container-core-columns-is-layout-28f84493 wp-block-columns-is-layout-flex\">\n<div class=\"wp-block-column is-layout-flow wp-block-column-is-layout-flow\">\n<figure class=\"wp-block-image size-full is-resized\" id=\"wp-block-themeisle-blocks-image-ba953181\"><a href=\"https:\/\/online.fliphtml5.com\/wvbyc\/wgcz\/\" target=\"_blank\" rel=\"noreferrer noopener\"><img fetchpriority=\"high\" decoding=\"async\" width=\"628\" height=\"883\" src=\"https:\/\/escoladigital.madeira.gov.pt\/eb1peachada\/wp-content\/uploads\/sites\/26\/2024\/04\/1.png\" alt=\"\" class=\"wp-image-107\" style=\"width:350px;height:auto\" srcset=\"https:\/\/escoladigital.madeira.gov.pt\/eb1peachada\/wp-content\/uploads\/sites\/26\/2024\/04\/1.png 628w, https:\/\/escoladigital.madeira.gov.pt\/eb1peachada\/wp-content\/uploads\/sites\/26\/2024\/04\/1-213x300.png 213w\" sizes=\"(max-width: 628px) 100vw, 628px\" \/><\/a><figcaption class=\"wp-element-caption\">1\u00aa edi\u00e7\u00e3o &#8211; mar\u00e7o 2021<\/figcaption><\/figure>\n<\/div>\n\n\n\n<div class=\"wp-block-column is-layout-flow wp-block-column-is-layout-flow\">\n<figure class=\"wp-block-image size-full\" id=\"wp-block-themeisle-blocks-image-015162fd\"><a href=\"https:\/\/online.fliphtml5.com\/wvbyc\/rqbn\/\" target=\"_blank\" rel=\"noreferrer noopener\"><img decoding=\"async\" width=\"625\" height=\"883\" src=\"https:\/\/escoladigital.madeira.gov.pt\/eb1peachada\/wp-content\/uploads\/sites\/26\/2024\/04\/2.png\" alt=\"\" class=\"wp-image-108\" srcset=\"https:\/\/escoladigital.madeira.gov.pt\/eb1peachada\/wp-content\/uploads\/sites\/26\/2024\/04\/2.png 625w, https:\/\/escoladigital.madeira.gov.pt\/eb1peachada\/wp-content\/uploads\/sites\/26\/2024\/04\/2-212x300.png 212w\" sizes=\"(max-width: 625px) 100vw, 625px\" \/><\/a><figcaption class=\"wp-element-caption\">2\u00aa edi\u00e7\u00e3o &#8211; junho 2021<\/figcaption><\/figure>\n<\/div>\n\n\n\n<div class=\"wp-block-column is-layout-flow wp-block-column-is-layout-flow\">\n<figure class=\"wp-block-image size-full\" id=\"wp-block-themeisle-blocks-image-74dbd03d\"><a href=\"https:\/\/online.fliphtml5.com\/wvbyc\/ioin\/\" target=\"_blank\" rel=\"noreferrer noopener\"><img decoding=\"async\" width=\"625\" height=\"883\" src=\"https:\/\/escoladigital.madeira.gov.pt\/eb1peachada\/wp-content\/uploads\/sites\/26\/2024\/04\/3.png\" alt=\"\" class=\"wp-image-109\" srcset=\"https:\/\/escoladigital.madeira.gov.pt\/eb1peachada\/wp-content\/uploads\/sites\/26\/2024\/04\/3.png 625w, https:\/\/escoladigital.madeira.gov.pt\/eb1peachada\/wp-content\/uploads\/sites\/26\/2024\/04\/3-212x300.png 212w\" sizes=\"(max-width: 625px) 100vw, 625px\" \/><\/a><figcaption class=\"wp-element-caption\">3\u00aa edi\u00e7\u00e3o &#8211; dezembro 2021<\/figcaption><\/figure>\n<\/div>\n<\/div>\n\n\n\n<div class=\"wp-block-columns is-layout-flex wp-container-core-columns-is-layout-28f84493 wp-block-columns-is-layout-flex\">\n<div class=\"wp-block-column is-layout-flow wp-block-column-is-layout-flow\">\n<figure class=\"wp-block-image size-full\" id=\"wp-block-themeisle-blocks-image-ba3fdb00\"><a href=\"https:\/\/online.fliphtml5.com\/wvbyc\/zhrk\/\" target=\"_blank\" rel=\"noreferrer noopener\"><img loading=\"lazy\" decoding=\"async\" width=\"625\" height=\"883\" src=\"https:\/\/escoladigital.madeira.gov.pt\/eb1peachada\/wp-content\/uploads\/sites\/26\/2024\/04\/4.png\" alt=\"\" class=\"wp-image-110\" srcset=\"https:\/\/escoladigital.madeira.gov.pt\/eb1peachada\/wp-content\/uploads\/sites\/26\/2024\/04\/4.png 625w, https:\/\/escoladigital.madeira.gov.pt\/eb1peachada\/wp-content\/uploads\/sites\/26\/2024\/04\/4-212x300.png 212w\" sizes=\"(max-width: 625px) 100vw, 625px\" \/><\/a><figcaption class=\"wp-element-caption\">4\u00aa edi\u00e7\u00e3o &#8211; abril 2022<\/figcaption><\/figure>\n<\/div>\n\n\n\n<div class=\"wp-block-column is-layout-flow wp-block-column-is-layout-flow\">\n<figure class=\"wp-block-image size-full\" id=\"wp-block-themeisle-blocks-image-12f3ac3b\"><a href=\"https:\/\/online.fliphtml5.com\/wvbyc\/rhzl\/\" target=\"_blank\" rel=\"noreferrer noopener\"><img loading=\"lazy\" decoding=\"async\" width=\"622\" height=\"883\" src=\"https:\/\/escoladigital.madeira.gov.pt\/eb1peachada\/wp-content\/uploads\/sites\/26\/2024\/04\/5.png\" alt=\"\" class=\"wp-image-113\" srcset=\"https:\/\/escoladigital.madeira.gov.pt\/eb1peachada\/wp-content\/uploads\/sites\/26\/2024\/04\/5.png 622w, https:\/\/escoladigital.madeira.gov.pt\/eb1peachada\/wp-content\/uploads\/sites\/26\/2024\/04\/5-211x300.png 211w\" sizes=\"(max-width: 622px) 100vw, 622px\" \/><\/a><figcaption class=\"wp-element-caption\">5\u00aa edi\u00e7\u00e3o &#8211; junho 2022<\/figcaption><\/figure>\n<\/div>\n\n\n\n<div class=\"wp-block-column is-layout-flow wp-block-column-is-layout-flow\">\n<figure class=\"wp-block-image size-full\" id=\"wp-block-themeisle-blocks-image-7794f833\"><a href=\"https:\/\/online.fliphtml5.com\/wvbyc\/rvvm\/\" target=\"_blank\" rel=\"noreferrer noopener\"><img loading=\"lazy\" decoding=\"async\" width=\"622\" height=\"883\" src=\"https:\/\/escoladigital.madeira.gov.pt\/eb1peachada\/wp-content\/uploads\/sites\/26\/2024\/04\/6.png\" alt=\"\" class=\"wp-image-122\" srcset=\"https:\/\/escoladigital.madeira.gov.pt\/eb1peachada\/wp-content\/uploads\/sites\/26\/2024\/04\/6.png 622w, https:\/\/escoladigital.madeira.gov.pt\/eb1peachada\/wp-content\/uploads\/sites\/26\/2024\/04\/6-211x300.png 211w\" sizes=\"(max-width: 622px) 100vw, 622px\" \/><\/a><figcaption class=\"wp-element-caption\">6\u00aa edi\u00e7\u00e3o &#8211; janeiro 2023<\/figcaption><\/figure>\n<\/div>\n<\/div>\n\n\n\n<div class=\"wp-block-columns is-layout-flex wp-container-core-columns-is-layout-28f84493 wp-block-columns-is-layout-flex\">\n<div class=\"wp-block-column is-layout-flow wp-block-column-is-layout-flow\">\n<figure class=\"wp-block-image size-full\" id=\"wp-block-themeisle-blocks-image-5daa864e\"><a href=\"https:\/\/online.fliphtml5.com\/wvbyc\/vesu\/\" target=\"_blank\" rel=\"noreferrer noopener\"><img loading=\"lazy\" decoding=\"async\" width=\"625\" height=\"883\" src=\"https:\/\/escoladigital.madeira.gov.pt\/eb1peachada\/wp-content\/uploads\/sites\/26\/2024\/04\/7.png\" alt=\"\" class=\"wp-image-123\" srcset=\"https:\/\/escoladigital.madeira.gov.pt\/eb1peachada\/wp-content\/uploads\/sites\/26\/2024\/04\/7.png 625w, https:\/\/escoladigital.madeira.gov.pt\/eb1peachada\/wp-content\/uploads\/sites\/26\/2024\/04\/7-212x300.png 212w\" sizes=\"(max-width: 625px) 100vw, 625px\" \/><\/a><figcaption class=\"wp-element-caption\">7\u00aa edi\u00e7\u00e3o &#8211; junho de 2023<\/figcaption><\/figure>\n<\/div>\n\n\n\n<div class=\"wp-block-column is-layout-flow wp-block-column-is-layout-flow\">\n<figure class=\"wp-block-image size-full\" id=\"wp-block-themeisle-blocks-image-0944bf73\"><a href=\"https:\/\/online.fliphtml5.com\/wvbyc\/jpro\/\" target=\"_blank\" rel=\"noreferrer noopener\"><img loading=\"lazy\" decoding=\"async\" width=\"612\" height=\"877\" src=\"https:\/\/escoladigital.madeira.gov.pt\/eb1peachada\/wp-content\/uploads\/sites\/26\/2024\/04\/8.png\" alt=\"\" class=\"wp-image-127\" srcset=\"https:\/\/escoladigital.madeira.gov.pt\/eb1peachada\/wp-content\/uploads\/sites\/26\/2024\/04\/8.png 612w, https:\/\/escoladigital.madeira.gov.pt\/eb1peachada\/wp-content\/uploads\/sites\/26\/2024\/04\/8-209x300.png 209w\" sizes=\"(max-width: 612px) 100vw, 612px\" \/><\/a><figcaption class=\"wp-element-caption\">8\u00aa edi\u00e7\u00e3o &#8211; janeiro 2024<\/figcaption><\/figure>\n<\/div>\n\n\n\n<div class=\"wp-block-column is-layout-flow wp-block-column-is-layout-flow\">\n<figure class=\"wp-block-image size-full\" id=\"wp-block-themeisle-blocks-image-6223d38c\"><a href=\"https:\/\/online.fliphtml5.com\/wvbyc\/bech\/\" target=\"_blank\" rel=\"noreferrer noopener\"><img loading=\"lazy\" decoding=\"async\" width=\"619\" height=\"880\" src=\"https:\/\/escoladigital.madeira.gov.pt\/eb1peachada\/wp-content\/uploads\/sites\/26\/2024\/11\/9.png\" alt=\"\" class=\"wp-image-188\" srcset=\"https:\/\/escoladigital.madeira.gov.pt\/eb1peachada\/wp-content\/uploads\/sites\/26\/2024\/11\/9.png 619w, https:\/\/escoladigital.madeira.gov.pt\/eb1peachada\/wp-content\/uploads\/sites\/26\/2024\/11\/9-211x300.png 211w\" sizes=\"(max-width: 619px) 100vw, 619px\" \/><\/a><figcaption class=\"wp-element-caption\">9\u00aa edi\u00e7\u00e3o &#8211; junho 2024<\/figcaption><\/figure>\n<\/div>\n<\/div>\n\n\n\n<div class=\"wp-block-columns is-layout-flex wp-container-core-columns-is-layout-28f84493 wp-block-columns-is-layout-flex\">\n<div class=\"wp-block-column is-layout-flow wp-block-column-is-layout-flow\">\n<figure class=\"wp-block-image size-full\" id=\"wp-block-themeisle-blocks-image-e20aa6e7\"><a href=\"https:\/\/online.fliphtml5.com\/wvbyc\/nrbw\/\" target=\"_blank\" rel=\" noreferrer noopener\"><img loading=\"lazy\" decoding=\"async\" width=\"618\" height=\"879\" src=\"https:\/\/escoladigital.madeira.gov.pt\/eb1peachada\/wp-content\/uploads\/sites\/26\/2025\/07\/10.jpg\" alt=\"\" class=\"wp-image-601\" srcset=\"https:\/\/escoladigital.madeira.gov.pt\/eb1peachada\/wp-content\/uploads\/sites\/26\/2025\/07\/10.jpg 618w, https:\/\/escoladigital.madeira.gov.pt\/eb1peachada\/wp-content\/uploads\/sites\/26\/2025\/07\/10-211x300.jpg 211w\" sizes=\"(max-width: 618px) 100vw, 618px\" \/><\/a><\/figure>\n\n\n\n<p>10\u00aa edi\u00e7\u00e3o &#8211; junho 2025<\/p>\n<\/div>\n\n\n\n<div class=\"wp-block-column is-layout-flow wp-block-column-is-layout-flow\"><\/div>\n\n\n\n<div class=\"wp-block-column is-layout-flow wp-block-column-is-layout-flow\"><\/div>\n<\/div>\n","protected":false},"excerpt":{"rendered":"<p>10\u00aa edi\u00e7\u00e3o &#8211; junho 2025<\/p>\n","protected":false},"author":35,"featured_media":0,"parent":0,"menu_order":0,"comment_status":"closed","ping_status":"closed","template":"","meta":{"site-sidebar-layout":"default","site-content-layout":"","ast-site-content-layout":"default","site-content-style":"default","site-sidebar-style":"default","ast-global-header-display":"","ast-banner-title-visibility":"","ast-main-header-display":"","ast-hfb-above-header-display":"","ast-hfb-below-header-display":"","ast-hfb-mobile-header-display":"","site-post-title":"disabled","ast-breadcrumbs-content":"","ast-featured-img":"","footer-sml-layout":"","ast-disable-related-posts":"","theme-transparent-header-meta":"","adv-header-id-meta":"","stick-header-meta":"","header-above-stick-meta":"","header-main-stick-meta":"","header-below-stick-meta":"","astra-migrate-meta-layouts":"default","ast-page-background-enabled":"default","ast-page-background-meta":{"desktop":{"background-color":"var(--ast-global-color-4)","background-image":"","background-repeat":"repeat","background-position":"center center","background-size":"auto","background-attachment":"scroll","background-type":"","background-media":"","overlay-type":"","overlay-color":"","overlay-opacity":"","overlay-gradient":""},"tablet":{"background-color":"","background-image":"","background-repeat":"repeat","background-position":"center center","background-size":"auto","background-attachment":"scroll","background-type":"","background-media":"","overlay-type":"","overlay-color":"","overlay-opacity":"","overlay-gradient":""},"mobile":{"background-color":"","background-image":"","background-repeat":"repeat","background-position":"center center","background-size":"auto","background-attachment":"scroll","background-type":"","background-media":"","overlay-type":"","overlay-color":"","overlay-opacity":"","overlay-gradient":""}},"ast-content-background-meta":{"desktop":{"background-color":"var(--ast-global-color-5)","background-image":"","background-repeat":"repeat","background-position":"center center","background-size":"auto","background-attachment":"scroll","background-type":"","background-media":"","overlay-type":"","overlay-color":"","overlay-opacity":"","overlay-gradient":""},"tablet":{"background-color":"var(--ast-global-color-5)","background-image":"","background-repeat":"repeat","background-position":"center center","background-size":"auto","background-attachment":"scroll","background-type":"","background-media":"","overlay-type":"","overlay-color":"","overlay-opacity":"","overlay-gradient":""},"mobile":{"background-color":"var(--ast-global-color-5)","background-image":"","background-repeat":"repeat","background-position":"center center","background-size":"auto","background-attachment":"scroll","background-type":"","background-media":"","overlay-type":"","overlay-color":"","overlay-opacity":"","overlay-gradient":""}},"_themeisle_gutenberg_block_has_review":false,"footnotes":""},"class_list":["post-91","page","type-page","status-publish","hentry"],"_links":{"self":[{"href":"https:\/\/escoladigital.madeira.gov.pt\/eb1peachada\/wp-json\/wp\/v2\/pages\/91","targetHints":{"allow":["GET"]}}],"collection":[{"href":"https:\/\/escoladigital.madeira.gov.pt\/eb1peachada\/wp-json\/wp\/v2\/pages"}],"about":[{"href":"https:\/\/escoladigital.madeira.gov.pt\/eb1peachada\/wp-json\/wp\/v2\/types\/page"}],"author":[{"embeddable":true,"href":"https:\/\/escoladigital.madeira.gov.pt\/eb1peachada\/wp-json\/wp\/v2\/users\/35"}],"replies":[{"embeddable":true,"href":"https:\/\/escoladigital.madeira.gov.pt\/eb1peachada\/wp-json\/wp\/v2\/comments?post=91"}],"version-history":[{"count":8,"href":"https:\/\/escoladigital.madeira.gov.pt\/eb1peachada\/wp-json\/wp\/v2\/pages\/91\/revisions"}],"predecessor-version":[{"id":605,"href":"https:\/\/escoladigital.madeira.gov.pt\/eb1peachada\/wp-json\/wp\/v2\/pages\/91\/revisions\/605"}],"wp:attachment":[{"href":"https:\/\/escoladigital.madeira.gov.pt\/eb1peachada\/wp-json\/wp\/v2\/media?parent=91"}],"curies":[{"name":"wp","href":"https:\/\/api.w.org\/{rel}","templated":true}]}}