{"id":102,"date":"2025-02-05T14:35:49","date_gmt":"2025-02-05T14:35:49","guid":{"rendered":"https:\/\/escoladigital.madeira.gov.pt\/eb1peajuda\/?page_id=102"},"modified":"2025-02-05T16:03:52","modified_gmt":"2025-02-05T16:03:52","slug":"projetos","status":"publish","type":"page","link":"https:\/\/escoladigital.madeira.gov.pt\/eb1peajuda\/projetos\/","title":{"rendered":"Projetos"},"content":{"rendered":"<div class=\"is-style-boxed wp-block-themeisle-blocks-posts-grid\" id=\"wp-block-themeisle-blocks-posts-grid-44f1d42b\"><div class=\"is-grid o-posts-grid-columns-3\"><div class=\"o-posts-grid-post-blog o-posts-grid-post-plain\"><div class=\"o-posts-grid-post\"><div class=\"o-posts-grid-post-image\"><a href=\"https:\/\/escoladigital.madeira.gov.pt\/eb1peajuda\/2026\/03\/11\/codeweek-2025\/\"><img fetchpriority=\"high\" decoding=\"async\" width=\"1095\" height=\"743\" src=\"https:\/\/escoladigital.madeira.gov.pt\/eb1peajuda\/wp-content\/uploads\/sites\/64\/2026\/03\/Certificado-2025.png\" class=\"attachment-full size-full\" alt=\"CodeWeek 2025\" srcset=\"https:\/\/escoladigital.madeira.gov.pt\/eb1peajuda\/wp-content\/uploads\/sites\/64\/2026\/03\/Certificado-2025.png 1095w, https:\/\/escoladigital.madeira.gov.pt\/eb1peajuda\/wp-content\/uploads\/sites\/64\/2026\/03\/Certificado-2025-300x204.png 300w, https:\/\/escoladigital.madeira.gov.pt\/eb1peajuda\/wp-content\/uploads\/sites\/64\/2026\/03\/Certificado-2025-1024x695.png 1024w, https:\/\/escoladigital.madeira.gov.pt\/eb1peajuda\/wp-content\/uploads\/sites\/64\/2026\/03\/Certificado-2025-768x521.png 768w\" sizes=\"(max-width: 1095px) 100vw, 1095px\" \/><\/a><\/div><div class=\"o-posts-grid-post-body\"><span class=\"o-posts-grid-post-category\"><a href=\"https:\/\/escoladigital.madeira.gov.pt\/eb1peajuda\/category\/escola\/\">Escola Ajuda<\/a><\/span><h4 class=\"o-posts-grid-post-title\"><a href=\"https:\/\/escoladigital.madeira.gov.pt\/eb1peajuda\/2026\/03\/11\/codeweek-2025\/\">CodeWeek 2025<\/a><\/h4><p class=\"o-posts-grid-post-meta\">  <time datetime=\"2026-03-11T12:08:52+00:00\">11 de Mar\u00e7o, 2026<\/time> by <a href=\"https:\/\/escoladigital.madeira.gov.pt\/eb1peajuda\/author\/eb1peajuda\/\">eb1peajuda<\/a><\/p><div class=\"o-posts-grid-post-description\"><p>Foi com satisfa\u00e7\u00e3o que a nossa escola recebeu o Certificado EU CodeWeek 2025, pelo papel ativo no de\u2026<\/p><\/div><\/div><\/div><\/div><div class=\"o-posts-grid-post-blog o-posts-grid-post-plain\"><div class=\"o-posts-grid-post\"><div class=\"o-posts-grid-post-image\"><a href=\"https:\/\/escoladigital.madeira.gov.pt\/eb1peajuda\/2025\/12\/12\/bebras-castor-informatico-2025\/\"><img decoding=\"async\" width=\"711\" height=\"400\" src=\"https:\/\/escoladigital.madeira.gov.pt\/eb1peajuda\/wp-content\/uploads\/sites\/64\/2025\/12\/bebras-0-711x400-1.webp\" class=\"attachment-full size-full\" alt=\"Bebras &#8211; Castor Inform\u00e1tico 2025\" srcset=\"https:\/\/escoladigital.madeira.gov.pt\/eb1peajuda\/wp-content\/uploads\/sites\/64\/2025\/12\/bebras-0-711x400-1.webp 711w, https:\/\/escoladigital.madeira.gov.pt\/eb1peajuda\/wp-content\/uploads\/sites\/64\/2025\/12\/bebras-0-711x400-1-300x169.webp 300w\" sizes=\"(max-width: 711px) 100vw, 711px\" \/><\/a><\/div><div class=\"o-posts-grid-post-body\"><span class=\"o-posts-grid-post-category\"><a href=\"https:\/\/escoladigital.madeira.gov.pt\/eb1peajuda\/category\/escola\/\">Escola Ajuda<\/a><\/span><h4 class=\"o-posts-grid-post-title\"><a href=\"https:\/\/escoladigital.madeira.gov.pt\/eb1peajuda\/2025\/12\/12\/bebras-castor-informatico-2025\/\">Bebras &#8211; Castor Inform\u00e1tico 2025<\/a><\/h4><p class=\"o-posts-grid-post-meta\">  <time datetime=\"2025-12-12T14:45:14+00:00\">12 de Dezembro, 2025<\/time> by <a href=\"https:\/\/escoladigital.madeira.gov.pt\/eb1peajuda\/author\/eb1peajuda\/\">eb1peajuda<\/a><\/p><div class=\"o-posts-grid-post-description\"><p>No \u00e2mbito do projeto Bebras &#8211; Castor Inform\u00e1tico (programa de incentivo ao Pensamento Computac\u2026<\/p><\/div><\/div><\/div><\/div><div class=\"o-posts-grid-post-blog o-posts-grid-post-plain\"><div class=\"o-posts-grid-post\"><div class=\"o-posts-grid-post-image\"><a href=\"https:\/\/escoladigital.madeira.gov.pt\/eb1peajuda\/2025\/12\/04\/programa-educamedia-podcast\/\"><img decoding=\"async\" width=\"1536\" height=\"2048\" src=\"https:\/\/escoladigital.madeira.gov.pt\/eb1peajuda\/wp-content\/uploads\/sites\/64\/2025\/12\/7d668259-fbde-41eb-85a7-d615c416fe14.jpg\" class=\"attachment-full size-full\" alt=\"Programa Educamedia &#8211; Podcast\" srcset=\"https:\/\/escoladigital.madeira.gov.pt\/eb1peajuda\/wp-content\/uploads\/sites\/64\/2025\/12\/7d668259-fbde-41eb-85a7-d615c416fe14.jpg 1536w, https:\/\/escoladigital.madeira.gov.pt\/eb1peajuda\/wp-content\/uploads\/sites\/64\/2025\/12\/7d668259-fbde-41eb-85a7-d615c416fe14-225x300.jpg 225w, https:\/\/escoladigital.madeira.gov.pt\/eb1peajuda\/wp-content\/uploads\/sites\/64\/2025\/12\/7d668259-fbde-41eb-85a7-d615c416fe14-768x1024.jpg 768w, https:\/\/escoladigital.madeira.gov.pt\/eb1peajuda\/wp-content\/uploads\/sites\/64\/2025\/12\/7d668259-fbde-41eb-85a7-d615c416fe14-1152x1536.jpg 1152w\" sizes=\"(max-width: 1536px) 100vw, 1536px\" \/><\/a><\/div><div class=\"o-posts-grid-post-body\"><span class=\"o-posts-grid-post-category\"><a href=\"https:\/\/escoladigital.madeira.gov.pt\/eb1peajuda\/category\/escola\/\">Escola Ajuda<\/a><\/span><h4 class=\"o-posts-grid-post-title\"><a href=\"https:\/\/escoladigital.madeira.gov.pt\/eb1peajuda\/2025\/12\/04\/programa-educamedia-podcast\/\">Programa Educamedia &#8211; Podcast<\/a><\/h4><p class=\"o-posts-grid-post-meta\">  <time datetime=\"2025-12-04T15:09:28+00:00\">4 de Dezembro, 2025<\/time> by <a href=\"https:\/\/escoladigital.madeira.gov.pt\/eb1peajuda\/author\/eb1peajuda\/\">eb1peajuda<\/a><\/p><div class=\"o-posts-grid-post-description\"><p>No dia 26 de novembro, os alunos das turmas 3.\u00ba A e 3.\u00ba B participaram numa atividade orientada pelo\u2026<\/p><\/div><\/div><\/div><\/div><div class=\"o-posts-grid-post-blog o-posts-grid-post-plain\"><div class=\"o-posts-grid-post\"><div class=\"o-posts-grid-post-image\"><a href=\"https:\/\/escoladigital.madeira.gov.pt\/eb1peajuda\/2025\/10\/21\/workshops-escolas\/\"><img loading=\"lazy\" decoding=\"async\" width=\"2048\" height=\"1536\" src=\"https:\/\/escoladigital.madeira.gov.pt\/eb1peajuda\/wp-content\/uploads\/sites\/64\/2025\/10\/d692eba2-aeaa-4f56-9f3c-dd87a6aae612.jpeg\" class=\"attachment-full size-full\" alt=\"Workshops Escolas\" srcset=\"https:\/\/escoladigital.madeira.gov.pt\/eb1peajuda\/wp-content\/uploads\/sites\/64\/2025\/10\/d692eba2-aeaa-4f56-9f3c-dd87a6aae612.jpeg 2048w, https:\/\/escoladigital.madeira.gov.pt\/eb1peajuda\/wp-content\/uploads\/sites\/64\/2025\/10\/d692eba2-aeaa-4f56-9f3c-dd87a6aae612-300x225.jpeg 300w, https:\/\/escoladigital.madeira.gov.pt\/eb1peajuda\/wp-content\/uploads\/sites\/64\/2025\/10\/d692eba2-aeaa-4f56-9f3c-dd87a6aae612-1024x768.jpeg 1024w, https:\/\/escoladigital.madeira.gov.pt\/eb1peajuda\/wp-content\/uploads\/sites\/64\/2025\/10\/d692eba2-aeaa-4f56-9f3c-dd87a6aae612-768x576.jpeg 768w, https:\/\/escoladigital.madeira.gov.pt\/eb1peajuda\/wp-content\/uploads\/sites\/64\/2025\/10\/d692eba2-aeaa-4f56-9f3c-dd87a6aae612-1536x1152.jpeg 1536w\" sizes=\"(max-width: 2048px) 100vw, 2048px\" \/><\/a><\/div><div class=\"o-posts-grid-post-body\"><span class=\"o-posts-grid-post-category\"><a href=\"https:\/\/escoladigital.madeira.gov.pt\/eb1peajuda\/category\/escola\/\">Escola Ajuda<\/a><\/span><h4 class=\"o-posts-grid-post-title\"><a href=\"https:\/\/escoladigital.madeira.gov.pt\/eb1peajuda\/2025\/10\/21\/workshops-escolas\/\">Workshops Escolas<\/a><\/h4><p class=\"o-posts-grid-post-meta\">  <time datetime=\"2025-10-21T12:57:37+00:00\">21 de Outubro, 2025<\/time> by <a href=\"https:\/\/escoladigital.madeira.gov.pt\/eb1peajuda\/author\/eb1peajuda\/\">eb1peajuda<\/a><\/p><div class=\"o-posts-grid-post-description\"><p>Decorreram no dia 17 de outubro, dois Workshop\u2019s para as turmas do Pr\u00e9 \u2013 Escolar e 4\u00ba ano, intitulad\u2026<\/p><\/div><\/div><\/div><\/div><div class=\"o-posts-grid-post-blog o-posts-grid-post-plain\"><div class=\"o-posts-grid-post\"><div class=\"o-posts-grid-post-image\"><a href=\"https:\/\/escoladigital.madeira.gov.pt\/eb1peajuda\/2025\/09\/23\/no-1-o-dia-de-aulas-recebemos-os-nossos-alunos-com-muita-alegria\/\"><img loading=\"lazy\" decoding=\"async\" width=\"1600\" height=\"1200\" src=\"https:\/\/escoladigital.madeira.gov.pt\/eb1peajuda\/wp-content\/uploads\/sites\/64\/2025\/09\/22f1345d-73e3-4ca3-a80e-e32a360e9bc1.jpeg\" class=\"attachment-full size-full\" alt=\"No 1.\u00ba Dia de Aulas recebemos os nossos alunos com muita alegria!\" srcset=\"https:\/\/escoladigital.madeira.gov.pt\/eb1peajuda\/wp-content\/uploads\/sites\/64\/2025\/09\/22f1345d-73e3-4ca3-a80e-e32a360e9bc1.jpeg 1600w, https:\/\/escoladigital.madeira.gov.pt\/eb1peajuda\/wp-content\/uploads\/sites\/64\/2025\/09\/22f1345d-73e3-4ca3-a80e-e32a360e9bc1-300x225.jpeg 300w, https:\/\/escoladigital.madeira.gov.pt\/eb1peajuda\/wp-content\/uploads\/sites\/64\/2025\/09\/22f1345d-73e3-4ca3-a80e-e32a360e9bc1-1024x768.jpeg 1024w, https:\/\/escoladigital.madeira.gov.pt\/eb1peajuda\/wp-content\/uploads\/sites\/64\/2025\/09\/22f1345d-73e3-4ca3-a80e-e32a360e9bc1-768x576.jpeg 768w, https:\/\/escoladigital.madeira.gov.pt\/eb1peajuda\/wp-content\/uploads\/sites\/64\/2025\/09\/22f1345d-73e3-4ca3-a80e-e32a360e9bc1-1536x1152.jpeg 1536w\" sizes=\"(max-width: 1600px) 100vw, 1600px\" \/><\/a><\/div><div class=\"o-posts-grid-post-body\"><span class=\"o-posts-grid-post-category\"><a href=\"https:\/\/escoladigital.madeira.gov.pt\/eb1peajuda\/category\/escola\/\">Escola Ajuda<\/a><\/span><h4 class=\"o-posts-grid-post-title\"><a href=\"https:\/\/escoladigital.madeira.gov.pt\/eb1peajuda\/2025\/09\/23\/no-1-o-dia-de-aulas-recebemos-os-nossos-alunos-com-muita-alegria\/\">No 1.\u00ba Dia de Aulas recebemos os nossos alunos com muita alegria!<\/a><\/h4><p class=\"o-posts-grid-post-meta\">  <time datetime=\"2025-09-23T16:23:09+00:00\">23 de Setembro, 2025<\/time> by <a href=\"https:\/\/escoladigital.madeira.gov.pt\/eb1peajuda\/author\/eb1peajuda\/\">eb1peajuda<\/a><\/p><div class=\"o-posts-grid-post-description\"><p>O dia ficou marcado por um circuito l\u00fadico por esta\u00e7\u00f5es, onde cada turma participou em jogos e desaf\u2026<\/p><\/div><\/div><\/div><\/div><div class=\"o-posts-grid-post-blog o-posts-grid-post-plain\"><div class=\"o-posts-grid-post\"><div class=\"o-posts-grid-post-image\"><a href=\"https:\/\/escoladigital.madeira.gov.pt\/eb1peajuda\/2025\/09\/02\/informacoes-ano-letivo-2025-2026\/\"><img loading=\"lazy\" decoding=\"async\" width=\"225\" height=\"219\" src=\"https:\/\/escoladigital.madeira.gov.pt\/eb1peajuda\/wp-content\/uploads\/sites\/64\/2025\/01\/cropped-Logo_Escola-removebg-preview-1-99x96.png\" class=\"attachment-full size-full\" alt=\"Informa\u00e7\u00f5es Ano Letivo 2025-2026\" srcset=\"https:\/\/escoladigital.madeira.gov.pt\/eb1peajuda\/wp-content\/uploads\/sites\/64\/2025\/01\/cropped-Logo_Escola-removebg-preview-1.png 225w, https:\/\/escoladigital.madeira.gov.pt\/eb1peajuda\/wp-content\/uploads\/sites\/64\/2025\/01\/cropped-Logo_Escola-removebg-preview-1-99x96.png 99w\" sizes=\"(max-width: 225px) 100vw, 225px\" \/><\/a><\/div><div class=\"o-posts-grid-post-body\"><span class=\"o-posts-grid-post-category\"><a href=\"https:\/\/escoladigital.madeira.gov.pt\/eb1peajuda\/category\/escola\/\">Escola Ajuda<\/a><\/span><h4 class=\"o-posts-grid-post-title\"><a href=\"https:\/\/escoladigital.madeira.gov.pt\/eb1peajuda\/2025\/09\/02\/informacoes-ano-letivo-2025-2026\/\">Informa\u00e7\u00f5es Ano Letivo 2025-2026<\/a><\/h4><p class=\"o-posts-grid-post-meta\">  <time datetime=\"2025-09-02T17:30:34+00:00\">2 de Setembro, 2025<\/time> by <a href=\"https:\/\/escoladigital.madeira.gov.pt\/eb1peajuda\/author\/eb1peajuda\/\">eb1peajuda<\/a><\/p><div class=\"o-posts-grid-post-description\"><p><\/p><\/div><\/div><\/div><\/div><\/div> <\/div>","protected":false},"excerpt":{"rendered":"","protected":false},"author":83,"featured_media":0,"parent":0,"menu_order":0,"comment_status":"closed","ping_status":"closed","template":"","meta":{"site-sidebar-layout":"default","site-content-layout":"","ast-site-content-layout":"default","site-content-style":"default","site-sidebar-style":"default","ast-global-header-display":"","ast-banner-title-visibility":"","ast-main-header-display":"","ast-hfb-above-header-display":"","ast-hfb-below-header-display":"","ast-hfb-mobile-header-display":"","site-post-title":"","ast-breadcrumbs-content":"","ast-featured-img":"","footer-sml-layout":"","ast-disable-related-posts":"","theme-transparent-header-meta":"","adv-header-id-meta":"","stick-header-meta":"","header-above-stick-meta":"","header-main-stick-meta":"","header-below-stick-meta":"","astra-migrate-meta-layouts":"default","ast-page-background-enabled":"default","ast-page-background-meta":{"desktop":{"background-color":"var(--ast-global-color-5)","background-image":"","background-repeat":"repeat","background-position":"center center","background-size":"auto","background-attachment":"scroll","background-type":"","background-media":"","overlay-type":"","overlay-color":"","overlay-opacity":"","overlay-gradient":""},"tablet":{"background-color":"","background-image":"","background-repeat":"repeat","background-position":"center center","background-size":"auto","background-attachment":"scroll","background-type":"","background-media":"","overlay-type":"","overlay-color":"","overlay-opacity":"","overlay-gradient":""},"mobile":{"background-color":"","background-image":"","background-repeat":"repeat","background-position":"center center","background-size":"auto","background-attachment":"scroll","background-type":"","background-media":"","overlay-type":"","overlay-color":"","overlay-opacity":"","overlay-gradient":""}},"ast-content-background-meta":{"desktop":{"background-color":"var(--ast-global-color-4)","background-image":"","background-repeat":"repeat","background-position":"center center","background-size":"auto","background-attachment":"scroll","background-type":"","background-media":"","overlay-type":"","overlay-color":"","overlay-opacity":"","overlay-gradient":""},"tablet":{"background-color":"var(--ast-global-color-4)","background-image":"","background-repeat":"repeat","background-position":"center center","background-size":"auto","background-attachment":"scroll","background-type":"","background-media":"","overlay-type":"","overlay-color":"","overlay-opacity":"","overlay-gradient":""},"mobile":{"background-color":"var(--ast-global-color-4)","background-image":"","background-repeat":"repeat","background-position":"center center","background-size":"auto","background-attachment":"scroll","background-type":"","background-media":"","overlay-type":"","overlay-color":"","overlay-opacity":"","overlay-gradient":""}},"_themeisle_gutenberg_block_has_review":false,"footnotes":""},"class_list":["post-102","page","type-page","status-publish","hentry"],"_links":{"self":[{"href":"https:\/\/escoladigital.madeira.gov.pt\/eb1peajuda\/wp-json\/wp\/v2\/pages\/102","targetHints":{"allow":["GET"]}}],"collection":[{"href":"https:\/\/escoladigital.madeira.gov.pt\/eb1peajuda\/wp-json\/wp\/v2\/pages"}],"about":[{"href":"https:\/\/escoladigital.madeira.gov.pt\/eb1peajuda\/wp-json\/wp\/v2\/types\/page"}],"author":[{"embeddable":true,"href":"https:\/\/escoladigital.madeira.gov.pt\/eb1peajuda\/wp-json\/wp\/v2\/users\/83"}],"replies":[{"embeddable":true,"href":"https:\/\/escoladigital.madeira.gov.pt\/eb1peajuda\/wp-json\/wp\/v2\/comments?post=102"}],"version-history":[{"count":3,"href":"https:\/\/escoladigital.madeira.gov.pt\/eb1peajuda\/wp-json\/wp\/v2\/pages\/102\/revisions"}],"predecessor-version":[{"id":449,"href":"https:\/\/escoladigital.madeira.gov.pt\/eb1peajuda\/wp-json\/wp\/v2\/pages\/102\/revisions\/449"}],"wp:attachment":[{"href":"https:\/\/escoladigital.madeira.gov.pt\/eb1peajuda\/wp-json\/wp\/v2\/media?parent=102"}],"curies":[{"name":"wp","href":"https:\/\/api.w.org\/{rel}","templated":true}]}}