{"id":166,"date":"2025-02-06T13:56:20","date_gmt":"2025-02-06T13:56:20","guid":{"rendered":"https:\/\/escoladigital.madeira.gov.pt\/eb1peajuda\/?page_id=166"},"modified":"2025-02-06T15:19:13","modified_gmt":"2025-02-06T15:19:13","slug":"regulamento-interno","status":"publish","type":"page","link":"https:\/\/escoladigital.madeira.gov.pt\/eb1peajuda\/regulamento-interno\/","title":{"rendered":"Regulamento Interno"},"content":{"rendered":"\n<p>O presente Regulamento Interno tem como finalidade definir o regime de funcionamento da Escola B\u00e1sica de 1\u00ba ciclo com Pr\u00e9-Escolar Ajuda, tendo em conta uma correta organiza\u00e7\u00e3o e desenvolvimento de todas as atividades escolares, de modo a obter uma boa rela\u00e7\u00e3o na escola e entre esta e o meio s\u00f3cio \u2013 cultural em que est\u00e1 inserida. N\u00e3o devendo ser encarado como um documento r\u00edgido, mas sim como um indicador respeitado por todos e a partir do qual os v\u00e1rios \u00f3rg\u00e3o, servi\u00e7os e comunidade escolar em geral poder\u00e3o definir o seu percurso ideal.<br>Tem pois como objetivo divulgar as normas gerais de funcionamento e utiliza\u00e7\u00e3o da escola, de direitos, deveres e atribui\u00e7\u00f5es de todos os elementos intervenientes no processo educativo atendendo \u00e0s prioridades do Projeto Educativo da Escola.<br>Al\u00e9m do Regulamento Interno, instrumento fundamental de desenvolvimento, existe tamb\u00e9m o Plano Anual de Atividades que define objetivos, formas de organiza\u00e7\u00e3o e de programa\u00e7\u00e3o de atividades para o presente ano letivo.<\/p>\n\n\n\n<div data-wp-interactive=\"core\/file\" class=\"wp-block-file\"><object data-wp-bind--hidden=\"!state.hasPdfPreview\" hidden class=\"wp-block-file__embed\" data=\"https:\/\/escoladigital.madeira.gov.pt\/eb1peajuda\/wp-content\/uploads\/sites\/64\/2025\/02\/Regulamento-Interno-2024.pdf\" type=\"application\/pdf\" style=\"width:100%;height:600px\" aria-label=\"Incorpora\u00e7\u00e3o de Regulamento Interno 2024.\"><\/object><a id=\"wp-block-file--media-0a56da7d-dc1c-4a36-88df-36342dee198d\" href=\"https:\/\/escoladigital.madeira.gov.pt\/eb1peajuda\/wp-content\/uploads\/sites\/64\/2025\/02\/Regulamento-Interno-2024.pdf\">Regulamento Interno 2024<\/a><a href=\"https:\/\/escoladigital.madeira.gov.pt\/eb1peajuda\/wp-content\/uploads\/sites\/64\/2025\/02\/Regulamento-Interno-2024.pdf\" class=\"wp-block-file__button wp-element-button\" download aria-describedby=\"wp-block-file--media-0a56da7d-dc1c-4a36-88df-36342dee198d\">Descarregar<\/a><\/div>\n","protected":false},"excerpt":{"rendered":"<p>O presente Regulamento Interno tem como finalidade definir o regime de funcionamento da Escola B\u00e1sica de 1\u00ba ciclo com Pr\u00e9-Escolar Ajuda, tendo em conta uma correta organiza\u00e7\u00e3o e desenvolvimento de todas as atividades escolares, de modo a obter uma boa rela\u00e7\u00e3o na escola e entre esta e o meio s\u00f3cio \u2013 cultural em que est\u00e1 [&hellip;]<\/p>\n","protected":false},"author":83,"featured_media":0,"parent":0,"menu_order":0,"comment_status":"closed","ping_status":"closed","template":"","meta":{"site-sidebar-layout":"default","site-content-layout":"","ast-site-content-layout":"default","site-content-style":"default","site-sidebar-style":"default","ast-global-header-display":"","ast-banner-title-visibility":"","ast-main-header-display":"","ast-hfb-above-header-display":"","ast-hfb-below-header-display":"","ast-hfb-mobile-header-display":"","site-post-title":"","ast-breadcrumbs-content":"","ast-featured-img":"","footer-sml-layout":"","ast-disable-related-posts":"","theme-transparent-header-meta":"","adv-header-id-meta":"","stick-header-meta":"","header-above-stick-meta":"","header-main-stick-meta":"","header-below-stick-meta":"","astra-migrate-meta-layouts":"default","ast-page-background-enabled":"default","ast-page-background-meta":{"desktop":{"background-color":"var(--ast-global-color-5)","background-image":"","background-repeat":"repeat","background-position":"center center","background-size":"auto","background-attachment":"scroll","background-type":"","background-media":"","overlay-type":"","overlay-color":"","overlay-opacity":"","overlay-gradient":""},"tablet":{"background-color":"","background-image":"","background-repeat":"repeat","background-position":"center center","background-size":"auto","background-attachment":"scroll","background-type":"","background-media":"","overlay-type":"","overlay-color":"","overlay-opacity":"","overlay-gradient":""},"mobile":{"background-color":"","background-image":"","background-repeat":"repeat","background-position":"center center","background-size":"auto","background-attachment":"scroll","background-type":"","background-media":"","overlay-type":"","overlay-color":"","overlay-opacity":"","overlay-gradient":""}},"ast-content-background-meta":{"desktop":{"background-color":"var(--ast-global-color-4)","background-image":"","background-repeat":"repeat","background-position":"center center","background-size":"auto","background-attachment":"scroll","background-type":"","background-media":"","overlay-type":"","overlay-color":"","overlay-opacity":"","overlay-gradient":""},"tablet":{"background-color":"var(--ast-global-color-4)","background-image":"","background-repeat":"repeat","background-position":"center center","background-size":"auto","background-attachment":"scroll","background-type":"","background-media":"","overlay-type":"","overlay-color":"","overlay-opacity":"","overlay-gradient":""},"mobile":{"background-color":"var(--ast-global-color-4)","background-image":"","background-repeat":"repeat","background-position":"center center","background-size":"auto","background-attachment":"scroll","background-type":"","background-media":"","overlay-type":"","overlay-color":"","overlay-opacity":"","overlay-gradient":""}},"_themeisle_gutenberg_block_has_review":false,"footnotes":""},"class_list":["post-166","page","type-page","status-publish","hentry"],"_links":{"self":[{"href":"https:\/\/escoladigital.madeira.gov.pt\/eb1peajuda\/wp-json\/wp\/v2\/pages\/166","targetHints":{"allow":["GET"]}}],"collection":[{"href":"https:\/\/escoladigital.madeira.gov.pt\/eb1peajuda\/wp-json\/wp\/v2\/pages"}],"about":[{"href":"https:\/\/escoladigital.madeira.gov.pt\/eb1peajuda\/wp-json\/wp\/v2\/types\/page"}],"author":[{"embeddable":true,"href":"https:\/\/escoladigital.madeira.gov.pt\/eb1peajuda\/wp-json\/wp\/v2\/users\/83"}],"replies":[{"embeddable":true,"href":"https:\/\/escoladigital.madeira.gov.pt\/eb1peajuda\/wp-json\/wp\/v2\/comments?post=166"}],"version-history":[{"count":2,"href":"https:\/\/escoladigital.madeira.gov.pt\/eb1peajuda\/wp-json\/wp\/v2\/pages\/166\/revisions"}],"predecessor-version":[{"id":215,"href":"https:\/\/escoladigital.madeira.gov.pt\/eb1peajuda\/wp-json\/wp\/v2\/pages\/166\/revisions\/215"}],"wp:attachment":[{"href":"https:\/\/escoladigital.madeira.gov.pt\/eb1peajuda\/wp-json\/wp\/v2\/media?parent=166"}],"curies":[{"name":"wp","href":"https:\/\/api.w.org\/{rel}","templated":true}]}}