{"id":188,"date":"2025-02-06T14:19:28","date_gmt":"2025-02-06T14:19:28","guid":{"rendered":"https:\/\/escoladigital.madeira.gov.pt\/eb1peajuda\/?page_id=188"},"modified":"2025-02-06T16:23:25","modified_gmt":"2025-02-06T16:23:25","slug":"ciencias-da-computacao","status":"publish","type":"page","link":"https:\/\/escoladigital.madeira.gov.pt\/eb1peajuda\/ciencias-da-computacao\/","title":{"rendered":"Ci\u00eancias da Computa\u00e7\u00e3o"},"content":{"rendered":"\n<p>Um dos objetivos transversais do Clube C\u00f3digo ser\u00e1 promover as Ci\u00eancias da Computa\u00e7\u00e3o nos diferentes contextos educativos. Pelo que ser\u00e1 importante oferecer um programa de desenvolvimento profissional \u00e0 comunidade educativa, nomeadamente aos professores, enquadrando ainda melhor esta tem\u00e1tica.<br>Nesta perspetiva,\u00a0<strong>e a partir de janeiro de 2020<\/strong>, ser\u00e1 poss\u00edvel enquadrar uma proposta formativa que explorar\u00e1 os Fundamentos das Ci\u00eancias da Computa\u00e7\u00e3o, numa colabora\u00e7\u00e3o com a parceria internacional Hora do C\u00f3digo, do projeto Code.org.<br>O curso de forma\u00e7\u00e3o, nesta primeira fase, ser\u00e1 para todos os docentes da Educa\u00e7\u00e3o Pr\u00e9-Escolar, 1.\u00ba Ciclo e 2.\u00ba Ciclo. As datas para a realiza\u00e7\u00e3o ser\u00e3o posteriormente divulgada \u00e0s escolas.<\/p>\n\n\n\n<figure class=\"wp-block-image aligncenter size-large\"><img fetchpriority=\"high\" decoding=\"async\" width=\"1024\" height=\"665\" src=\"https:\/\/escoladigital.madeira.gov.pt\/eb1peajuda\/wp-content\/uploads\/sites\/64\/2025\/02\/Cincias_Computao_RGB-1-1024x665.png\" alt=\"\" class=\"wp-image-238\" srcset=\"https:\/\/escoladigital.madeira.gov.pt\/eb1peajuda\/wp-content\/uploads\/sites\/64\/2025\/02\/Cincias_Computao_RGB-1-1024x665.png 1024w, https:\/\/escoladigital.madeira.gov.pt\/eb1peajuda\/wp-content\/uploads\/sites\/64\/2025\/02\/Cincias_Computao_RGB-1-300x195.png 300w, https:\/\/escoladigital.madeira.gov.pt\/eb1peajuda\/wp-content\/uploads\/sites\/64\/2025\/02\/Cincias_Computao_RGB-1-768x499.png 768w, https:\/\/escoladigital.madeira.gov.pt\/eb1peajuda\/wp-content\/uploads\/sites\/64\/2025\/02\/Cincias_Computao_RGB-1-1536x998.png 1536w, https:\/\/escoladigital.madeira.gov.pt\/eb1peajuda\/wp-content\/uploads\/sites\/64\/2025\/02\/Cincias_Computao_RGB-1-2048x1331.png 2048w\" sizes=\"(max-width: 1024px) 100vw, 1024px\" \/><\/figure>\n","protected":false},"excerpt":{"rendered":"<p>Um dos objetivos transversais do Clube C\u00f3digo ser\u00e1 promover as Ci\u00eancias da Computa\u00e7\u00e3o nos diferentes contextos educativos. Pelo que ser\u00e1 importante oferecer um programa de desenvolvimento profissional \u00e0 comunidade educativa, nomeadamente aos professores, enquadrando ainda melhor esta tem\u00e1tica.Nesta perspetiva,\u00a0e a partir de janeiro de 2020, ser\u00e1 poss\u00edvel enquadrar uma proposta formativa que explorar\u00e1 os Fundamentos [&hellip;]<\/p>\n","protected":false},"author":83,"featured_media":0,"parent":0,"menu_order":0,"comment_status":"closed","ping_status":"closed","template":"","meta":{"site-sidebar-layout":"default","site-content-layout":"","ast-site-content-layout":"default","site-content-style":"default","site-sidebar-style":"default","ast-global-header-display":"","ast-banner-title-visibility":"","ast-main-header-display":"","ast-hfb-above-header-display":"","ast-hfb-below-header-display":"","ast-hfb-mobile-header-display":"","site-post-title":"","ast-breadcrumbs-content":"","ast-featured-img":"","footer-sml-layout":"","ast-disable-related-posts":"","theme-transparent-header-meta":"","adv-header-id-meta":"","stick-header-meta":"","header-above-stick-meta":"","header-main-stick-meta":"","header-below-stick-meta":"","astra-migrate-meta-layouts":"default","ast-page-background-enabled":"default","ast-page-background-meta":{"desktop":{"background-color":"var(--ast-global-color-5)","background-image":"","background-repeat":"repeat","background-position":"center center","background-size":"auto","background-attachment":"scroll","background-type":"","background-media":"","overlay-type":"","overlay-color":"","overlay-opacity":"","overlay-gradient":""},"tablet":{"background-color":"","background-image":"","background-repeat":"repeat","background-position":"center center","background-size":"auto","background-attachment":"scroll","background-type":"","background-media":"","overlay-type":"","overlay-color":"","overlay-opacity":"","overlay-gradient":""},"mobile":{"background-color":"","background-image":"","background-repeat":"repeat","background-position":"center center","background-size":"auto","background-attachment":"scroll","background-type":"","background-media":"","overlay-type":"","overlay-color":"","overlay-opacity":"","overlay-gradient":""}},"ast-content-background-meta":{"desktop":{"background-color":"var(--ast-global-color-4)","background-image":"","background-repeat":"repeat","background-position":"center center","background-size":"auto","background-attachment":"scroll","background-type":"","background-media":"","overlay-type":"","overlay-color":"","overlay-opacity":"","overlay-gradient":""},"tablet":{"background-color":"var(--ast-global-color-4)","background-image":"","background-repeat":"repeat","background-position":"center center","background-size":"auto","background-attachment":"scroll","background-type":"","background-media":"","overlay-type":"","overlay-color":"","overlay-opacity":"","overlay-gradient":""},"mobile":{"background-color":"var(--ast-global-color-4)","background-image":"","background-repeat":"repeat","background-position":"center center","background-size":"auto","background-attachment":"scroll","background-type":"","background-media":"","overlay-type":"","overlay-color":"","overlay-opacity":"","overlay-gradient":""}},"_themeisle_gutenberg_block_has_review":false,"footnotes":""},"class_list":["post-188","page","type-page","status-publish","hentry"],"_links":{"self":[{"href":"https:\/\/escoladigital.madeira.gov.pt\/eb1peajuda\/wp-json\/wp\/v2\/pages\/188","targetHints":{"allow":["GET"]}}],"collection":[{"href":"https:\/\/escoladigital.madeira.gov.pt\/eb1peajuda\/wp-json\/wp\/v2\/pages"}],"about":[{"href":"https:\/\/escoladigital.madeira.gov.pt\/eb1peajuda\/wp-json\/wp\/v2\/types\/page"}],"author":[{"embeddable":true,"href":"https:\/\/escoladigital.madeira.gov.pt\/eb1peajuda\/wp-json\/wp\/v2\/users\/83"}],"replies":[{"embeddable":true,"href":"https:\/\/escoladigital.madeira.gov.pt\/eb1peajuda\/wp-json\/wp\/v2\/comments?post=188"}],"version-history":[{"count":3,"href":"https:\/\/escoladigital.madeira.gov.pt\/eb1peajuda\/wp-json\/wp\/v2\/pages\/188\/revisions"}],"predecessor-version":[{"id":239,"href":"https:\/\/escoladigital.madeira.gov.pt\/eb1peajuda\/wp-json\/wp\/v2\/pages\/188\/revisions\/239"}],"wp:attachment":[{"href":"https:\/\/escoladigital.madeira.gov.pt\/eb1peajuda\/wp-json\/wp\/v2\/media?parent=188"}],"curies":[{"name":"wp","href":"https:\/\/api.w.org\/{rel}","templated":true}]}}