{"id":190,"date":"2025-02-06T14:19:48","date_gmt":"2025-02-06T14:19:48","guid":{"rendered":"https:\/\/escoladigital.madeira.gov.pt\/eb1peajuda\/?page_id=190"},"modified":"2025-12-12T14:48:12","modified_gmt":"2025-12-12T14:48:12","slug":"ciberseguranca-nas-escolas","status":"publish","type":"page","link":"https:\/\/escoladigital.madeira.gov.pt\/eb1peajuda\/ciberseguranca-nas-escolas\/","title":{"rendered":"Ciberseguran\u00e7a nas escolas"},"content":{"rendered":"\n<p>O M\u00eas Europeu da Ciberseguran\u00e7a \u00e9 comemorado, com diversos eventos e atividades, em toda\u00a0a Europa, desde 2012. Todos os anos, esta campanha promove, n\u00e3o s\u00f3, a utiliza\u00e7\u00e3o mais segura da Internet nos\u00a0cidad\u00e3os europeus, mas tamb\u00e9m incentiva todas as entidades que fornecem o conhecimento e\u00a0as ferramentas a fazerem-no.<\/p>\n\n\n\n<p>Na nossa escola, durante esta campanha, teremos as seguintes atividades:<\/p>\n\n\n\n<p>&#8211; Debate na sala de aula;<\/p>\n\n\n\n<p>&#8211; Cria\u00e7\u00e3o de cartazes de divulga\u00e7\u00e3o;<\/p>\n\n\n\n<p>&#8211; Visualiza\u00e7\u00e3o de V\u00eddeos;<\/p>\n\n\n\n<p>&#8211; Exposi\u00e7\u00e3o num mural os comportamentos de risco na Internet;<\/p>\n\n\n\n<p>&#8211; Atividades interativas sobre a Ciberseguran\u00e7a;<\/p>\n\n\n\n<p>&#8211; Palestra sobre Ciberseguran\u00e7a.<\/p>\n\n\n\n<figure class=\"wp-block-image aligncenter size-full\"><img fetchpriority=\"high\" decoding=\"async\" width=\"1024\" height=\"576\" src=\"https:\/\/escoladigital.madeira.gov.pt\/eb1peajuda\/wp-content\/uploads\/sites\/64\/2025\/12\/20251015_Mes-europeu-ciberseguranca-1024x576-1.webp\" alt=\"\" class=\"wp-image-491\" srcset=\"https:\/\/escoladigital.madeira.gov.pt\/eb1peajuda\/wp-content\/uploads\/sites\/64\/2025\/12\/20251015_Mes-europeu-ciberseguranca-1024x576-1.webp 1024w, https:\/\/escoladigital.madeira.gov.pt\/eb1peajuda\/wp-content\/uploads\/sites\/64\/2025\/12\/20251015_Mes-europeu-ciberseguranca-1024x576-1-300x169.webp 300w, https:\/\/escoladigital.madeira.gov.pt\/eb1peajuda\/wp-content\/uploads\/sites\/64\/2025\/12\/20251015_Mes-europeu-ciberseguranca-1024x576-1-768x432.webp 768w\" sizes=\"(max-width: 1024px) 100vw, 1024px\" \/><\/figure>\n","protected":false},"excerpt":{"rendered":"<p>O M\u00eas Europeu da Ciberseguran\u00e7a \u00e9 comemorado, com diversos eventos e atividades, em toda\u00a0a Europa, desde 2012. Todos os anos, esta campanha promove, n\u00e3o s\u00f3, a utiliza\u00e7\u00e3o mais segura da Internet nos\u00a0cidad\u00e3os europeus, mas tamb\u00e9m incentiva todas as entidades que fornecem o conhecimento e\u00a0as ferramentas a fazerem-no. Na nossa escola, durante esta campanha, teremos as [&hellip;]<\/p>\n","protected":false},"author":83,"featured_media":0,"parent":0,"menu_order":0,"comment_status":"closed","ping_status":"closed","template":"","meta":{"site-sidebar-layout":"default","site-content-layout":"","ast-site-content-layout":"default","site-content-style":"default","site-sidebar-style":"default","ast-global-header-display":"","ast-banner-title-visibility":"","ast-main-header-display":"","ast-hfb-above-header-display":"","ast-hfb-below-header-display":"","ast-hfb-mobile-header-display":"","site-post-title":"","ast-breadcrumbs-content":"","ast-featured-img":"","footer-sml-layout":"","ast-disable-related-posts":"","theme-transparent-header-meta":"","adv-header-id-meta":"","stick-header-meta":"","header-above-stick-meta":"","header-main-stick-meta":"","header-below-stick-meta":"","astra-migrate-meta-layouts":"default","ast-page-background-enabled":"default","ast-page-background-meta":{"desktop":{"background-color":"var(--ast-global-color-5)","background-image":"","background-repeat":"repeat","background-position":"center center","background-size":"auto","background-attachment":"scroll","background-type":"","background-media":"","overlay-type":"","overlay-color":"","overlay-opacity":"","overlay-gradient":""},"tablet":{"background-color":"","background-image":"","background-repeat":"repeat","background-position":"center center","background-size":"auto","background-attachment":"scroll","background-type":"","background-media":"","overlay-type":"","overlay-color":"","overlay-opacity":"","overlay-gradient":""},"mobile":{"background-color":"","background-image":"","background-repeat":"repeat","background-position":"center center","background-size":"auto","background-attachment":"scroll","background-type":"","background-media":"","overlay-type":"","overlay-color":"","overlay-opacity":"","overlay-gradient":""}},"ast-content-background-meta":{"desktop":{"background-color":"var(--ast-global-color-4)","background-image":"","background-repeat":"repeat","background-position":"center center","background-size":"auto","background-attachment":"scroll","background-type":"","background-media":"","overlay-type":"","overlay-color":"","overlay-opacity":"","overlay-gradient":""},"tablet":{"background-color":"var(--ast-global-color-4)","background-image":"","background-repeat":"repeat","background-position":"center center","background-size":"auto","background-attachment":"scroll","background-type":"","background-media":"","overlay-type":"","overlay-color":"","overlay-opacity":"","overlay-gradient":""},"mobile":{"background-color":"var(--ast-global-color-4)","background-image":"","background-repeat":"repeat","background-position":"center center","background-size":"auto","background-attachment":"scroll","background-type":"","background-media":"","overlay-type":"","overlay-color":"","overlay-opacity":"","overlay-gradient":""}},"_themeisle_gutenberg_block_has_review":false,"footnotes":""},"class_list":["post-190","page","type-page","status-publish","hentry"],"_links":{"self":[{"href":"https:\/\/escoladigital.madeira.gov.pt\/eb1peajuda\/wp-json\/wp\/v2\/pages\/190","targetHints":{"allow":["GET"]}}],"collection":[{"href":"https:\/\/escoladigital.madeira.gov.pt\/eb1peajuda\/wp-json\/wp\/v2\/pages"}],"about":[{"href":"https:\/\/escoladigital.madeira.gov.pt\/eb1peajuda\/wp-json\/wp\/v2\/types\/page"}],"author":[{"embeddable":true,"href":"https:\/\/escoladigital.madeira.gov.pt\/eb1peajuda\/wp-json\/wp\/v2\/users\/83"}],"replies":[{"embeddable":true,"href":"https:\/\/escoladigital.madeira.gov.pt\/eb1peajuda\/wp-json\/wp\/v2\/comments?post=190"}],"version-history":[{"count":4,"href":"https:\/\/escoladigital.madeira.gov.pt\/eb1peajuda\/wp-json\/wp\/v2\/pages\/190\/revisions"}],"predecessor-version":[{"id":493,"href":"https:\/\/escoladigital.madeira.gov.pt\/eb1peajuda\/wp-json\/wp\/v2\/pages\/190\/revisions\/493"}],"wp:attachment":[{"href":"https:\/\/escoladigital.madeira.gov.pt\/eb1peajuda\/wp-json\/wp\/v2\/media?parent=190"}],"curies":[{"name":"wp","href":"https:\/\/api.w.org\/{rel}","templated":true}]}}