{"id":194,"date":"2025-02-06T14:20:42","date_gmt":"2025-02-06T14:20:42","guid":{"rendered":"https:\/\/escoladigital.madeira.gov.pt\/eb1peajuda\/?page_id=194"},"modified":"2025-02-06T16:24:31","modified_gmt":"2025-02-06T16:24:31","slug":"prevencao-e-seguranca","status":"publish","type":"page","link":"https:\/\/escoladigital.madeira.gov.pt\/eb1peajuda\/prevencao-e-seguranca\/","title":{"rendered":"Preven\u00e7\u00e3o e Seguran\u00e7a"},"content":{"rendered":"\n<p><strong>Uma das miss\u00f5es da escola \u00e9, segundo o Quadro Estrat\u00e9gico de Coopera\u00e7\u00e3o Europeia, \u201ca promo\u00e7\u00e3o de uma cidadania ativa\u201d. Por outro lado, as cat\u00e1strofes associadas \u00e0 ocorr\u00eancia de riscos naturais, tecnol\u00f3gicos e mistos podem acarretar consequ\u00eancias significativas, mais ou menos gravosas para as pessoas e bens. Neste contexto torna-se, ent\u00e3o, imprescind\u00edvel dotar os alunos dos conhecimentos e compet\u00eancias essenciais a uma cidadania ativa e respons\u00e1vel face \u00e0 seguran\u00e7a e aos riscos.<br>Pretende-se com este projeto a dinamiza\u00e7\u00e3o do Plano de Preven\u00e7\u00e3o e Emerg\u00eancia das escolas (sensibiliza\u00e7\u00e3o acerca do PPE, realiza\u00e7\u00e3o simulacros, entre outras) e o desenvolvimento de conte\u00fados tem\u00e1ticos na \u00e1rea da seguran\u00e7a que ser\u00e3o desenvolvidos por um Delegado de Seguran\u00e7a nas escolas dos 1.\u00ba, 2.\u00ba e 3.\u00ba ciclos do ensino b\u00e1sico.<\/strong><br><strong>Este projeto da Secretaria Regional de Educa\u00e7\u00e3o conta com a parceria do Servi\u00e7o Regional de Prote\u00e7\u00e3o Civil, IP-RAM, da Associa\u00e7\u00e3o Insular de Geografia, do Instituto de Administra\u00e7\u00e3o da Sa\u00fade e do Servi\u00e7o de Defesa do Consumidor.<\/strong>\u00a0<\/p>\n\n\n\n<figure class=\"wp-block-image aligncenter size-full\"><img fetchpriority=\"high\" decoding=\"async\" width=\"600\" height=\"424\" src=\"https:\/\/escoladigital.madeira.gov.pt\/eb1peajuda\/wp-content\/uploads\/sites\/64\/2025\/02\/PROTECAO-CIVIL-.png\" alt=\"\" class=\"wp-image-240\" srcset=\"https:\/\/escoladigital.madeira.gov.pt\/eb1peajuda\/wp-content\/uploads\/sites\/64\/2025\/02\/PROTECAO-CIVIL-.png 600w, https:\/\/escoladigital.madeira.gov.pt\/eb1peajuda\/wp-content\/uploads\/sites\/64\/2025\/02\/PROTECAO-CIVIL--300x212.png 300w\" sizes=\"(max-width: 600px) 100vw, 600px\" \/><\/figure>\n","protected":false},"excerpt":{"rendered":"<p>Uma das miss\u00f5es da escola \u00e9, segundo o Quadro Estrat\u00e9gico de Coopera\u00e7\u00e3o Europeia, \u201ca promo\u00e7\u00e3o de uma cidadania ativa\u201d. Por outro lado, as cat\u00e1strofes associadas \u00e0 ocorr\u00eancia de riscos naturais, tecnol\u00f3gicos e mistos podem acarretar consequ\u00eancias significativas, mais ou menos gravosas para as pessoas e bens. Neste contexto torna-se, ent\u00e3o, imprescind\u00edvel dotar os alunos dos [&hellip;]<\/p>\n","protected":false},"author":83,"featured_media":0,"parent":0,"menu_order":0,"comment_status":"closed","ping_status":"closed","template":"","meta":{"site-sidebar-layout":"default","site-content-layout":"","ast-site-content-layout":"default","site-content-style":"default","site-sidebar-style":"default","ast-global-header-display":"","ast-banner-title-visibility":"","ast-main-header-display":"","ast-hfb-above-header-display":"","ast-hfb-below-header-display":"","ast-hfb-mobile-header-display":"","site-post-title":"","ast-breadcrumbs-content":"","ast-featured-img":"","footer-sml-layout":"","ast-disable-related-posts":"","theme-transparent-header-meta":"","adv-header-id-meta":"","stick-header-meta":"","header-above-stick-meta":"","header-main-stick-meta":"","header-below-stick-meta":"","astra-migrate-meta-layouts":"default","ast-page-background-enabled":"default","ast-page-background-meta":{"desktop":{"background-color":"var(--ast-global-color-5)","background-image":"","background-repeat":"repeat","background-position":"center center","background-size":"auto","background-attachment":"scroll","background-type":"","background-media":"","overlay-type":"","overlay-color":"","overlay-opacity":"","overlay-gradient":""},"tablet":{"background-color":"","background-image":"","background-repeat":"repeat","background-position":"center center","background-size":"auto","background-attachment":"scroll","background-type":"","background-media":"","overlay-type":"","overlay-color":"","overlay-opacity":"","overlay-gradient":""},"mobile":{"background-color":"","background-image":"","background-repeat":"repeat","background-position":"center center","background-size":"auto","background-attachment":"scroll","background-type":"","background-media":"","overlay-type":"","overlay-color":"","overlay-opacity":"","overlay-gradient":""}},"ast-content-background-meta":{"desktop":{"background-color":"var(--ast-global-color-4)","background-image":"","background-repeat":"repeat","background-position":"center center","background-size":"auto","background-attachment":"scroll","background-type":"","background-media":"","overlay-type":"","overlay-color":"","overlay-opacity":"","overlay-gradient":""},"tablet":{"background-color":"var(--ast-global-color-4)","background-image":"","background-repeat":"repeat","background-position":"center center","background-size":"auto","background-attachment":"scroll","background-type":"","background-media":"","overlay-type":"","overlay-color":"","overlay-opacity":"","overlay-gradient":""},"mobile":{"background-color":"var(--ast-global-color-4)","background-image":"","background-repeat":"repeat","background-position":"center center","background-size":"auto","background-attachment":"scroll","background-type":"","background-media":"","overlay-type":"","overlay-color":"","overlay-opacity":"","overlay-gradient":""}},"_themeisle_gutenberg_block_has_review":false,"footnotes":""},"class_list":["post-194","page","type-page","status-publish","hentry"],"_links":{"self":[{"href":"https:\/\/escoladigital.madeira.gov.pt\/eb1peajuda\/wp-json\/wp\/v2\/pages\/194","targetHints":{"allow":["GET"]}}],"collection":[{"href":"https:\/\/escoladigital.madeira.gov.pt\/eb1peajuda\/wp-json\/wp\/v2\/pages"}],"about":[{"href":"https:\/\/escoladigital.madeira.gov.pt\/eb1peajuda\/wp-json\/wp\/v2\/types\/page"}],"author":[{"embeddable":true,"href":"https:\/\/escoladigital.madeira.gov.pt\/eb1peajuda\/wp-json\/wp\/v2\/users\/83"}],"replies":[{"embeddable":true,"href":"https:\/\/escoladigital.madeira.gov.pt\/eb1peajuda\/wp-json\/wp\/v2\/comments?post=194"}],"version-history":[{"count":2,"href":"https:\/\/escoladigital.madeira.gov.pt\/eb1peajuda\/wp-json\/wp\/v2\/pages\/194\/revisions"}],"predecessor-version":[{"id":241,"href":"https:\/\/escoladigital.madeira.gov.pt\/eb1peajuda\/wp-json\/wp\/v2\/pages\/194\/revisions\/241"}],"wp:attachment":[{"href":"https:\/\/escoladigital.madeira.gov.pt\/eb1peajuda\/wp-json\/wp\/v2\/media?parent=194"}],"curies":[{"name":"wp","href":"https:\/\/api.w.org\/{rel}","templated":true}]}}