{"id":242,"date":"2025-02-06T16:27:21","date_gmt":"2025-02-06T16:27:21","guid":{"rendered":"https:\/\/escoladigital.madeira.gov.pt\/eb1peajuda\/?page_id=242"},"modified":"2025-02-06T16:34:58","modified_gmt":"2025-02-06T16:34:58","slug":"associacao-de-pais-e-e-e-da-escola-da-ajuda","status":"publish","type":"page","link":"https:\/\/escoladigital.madeira.gov.pt\/eb1peajuda\/associacao-de-pais-e-e-e-da-escola-da-ajuda\/","title":{"rendered":"Associa\u00e7\u00e3o de Pais e E E da Escola da Ajuda"},"content":{"rendered":"\n<figure class=\"wp-block-image aligncenter size-full\"><img fetchpriority=\"high\" decoding=\"async\" width=\"225\" height=\"225\" src=\"https:\/\/escoladigital.madeira.gov.pt\/eb1peajuda\/wp-content\/uploads\/sites\/64\/2025\/02\/APEEEA.png\" alt=\"\" class=\"wp-image-251\" srcset=\"https:\/\/escoladigital.madeira.gov.pt\/eb1peajuda\/wp-content\/uploads\/sites\/64\/2025\/02\/APEEEA.png 225w, https:\/\/escoladigital.madeira.gov.pt\/eb1peajuda\/wp-content\/uploads\/sites\/64\/2025\/02\/APEEEA-150x150.png 150w\" sizes=\"(max-width: 225px) 100vw, 225px\" \/><\/figure>\n\n\n\n<figure class=\"wp-block-image aligncenter size-full is-resized\"><img decoding=\"async\" width=\"641\" height=\"608\" src=\"https:\/\/escoladigital.madeira.gov.pt\/eb1peajuda\/wp-content\/uploads\/sites\/64\/2025\/02\/457854720_1055103776620071_7688174658700953753_n.jpg\" alt=\"\" class=\"wp-image-253\" style=\"width:373px;height:auto\" srcset=\"https:\/\/escoladigital.madeira.gov.pt\/eb1peajuda\/wp-content\/uploads\/sites\/64\/2025\/02\/457854720_1055103776620071_7688174658700953753_n.jpg 641w, https:\/\/escoladigital.madeira.gov.pt\/eb1peajuda\/wp-content\/uploads\/sites\/64\/2025\/02\/457854720_1055103776620071_7688174658700953753_n-300x285.jpg 300w\" sizes=\"(max-width: 641px) 100vw, 641px\" \/><\/figure>\n\n\n\n<p><strong>Caro Encarregado de Educa\u00e7\u00e3o,<\/strong><\/p>\n\n\n\n<p><strong><br><\/strong><strong>Ao regularizar a sua quota anual (25\u20ac), beneficiar\u00e1 de muitos e variados descontos. Para breve, juntar-se-\u00e3o, a n\u00f3s, mais Parceiros.<\/strong><\/p>\n\n\n\n<p>&nbsp;<strong>Papelaria Julber:<\/strong><\/p>\n\n\n\n<ul class=\"wp-block-list\">\n<li>10% desconto direto, em todos os artigos, excepto artigos de escrita e pele Montc Blanc, livros escolares.<\/li>\n<\/ul>\n\n\n\n<p><strong>Papelaria Cartonada:<\/strong><\/p>\n\n\n\n<ul class=\"wp-block-list\">\n<li>10% desconto direto, em todos os artigos, excepto livros escolares e consum\u00edveis inform\u00e1ticos.<\/li>\n<\/ul>\n\n\n\n<p>&nbsp;<strong>Papelaria do Col\u00e9gio:<\/strong><\/p>\n\n\n\n<ul class=\"wp-block-list\">\n<li>10% desconto direto, em todos os artigos, excepto livros escolares, jornais, revistas e jogos Santa Casa.<\/li>\n<\/ul>\n\n\n\n<p>&nbsp;<strong>GIG &#8211; Escola de Artes do Funchal:<\/strong><\/p>\n\n\n\n<ul class=\"wp-block-list\">\n<li>Oferta da inscri\u00e7\u00e3o (24,40\u20ac) e de uma aula experimental \u00e0 escolha.<\/li>\n<\/ul>\n\n\n\n<p>&nbsp;<strong>Bioforma: Flow &#8211; Party &amp; Gift Shop:<\/strong><\/p>\n\n\n\n<ul class=\"wp-block-list\">\n<li>5% desconto direto em todos os artigos, em todas as lojas Flow Shopping + voucher 10% no ato da inscri\u00e7\u00e3o\/renova\u00e7\u00e3o na Associa\u00e7\u00e3o, apenas nas lojas de Shopping.<\/li>\n<\/ul>\n\n\n\n<p>&nbsp;<strong>Clube Naval do Funchal:&nbsp;<\/strong><\/p>\n\n\n\n<ul class=\"wp-block-list\">\n<li>O s\u00f3cio e c\u00f4njuge, beneficiam de 15% de desconto no Gin\u00e1sio Aquagym, nas mensalidades de livre tr\u00e2nsito total (50,98\u20ac, em vez\u00a0 de 59,50\u20ac por d\u00e9bito direto);<\/li>\n\n\n\n<li>15% de desconto, nas mensalidades de livre tr\u00e2nsito em todas as aulas de piscina (37,50\u20ac, em vez de 45\u20ac por d\u00e9bito direto);<\/li>\n\n\n\n<li>O s\u00f3cio e o c\u00f4njuge est\u00e3o isentos do valor da inscri\u00e7\u00e3o do gin\u00e1sio (60\u20ac) e da nata\u00e7\u00e3o (25\u20ac);<\/li>\n\n\n\n<li>O s\u00f3cio e o c\u00f4njuge, compromete-se a pagar o seguro, no valor de 5\u20ac;<\/li>\n\n\n\n<li>O(s) filho(s) do(s) s\u00f3cio(s), beneficiam de um desconto de 10% direto nas Atividades de Tempos Livres (ATL) de P\u00e1scoa e Ver\u00e3o.<\/li>\n<\/ul>\n","protected":false},"excerpt":{"rendered":"<p>Caro Encarregado de Educa\u00e7\u00e3o, Ao regularizar a sua quota anual (25\u20ac), beneficiar\u00e1 de muitos e variados descontos. Para breve, juntar-se-\u00e3o, a n\u00f3s, mais Parceiros. &nbsp;Papelaria Julber: Papelaria Cartonada: &nbsp;Papelaria do Col\u00e9gio: &nbsp;GIG &#8211; Escola de Artes do Funchal: &nbsp;Bioforma: Flow &#8211; Party &amp; Gift Shop: &nbsp;Clube Naval do Funchal:&nbsp;<\/p>\n","protected":false},"author":83,"featured_media":0,"parent":0,"menu_order":0,"comment_status":"closed","ping_status":"closed","template":"","meta":{"site-sidebar-layout":"default","site-content-layout":"","ast-site-content-layout":"default","site-content-style":"default","site-sidebar-style":"default","ast-global-header-display":"","ast-banner-title-visibility":"","ast-main-header-display":"","ast-hfb-above-header-display":"","ast-hfb-below-header-display":"","ast-hfb-mobile-header-display":"","site-post-title":"","ast-breadcrumbs-content":"","ast-featured-img":"","footer-sml-layout":"","ast-disable-related-posts":"","theme-transparent-header-meta":"","adv-header-id-meta":"","stick-header-meta":"","header-above-stick-meta":"","header-main-stick-meta":"","header-below-stick-meta":"","astra-migrate-meta-layouts":"default","ast-page-background-enabled":"default","ast-page-background-meta":{"desktop":{"background-color":"var(--ast-global-color-5)","background-image":"","background-repeat":"repeat","background-position":"center center","background-size":"auto","background-attachment":"scroll","background-type":"","background-media":"","overlay-type":"","overlay-color":"","overlay-opacity":"","overlay-gradient":""},"tablet":{"background-color":"","background-image":"","background-repeat":"repeat","background-position":"center center","background-size":"auto","background-attachment":"scroll","background-type":"","background-media":"","overlay-type":"","overlay-color":"","overlay-opacity":"","overlay-gradient":""},"mobile":{"background-color":"","background-image":"","background-repeat":"repeat","background-position":"center center","background-size":"auto","background-attachment":"scroll","background-type":"","background-media":"","overlay-type":"","overlay-color":"","overlay-opacity":"","overlay-gradient":""}},"ast-content-background-meta":{"desktop":{"background-color":"var(--ast-global-color-4)","background-image":"","background-repeat":"repeat","background-position":"center center","background-size":"auto","background-attachment":"scroll","background-type":"","background-media":"","overlay-type":"","overlay-color":"","overlay-opacity":"","overlay-gradient":""},"tablet":{"background-color":"var(--ast-global-color-4)","background-image":"","background-repeat":"repeat","background-position":"center center","background-size":"auto","background-attachment":"scroll","background-type":"","background-media":"","overlay-type":"","overlay-color":"","overlay-opacity":"","overlay-gradient":""},"mobile":{"background-color":"var(--ast-global-color-4)","background-image":"","background-repeat":"repeat","background-position":"center center","background-size":"auto","background-attachment":"scroll","background-type":"","background-media":"","overlay-type":"","overlay-color":"","overlay-opacity":"","overlay-gradient":""}},"_themeisle_gutenberg_block_has_review":false,"footnotes":""},"class_list":["post-242","page","type-page","status-publish","hentry"],"_links":{"self":[{"href":"https:\/\/escoladigital.madeira.gov.pt\/eb1peajuda\/wp-json\/wp\/v2\/pages\/242","targetHints":{"allow":["GET"]}}],"collection":[{"href":"https:\/\/escoladigital.madeira.gov.pt\/eb1peajuda\/wp-json\/wp\/v2\/pages"}],"about":[{"href":"https:\/\/escoladigital.madeira.gov.pt\/eb1peajuda\/wp-json\/wp\/v2\/types\/page"}],"author":[{"embeddable":true,"href":"https:\/\/escoladigital.madeira.gov.pt\/eb1peajuda\/wp-json\/wp\/v2\/users\/83"}],"replies":[{"embeddable":true,"href":"https:\/\/escoladigital.madeira.gov.pt\/eb1peajuda\/wp-json\/wp\/v2\/comments?post=242"}],"version-history":[{"count":4,"href":"https:\/\/escoladigital.madeira.gov.pt\/eb1peajuda\/wp-json\/wp\/v2\/pages\/242\/revisions"}],"predecessor-version":[{"id":255,"href":"https:\/\/escoladigital.madeira.gov.pt\/eb1peajuda\/wp-json\/wp\/v2\/pages\/242\/revisions\/255"}],"wp:attachment":[{"href":"https:\/\/escoladigital.madeira.gov.pt\/eb1peajuda\/wp-json\/wp\/v2\/media?parent=242"}],"curies":[{"name":"wp","href":"https:\/\/api.w.org\/{rel}","templated":true}]}}