{"id":246,"date":"2025-02-06T16:28:07","date_gmt":"2025-02-06T16:28:07","guid":{"rendered":"https:\/\/escoladigital.madeira.gov.pt\/eb1peajuda\/?page_id=246"},"modified":"2025-02-06T16:39:09","modified_gmt":"2025-02-06T16:39:09","slug":"clube-naval-do-funchal","status":"publish","type":"page","link":"https:\/\/escoladigital.madeira.gov.pt\/eb1peajuda\/clube-naval-do-funchal\/","title":{"rendered":"Clube Naval do Funchal"},"content":{"rendered":"\n<p>Caro encarregado de educa\u00e7\u00e3o,<\/p>\n\n\n\n<p>Considere como primeira op\u00e7\u00e3o a via online para fazer a inscri\u00e7\u00e3o do seu filho(a) na NATA\u00c7\u00c3O-CNF.<\/p>\n\n\n\n<p>Atrav\u00e9s do nosso Portal, https:\/\/cnf.esport.com.pt\/portal\/, consegue comodamente fazer a inscri\u00e7\u00e3o do seu filho na NATA\u00c7\u00c3O-CNF.<\/p>\n\n\n\n<p>Pedimos que considere o fato das vagas serem limitadas, temos alguma margem para abrir novos grupos noutros dias e outros hor\u00e1rios embora nem sempre \u00e9 poss\u00edvel faz\u00ea-lo.<\/p>\n\n\n\n<p>Toda a restante informa\u00e7\u00e3o est\u00e1 dispon\u00edvel no nosso site ou na secretaria do Complexo Desportivo do Clube Naval do Funchal.<\/p>\n\n\n\n<p>Em anexo seguem o Flyer\/Cartaz informativo para a atividade Nata\u00e7\u00e3o do Clube Naval do Funchal e o documento do procedimento para o registo de acesso ao Portal do Naval e inscri\u00e7\u00e3o na NATA\u00c7\u00c3O-CNF.<\/p>\n\n\n\n<p>Agradecemos uma vez mais toda a vossa colabora\u00e7\u00e3o,<\/p>\n\n\n\n<p>Cordiais cumprimentos.<\/p>\n\n\n\n<p>Nuno Sardinha<\/p>\n\n\n\n<p>Departamento de Nata\u00e7\u00e3o<\/p>\n\n\n\n<figure class=\"wp-block-image aligncenter size-full is-resized\"><img fetchpriority=\"high\" decoding=\"async\" width=\"538\" height=\"768\" src=\"https:\/\/escoladigital.madeira.gov.pt\/eb1peajuda\/wp-content\/uploads\/sites\/64\/2025\/02\/460861365_1035802945001960_6494969966395032417_n.jpg\" alt=\"\" class=\"wp-image-258\" style=\"width:214px;height:auto\" srcset=\"https:\/\/escoladigital.madeira.gov.pt\/eb1peajuda\/wp-content\/uploads\/sites\/64\/2025\/02\/460861365_1035802945001960_6494969966395032417_n.jpg 538w, https:\/\/escoladigital.madeira.gov.pt\/eb1peajuda\/wp-content\/uploads\/sites\/64\/2025\/02\/460861365_1035802945001960_6494969966395032417_n-210x300.jpg 210w\" sizes=\"(max-width: 538px) 100vw, 538px\" \/><\/figure>\n\n\n\n<figure class=\"wp-block-image aligncenter size-full is-resized\"><img decoding=\"async\" width=\"538\" height=\"768\" src=\"https:\/\/escoladigital.madeira.gov.pt\/eb1peajuda\/wp-content\/uploads\/sites\/64\/2025\/02\/460922558_1035802985001956_7592565349022380973_n.jpg\" alt=\"\" class=\"wp-image-259\" style=\"width:214px;height:auto\" srcset=\"https:\/\/escoladigital.madeira.gov.pt\/eb1peajuda\/wp-content\/uploads\/sites\/64\/2025\/02\/460922558_1035802985001956_7592565349022380973_n.jpg 538w, https:\/\/escoladigital.madeira.gov.pt\/eb1peajuda\/wp-content\/uploads\/sites\/64\/2025\/02\/460922558_1035802985001956_7592565349022380973_n-210x300.jpg 210w\" sizes=\"(max-width: 538px) 100vw, 538px\" \/><\/figure>\n\n\n\n<figure class=\"wp-block-image aligncenter size-full is-resized\"><img decoding=\"async\" width=\"536\" height=\"768\" src=\"https:\/\/escoladigital.madeira.gov.pt\/eb1peajuda\/wp-content\/uploads\/sites\/64\/2025\/02\/461115148_1035803025001952_1282116980742006403_n.jpg\" alt=\"\" class=\"wp-image-261\" style=\"width:232px;height:auto\" srcset=\"https:\/\/escoladigital.madeira.gov.pt\/eb1peajuda\/wp-content\/uploads\/sites\/64\/2025\/02\/461115148_1035803025001952_1282116980742006403_n.jpg 536w, https:\/\/escoladigital.madeira.gov.pt\/eb1peajuda\/wp-content\/uploads\/sites\/64\/2025\/02\/461115148_1035803025001952_1282116980742006403_n-209x300.jpg 209w\" sizes=\"(max-width: 536px) 100vw, 536px\" \/><\/figure>\n","protected":false},"excerpt":{"rendered":"<p>Caro encarregado de educa\u00e7\u00e3o, Considere como primeira op\u00e7\u00e3o a via online para fazer a inscri\u00e7\u00e3o do seu filho(a) na NATA\u00c7\u00c3O-CNF. Atrav\u00e9s do nosso Portal, https:\/\/cnf.esport.com.pt\/portal\/, consegue comodamente fazer a inscri\u00e7\u00e3o do seu filho na NATA\u00c7\u00c3O-CNF. Pedimos que considere o fato das vagas serem limitadas, temos alguma margem para abrir novos grupos noutros dias e outros [&hellip;]<\/p>\n","protected":false},"author":83,"featured_media":0,"parent":0,"menu_order":0,"comment_status":"closed","ping_status":"closed","template":"","meta":{"site-sidebar-layout":"default","site-content-layout":"","ast-site-content-layout":"default","site-content-style":"default","site-sidebar-style":"default","ast-global-header-display":"","ast-banner-title-visibility":"","ast-main-header-display":"","ast-hfb-above-header-display":"","ast-hfb-below-header-display":"","ast-hfb-mobile-header-display":"","site-post-title":"","ast-breadcrumbs-content":"","ast-featured-img":"","footer-sml-layout":"","ast-disable-related-posts":"","theme-transparent-header-meta":"","adv-header-id-meta":"","stick-header-meta":"","header-above-stick-meta":"","header-main-stick-meta":"","header-below-stick-meta":"","astra-migrate-meta-layouts":"default","ast-page-background-enabled":"default","ast-page-background-meta":{"desktop":{"background-color":"var(--ast-global-color-5)","background-image":"","background-repeat":"repeat","background-position":"center center","background-size":"auto","background-attachment":"scroll","background-type":"","background-media":"","overlay-type":"","overlay-color":"","overlay-opacity":"","overlay-gradient":""},"tablet":{"background-color":"","background-image":"","background-repeat":"repeat","background-position":"center center","background-size":"auto","background-attachment":"scroll","background-type":"","background-media":"","overlay-type":"","overlay-color":"","overlay-opacity":"","overlay-gradient":""},"mobile":{"background-color":"","background-image":"","background-repeat":"repeat","background-position":"center center","background-size":"auto","background-attachment":"scroll","background-type":"","background-media":"","overlay-type":"","overlay-color":"","overlay-opacity":"","overlay-gradient":""}},"ast-content-background-meta":{"desktop":{"background-color":"var(--ast-global-color-4)","background-image":"","background-repeat":"repeat","background-position":"center center","background-size":"auto","background-attachment":"scroll","background-type":"","background-media":"","overlay-type":"","overlay-color":"","overlay-opacity":"","overlay-gradient":""},"tablet":{"background-color":"var(--ast-global-color-4)","background-image":"","background-repeat":"repeat","background-position":"center center","background-size":"auto","background-attachment":"scroll","background-type":"","background-media":"","overlay-type":"","overlay-color":"","overlay-opacity":"","overlay-gradient":""},"mobile":{"background-color":"var(--ast-global-color-4)","background-image":"","background-repeat":"repeat","background-position":"center center","background-size":"auto","background-attachment":"scroll","background-type":"","background-media":"","overlay-type":"","overlay-color":"","overlay-opacity":"","overlay-gradient":""}},"_themeisle_gutenberg_block_has_review":false,"footnotes":""},"class_list":["post-246","page","type-page","status-publish","hentry"],"_links":{"self":[{"href":"https:\/\/escoladigital.madeira.gov.pt\/eb1peajuda\/wp-json\/wp\/v2\/pages\/246","targetHints":{"allow":["GET"]}}],"collection":[{"href":"https:\/\/escoladigital.madeira.gov.pt\/eb1peajuda\/wp-json\/wp\/v2\/pages"}],"about":[{"href":"https:\/\/escoladigital.madeira.gov.pt\/eb1peajuda\/wp-json\/wp\/v2\/types\/page"}],"author":[{"embeddable":true,"href":"https:\/\/escoladigital.madeira.gov.pt\/eb1peajuda\/wp-json\/wp\/v2\/users\/83"}],"replies":[{"embeddable":true,"href":"https:\/\/escoladigital.madeira.gov.pt\/eb1peajuda\/wp-json\/wp\/v2\/comments?post=246"}],"version-history":[{"count":3,"href":"https:\/\/escoladigital.madeira.gov.pt\/eb1peajuda\/wp-json\/wp\/v2\/pages\/246\/revisions"}],"predecessor-version":[{"id":263,"href":"https:\/\/escoladigital.madeira.gov.pt\/eb1peajuda\/wp-json\/wp\/v2\/pages\/246\/revisions\/263"}],"wp:attachment":[{"href":"https:\/\/escoladigital.madeira.gov.pt\/eb1peajuda\/wp-json\/wp\/v2\/media?parent=246"}],"curies":[{"name":"wp","href":"https:\/\/api.w.org\/{rel}","templated":true}]}}