{"id":321,"date":"2025-02-11T14:18:09","date_gmt":"2025-02-11T14:18:09","guid":{"rendered":"https:\/\/escoladigital.madeira.gov.pt\/eb1peajuda\/?page_id=321"},"modified":"2025-02-11T14:18:09","modified_gmt":"2025-02-11T14:18:09","slug":"canal-denuncias","status":"publish","type":"page","link":"https:\/\/escoladigital.madeira.gov.pt\/eb1peajuda\/canal-denuncias\/","title":{"rendered":"Canal Den\u00fancias"},"content":{"rendered":"\n<figure class=\"wp-block-image size-full\"><a href=\"https:\/\/canaldenuncias.madeira.gov.pt\/\" target=\"_blank\" rel=\" noreferrer noopener\"><img decoding=\"async\" width=\"286\" height=\"54\" src=\"https:\/\/escoladigital.madeira.gov.pt\/eb1peajuda\/wp-content\/uploads\/sites\/64\/2025\/02\/Canal-Denuncias.png\" alt=\"\" class=\"wp-image-322\" \/><\/a><\/figure>\n\n\n\n<p>Regime Geral de Prote\u00e7\u00e3o de Denunciantes de Infra\u00e7\u00f5es (RGPDI), Lei n.\u00ba 93\/2021 de 20 de dezembro.<\/p>\n","protected":false},"excerpt":{"rendered":"<p>Regime Geral de Prote\u00e7\u00e3o de Denunciantes de Infra\u00e7\u00f5es (RGPDI), Lei n.\u00ba 93\/2021 de 20 de dezembro.<\/p>\n","protected":false},"author":83,"featured_media":0,"parent":0,"menu_order":0,"comment_status":"closed","ping_status":"closed","template":"","meta":{"site-sidebar-layout":"default","site-content-layout":"","ast-site-content-layout":"default","site-content-style":"default","site-sidebar-style":"default","ast-global-header-display":"","ast-banner-title-visibility":"","ast-main-header-display":"","ast-hfb-above-header-display":"","ast-hfb-below-header-display":"","ast-hfb-mobile-header-display":"","site-post-title":"","ast-breadcrumbs-content":"","ast-featured-img":"","footer-sml-layout":"","ast-disable-related-posts":"","theme-transparent-header-meta":"","adv-header-id-meta":"","stick-header-meta":"","header-above-stick-meta":"","header-main-stick-meta":"","header-below-stick-meta":"","astra-migrate-meta-layouts":"default","ast-page-background-enabled":"default","ast-page-background-meta":{"desktop":{"background-color":"var(--ast-global-color-5)","background-image":"","background-repeat":"repeat","background-position":"center center","background-size":"auto","background-attachment":"scroll","background-type":"","background-media":"","overlay-type":"","overlay-color":"","overlay-opacity":"","overlay-gradient":""},"tablet":{"background-color":"","background-image":"","background-repeat":"repeat","background-position":"center center","background-size":"auto","background-attachment":"scroll","background-type":"","background-media":"","overlay-type":"","overlay-color":"","overlay-opacity":"","overlay-gradient":""},"mobile":{"background-color":"","background-image":"","background-repeat":"repeat","background-position":"center center","background-size":"auto","background-attachment":"scroll","background-type":"","background-media":"","overlay-type":"","overlay-color":"","overlay-opacity":"","overlay-gradient":""}},"ast-content-background-meta":{"desktop":{"background-color":"var(--ast-global-color-4)","background-image":"","background-repeat":"repeat","background-position":"center center","background-size":"auto","background-attachment":"scroll","background-type":"","background-media":"","overlay-type":"","overlay-color":"","overlay-opacity":"","overlay-gradient":""},"tablet":{"background-color":"var(--ast-global-color-4)","background-image":"","background-repeat":"repeat","background-position":"center center","background-size":"auto","background-attachment":"scroll","background-type":"","background-media":"","overlay-type":"","overlay-color":"","overlay-opacity":"","overlay-gradient":""},"mobile":{"background-color":"var(--ast-global-color-4)","background-image":"","background-repeat":"repeat","background-position":"center center","background-size":"auto","background-attachment":"scroll","background-type":"","background-media":"","overlay-type":"","overlay-color":"","overlay-opacity":"","overlay-gradient":""}},"_themeisle_gutenberg_block_has_review":false,"footnotes":""},"class_list":["post-321","page","type-page","status-publish","hentry"],"_links":{"self":[{"href":"https:\/\/escoladigital.madeira.gov.pt\/eb1peajuda\/wp-json\/wp\/v2\/pages\/321","targetHints":{"allow":["GET"]}}],"collection":[{"href":"https:\/\/escoladigital.madeira.gov.pt\/eb1peajuda\/wp-json\/wp\/v2\/pages"}],"about":[{"href":"https:\/\/escoladigital.madeira.gov.pt\/eb1peajuda\/wp-json\/wp\/v2\/types\/page"}],"author":[{"embeddable":true,"href":"https:\/\/escoladigital.madeira.gov.pt\/eb1peajuda\/wp-json\/wp\/v2\/users\/83"}],"replies":[{"embeddable":true,"href":"https:\/\/escoladigital.madeira.gov.pt\/eb1peajuda\/wp-json\/wp\/v2\/comments?post=321"}],"version-history":[{"count":1,"href":"https:\/\/escoladigital.madeira.gov.pt\/eb1peajuda\/wp-json\/wp\/v2\/pages\/321\/revisions"}],"predecessor-version":[{"id":323,"href":"https:\/\/escoladigital.madeira.gov.pt\/eb1peajuda\/wp-json\/wp\/v2\/pages\/321\/revisions\/323"}],"wp:attachment":[{"href":"https:\/\/escoladigital.madeira.gov.pt\/eb1peajuda\/wp-json\/wp\/v2\/media?parent=321"}],"curies":[{"name":"wp","href":"https:\/\/api.w.org\/{rel}","templated":true}]}}