{"id":93,"date":"2025-02-05T14:31:11","date_gmt":"2025-02-05T14:31:11","guid":{"rendered":"https:\/\/escoladigital.madeira.gov.pt\/eb1peajuda\/?page_id=93"},"modified":"2026-02-27T12:59:05","modified_gmt":"2026-02-27T12:59:05","slug":"alunos","status":"publish","type":"page","link":"https:\/\/escoladigital.madeira.gov.pt\/eb1peajuda\/alunos\/","title":{"rendered":"Ementas"},"content":{"rendered":"\n<div data-wp-interactive=\"core\/file\" class=\"wp-block-file\"><object data-wp-bind--hidden=\"!state.hasPdfPreview\" hidden class=\"wp-block-file__embed\" data=\"https:\/\/escoladigital.madeira.gov.pt\/eb1peajuda\/wp-content\/uploads\/sites\/64\/2025\/10\/Ementas-2025-2026.pdf\" type=\"application\/pdf\" style=\"width:100%;height:600px\" aria-label=\"Incorpora\u00e7\u00e3o de Ementas 2025-2026.\"><\/object><a id=\"wp-block-file--media-cd2eddcb-000d-45e3-aac6-df6be0b122ad\" href=\"https:\/\/escoladigital.madeira.gov.pt\/eb1peajuda\/wp-content\/uploads\/sites\/64\/2025\/10\/Ementas-2025-2026.pdf\">Ementas 2025-2026<\/a><a href=\"https:\/\/escoladigital.madeira.gov.pt\/eb1peajuda\/wp-content\/uploads\/sites\/64\/2025\/10\/Ementas-2025-2026.pdf\" class=\"wp-block-file__button wp-element-button\" download aria-describedby=\"wp-block-file--media-cd2eddcb-000d-45e3-aac6-df6be0b122ad\">Descarregar<\/a><\/div>\n\n\n\n<p>Ementa 3 &#8211; 23 a 27 de fevereiro de 2026<\/p>\n\n\n\n<p>\u00a0Ementa 4 &#8211; 2 a 6 de mar\u00e7o de 2026<\/p>\n\n\n\n<p>Ementa 5 &#8211; 9 a 13 de mar\u00e7o de 2026<\/p>\n\n\n\n<p>Ementa 1 &#8211; 16 a 20 de mar\u00e7o de 2026<\/p>\n\n\n\n<p>Ementa 2 &#8211; 23 a 27 de mar\u00e7o de 2026<\/p>\n\n\n\n<p><\/p>\n","protected":false},"excerpt":{"rendered":"<p>Ementa 3 &#8211; 23 a 27 de fevereiro de 2026 \u00a0Ementa 4 &#8211; 2 a 6 de mar\u00e7o de 2026 Ementa 5 &#8211; 9 a 13 de mar\u00e7o de 2026 Ementa 1 &#8211; 16 a 20 de mar\u00e7o de 2026 Ementa 2 &#8211; 23 a 27 de mar\u00e7o de 2026<\/p>\n","protected":false},"author":83,"featured_media":0,"parent":0,"menu_order":0,"comment_status":"closed","ping_status":"closed","template":"","meta":{"site-sidebar-layout":"default","site-content-layout":"","ast-site-content-layout":"default","site-content-style":"default","site-sidebar-style":"default","ast-global-header-display":"","ast-banner-title-visibility":"","ast-main-header-display":"","ast-hfb-above-header-display":"","ast-hfb-below-header-display":"","ast-hfb-mobile-header-display":"","site-post-title":"","ast-breadcrumbs-content":"","ast-featured-img":"","footer-sml-layout":"","ast-disable-related-posts":"","theme-transparent-header-meta":"","adv-header-id-meta":"","stick-header-meta":"","header-above-stick-meta":"","header-main-stick-meta":"","header-below-stick-meta":"","astra-migrate-meta-layouts":"default","ast-page-background-enabled":"default","ast-page-background-meta":{"desktop":{"background-color":"var(--ast-global-color-5)","background-image":"","background-repeat":"repeat","background-position":"center center","background-size":"auto","background-attachment":"scroll","background-type":"","background-media":"","overlay-type":"","overlay-color":"","overlay-opacity":"","overlay-gradient":""},"tablet":{"background-color":"","background-image":"","background-repeat":"repeat","background-position":"center center","background-size":"auto","background-attachment":"scroll","background-type":"","background-media":"","overlay-type":"","overlay-color":"","overlay-opacity":"","overlay-gradient":""},"mobile":{"background-color":"","background-image":"","background-repeat":"repeat","background-position":"center center","background-size":"auto","background-attachment":"scroll","background-type":"","background-media":"","overlay-type":"","overlay-color":"","overlay-opacity":"","overlay-gradient":""}},"ast-content-background-meta":{"desktop":{"background-color":"var(--ast-global-color-4)","background-image":"","background-repeat":"repeat","background-position":"center center","background-size":"auto","background-attachment":"scroll","background-type":"","background-media":"","overlay-type":"","overlay-color":"","overlay-opacity":"","overlay-gradient":""},"tablet":{"background-color":"var(--ast-global-color-4)","background-image":"","background-repeat":"repeat","background-position":"center center","background-size":"auto","background-attachment":"scroll","background-type":"","background-media":"","overlay-type":"","overlay-color":"","overlay-opacity":"","overlay-gradient":""},"mobile":{"background-color":"var(--ast-global-color-4)","background-image":"","background-repeat":"repeat","background-position":"center center","background-size":"auto","background-attachment":"scroll","background-type":"","background-media":"","overlay-type":"","overlay-color":"","overlay-opacity":"","overlay-gradient":""}},"_themeisle_gutenberg_block_has_review":false,"footnotes":""},"class_list":["post-93","page","type-page","status-publish","hentry"],"_links":{"self":[{"href":"https:\/\/escoladigital.madeira.gov.pt\/eb1peajuda\/wp-json\/wp\/v2\/pages\/93","targetHints":{"allow":["GET"]}}],"collection":[{"href":"https:\/\/escoladigital.madeira.gov.pt\/eb1peajuda\/wp-json\/wp\/v2\/pages"}],"about":[{"href":"https:\/\/escoladigital.madeira.gov.pt\/eb1peajuda\/wp-json\/wp\/v2\/types\/page"}],"author":[{"embeddable":true,"href":"https:\/\/escoladigital.madeira.gov.pt\/eb1peajuda\/wp-json\/wp\/v2\/users\/83"}],"replies":[{"embeddable":true,"href":"https:\/\/escoladigital.madeira.gov.pt\/eb1peajuda\/wp-json\/wp\/v2\/comments?post=93"}],"version-history":[{"count":8,"href":"https:\/\/escoladigital.madeira.gov.pt\/eb1peajuda\/wp-json\/wp\/v2\/pages\/93\/revisions"}],"predecessor-version":[{"id":510,"href":"https:\/\/escoladigital.madeira.gov.pt\/eb1peajuda\/wp-json\/wp\/v2\/pages\/93\/revisions\/510"}],"wp:attachment":[{"href":"https:\/\/escoladigital.madeira.gov.pt\/eb1peajuda\/wp-json\/wp\/v2\/media?parent=93"}],"curies":[{"name":"wp","href":"https:\/\/api.w.org\/{rel}","templated":true}]}}