{"id":97,"date":"2025-02-05T14:31:41","date_gmt":"2025-02-05T14:31:41","guid":{"rendered":"https:\/\/escoladigital.madeira.gov.pt\/eb1peajuda\/?page_id=97"},"modified":"2025-02-11T14:05:21","modified_gmt":"2025-02-11T14:05:21","slug":"contactos","status":"publish","type":"page","link":"https:\/\/escoladigital.madeira.gov.pt\/eb1peajuda\/contactos\/","title":{"rendered":"Contactos"},"content":{"rendered":"\n<p>C\u00f3digo da escola: 3103121<\/p>\n\n\n\n<p><strong>Secretaria:<\/strong><\/p>\n\n\n\n<p>M\u00f3nica Soares e Soraia Gon\u00e7alves<\/p>\n\n\n\n<p>Hor\u00e1rio de funcionamento: das 9h00m \u00e0s 12h30m e das 14h00m \u00e0s 17h30m.<\/p>\n\n\n\n<p><strong><u>Enviar comprovativos de transfer\u00eancia (almo\u00e7os) para<\/u>:<\/strong><\/p>\n\n\n\n<p><strong>eb1.ajudafunchal@gmail.com<\/strong><\/p>\n\n\n\n<p>Morada:&nbsp;Rua Velha da Ajuda, 91&nbsp;&nbsp;9000-749 Funchal<\/p>\n\n\n\n<p>Telefone: 291 146 051 &#8211;&nbsp;Telem\u00f3vel: 913 732 683<\/p>\n\n\n\n<p>Email:&nbsp;<a href=\"'+String.fromCharCode(101,98,49,46,97,106,117,100,97,102,117,110,99,104,97,108,64,103,109,97,105,108,46,99,111,109)+'?%27)\">eb1.ajudafunchal@gmail.com<\/a><\/p>\n\n\n\n<p>Site:&nbsp;<a href=\"https:\/\/escoladigital.madeira.gov.pt\/eb1peajuda\/\">https:\/\/escoladigital.madeira.gov.pt\/eb1peajuda\/<\/a><\/p>\n\n\n\n<p>Facebook:&nbsp;<a href=\"https:\/\/www.facebook.com\/eb1ajuda\">https:\/\/<strong><u>www.facebook.com\/eb1ajuda<\/u><\/strong><\/a><\/p>\n\n\n\n<p><\/p>\n","protected":false},"excerpt":{"rendered":"<p>C\u00f3digo da escola: 3103121 Secretaria: M\u00f3nica Soares e Soraia Gon\u00e7alves Hor\u00e1rio de funcionamento: das 9h00m \u00e0s 12h30m e das 14h00m \u00e0s 17h30m. Enviar comprovativos de transfer\u00eancia (almo\u00e7os) para: eb1.ajudafunchal@gmail.com Morada:&nbsp;Rua Velha da Ajuda, 91&nbsp;&nbsp;9000-749 Funchal Telefone: 291 146 051 &#8211;&nbsp;Telem\u00f3vel: 913 732 683 Email:&nbsp;eb1.ajudafunchal@gmail.com Site:&nbsp;https:\/\/escoladigital.madeira.gov.pt\/eb1peajuda\/ Facebook:&nbsp;https:\/\/www.facebook.com\/eb1ajuda<\/p>\n","protected":false},"author":83,"featured_media":0,"parent":0,"menu_order":0,"comment_status":"closed","ping_status":"closed","template":"","meta":{"site-sidebar-layout":"default","site-content-layout":"","ast-site-content-layout":"default","site-content-style":"default","site-sidebar-style":"default","ast-global-header-display":"","ast-banner-title-visibility":"","ast-main-header-display":"","ast-hfb-above-header-display":"","ast-hfb-below-header-display":"","ast-hfb-mobile-header-display":"","site-post-title":"","ast-breadcrumbs-content":"","ast-featured-img":"","footer-sml-layout":"","ast-disable-related-posts":"","theme-transparent-header-meta":"","adv-header-id-meta":"","stick-header-meta":"","header-above-stick-meta":"","header-main-stick-meta":"","header-below-stick-meta":"","astra-migrate-meta-layouts":"default","ast-page-background-enabled":"default","ast-page-background-meta":{"desktop":{"background-color":"var(--ast-global-color-5)","background-image":"","background-repeat":"repeat","background-position":"center center","background-size":"auto","background-attachment":"scroll","background-type":"","background-media":"","overlay-type":"","overlay-color":"","overlay-opacity":"","overlay-gradient":""},"tablet":{"background-color":"","background-image":"","background-repeat":"repeat","background-position":"center center","background-size":"auto","background-attachment":"scroll","background-type":"","background-media":"","overlay-type":"","overlay-color":"","overlay-opacity":"","overlay-gradient":""},"mobile":{"background-color":"","background-image":"","background-repeat":"repeat","background-position":"center center","background-size":"auto","background-attachment":"scroll","background-type":"","background-media":"","overlay-type":"","overlay-color":"","overlay-opacity":"","overlay-gradient":""}},"ast-content-background-meta":{"desktop":{"background-color":"var(--ast-global-color-4)","background-image":"","background-repeat":"repeat","background-position":"center center","background-size":"auto","background-attachment":"scroll","background-type":"","background-media":"","overlay-type":"","overlay-color":"","overlay-opacity":"","overlay-gradient":""},"tablet":{"background-color":"var(--ast-global-color-4)","background-image":"","background-repeat":"repeat","background-position":"center center","background-size":"auto","background-attachment":"scroll","background-type":"","background-media":"","overlay-type":"","overlay-color":"","overlay-opacity":"","overlay-gradient":""},"mobile":{"background-color":"var(--ast-global-color-4)","background-image":"","background-repeat":"repeat","background-position":"center center","background-size":"auto","background-attachment":"scroll","background-type":"","background-media":"","overlay-type":"","overlay-color":"","overlay-opacity":"","overlay-gradient":""}},"_themeisle_gutenberg_block_has_review":false,"footnotes":""},"class_list":["post-97","page","type-page","status-publish","hentry"],"_links":{"self":[{"href":"https:\/\/escoladigital.madeira.gov.pt\/eb1peajuda\/wp-json\/wp\/v2\/pages\/97","targetHints":{"allow":["GET"]}}],"collection":[{"href":"https:\/\/escoladigital.madeira.gov.pt\/eb1peajuda\/wp-json\/wp\/v2\/pages"}],"about":[{"href":"https:\/\/escoladigital.madeira.gov.pt\/eb1peajuda\/wp-json\/wp\/v2\/types\/page"}],"author":[{"embeddable":true,"href":"https:\/\/escoladigital.madeira.gov.pt\/eb1peajuda\/wp-json\/wp\/v2\/users\/83"}],"replies":[{"embeddable":true,"href":"https:\/\/escoladigital.madeira.gov.pt\/eb1peajuda\/wp-json\/wp\/v2\/comments?post=97"}],"version-history":[{"count":4,"href":"https:\/\/escoladigital.madeira.gov.pt\/eb1peajuda\/wp-json\/wp\/v2\/pages\/97\/revisions"}],"predecessor-version":[{"id":312,"href":"https:\/\/escoladigital.madeira.gov.pt\/eb1peajuda\/wp-json\/wp\/v2\/pages\/97\/revisions\/312"}],"wp:attachment":[{"href":"https:\/\/escoladigital.madeira.gov.pt\/eb1peajuda\/wp-json\/wp\/v2\/media?parent=97"}],"curies":[{"name":"wp","href":"https:\/\/api.w.org\/{rel}","templated":true}]}}