{"id":201,"date":"2025-11-26T14:20:14","date_gmt":"2025-11-26T14:20:14","guid":{"rendered":"https:\/\/escoladigital.madeira.gov.pt\/eb1peapena\/?page_id=201"},"modified":"2026-01-15T11:10:32","modified_gmt":"2026-01-15T11:10:32","slug":"documentos-orientadores","status":"publish","type":"page","link":"https:\/\/escoladigital.madeira.gov.pt\/eb1peapena\/documentos-orientadores\/","title":{"rendered":"Documentos"},"content":{"rendered":"\n<figure class=\"wp-block-image aligncenter size-full is-resized\"><img fetchpriority=\"high\" decoding=\"async\" width=\"365\" height=\"353\" src=\"https:\/\/escoladigital.madeira.gov.pt\/eb1peapena\/wp-content\/uploads\/sites\/15\/2025\/11\/cropped-PENINHA-e1763723876868.png\" alt=\"\" class=\"wp-image-104\" style=\"width:142px;height:auto\" srcset=\"https:\/\/escoladigital.madeira.gov.pt\/eb1peapena\/wp-content\/uploads\/sites\/15\/2025\/11\/cropped-PENINHA-e1763723876868.png 365w, https:\/\/escoladigital.madeira.gov.pt\/eb1peapena\/wp-content\/uploads\/sites\/15\/2025\/11\/cropped-PENINHA-e1763723876868-300x290.png 300w\" sizes=\"(max-width: 365px) 100vw, 365px\" \/><\/figure>\n\n\n\n<hr class=\"wp-block-separator has-alpha-channel-opacity is-style-wide\" \/>\n\n\n\n<div class=\"wp-block-columns has-ast-global-color-5-background-color has-background is-layout-flex wp-container-core-columns-is-layout-28f84493 wp-block-columns-is-layout-flex\">\n<div class=\"wp-block-column is-layout-flow wp-block-column-is-layout-flow\">\n<div data-wp-interactive=\"core\/file\" class=\"wp-block-file\"><object data-wp-bind--hidden=\"!state.hasPdfPreview\" hidden class=\"wp-block-file__embed\" data=\"https:\/\/escoladigital.madeira.gov.pt\/eb1peapena\/wp-content\/uploads\/sites\/15\/2025\/12\/RI-Agua-de-Pena-24_28.pdf\" type=\"application\/pdf\" style=\"width:100%;height:300px\" aria-label=\"Incorpora\u00e7\u00e3o de RI Agua de Pena 24_28.\"><\/object><a id=\"wp-block-file--media-c2dc7bf5-d188-4e15-987a-c1acbb1efbfd\" href=\"https:\/\/escoladigital.madeira.gov.pt\/eb1peapena\/wp-content\/uploads\/sites\/15\/2025\/12\/RI-Agua-de-Pena-24_28.pdf\" target=\"_blank\" rel=\"noreferrer noopener\">RI Agua de Pena 24_28<\/a><\/div>\n\n\n\n<div data-wp-interactive=\"core\/file\" class=\"wp-block-file\"><object data-wp-bind--hidden=\"!state.hasPdfPreview\" hidden class=\"wp-block-file__embed\" data=\"https:\/\/escoladigital.madeira.gov.pt\/eb1peapena\/wp-content\/uploads\/sites\/15\/2025\/12\/Codigo-de-Conduta-Apena.pdf\" type=\"application\/pdf\" style=\"width:100%;height:300px\" aria-label=\"Incorpora\u00e7\u00e3o de C\u00f3digo de Conduta Apena.\"><\/object><a id=\"wp-block-file--media-3ccf8728-b847-4b7f-9ee0-db5b3f783b42\" href=\"https:\/\/escoladigital.madeira.gov.pt\/eb1peapena\/wp-content\/uploads\/sites\/15\/2025\/12\/Codigo-de-Conduta-Apena.pdf\" target=\"_blank\" rel=\"noreferrer noopener\">C\u00f3digo de Conduta Apena<\/a><\/div>\n\n\n\n<div data-wp-interactive=\"core\/file\" class=\"wp-block-file\"><object data-wp-bind--hidden=\"!state.hasPdfPreview\" hidden class=\"wp-block-file__embed\" data=\"https:\/\/escoladigital.madeira.gov.pt\/eb1peapena\/wp-content\/uploads\/sites\/15\/2025\/12\/Criterios-de-Avaliacao-2025_26.pdf\" type=\"application\/pdf\" style=\"width:100%;height:300px\" aria-label=\"Incorpora\u00e7\u00e3o de Crit\u00e9rios de Avalia\u00e7\u00e3o 2025_26.\"><\/object><a id=\"wp-block-file--media-fb4c0c27-97a4-4aa7-ad63-0657321038b7\" href=\"https:\/\/escoladigital.madeira.gov.pt\/eb1peapena\/wp-content\/uploads\/sites\/15\/2025\/12\/Criterios-de-Avaliacao-2025_26.pdf\" target=\"_blank\" rel=\"noreferrer noopener\">Crit\u00e9rios de Avalia\u00e7\u00e3o 2025_26<\/a><\/div>\n<\/div>\n\n\n\n<div class=\"wp-block-column is-layout-flow wp-block-column-is-layout-flow\">\n<div data-wp-interactive=\"core\/file\" class=\"wp-block-file\"><object data-wp-bind--hidden=\"!state.hasPdfPreview\" hidden class=\"wp-block-file__embed\" data=\"https:\/\/escoladigital.madeira.gov.pt\/eb1peapena\/wp-content\/uploads\/sites\/15\/2025\/12\/PEE_2024_2028.pdf\" type=\"application\/pdf\" style=\"width:100%;height:300px\" aria-label=\"Incorpora\u00e7\u00e3o de PEE_2024_2028.\"><\/object><a id=\"wp-block-file--media-a92aad73-5bbf-4b39-9e04-c143c5993498\" href=\"https:\/\/escoladigital.madeira.gov.pt\/eb1peapena\/wp-content\/uploads\/sites\/15\/2025\/12\/PEE_2024_2028.pdf\" target=\"_blank\" rel=\"noreferrer noopener\">PEE_2024_2028<\/a><\/div>\n\n\n\n<div data-wp-interactive=\"core\/file\" class=\"wp-block-file\"><object data-wp-bind--hidden=\"!state.hasPdfPreview\" hidden class=\"wp-block-file__embed\" data=\"https:\/\/escoladigital.madeira.gov.pt\/eb1peapena\/wp-content\/uploads\/sites\/15\/2025\/12\/PPRCIC-Apena.pdf\" type=\"application\/pdf\" style=\"width:100%;height:300px\" aria-label=\"Incorpora\u00e7\u00e3o de PPRCIC Apena.\"><\/object><a id=\"wp-block-file--media-60d986c2-ec53-4e79-af34-7e66b2471364\" href=\"https:\/\/escoladigital.madeira.gov.pt\/eb1peapena\/wp-content\/uploads\/sites\/15\/2025\/12\/PPRCIC-Apena.pdf\" target=\"_blank\" rel=\"noreferrer noopener\">PPRCIC Apena<\/a><\/div>\n\n\n\n<div data-wp-interactive=\"core\/file\" class=\"wp-block-file\"><object data-wp-bind--hidden=\"!state.hasPdfPreview\" hidden class=\"wp-block-file__embed\" data=\"https:\/\/escoladigital.madeira.gov.pt\/eb1peapena\/wp-content\/uploads\/sites\/15\/2025\/12\/Manuais-escolares.pdf\" type=\"application\/pdf\" style=\"width:100%;height:300px\" aria-label=\"Incorpora\u00e7\u00e3o de Manuais escolares.\"><\/object><a id=\"wp-block-file--media-7dc5a28e-c8cd-4cff-a04f-691e59555387\" href=\"https:\/\/escoladigital.madeira.gov.pt\/eb1peapena\/wp-content\/uploads\/sites\/15\/2025\/12\/Manuais-escolares.pdf\" target=\"_blank\" rel=\"noreferrer noopener\">Manuais escolares<\/a><\/div>\n<\/div>\n\n\n\n<div class=\"wp-block-column is-layout-flow wp-block-column-is-layout-flow\">\n<div data-wp-interactive=\"core\/file\" class=\"wp-block-file\"><object data-wp-bind--hidden=\"!state.hasPdfPreview\" hidden class=\"wp-block-file__embed\" data=\"https:\/\/escoladigital.madeira.gov.pt\/eb1peapena\/wp-content\/uploads\/sites\/15\/2025\/12\/PAA_2025_26-1.pdf\" type=\"application\/pdf\" style=\"width:100%;height:300px\" aria-label=\"Incorpora\u00e7\u00e3o de PAA_2025_26.\"><\/object><a id=\"wp-block-file--media-99c5c8bd-d419-4b2b-a965-b39f4ddbf73b\" href=\"https:\/\/escoladigital.madeira.gov.pt\/eb1peapena\/wp-content\/uploads\/sites\/15\/2025\/12\/PAA_2025_26-1.pdf\">PAA_2025_26<\/a><\/div>\n\n\n\n<div data-wp-interactive=\"core\/file\" class=\"wp-block-file\"><object data-wp-bind--hidden=\"!state.hasPdfPreview\" hidden class=\"wp-block-file__embed\" data=\"https:\/\/escoladigital.madeira.gov.pt\/eb1peapena\/wp-content\/uploads\/sites\/15\/2025\/12\/PFCI-Apena.pdf\" type=\"application\/pdf\" style=\"width:100%;height:300px\" aria-label=\"Incorpora\u00e7\u00e3o de PFCI Apena.\"><\/object><a id=\"wp-block-file--media-eee9da9e-49c9-4da8-93bc-39d014e539f6\" href=\"https:\/\/escoladigital.madeira.gov.pt\/eb1peapena\/wp-content\/uploads\/sites\/15\/2025\/12\/PFCI-Apena.pdf\" target=\"_blank\" rel=\"noreferrer noopener\">PFCI Apena<\/a><\/div>\n<\/div>\n<\/div>\n\n\n\n<div class=\"wp-block-columns is-layout-flex wp-container-core-columns-is-layout-28f84493 wp-block-columns-is-layout-flex\">\n<div class=\"wp-block-column is-layout-flow wp-block-column-is-layout-flow\">\n<div data-wp-interactive=\"core\/file\" class=\"wp-block-file\"><object data-wp-bind--hidden=\"!state.hasPdfPreview\" hidden class=\"wp-block-file__embed\" data=\"https:\/\/escoladigital.madeira.gov.pt\/eb1peapena\/wp-content\/uploads\/sites\/15\/2026\/01\/Ementa-Lanches-EB1-DRPRI-2P-25-26-v1-1.pdf\" type=\"application\/pdf\" style=\"width:100%;height:300px\" aria-label=\"Incorpora\u00e7\u00e3o de Ementa Lanches EB1 DRPRI 2P 25-26 v1.\"><\/object><a id=\"wp-block-file--media-0e6776ea-4c26-4447-94b0-a347d6d0cbc7\" href=\"https:\/\/escoladigital.madeira.gov.pt\/eb1peapena\/wp-content\/uploads\/sites\/15\/2026\/01\/Ementa-Lanches-EB1-DRPRI-2P-25-26-v1-1.pdf\">Ementa Lanches EB1 DRPRI 2P 25-26 v1<\/a><a href=\"https:\/\/escoladigital.madeira.gov.pt\/eb1peapena\/wp-content\/uploads\/sites\/15\/2026\/01\/Ementa-Lanches-EB1-DRPRI-2P-25-26-v1-1.pdf\" class=\"wp-block-file__button wp-element-button\" download aria-describedby=\"wp-block-file--media-0e6776ea-4c26-4447-94b0-a347d6d0cbc7\">Descarregar<\/a><\/div>\n<\/div>\n\n\n\n<div class=\"wp-block-column is-layout-flow wp-block-column-is-layout-flow\">\n<div data-wp-interactive=\"core\/file\" class=\"wp-block-file\"><object data-wp-bind--hidden=\"!state.hasPdfPreview\" hidden class=\"wp-block-file__embed\" data=\"https:\/\/escoladigital.madeira.gov.pt\/eb1peapena\/wp-content\/uploads\/sites\/15\/2026\/01\/Ementa-2P_Sala-de-transicao_V3.pdf\" type=\"application\/pdf\" style=\"width:100%;height:300px\" aria-label=\"Incorpora\u00e7\u00e3o de Ementa 2P_Sala de transi\u00e7\u00e3o_V3.\"><\/object><a id=\"wp-block-file--media-508b5fde-91dc-4540-a345-af4e8e34f59d\" href=\"https:\/\/escoladigital.madeira.gov.pt\/eb1peapena\/wp-content\/uploads\/sites\/15\/2026\/01\/Ementa-2P_Sala-de-transicao_V3.pdf\">Ementa 2P_Sala de transi\u00e7\u00e3o_V3<\/a><a href=\"https:\/\/escoladigital.madeira.gov.pt\/eb1peapena\/wp-content\/uploads\/sites\/15\/2026\/01\/Ementa-2P_Sala-de-transicao_V3.pdf\" class=\"wp-block-file__button wp-element-button\" download aria-describedby=\"wp-block-file--media-508b5fde-91dc-4540-a345-af4e8e34f59d\">Descarregar<\/a><\/div>\n<\/div>\n\n\n\n<div class=\"wp-block-column is-layout-flow wp-block-column-is-layout-flow\">\n<div data-wp-interactive=\"core\/file\" class=\"wp-block-file\"><object data-wp-bind--hidden=\"!state.hasPdfPreview\" hidden class=\"wp-block-file__embed\" data=\"https:\/\/escoladigital.madeira.gov.pt\/eb1peapena\/wp-content\/uploads\/sites\/15\/2026\/01\/Ementa-2P_Creche_V2.pdf\" type=\"application\/pdf\" style=\"width:100%;height:300px\" aria-label=\"Incorpora\u00e7\u00e3o de Ementa 2P_Creche_V2.\"><\/object><a id=\"wp-block-file--media-e814e6f7-3178-4089-a5e0-e8ad5ebca697\" href=\"https:\/\/escoladigital.madeira.gov.pt\/eb1peapena\/wp-content\/uploads\/sites\/15\/2026\/01\/Ementa-2P_Creche_V2.pdf\">Ementa 2P_Creche_V2<\/a><a href=\"https:\/\/escoladigital.madeira.gov.pt\/eb1peapena\/wp-content\/uploads\/sites\/15\/2026\/01\/Ementa-2P_Creche_V2.pdf\" class=\"wp-block-file__button wp-element-button\" download aria-describedby=\"wp-block-file--media-e814e6f7-3178-4089-a5e0-e8ad5ebca697\">Descarregar<\/a><\/div>\n<\/div>\n\n\n\n<div class=\"wp-block-column is-layout-flow wp-block-column-is-layout-flow\">\n<div data-wp-interactive=\"core\/file\" class=\"wp-block-file\"><object data-wp-bind--hidden=\"!state.hasPdfPreview\" hidden class=\"wp-block-file__embed\" data=\"https:\/\/escoladigital.madeira.gov.pt\/eb1peapena\/wp-content\/uploads\/sites\/15\/2026\/01\/Ementa-2P_1oCiclo_V3.pdf\" type=\"application\/pdf\" style=\"width:100%;height:300px\" aria-label=\"Incorpora\u00e7\u00e3o de Ementa 2P_1\u00baCiclo_V3.\"><\/object><a id=\"wp-block-file--media-44c45694-ab6e-48ec-83bf-3ff1a5401777\" href=\"https:\/\/escoladigital.madeira.gov.pt\/eb1peapena\/wp-content\/uploads\/sites\/15\/2026\/01\/Ementa-2P_1oCiclo_V3.pdf\">Ementa 2P_1\u00baCiclo_V3<\/a><a href=\"https:\/\/escoladigital.madeira.gov.pt\/eb1peapena\/wp-content\/uploads\/sites\/15\/2026\/01\/Ementa-2P_1oCiclo_V3.pdf\" class=\"wp-block-file__button wp-element-button\" download aria-describedby=\"wp-block-file--media-44c45694-ab6e-48ec-83bf-3ff1a5401777\">Descarregar<\/a><\/div>\n<\/div>\n<\/div>\n\n\n\n<p><\/p>\n","protected":false},"excerpt":{"rendered":"","protected":false},"author":24,"featured_media":0,"parent":0,"menu_order":0,"comment_status":"closed","ping_status":"closed","template":"","meta":{"site-sidebar-layout":"default","site-content-layout":"","ast-site-content-layout":"default","site-content-style":"default","site-sidebar-style":"default","ast-global-header-display":"","ast-banner-title-visibility":"","ast-main-header-display":"","ast-hfb-above-header-display":"","ast-hfb-below-header-display":"","ast-hfb-mobile-header-display":"","site-post-title":"","ast-breadcrumbs-content":"","ast-featured-img":"","footer-sml-layout":"","ast-disable-related-posts":"","theme-transparent-header-meta":"","adv-header-id-meta":"","stick-header-meta":"","header-above-stick-meta":"","header-main-stick-meta":"","header-below-stick-meta":"","astra-migrate-meta-layouts":"default","ast-page-background-enabled":"default","ast-page-background-meta":{"desktop":{"background-color":"var(--ast-global-color-5)","background-image":"","background-repeat":"repeat","background-position":"center center","background-size":"auto","background-attachment":"scroll","background-type":"","background-media":"","overlay-type":"","overlay-color":"","overlay-opacity":"","overlay-gradient":""},"tablet":{"background-color":"","background-image":"","background-repeat":"repeat","background-position":"center center","background-size":"auto","background-attachment":"scroll","background-type":"","background-media":"","overlay-type":"","overlay-color":"","overlay-opacity":"","overlay-gradient":""},"mobile":{"background-color":"","background-image":"","background-repeat":"repeat","background-position":"center center","background-size":"auto","background-attachment":"scroll","background-type":"","background-media":"","overlay-type":"","overlay-color":"","overlay-opacity":"","overlay-gradient":""}},"ast-content-background-meta":{"desktop":{"background-color":"var(--ast-global-color-4)","background-image":"","background-repeat":"repeat","background-position":"center center","background-size":"auto","background-attachment":"scroll","background-type":"","background-media":"","overlay-type":"","overlay-color":"","overlay-opacity":"","overlay-gradient":""},"tablet":{"background-color":"var(--ast-global-color-4)","background-image":"","background-repeat":"repeat","background-position":"center center","background-size":"auto","background-attachment":"scroll","background-type":"","background-media":"","overlay-type":"","overlay-color":"","overlay-opacity":"","overlay-gradient":""},"mobile":{"background-color":"var(--ast-global-color-4)","background-image":"","background-repeat":"repeat","background-position":"center center","background-size":"auto","background-attachment":"scroll","background-type":"","background-media":"","overlay-type":"","overlay-color":"","overlay-opacity":"","overlay-gradient":""}},"_themeisle_gutenberg_block_has_review":false,"footnotes":""},"class_list":["post-201","page","type-page","status-publish","hentry"],"_links":{"self":[{"href":"https:\/\/escoladigital.madeira.gov.pt\/eb1peapena\/wp-json\/wp\/v2\/pages\/201","targetHints":{"allow":["GET"]}}],"collection":[{"href":"https:\/\/escoladigital.madeira.gov.pt\/eb1peapena\/wp-json\/wp\/v2\/pages"}],"about":[{"href":"https:\/\/escoladigital.madeira.gov.pt\/eb1peapena\/wp-json\/wp\/v2\/types\/page"}],"author":[{"embeddable":true,"href":"https:\/\/escoladigital.madeira.gov.pt\/eb1peapena\/wp-json\/wp\/v2\/users\/24"}],"replies":[{"embeddable":true,"href":"https:\/\/escoladigital.madeira.gov.pt\/eb1peapena\/wp-json\/wp\/v2\/comments?post=201"}],"version-history":[{"count":11,"href":"https:\/\/escoladigital.madeira.gov.pt\/eb1peapena\/wp-json\/wp\/v2\/pages\/201\/revisions"}],"predecessor-version":[{"id":576,"href":"https:\/\/escoladigital.madeira.gov.pt\/eb1peapena\/wp-json\/wp\/v2\/pages\/201\/revisions\/576"}],"wp:attachment":[{"href":"https:\/\/escoladigital.madeira.gov.pt\/eb1peapena\/wp-json\/wp\/v2\/media?parent=201"}],"curies":[{"name":"wp","href":"https:\/\/api.w.org\/{rel}","templated":true}]}}