{"id":204,"date":"2025-11-26T14:23:58","date_gmt":"2025-11-26T14:23:58","guid":{"rendered":"https:\/\/escoladigital.madeira.gov.pt\/eb1peapena\/?page_id=204"},"modified":"2026-01-10T16:42:12","modified_gmt":"2026-01-10T16:42:12","slug":"tecnologias-de-informacao-e-comunicacao","status":"publish","type":"page","link":"https:\/\/escoladigital.madeira.gov.pt\/eb1peapena\/tecnologias-de-informacao-e-comunicacao\/","title":{"rendered":"Tecnologias de Informa\u00e7\u00e3o e Comunica\u00e7\u00e3o"},"content":{"rendered":"\n<div class=\"wp-block-columns is-layout-flex wp-container-core-columns-is-layout-28f84493 wp-block-columns-is-layout-flex\">\n<div class=\"wp-block-column is-layout-flow wp-block-column-is-layout-flow\">\n<div class=\"wp-block-group is-layout-constrained wp-block-group-is-layout-constrained\"><div class=\"is-style-boxed wp-block-themeisle-blocks-posts-grid\" id=\"wp-block-themeisle-blocks-posts-grid-336670f6\"><div class=\"is-list\"><div class=\"o-posts-grid-post-blog o-posts-grid-post-plain\"><div class=\"o-posts-grid-post\"><div class=\"o-posts-grid-post-image\"><a href=\"https:\/\/escoladigital.madeira.gov.pt\/eb1peapena\/2026\/04\/23\/2o-desafio-seguranet\/\"><img fetchpriority=\"high\" decoding=\"async\" width=\"1442\" height=\"2560\" src=\"https:\/\/escoladigital.madeira.gov.pt\/eb1peapena\/wp-content\/uploads\/sites\/15\/2026\/04\/20260423_112034-scaled.jpg\" class=\"attachment-full size-full\" alt=\"2\u00ba Desafio Seguranet\" srcset=\"https:\/\/escoladigital.madeira.gov.pt\/eb1peapena\/wp-content\/uploads\/sites\/15\/2026\/04\/20260423_112034-scaled.jpg 1442w, https:\/\/escoladigital.madeira.gov.pt\/eb1peapena\/wp-content\/uploads\/sites\/15\/2026\/04\/20260423_112034-169x300.jpg 169w, https:\/\/escoladigital.madeira.gov.pt\/eb1peapena\/wp-content\/uploads\/sites\/15\/2026\/04\/20260423_112034-577x1024.jpg 577w, https:\/\/escoladigital.madeira.gov.pt\/eb1peapena\/wp-content\/uploads\/sites\/15\/2026\/04\/20260423_112034-768x1364.jpg 768w, https:\/\/escoladigital.madeira.gov.pt\/eb1peapena\/wp-content\/uploads\/sites\/15\/2026\/04\/20260423_112034-865x1536.jpg 865w, https:\/\/escoladigital.madeira.gov.pt\/eb1peapena\/wp-content\/uploads\/sites\/15\/2026\/04\/20260423_112034-1153x2048.jpg 1153w\" sizes=\"(max-width: 1442px) 100vw, 1442px\" \/><\/a><\/div><div class=\"o-posts-grid-post-body\"><h4 class=\"o-posts-grid-post-title\"><a href=\"https:\/\/escoladigital.madeira.gov.pt\/eb1peapena\/2026\/04\/23\/2o-desafio-seguranet\/\">2\u00ba Desafio Seguranet<\/a><\/h4><div class=\"o-posts-grid-post-description\"><p><\/p><\/div><\/div><\/div><\/div><div class=\"o-posts-grid-post-blog o-posts-grid-post-plain\"><div class=\"o-posts-grid-post\"><div class=\"o-posts-grid-post-image\"><a href=\"https:\/\/escoladigital.madeira.gov.pt\/eb1peapena\/2025\/10\/31\/codeweek\/\"><img decoding=\"async\" width=\"1442\" height=\"2560\" src=\"https:\/\/escoladigital.madeira.gov.pt\/eb1peapena\/wp-content\/uploads\/sites\/15\/2024\/01\/20251110_130343-scaled.jpg\" class=\"attachment-full size-full\" alt=\"Codeweek\" srcset=\"https:\/\/escoladigital.madeira.gov.pt\/eb1peapena\/wp-content\/uploads\/sites\/15\/2024\/01\/20251110_130343-scaled.jpg 1442w, https:\/\/escoladigital.madeira.gov.pt\/eb1peapena\/wp-content\/uploads\/sites\/15\/2024\/01\/20251110_130343-169x300.jpg 169w, https:\/\/escoladigital.madeira.gov.pt\/eb1peapena\/wp-content\/uploads\/sites\/15\/2024\/01\/20251110_130343-577x1024.jpg 577w, https:\/\/escoladigital.madeira.gov.pt\/eb1peapena\/wp-content\/uploads\/sites\/15\/2024\/01\/20251110_130343-768x1364.jpg 768w, https:\/\/escoladigital.madeira.gov.pt\/eb1peapena\/wp-content\/uploads\/sites\/15\/2024\/01\/20251110_130343-865x1536.jpg 865w, https:\/\/escoladigital.madeira.gov.pt\/eb1peapena\/wp-content\/uploads\/sites\/15\/2024\/01\/20251110_130343-1153x2048.jpg 1153w\" sizes=\"(max-width: 1442px) 100vw, 1442px\" \/><\/a><\/div><div class=\"o-posts-grid-post-body\"><h4 class=\"o-posts-grid-post-title\"><a href=\"https:\/\/escoladigital.madeira.gov.pt\/eb1peapena\/2025\/10\/31\/codeweek\/\">Codeweek<\/a><\/h4><div class=\"o-posts-grid-post-description\"><p>A nossa escola celebrou a Codeweek durante o m\u00eas de outubro. A iniciativa promove o contacto com a p\u2026<\/p><\/div><\/div><\/div><\/div><\/div> <div class=\"o-posts-grid-pag\"><\/div><\/div><\/div>\n<\/div>\n\n\n\n<div class=\"wp-block-column is-layout-flow wp-block-column-is-layout-flow\">\n<div style=\"width: 100%\"><div style=\"position: relative;padding-bottom: 56.25%;padding-top: 0;height: 0\"><iframe title=\"TRIVIAL\" frameborder=\"0\" width=\"1200\" height=\"675\" style=\"position: absolute;top: 0;left: 0;width: 100%;height: 100%\" src=\"https:\/\/view.genially.com\/68eaa3652687a8040af9df58\" allowfullscreen=\"true\" scrolling=\"yes\"><\/iframe> <\/div> <\/div>\n\n\n<div style=\"width: 100%\"><div style=\"position: relative;padding-bottom: 56.25%;padding-top: 0;height: 0\"><iframe title=\"N\u00fameros naturais at\u00e9 50000\" frameborder=\"0\" width=\"1200\" height=\"675\" style=\"position: absolute;top: 0;left: 0;width: 100%;height: 100%\" src=\"https:\/\/view.genially.com\/68d173b002b25e5a56c10aef\" allowfullscreen=\"true\" scrolling=\"yes\"><\/iframe> <\/div> <\/div>\n\n<div style=\"width: 100%\"><div style=\"position: relative;padding-bottom: 56.25%;padding-top: 0;height: 0\"><iframe title=\"soldadinho de chumbo\" frameborder=\"0\" width=\"1200\" height=\"675\" style=\"position: absolute;top: 0;left: 0;width: 100%;height: 100%\" src=\"https:\/\/view.genially.com\/642c7c2ff359060018984c6d\" allowfullscreen=\"true\" scrolling=\"yes\"><\/iframe> <\/div> <\/div>\n\n<div style=\"width: 100%\"><div style=\"position: relative;padding-bottom: 56.25%;padding-top: 0;height: 0\"><iframe title=\"Medidas de capacidade\" frameborder=\"0\" width=\"1200\" height=\"675\" style=\"position: absolute;top: 0;left: 0;width: 100%;height: 100%\" src=\"https:\/\/view.genially.com\/6939418b4032fd41ea87f1b2\" allowfullscreen=\"true\" scrolling=\"yes\"><\/iframe> <\/div> <\/div>\n<\/div>\n\n\n\n<div class=\"wp-block-column is-layout-flow wp-block-column-is-layout-flow\">\n<div class=\"wp-block-columns is-layout-flex wp-container-core-columns-is-layout-28f84493 wp-block-columns-is-layout-flex\">\n<div class=\"wp-block-column is-layout-flow wp-block-column-is-layout-flow\">\n<h2 class=\"wp-block-heading has-text-align-center\">Documentos TIC<\/h2>\n\n\n\n<iframe width=\"640px\" height=\"480px\" src=\"https:\/\/forms.office.com\/e\/K8gGWCMBKn?embed=true\" frameborder=\"0\" marginwidth=\"0\" marginheight=\"0\" style=\"border: none;max-width:100%;max-height:100vh\" allowfullscreen mozallowfullscreen> <\/iframe>\n\n\n\n<div data-wp-interactive=\"core\/file\" class=\"wp-block-file aligncenter\"><object data-wp-bind--hidden=\"!state.hasPdfPreview\" hidden class=\"wp-block-file__embed\" data=\"https:\/\/escoladigital.madeira.gov.pt\/eb1peapena\/wp-content\/uploads\/sites\/15\/2025\/12\/PLANOTIC2526.pdf\" type=\"application\/pdf\" style=\"width:100%;height:200px\" aria-label=\"Incorpora\u00e7\u00e3o de PLANOTIC2526.\"><\/object><a id=\"wp-block-file--media-9ee9e024-d3c1-45d2-9e38-b653ace4bc9e\" href=\"https:\/\/escoladigital.madeira.gov.pt\/eb1peapena\/wp-content\/uploads\/sites\/15\/2025\/12\/PLANOTIC2526.pdf\" target=\"_blank\" rel=\"noreferrer noopener\">PLANOTIC2526<\/a><\/div>\n<\/div>\n<\/div>\n\n\n\n<div class=\"wp-block-columns is-layout-flex wp-container-core-columns-is-layout-28f84493 wp-block-columns-is-layout-flex\">\n<div class=\"wp-block-column is-layout-flow wp-block-column-is-layout-flow\">\n<h2 class=\"wp-block-heading has-text-align-center\">Jornal escolar<\/h2>\n<\/div>\n<\/div>\n\n\n\n<div data-wp-interactive=\"core\/file\" class=\"wp-block-file\"><object data-wp-bind--hidden=\"!state.hasPdfPreview\" hidden class=\"wp-block-file__embed\" data=\"https:\/\/escoladigital.madeira.gov.pt\/eb1peapena\/wp-content\/uploads\/sites\/15\/2025\/12\/jornal24-25_1aed.pdf\" type=\"application\/pdf\" style=\"width:100%;height:200px\" aria-label=\"Incorpora\u00e7\u00e3o de jornal24-25_1\u00aaed..\"><\/object><a id=\"wp-block-file--media-e4ccc307-afb2-4e0f-a19b-430ce7c44c28\" href=\"https:\/\/escoladigital.madeira.gov.pt\/eb1peapena\/wp-content\/uploads\/sites\/15\/2025\/12\/jornal24-25_1aed.pdf\" target=\"_blank\" rel=\"noreferrer noopener\">jornal24-25_1\u00aaed.<\/a><\/div>\n\n\n\n<div data-wp-interactive=\"core\/file\" class=\"wp-block-file\"><object data-wp-bind--hidden=\"!state.hasPdfPreview\" hidden class=\"wp-block-file__embed\" data=\"https:\/\/escoladigital.madeira.gov.pt\/eb1peapena\/wp-content\/uploads\/sites\/15\/2025\/12\/jornal24-25_2aed.pdf\" type=\"application\/pdf\" style=\"width:100%;height:200px\" aria-label=\"Incorpora\u00e7\u00e3o de jornal24-25_2\u00aaed..\"><\/object><a id=\"wp-block-file--media-fae1bc7e-f1fd-465a-8887-465b9451b2b0\" href=\"https:\/\/escoladigital.madeira.gov.pt\/eb1peapena\/wp-content\/uploads\/sites\/15\/2025\/12\/jornal24-25_2aed.pdf\" target=\"_blank\" rel=\"noreferrer noopener\">jornal24-25_2\u00aaed.<\/a><\/div>\n<\/div>\n<\/div>\n\n\n\n<div class=\"wp-block-columns is-layout-flex wp-container-core-columns-is-layout-28f84493 wp-block-columns-is-layout-flex\">\n<div class=\"wp-block-column is-layout-flow wp-block-column-is-layout-flow\">\n<iframe style=\"max-width:100%\" src=\"https:\/\/wordwall.net\/pt\/embed\/eb106d3a418343b7b3423d5786ba0275?themeId=65&amp;templateId=25&amp;fontStackId=0\" width=\"500\" height=\"380\" frameborder=\"0\" allowfullscreen><\/iframe>\n<\/div>\n\n\n\n<div class=\"wp-block-column is-layout-flow wp-block-column-is-layout-flow\">\n<iframe style=\"max-width:100%\" src=\"https:\/\/wordwall.net\/pt\/embed\/c943db10f6c8443995622084e76e0666?themeId=1&amp;templateId=36&amp;fontStackId=0\" width=\"500\" height=\"380\" frameborder=\"0\" allowfullscreen><\/iframe>\n<\/div>\n<\/div>\n\n\n\n<div class=\"wp-block-columns is-layout-flex wp-container-core-columns-is-layout-28f84493 wp-block-columns-is-layout-flex\">\n<div class=\"wp-block-column is-layout-flow wp-block-column-is-layout-flow\">\n<div class=\"padlet-embed\" style=\"border-radius:2px;overflow:hidden;position:relative;width:100%;background:#F4F4F4\"><p style=\"padding:0;margin:0\"><iframe src=\"https:\/\/padlet.com\/embed\/s36kj9f50vbk9pk8\" frameborder=\"0\" allow=\"camera;microphone;geolocation;display-capture;clipboard-write\" style=\"width:100%;height:608px;display:block;padding:0;margin:0\"><\/iframe><\/p><div style=\"display:flex;align-items:center;justify-content:end;margin:0;height:28px\"><a href=\"https:\/\/padlet.com?ref=embed\" style=\"display:block;flex-grow:0;margin:0;border:none;padding:0;text-decoration:none\" target=\"_blank\"><div style=\"display:flex;align-items:center\"><img decoding=\"async\" src=\"https:\/\/padlet.net\/embeds\/made_with_padlet_2022.png\" width=\"114\" height=\"28\" style=\"padding:0;margin:0;background:0 0;border:none;box-shadow:none\" alt=\"Made with Padlet\"><\/div><\/a><\/div><\/div>\n<\/div>\n\n\n\n<div class=\"wp-block-column is-layout-flow wp-block-column-is-layout-flow\">\n<div class=\"padlet-embed\" style=\"border-radius:2px;overflow:hidden;position:relative;width:100%;background:#F4F4F4\"><p style=\"padding:0;margin:0\"><iframe src=\"https:\/\/padlet.com\/embed\/gxi1zph0g9dpo4m0\" frameborder=\"0\" allow=\"camera;microphone;geolocation;display-capture;clipboard-write\" style=\"width:100%;height:608px;display:block;padding:0;margin:0\"><\/iframe><\/p><div style=\"display:flex;align-items:center;justify-content:end;margin:0;height:28px\"><a href=\"https:\/\/padlet.com?ref=embed\" style=\"display:block;flex-grow:0;margin:0;border:none;padding:0;text-decoration:none\" target=\"_blank\"><div style=\"display:flex;align-items:center\"><img decoding=\"async\" src=\"https:\/\/padlet.net\/embeds\/made_with_padlet_2022.png\" width=\"114\" height=\"28\" style=\"padding:0;margin:0;background:0 0;border:none;box-shadow:none\" alt=\"Made with Padlet\"><\/div><\/a><\/div><\/div>\n<\/div>\n<\/div>\n\n\n\n<div class=\"wp-block-columns is-layout-flex wp-container-core-columns-is-layout-28f84493 wp-block-columns-is-layout-flex\">\n<div class=\"wp-block-column is-layout-flow wp-block-column-is-layout-flow\">\n<iframe src=\"https:\/\/prezi.com\/p\/embed\/882V9IJdyESl5EqoAaIH\/\" id=\"iframe_container\" frameborder=\"0\" mozallowfullscreen=\"\" allowfullscreen=\"\" allow=\"autoplay; fullscreen\" height=\"315\" width=\"560\"><\/iframe>\n<\/div>\n\n\n\n<div class=\"wp-block-column is-layout-flow wp-block-column-is-layout-flow\">\n<iframe src=\"https:\/\/prezi.com\/p\/embed\/HTUwiglnTze2JiCn5I0B\/\" id=\"iframe_container\" frameborder=\"0\" mozallowfullscreen=\"\" allowfullscreen=\"\" allow=\"autoplay; fullscreen\" height=\"315\" width=\"560\"><\/iframe>\n<\/div>\n<\/div>\n","protected":false},"excerpt":{"rendered":"<p>Documentos TIC Jornal escolar<\/p>\n","protected":false},"author":24,"featured_media":0,"parent":0,"menu_order":0,"comment_status":"closed","ping_status":"closed","template":"","meta":{"site-sidebar-layout":"default","site-content-layout":"","ast-site-content-layout":"default","site-content-style":"default","site-sidebar-style":"default","ast-global-header-display":"","ast-banner-title-visibility":"","ast-main-header-display":"","ast-hfb-above-header-display":"","ast-hfb-below-header-display":"","ast-hfb-mobile-header-display":"","site-post-title":"","ast-breadcrumbs-content":"","ast-featured-img":"","footer-sml-layout":"","ast-disable-related-posts":"","theme-transparent-header-meta":"","adv-header-id-meta":"","stick-header-meta":"","header-above-stick-meta":"","header-main-stick-meta":"","header-below-stick-meta":"","astra-migrate-meta-layouts":"default","ast-page-background-enabled":"default","ast-page-background-meta":{"desktop":{"background-color":"var(--ast-global-color-5)","background-image":"","background-repeat":"repeat","background-position":"center center","background-size":"auto","background-attachment":"scroll","background-type":"","background-media":"","overlay-type":"","overlay-color":"","overlay-opacity":"","overlay-gradient":""},"tablet":{"background-color":"","background-image":"","background-repeat":"repeat","background-position":"center center","background-size":"auto","background-attachment":"scroll","background-type":"","background-media":"","overlay-type":"","overlay-color":"","overlay-opacity":"","overlay-gradient":""},"mobile":{"background-color":"","background-image":"","background-repeat":"repeat","background-position":"center center","background-size":"auto","background-attachment":"scroll","background-type":"","background-media":"","overlay-type":"","overlay-color":"","overlay-opacity":"","overlay-gradient":""}},"ast-content-background-meta":{"desktop":{"background-color":"var(--ast-global-color-4)","background-image":"","background-repeat":"repeat","background-position":"center center","background-size":"auto","background-attachment":"scroll","background-type":"","background-media":"","overlay-type":"","overlay-color":"","overlay-opacity":"","overlay-gradient":""},"tablet":{"background-color":"var(--ast-global-color-4)","background-image":"","background-repeat":"repeat","background-position":"center center","background-size":"auto","background-attachment":"scroll","background-type":"","background-media":"","overlay-type":"","overlay-color":"","overlay-opacity":"","overlay-gradient":""},"mobile":{"background-color":"var(--ast-global-color-4)","background-image":"","background-repeat":"repeat","background-position":"center center","background-size":"auto","background-attachment":"scroll","background-type":"","background-media":"","overlay-type":"","overlay-color":"","overlay-opacity":"","overlay-gradient":""}},"_themeisle_gutenberg_block_has_review":false,"footnotes":""},"class_list":["post-204","page","type-page","status-publish","hentry"],"_links":{"self":[{"href":"https:\/\/escoladigital.madeira.gov.pt\/eb1peapena\/wp-json\/wp\/v2\/pages\/204","targetHints":{"allow":["GET"]}}],"collection":[{"href":"https:\/\/escoladigital.madeira.gov.pt\/eb1peapena\/wp-json\/wp\/v2\/pages"}],"about":[{"href":"https:\/\/escoladigital.madeira.gov.pt\/eb1peapena\/wp-json\/wp\/v2\/types\/page"}],"author":[{"embeddable":true,"href":"https:\/\/escoladigital.madeira.gov.pt\/eb1peapena\/wp-json\/wp\/v2\/users\/24"}],"replies":[{"embeddable":true,"href":"https:\/\/escoladigital.madeira.gov.pt\/eb1peapena\/wp-json\/wp\/v2\/comments?post=204"}],"version-history":[{"count":16,"href":"https:\/\/escoladigital.madeira.gov.pt\/eb1peapena\/wp-json\/wp\/v2\/pages\/204\/revisions"}],"predecessor-version":[{"id":567,"href":"https:\/\/escoladigital.madeira.gov.pt\/eb1peapena\/wp-json\/wp\/v2\/pages\/204\/revisions\/567"}],"wp:attachment":[{"href":"https:\/\/escoladigital.madeira.gov.pt\/eb1peapena\/wp-json\/wp\/v2\/media?parent=204"}],"curies":[{"name":"wp","href":"https:\/\/api.w.org\/{rel}","templated":true}]}}