{"id":208,"date":"2025-11-26T14:25:12","date_gmt":"2025-11-26T14:25:12","guid":{"rendered":"https:\/\/escoladigital.madeira.gov.pt\/eb1peapena\/?page_id=208"},"modified":"2025-12-12T12:54:21","modified_gmt":"2025-12-12T12:54:21","slug":"aec","status":"publish","type":"page","link":"https:\/\/escoladigital.madeira.gov.pt\/eb1peapena\/aec\/","title":{"rendered":"AEC\/Projetos"},"content":{"rendered":"\n<figure class=\"wp-block-image aligncenter size-full is-resized\"><img fetchpriority=\"high\" decoding=\"async\" width=\"1024\" height=\"1024\" src=\"https:\/\/escoladigital.madeira.gov.pt\/eb1peapena\/wp-content\/uploads\/sites\/15\/2025\/12\/ChatGPT-Image-12_12_2025-11_06_50.png\" alt=\"\" class=\"wp-image-544\" style=\"width:350px\" srcset=\"https:\/\/escoladigital.madeira.gov.pt\/eb1peapena\/wp-content\/uploads\/sites\/15\/2025\/12\/ChatGPT-Image-12_12_2025-11_06_50.png 1024w, https:\/\/escoladigital.madeira.gov.pt\/eb1peapena\/wp-content\/uploads\/sites\/15\/2025\/12\/ChatGPT-Image-12_12_2025-11_06_50-300x300.png 300w, https:\/\/escoladigital.madeira.gov.pt\/eb1peapena\/wp-content\/uploads\/sites\/15\/2025\/12\/ChatGPT-Image-12_12_2025-11_06_50-150x150.png 150w, https:\/\/escoladigital.madeira.gov.pt\/eb1peapena\/wp-content\/uploads\/sites\/15\/2025\/12\/ChatGPT-Image-12_12_2025-11_06_50-768x768.png 768w\" sizes=\"(max-width: 1024px) 100vw, 1024px\" \/><\/figure>\n\n\n\n<p>            As atividades de enriquecimento curricular na Regi\u00e3o Aut\u00f3noma da Madeira oferecem aos alunos do primeiro ciclo oportunidades de aprendizagem que complementam o curr\u00edculo escolar. Estas atividades refor\u00e7am o desenvolvimento pessoal, social e cultural dos alunos atrav\u00e9s de experi\u00eancias l\u00fadicas, formativas, art\u00edsticas, tecnol\u00f3gicas e culturais. Incluem \u00e1reas como express\u00e3o pl\u00e1stica, express\u00e3o musical, movimento, literacia digital, inicia\u00e7\u00e3o \u00e0 programa\u00e7\u00e3o e rob\u00f3tica educativa, bem como projetos ligados ao ambiente, ao patrim\u00f3nio e \u00e0s tradi\u00e7\u00f5es madeirenses. Envolvem t\u00e9cnicos especializados e parcerias com entidades locais que trazem novas pr\u00e1ticas para o contexto escolar. Contribuem para o desenvolvimento de compet\u00eancias essenciais, estimulam a curiosidade, promovem a autonomia e fortalecem a liga\u00e7\u00e3o dos alunos ao territ\u00f3rio onde vivem.<\/p>\n","protected":false},"excerpt":{"rendered":"<p>As atividades de enriquecimento curricular na Regi\u00e3o Aut\u00f3noma da Madeira oferecem aos alunos do primeiro ciclo oportunidades de aprendizagem que [&hellip;]<\/p>\n","protected":false},"author":24,"featured_media":0,"parent":0,"menu_order":0,"comment_status":"closed","ping_status":"closed","template":"","meta":{"site-sidebar-layout":"default","site-content-layout":"","ast-site-content-layout":"default","site-content-style":"default","site-sidebar-style":"default","ast-global-header-display":"","ast-banner-title-visibility":"","ast-main-header-display":"","ast-hfb-above-header-display":"","ast-hfb-below-header-display":"","ast-hfb-mobile-header-display":"","site-post-title":"","ast-breadcrumbs-content":"","ast-featured-img":"","footer-sml-layout":"","ast-disable-related-posts":"","theme-transparent-header-meta":"","adv-header-id-meta":"","stick-header-meta":"","header-above-stick-meta":"","header-main-stick-meta":"","header-below-stick-meta":"","astra-migrate-meta-layouts":"default","ast-page-background-enabled":"default","ast-page-background-meta":{"desktop":{"background-color":"var(--ast-global-color-5)","background-image":"","background-repeat":"repeat","background-position":"center center","background-size":"auto","background-attachment":"scroll","background-type":"","background-media":"","overlay-type":"","overlay-color":"","overlay-opacity":"","overlay-gradient":""},"tablet":{"background-color":"","background-image":"","background-repeat":"repeat","background-position":"center center","background-size":"auto","background-attachment":"scroll","background-type":"","background-media":"","overlay-type":"","overlay-color":"","overlay-opacity":"","overlay-gradient":""},"mobile":{"background-color":"","background-image":"","background-repeat":"repeat","background-position":"center center","background-size":"auto","background-attachment":"scroll","background-type":"","background-media":"","overlay-type":"","overlay-color":"","overlay-opacity":"","overlay-gradient":""}},"ast-content-background-meta":{"desktop":{"background-color":"var(--ast-global-color-4)","background-image":"","background-repeat":"repeat","background-position":"center center","background-size":"auto","background-attachment":"scroll","background-type":"","background-media":"","overlay-type":"","overlay-color":"","overlay-opacity":"","overlay-gradient":""},"tablet":{"background-color":"var(--ast-global-color-4)","background-image":"","background-repeat":"repeat","background-position":"center center","background-size":"auto","background-attachment":"scroll","background-type":"","background-media":"","overlay-type":"","overlay-color":"","overlay-opacity":"","overlay-gradient":""},"mobile":{"background-color":"var(--ast-global-color-4)","background-image":"","background-repeat":"repeat","background-position":"center center","background-size":"auto","background-attachment":"scroll","background-type":"","background-media":"","overlay-type":"","overlay-color":"","overlay-opacity":"","overlay-gradient":""}},"_themeisle_gutenberg_block_has_review":false,"footnotes":""},"class_list":["post-208","page","type-page","status-publish","hentry"],"_links":{"self":[{"href":"https:\/\/escoladigital.madeira.gov.pt\/eb1peapena\/wp-json\/wp\/v2\/pages\/208","targetHints":{"allow":["GET"]}}],"collection":[{"href":"https:\/\/escoladigital.madeira.gov.pt\/eb1peapena\/wp-json\/wp\/v2\/pages"}],"about":[{"href":"https:\/\/escoladigital.madeira.gov.pt\/eb1peapena\/wp-json\/wp\/v2\/types\/page"}],"author":[{"embeddable":true,"href":"https:\/\/escoladigital.madeira.gov.pt\/eb1peapena\/wp-json\/wp\/v2\/users\/24"}],"replies":[{"embeddable":true,"href":"https:\/\/escoladigital.madeira.gov.pt\/eb1peapena\/wp-json\/wp\/v2\/comments?post=208"}],"version-history":[{"count":3,"href":"https:\/\/escoladigital.madeira.gov.pt\/eb1peapena\/wp-json\/wp\/v2\/pages\/208\/revisions"}],"predecessor-version":[{"id":546,"href":"https:\/\/escoladigital.madeira.gov.pt\/eb1peapena\/wp-json\/wp\/v2\/pages\/208\/revisions\/546"}],"wp:attachment":[{"href":"https:\/\/escoladigital.madeira.gov.pt\/eb1peapena\/wp-json\/wp\/v2\/media?parent=208"}],"curies":[{"name":"wp","href":"https:\/\/api.w.org\/{rel}","templated":true}]}}