{"id":58,"date":"2025-11-20T12:14:43","date_gmt":"2025-11-20T12:14:43","guid":{"rendered":"https:\/\/escoladigital.madeira.gov.pt\/eb1peapena\/?page_id=58"},"modified":"2025-12-12T12:51:40","modified_gmt":"2025-12-12T12:51:40","slug":"eb1-pe-creche-de-agua-de-pena","status":"publish","type":"page","link":"https:\/\/escoladigital.madeira.gov.pt\/eb1peapena\/","title":{"rendered":"Escola"},"content":{"rendered":"\n<div id=\"wp-block-themeisle-blocks-slider-1f553135\" class=\"wp-block-themeisle-blocks-slider alignwide glide\" data-per-view=\"3\" data-gap=\"16\" data-peek=\"5\" data-autoplay=\"3000\" data-height=\"400px\" data-hide-arrows=\"false\" data-transition=\"linear\"><div class=\"glide__track\" data-glide-el=\"track\"><div class=\"glide__slides\"><div class=\"wp-block-themeisle-blocks-slider-item-wrapper glide__slide\"><figure><img decoding=\"async\" class=\"wp-block-themeisle-blocks-slider-item\" src=\"https:\/\/escoladigital.madeira.gov.pt\/eb1peapena\/wp-content\/uploads\/sites\/15\/2025\/12\/20251202_085656-scaled.jpg\" alt=\"\" title=\"\" data-id=\"251\" \/><figcaption>Entrada da escola<\/figcaption><\/figure><\/div><div class=\"wp-block-themeisle-blocks-slider-item-wrapper glide__slide\"><figure><img decoding=\"async\" class=\"wp-block-themeisle-blocks-slider-item\" src=\"https:\/\/escoladigital.madeira.gov.pt\/eb1peapena\/wp-content\/uploads\/sites\/15\/2025\/12\/20251202_104629-scaled.jpg\" alt=\"\" title=\"\" data-id=\"261\" \/><figcaption>Sala de curricular<\/figcaption><\/figure><\/div><div class=\"wp-block-themeisle-blocks-slider-item-wrapper glide__slide\"><figure><img decoding=\"async\" class=\"wp-block-themeisle-blocks-slider-item\" src=\"https:\/\/escoladigital.madeira.gov.pt\/eb1peapena\/wp-content\/uploads\/sites\/15\/2025\/12\/20251202_085500-scaled.jpg\" alt=\"\" title=\"\" data-id=\"260\" \/><figcaption>Corredor do 1\u00ba andar<\/figcaption><\/figure><\/div><div class=\"wp-block-themeisle-blocks-slider-item-wrapper glide__slide\"><figure><img decoding=\"async\" class=\"wp-block-themeisle-blocks-slider-item\" src=\"https:\/\/escoladigital.madeira.gov.pt\/eb1peapena\/wp-content\/uploads\/sites\/15\/2025\/12\/20251202_085447-scaled.jpg\" alt=\"\" title=\"\" data-id=\"259\" \/><figcaption>Sala de TIC<\/figcaption><\/figure><\/div><div class=\"wp-block-themeisle-blocks-slider-item-wrapper glide__slide\"><figure><img decoding=\"async\" class=\"wp-block-themeisle-blocks-slider-item\" src=\"https:\/\/escoladigital.madeira.gov.pt\/eb1peapena\/wp-content\/uploads\/sites\/15\/2025\/12\/20251202_104613-scaled.jpg\" alt=\"\" title=\"\" data-id=\"257\" \/><figcaption>Sala de curricular<\/figcaption><\/figure><\/div><div class=\"wp-block-themeisle-blocks-slider-item-wrapper glide__slide\"><figure><img decoding=\"async\" class=\"wp-block-themeisle-blocks-slider-item\" src=\"https:\/\/escoladigital.madeira.gov.pt\/eb1peapena\/wp-content\/uploads\/sites\/15\/2025\/12\/20251202_085816-scaled.jpg\" alt=\"\" title=\"\" data-id=\"256\" \/><figcaption>Campo da escola<\/figcaption><\/figure><\/div><div class=\"wp-block-themeisle-blocks-slider-item-wrapper glide__slide\"><figure><img decoding=\"async\" class=\"wp-block-themeisle-blocks-slider-item\" src=\"https:\/\/escoladigital.madeira.gov.pt\/eb1peapena\/wp-content\/uploads\/sites\/15\/2025\/12\/20251202_090110-scaled.jpg\" alt=\"\" title=\"\" data-id=\"255\" \/><figcaption>Sala de Estudo \/Biblioteca<\/figcaption><\/figure><\/div><div class=\"wp-block-themeisle-blocks-slider-item-wrapper glide__slide\"><figure><img decoding=\"async\" class=\"wp-block-themeisle-blocks-slider-item\" src=\"https:\/\/escoladigital.madeira.gov.pt\/eb1peapena\/wp-content\/uploads\/sites\/15\/2025\/12\/20251202_090029-scaled.jpg\" alt=\"\" title=\"\" data-id=\"254\" \/><figcaption>Acesso ao anexo<\/figcaption><\/figure><\/div><div class=\"wp-block-themeisle-blocks-slider-item-wrapper glide__slide\"><figure><img decoding=\"async\" class=\"wp-block-themeisle-blocks-slider-item\" src=\"https:\/\/escoladigital.madeira.gov.pt\/eb1peapena\/wp-content\/uploads\/sites\/15\/2025\/12\/20251202_090059-scaled.jpg\" alt=\"\" title=\"\" data-id=\"253\" \/><figcaption>Sala de apoio<\/figcaption><\/figure><\/div><div class=\"wp-block-themeisle-blocks-slider-item-wrapper glide__slide\"><figure><img decoding=\"async\" class=\"wp-block-themeisle-blocks-slider-item\" src=\"https:\/\/escoladigital.madeira.gov.pt\/eb1peapena\/wp-content\/uploads\/sites\/15\/2025\/12\/20251202_085847-scaled.jpg\" alt=\"\" title=\"\" data-id=\"245\" \/><figcaption>Parque da escola<\/figcaption><\/figure><\/div><div class=\"wp-block-themeisle-blocks-slider-item-wrapper glide__slide\"><figure><img decoding=\"async\" class=\"wp-block-themeisle-blocks-slider-item\" src=\"https:\/\/escoladigital.madeira.gov.pt\/eb1peapena\/wp-content\/uploads\/sites\/15\/2025\/12\/20251202_085547-scaled.jpg\" alt=\"\" title=\"\" data-id=\"246\" \/><figcaption>Horta da Escola<\/figcaption><\/figure><\/div><div class=\"wp-block-themeisle-blocks-slider-item-wrapper glide__slide\"><figure><img decoding=\"async\" class=\"wp-block-themeisle-blocks-slider-item\" src=\"https:\/\/escoladigital.madeira.gov.pt\/eb1peapena\/wp-content\/uploads\/sites\/15\/2025\/12\/20251202_085535-scaled.jpg\" alt=\"\" title=\"\" data-id=\"247\" \/><figcaption>Horta da escola<\/figcaption><\/figure><\/div><div class=\"wp-block-themeisle-blocks-slider-item-wrapper glide__slide\"><figure><img decoding=\"async\" class=\"wp-block-themeisle-blocks-slider-item\" src=\"https:\/\/escoladigital.madeira.gov.pt\/eb1peapena\/wp-content\/uploads\/sites\/15\/2025\/12\/20251202_085635-scaled.jpg\" alt=\"\" title=\"\" data-id=\"249\" \/><figcaption>Escada de acesso ao 1\u00ba andar<\/figcaption><\/figure><\/div><div class=\"wp-block-themeisle-blocks-slider-item-wrapper glide__slide\"><figure><img decoding=\"async\" class=\"wp-block-themeisle-blocks-slider-item\" src=\"https:\/\/escoladigital.madeira.gov.pt\/eb1peapena\/wp-content\/uploads\/sites\/15\/2025\/12\/20251202_085525-scaled.jpg\" alt=\"\" title=\"\" data-id=\"248\" \/><figcaption>Corredor do 1\u00ba andar<\/figcaption><\/figure><\/div><div class=\"wp-block-themeisle-blocks-slider-item-wrapper glide__slide\"><figure><img decoding=\"async\" class=\"wp-block-themeisle-blocks-slider-item\" src=\"https:\/\/escoladigital.madeira.gov.pt\/eb1peapena\/wp-content\/uploads\/sites\/15\/2025\/12\/20251202_085945-scaled.jpg\" alt=\"\" title=\"\" data-id=\"250\" \/><figcaption>Polivalente<\/figcaption><\/figure><\/div><div class=\"wp-block-themeisle-blocks-slider-item-wrapper glide__slide\"><figure><img decoding=\"async\" class=\"wp-block-themeisle-blocks-slider-item\" src=\"https:\/\/escoladigital.madeira.gov.pt\/eb1peapena\/wp-content\/uploads\/sites\/15\/2025\/12\/20251202_090051-scaled.jpg\" alt=\"\" title=\"\" data-id=\"252\" \/><figcaption>Corredor <\/figcaption><\/figure><\/div><div class=\"wp-block-themeisle-blocks-slider-item-wrapper glide__slide\"><figure><img decoding=\"async\" class=\"wp-block-themeisle-blocks-slider-item\" src=\"https:\/\/escoladigital.madeira.gov.pt\/eb1peapena\/wp-content\/uploads\/sites\/15\/2025\/12\/20251202_085425-scaled.jpg\" alt=\"\" title=\"\" data-id=\"244\" \/><figcaption>Sala de TIC<\/figcaption><\/figure><\/div><\/div><\/div><\/div>\n\n\n\n<div class=\"wp-block-columns alignwide is-layout-flex wp-container-core-columns-is-layout-28f84493 wp-block-columns-is-layout-flex\">\n<div class=\"wp-block-column is-layout-flow wp-block-column-is-layout-flow\">\n<p>            A EB1\/PE e Creche \u00e9 composta por dois edif\u00edcios escolares no Concelho de Machico, freguesia de \u00c1gua de Pena. O edif\u00edcio principal, inaugurado a 24 de setembro de 1985, situa-se no Caminho Francisco Freitas Branco, n\u00ba 2, na freguesia de \u00c1gua de Pena e o Edif\u00edcio Creche O B\u00fazio, inaugurado 06 julho de 2004, situa-se na Travessa do Cemit\u00e9rio, n\u00ba 7 na mesma freguesia.<\/p>\n\n\n\n<p>            A Creche \u201cO B\u00fazio\u201d fundiu-se no ano letivo 2016\/2017 com a EB1\/PE de \u00c1gua de Pena, passando-se a designar EB1\/PE\/Creche de \u00c1gua de Pena.\u00a0A freguesia situa-se na costa sul da ilha da Madeira, pertence ao Concelho de Machico, confrontando a Norte com as freguesias de Machico e Santo Ant\u00f3nio da Serra, a Sul com a freguesia de Santa Cruz, a Este com o Oceano Atl\u00e2ntico e a Oeste com a freguesia de Santa Cruz e do Santo da Serra, distando do Funchal cerca de 20km.<\/p>\n\n\n<div style=\"height:400pxpx;\" class=\"wp-block-themeisle-blocks-leaflet-map\" id=\"wp-block-themeisle-blocks-leaflet-map-e33c0f2f\"><\/div>\n<script type=\"text\/javascript\">\n\t\/* <![CDATA[ *\/\n\t\tif ( ! window.themeisleLeafletMaps ) window.themeisleLeafletMaps =[];\n\t\twindow.themeisleLeafletMaps.push( { container: \"wp-block-themeisle-blocks-leaflet-map-e33c0f2f\", attributes: {\"id\":\"wp-block-themeisle-blocks-leaflet-map-e33c0f2f\",\"latitude\":\"32.706083743948135\",\"longitude\":\"-16.77164888204236\",\"bbox\":\"-16.773226020943117,32.70518095780827,-16.770071743141603,32.706986520953805\",\"zoom\":18,\"markers\":[{\"id\":\"b4339198-7ef0-4320-b23d-2e053bfca43f\",\"latitude\":32.706083743948135,\"longitude\":-16.77164888204236,\"title\":\"EB1\\\/PE\\\/Creche de \\u00c1gua de Pena\",\"description\":\"\"}],\"location\":\"La Sagrada Familia, Barcelona, Spain\",\"height\":\"400px\",\"zoomControl\":true,\"draggable\":true,\"hasCustomCSS\":false,\"customCSS\":\"\",\"otterConditions\":[]} } );\n\t\/* ]]> *\/\n<\/script>\n<\/div>\n\n\n\n<div class=\"wp-block-column is-layout-flow wp-block-column-is-layout-flow\"><div class=\"is-style-boxed wp-block-themeisle-blocks-posts-grid\" id=\"wp-block-themeisle-blocks-posts-grid-6b27c387\"><div class=\"is-list\"><div class=\"o-posts-grid-post-blog o-posts-grid-post-plain\"><div class=\"o-posts-grid-post\"><div class=\"o-posts-grid-post-image\"><a href=\"https:\/\/escoladigital.madeira.gov.pt\/eb1peapena\/2026\/04\/23\/2o-desafio-seguranet\/\"><img fetchpriority=\"high\" decoding=\"async\" width=\"1442\" height=\"2560\" src=\"https:\/\/escoladigital.madeira.gov.pt\/eb1peapena\/wp-content\/uploads\/sites\/15\/2026\/04\/20260423_112034-scaled.jpg\" class=\"attachment-full size-full\" alt=\"2\u00ba Desafio Seguranet\" srcset=\"https:\/\/escoladigital.madeira.gov.pt\/eb1peapena\/wp-content\/uploads\/sites\/15\/2026\/04\/20260423_112034-scaled.jpg 1442w, https:\/\/escoladigital.madeira.gov.pt\/eb1peapena\/wp-content\/uploads\/sites\/15\/2026\/04\/20260423_112034-169x300.jpg 169w, https:\/\/escoladigital.madeira.gov.pt\/eb1peapena\/wp-content\/uploads\/sites\/15\/2026\/04\/20260423_112034-577x1024.jpg 577w, https:\/\/escoladigital.madeira.gov.pt\/eb1peapena\/wp-content\/uploads\/sites\/15\/2026\/04\/20260423_112034-768x1364.jpg 768w, https:\/\/escoladigital.madeira.gov.pt\/eb1peapena\/wp-content\/uploads\/sites\/15\/2026\/04\/20260423_112034-865x1536.jpg 865w, https:\/\/escoladigital.madeira.gov.pt\/eb1peapena\/wp-content\/uploads\/sites\/15\/2026\/04\/20260423_112034-1153x2048.jpg 1153w\" sizes=\"(max-width: 1442px) 100vw, 1442px\" \/><\/a><\/div><div class=\"o-posts-grid-post-body\"><h4 class=\"o-posts-grid-post-title\"><a href=\"https:\/\/escoladigital.madeira.gov.pt\/eb1peapena\/2026\/04\/23\/2o-desafio-seguranet\/\">2\u00ba Desafio Seguranet<\/a><\/h4><div class=\"o-posts-grid-post-description\"><p><\/p><\/div><\/div><\/div><\/div><div class=\"o-posts-grid-post-blog o-posts-grid-post-plain\"><div class=\"o-posts-grid-post\"><div class=\"o-posts-grid-post-image\"><a href=\"https:\/\/escoladigital.madeira.gov.pt\/eb1peapena\/2025\/12\/11\/trabalhos-de-natal\/\"><img decoding=\"async\" width=\"1441\" height=\"2560\" src=\"https:\/\/escoladigital.madeira.gov.pt\/eb1peapena\/wp-content\/uploads\/sites\/15\/2025\/12\/20251128_121220-scaled.jpg\" class=\"attachment-full size-full\" alt=\"Trabalhos de natal\" srcset=\"https:\/\/escoladigital.madeira.gov.pt\/eb1peapena\/wp-content\/uploads\/sites\/15\/2025\/12\/20251128_121220-scaled.jpg 1441w, https:\/\/escoladigital.madeira.gov.pt\/eb1peapena\/wp-content\/uploads\/sites\/15\/2025\/12\/20251128_121220-169x300.jpg 169w, https:\/\/escoladigital.madeira.gov.pt\/eb1peapena\/wp-content\/uploads\/sites\/15\/2025\/12\/20251128_121220-577x1024.jpg 577w, https:\/\/escoladigital.madeira.gov.pt\/eb1peapena\/wp-content\/uploads\/sites\/15\/2025\/12\/20251128_121220-768x1364.jpg 768w, https:\/\/escoladigital.madeira.gov.pt\/eb1peapena\/wp-content\/uploads\/sites\/15\/2025\/12\/20251128_121220-865x1536.jpg 865w, https:\/\/escoladigital.madeira.gov.pt\/eb1peapena\/wp-content\/uploads\/sites\/15\/2025\/12\/20251128_121220-1153x2048.jpg 1153w\" sizes=\"(max-width: 1441px) 100vw, 1441px\" \/><\/a><\/div><div class=\"o-posts-grid-post-body\"><h4 class=\"o-posts-grid-post-title\"><a href=\"https:\/\/escoladigital.madeira.gov.pt\/eb1peapena\/2025\/12\/11\/trabalhos-de-natal\/\">Trabalhos de natal<\/a><\/h4><div class=\"o-posts-grid-post-description\"><p>A escola apresenta este ano uma decora\u00e7\u00e3o de Natal que valoriza a criatividade e o envolvimento da c\u2026<\/p><\/div><\/div><\/div><\/div><div class=\"o-posts-grid-post-blog o-posts-grid-post-plain\"><div class=\"o-posts-grid-post\"><div class=\"o-posts-grid-post-image\"><a href=\"https:\/\/escoladigital.madeira.gov.pt\/eb1peapena\/2025\/12\/02\/desportoescolar\/\"><img decoding=\"async\" width=\"1148\" height=\"2040\" src=\"https:\/\/escoladigital.madeira.gov.pt\/eb1peapena\/wp-content\/uploads\/sites\/15\/2025\/12\/IMG-20251107-WA0029.jpg\" class=\"attachment-full size-full\" alt=\"Desporto Escolar\" srcset=\"https:\/\/escoladigital.madeira.gov.pt\/eb1peapena\/wp-content\/uploads\/sites\/15\/2025\/12\/IMG-20251107-WA0029.jpg 1148w, https:\/\/escoladigital.madeira.gov.pt\/eb1peapena\/wp-content\/uploads\/sites\/15\/2025\/12\/IMG-20251107-WA0029-169x300.jpg 169w, https:\/\/escoladigital.madeira.gov.pt\/eb1peapena\/wp-content\/uploads\/sites\/15\/2025\/12\/IMG-20251107-WA0029-576x1024.jpg 576w, https:\/\/escoladigital.madeira.gov.pt\/eb1peapena\/wp-content\/uploads\/sites\/15\/2025\/12\/IMG-20251107-WA0029-768x1365.jpg 768w, https:\/\/escoladigital.madeira.gov.pt\/eb1peapena\/wp-content\/uploads\/sites\/15\/2025\/12\/IMG-20251107-WA0029-864x1536.jpg 864w\" sizes=\"(max-width: 1148px) 100vw, 1148px\" \/><\/a><\/div><div class=\"o-posts-grid-post-body\"><h4 class=\"o-posts-grid-post-title\"><a href=\"https:\/\/escoladigital.madeira.gov.pt\/eb1peapena\/2025\/12\/02\/desportoescolar\/\">Desporto Escolar<\/a><\/h4><div class=\"o-posts-grid-post-description\"><p>Os alunos do 2.\u00ba ano participaram na tarde do 5 de novembro no Desporto Escolar, numa atividade de a\u2026<\/p><\/div><\/div><\/div><\/div><\/div> <div class=\"o-posts-grid-pag\"><span aria-current=\"page\" class=\"page-numbers current\">1<\/span>\n<a class=\"page-numbers\" href=\"https:\/\/escoladigital.madeira.gov.pt\/eb1peapena\/wp-json\/wp\/v2\/pages\/58\/?paged=2\">2<\/a>\n<a class=\"next page-numbers\" href=\"https:\/\/escoladigital.madeira.gov.pt\/eb1peapena\/wp-json\/wp\/v2\/pages\/58\/?paged=2\">Next<\/a><\/div><\/div><\/div>\n<\/div>\n","protected":false},"excerpt":{"rendered":"<p>A EB1\/PE e Creche \u00e9 composta por dois edif\u00edcios escolares no Concelho de Machico, freguesia de \u00c1gua de Pena. O [&hellip;]<\/p>\n","protected":false},"author":24,"featured_media":0,"parent":0,"menu_order":0,"comment_status":"closed","ping_status":"closed","template":"","meta":{"site-sidebar-layout":"default","site-content-layout":"","ast-site-content-layout":"default","site-content-style":"default","site-sidebar-style":"default","ast-global-header-display":"","ast-banner-title-visibility":"","ast-main-header-display":"","ast-hfb-above-header-display":"","ast-hfb-below-header-display":"","ast-hfb-mobile-header-display":"","site-post-title":"disabled","ast-breadcrumbs-content":"","ast-featured-img":"","footer-sml-layout":"","ast-disable-related-posts":"","theme-transparent-header-meta":"","adv-header-id-meta":"","stick-header-meta":"","header-above-stick-meta":"","header-main-stick-meta":"","header-below-stick-meta":"","astra-migrate-meta-layouts":"default","ast-page-background-enabled":"default","ast-page-background-meta":{"desktop":{"background-color":"var(--ast-global-color-5)","background-image":"","background-repeat":"repeat","background-position":"center center","background-size":"auto","background-attachment":"scroll","background-type":"","background-media":"","overlay-type":"","overlay-color":"","overlay-opacity":"","overlay-gradient":""},"tablet":{"background-color":"","background-image":"","background-repeat":"repeat","background-position":"center center","background-size":"auto","background-attachment":"scroll","background-type":"","background-media":"","overlay-type":"","overlay-color":"","overlay-opacity":"","overlay-gradient":""},"mobile":{"background-color":"","background-image":"","background-repeat":"repeat","background-position":"center center","background-size":"auto","background-attachment":"scroll","background-type":"","background-media":"","overlay-type":"","overlay-color":"","overlay-opacity":"","overlay-gradient":""}},"ast-content-background-meta":{"desktop":{"background-color":"var(--ast-global-color-4)","background-image":"","background-repeat":"repeat","background-position":"center center","background-size":"auto","background-attachment":"scroll","background-type":"","background-media":"","overlay-type":"","overlay-color":"","overlay-opacity":"","overlay-gradient":""},"tablet":{"background-color":"var(--ast-global-color-4)","background-image":"","background-repeat":"repeat","background-position":"center center","background-size":"auto","background-attachment":"scroll","background-type":"","background-media":"","overlay-type":"","overlay-color":"","overlay-opacity":"","overlay-gradient":""},"mobile":{"background-color":"var(--ast-global-color-4)","background-image":"","background-repeat":"repeat","background-position":"center center","background-size":"auto","background-attachment":"scroll","background-type":"","background-media":"","overlay-type":"","overlay-color":"","overlay-opacity":"","overlay-gradient":""}},"_themeisle_gutenberg_block_has_review":false,"footnotes":""},"class_list":["post-58","page","type-page","status-publish","hentry"],"_links":{"self":[{"href":"https:\/\/escoladigital.madeira.gov.pt\/eb1peapena\/wp-json\/wp\/v2\/pages\/58","targetHints":{"allow":["GET"]}}],"collection":[{"href":"https:\/\/escoladigital.madeira.gov.pt\/eb1peapena\/wp-json\/wp\/v2\/pages"}],"about":[{"href":"https:\/\/escoladigital.madeira.gov.pt\/eb1peapena\/wp-json\/wp\/v2\/types\/page"}],"author":[{"embeddable":true,"href":"https:\/\/escoladigital.madeira.gov.pt\/eb1peapena\/wp-json\/wp\/v2\/users\/24"}],"replies":[{"embeddable":true,"href":"https:\/\/escoladigital.madeira.gov.pt\/eb1peapena\/wp-json\/wp\/v2\/comments?post=58"}],"version-history":[{"count":88,"href":"https:\/\/escoladigital.madeira.gov.pt\/eb1peapena\/wp-json\/wp\/v2\/pages\/58\/revisions"}],"predecessor-version":[{"id":580,"href":"https:\/\/escoladigital.madeira.gov.pt\/eb1peapena\/wp-json\/wp\/v2\/pages\/58\/revisions\/580"}],"wp:attachment":[{"href":"https:\/\/escoladigital.madeira.gov.pt\/eb1peapena\/wp-json\/wp\/v2\/media?parent=58"}],"curies":[{"name":"wp","href":"https:\/\/api.w.org\/{rel}","templated":true}]}}