{"id":18,"date":"2024-11-27T15:21:30","date_gmt":"2024-11-27T15:21:30","guid":{"rendered":"https:\/\/escoladigital.madeira.gov.pt\/eb1peareeirolombada\/?page_id=18"},"modified":"2025-12-10T12:55:21","modified_gmt":"2025-12-10T12:55:21","slug":"documentos-2","status":"publish","type":"page","link":"https:\/\/escoladigital.madeira.gov.pt\/eb1peareeirolombada\/documentos-2\/","title":{"rendered":"Not\u00edcias"},"content":{"rendered":"<div class=\"is-style-boxed wp-block-themeisle-blocks-posts-grid\" id=\"wp-block-themeisle-blocks-posts-grid-1466b1c6\"><div class=\"is-grid o-posts-grid-columns-3\"><div class=\"o-posts-grid-post-blog o-posts-grid-post-plain\"><div class=\"o-posts-grid-post\"><div class=\"o-posts-grid-post-body is-full\"><span class=\"o-posts-grid-post-category\"><a href=\"https:\/\/escoladigital.madeira.gov.pt\/eb1peareeirolombada\/category\/noticias\/\">Not\u00edcias<\/a><\/span><h4 class=\"o-posts-grid-post-title\"><a href=\"https:\/\/escoladigital.madeira.gov.pt\/eb1peareeirolombada\/2026\/01\/23\/v-de-vulcao\/\">V de Vulc\u00e3o<\/a><\/h4><p class=\"o-posts-grid-post-meta\">  <time datetime=\"2026-01-23T11:49:16+00:00\">23\/01\/2026<\/time> by <a href=\"https:\/\/escoladigital.madeira.gov.pt\/eb1peareeirolombada\/author\/crisfaia25\/\">crisfaia25<\/a><\/p><div class=\"o-posts-grid-post-description\"><p>A turma do primeiro ano A trabalhou a letra V de forma muito especial, atrav\u00e9s de uma atividade dedi\u2026<\/p><\/div><\/div><\/div><\/div><div class=\"o-posts-grid-post-blog o-posts-grid-post-plain\"><div class=\"o-posts-grid-post\"><div class=\"o-posts-grid-post-body is-full\"><span class=\"o-posts-grid-post-category\"><a href=\"https:\/\/escoladigital.madeira.gov.pt\/eb1peareeirolombada\/category\/aecs\/\">AECs<\/a><\/span><h4 class=\"o-posts-grid-post-title\"><a href=\"https:\/\/escoladigital.madeira.gov.pt\/eb1peareeirolombada\/2026\/01\/23\/o-sapo-no-inverno\/\">O Sapo no Inverno<\/a><\/h4><p class=\"o-posts-grid-post-meta\">  <time datetime=\"2026-01-23T11:48:06+00:00\">23\/01\/2026<\/time> by <a href=\"https:\/\/escoladigital.madeira.gov.pt\/eb1peareeirolombada\/author\/crisfaia25\/\">crisfaia25<\/a><\/p><div class=\"o-posts-grid-post-description\"><p>Alunos do 1.\u00ba Ciclo descobrem o prazer de ilustrar com \u201cO Sapo no Inverno\u201d Ao longo das \u00faltimas sema\u2026<\/p><\/div><\/div><\/div><\/div><div class=\"o-posts-grid-post-blog o-posts-grid-post-plain\"><div class=\"o-posts-grid-post\"><div class=\"o-posts-grid-post-body is-full\"><span class=\"o-posts-grid-post-category\"><a href=\"https:\/\/escoladigital.madeira.gov.pt\/eb1peareeirolombada\/category\/noticias\/\">Not\u00edcias<\/a><\/span><h4 class=\"o-posts-grid-post-title\"><a href=\"https:\/\/escoladigital.madeira.gov.pt\/eb1peareeirolombada\/2026\/01\/23\/dia-de-santo-amaro-varrer-dos-armarios\/\">Dia de Santo Amaro \u2013 \u201cVarrer dos Arm\u00e1rios\u201d<\/a><\/h4><p class=\"o-posts-grid-post-meta\">  <time datetime=\"2026-01-23T11:45:09+00:00\">23\/01\/2026<\/time> by <a href=\"https:\/\/escoladigital.madeira.gov.pt\/eb1peareeirolombada\/author\/crisfaia25\/\">crisfaia25<\/a><\/p><div class=\"o-posts-grid-post-description\"><p>O Dia de Santo Amaro foi vivido por toda a escola com alegria, criatividade e esp\u00edrito de comunidade\u2026<\/p><\/div><\/div><\/div><\/div><div class=\"o-posts-grid-post-blog o-posts-grid-post-plain\"><div class=\"o-posts-grid-post\"><div class=\"o-posts-grid-post-body is-full\"><span class=\"o-posts-grid-post-category\"><a href=\"https:\/\/escoladigital.madeira.gov.pt\/eb1peareeirolombada\/category\/eco-escolas\/\">Eco-Escolas<\/a><\/span><h4 class=\"o-posts-grid-post-title\"><a href=\"https:\/\/escoladigital.madeira.gov.pt\/eb1peareeirolombada\/2026\/01\/23\/sensibilizacao-sobre-residuos-solidos-urbanos\/\">Sensibiliza\u00e7\u00e3o sobre Res\u00edduos S\u00f3lidos Urbanos<\/a><\/h4><p class=\"o-posts-grid-post-meta\">  <time datetime=\"2026-01-23T11:41:42+00:00\">23\/01\/2026<\/time> by <a href=\"https:\/\/escoladigital.madeira.gov.pt\/eb1peareeirolombada\/author\/crisfaia25\/\">crisfaia25<\/a><\/p><div class=\"o-posts-grid-post-description\"><p>A nossa escola recebeu a visita de um colaborador da C\u00e2mara Municipal do Funchal, parceiro do Progra\u2026<\/p><\/div><\/div><\/div><\/div><div class=\"o-posts-grid-post-blog o-posts-grid-post-plain\"><div class=\"o-posts-grid-post\"><div class=\"o-posts-grid-post-body is-full\"><span class=\"o-posts-grid-post-category\"><a href=\"https:\/\/escoladigital.madeira.gov.pt\/eb1peareeirolombada\/category\/aecs\/\">AECs<\/a><\/span><h4 class=\"o-posts-grid-post-title\"><a href=\"https:\/\/escoladigital.madeira.gov.pt\/eb1peareeirolombada\/2026\/01\/23\/contigo-floresta\/\">Contigo Floresta<\/a><\/h4><p class=\"o-posts-grid-post-meta\">  <time datetime=\"2026-01-23T11:39:41+00:00\">23\/01\/2026<\/time> by <a href=\"https:\/\/escoladigital.madeira.gov.pt\/eb1peareeirolombada\/author\/crisfaia25\/\">crisfaia25<\/a><\/p><div class=\"o-posts-grid-post-description\"><p>Eco-Escolas promove a\u00e7\u00e3o de sensibiliza\u00e7\u00e3o sobre as Florestas &#8211; \u201cContigo Floresta\u201dNo \u00e2mbito do\u2026<\/p><\/div><\/div><\/div><\/div><div class=\"o-posts-grid-post-blog o-posts-grid-post-plain\"><div class=\"o-posts-grid-post\"><div class=\"o-posts-grid-post-body is-full\"><span class=\"o-posts-grid-post-category\"><a href=\"https:\/\/escoladigital.madeira.gov.pt\/eb1peareeirolombada\/category\/noticias\/\">Not\u00edcias<\/a><\/span><h4 class=\"o-posts-grid-post-title\"><a href=\"https:\/\/escoladigital.madeira.gov.pt\/eb1peareeirolombada\/2026\/01\/23\/festa-de-natal\/\">Festa de Natal<\/a><\/h4><p class=\"o-posts-grid-post-meta\">  <time datetime=\"2026-01-23T11:36:09+00:00\">23\/01\/2026<\/time> by <a href=\"https:\/\/escoladigital.madeira.gov.pt\/eb1peareeirolombada\/author\/crisfaia25\/\">crisfaia25<\/a><\/p><div class=\"o-posts-grid-post-description\"><p>Na passada ter\u00e7a-feira, a nossa escola encheu-se de alegria, sorrisos e esp\u00edrito natal\u00edcio com a Fes\u2026<\/p><\/div><\/div><\/div><\/div><\/div> <\/div>","protected":false},"excerpt":{"rendered":"","protected":false},"author":61,"featured_media":0,"parent":0,"menu_order":0,"comment_status":"closed","ping_status":"closed","template":"","meta":{"site-sidebar-layout":"default","site-content-layout":"","ast-site-content-layout":"default","site-content-style":"default","site-sidebar-style":"default","ast-global-header-display":"","ast-banner-title-visibility":"","ast-main-header-display":"","ast-hfb-above-header-display":"","ast-hfb-below-header-display":"","ast-hfb-mobile-header-display":"","site-post-title":"","ast-breadcrumbs-content":"","ast-featured-img":"","footer-sml-layout":"","ast-disable-related-posts":"","theme-transparent-header-meta":"","adv-header-id-meta":"","stick-header-meta":"","header-above-stick-meta":"","header-main-stick-meta":"","header-below-stick-meta":"","astra-migrate-meta-layouts":"default","ast-page-background-enabled":"default","ast-page-background-meta":{"desktop":{"background-color":"var(--ast-global-color-4)","background-image":"","background-repeat":"repeat","background-position":"center center","background-size":"auto","background-attachment":"scroll","background-type":"","background-media":"","overlay-type":"","overlay-color":"","overlay-opacity":"","overlay-gradient":""},"tablet":{"background-color":"","background-image":"","background-repeat":"repeat","background-position":"center center","background-size":"auto","background-attachment":"scroll","background-type":"","background-media":"","overlay-type":"","overlay-color":"","overlay-opacity":"","overlay-gradient":""},"mobile":{"background-color":"","background-image":"","background-repeat":"repeat","background-position":"center center","background-size":"auto","background-attachment":"scroll","background-type":"","background-media":"","overlay-type":"","overlay-color":"","overlay-opacity":"","overlay-gradient":""}},"ast-content-background-meta":{"desktop":{"background-color":"var(--ast-global-color-5)","background-image":"","background-repeat":"repeat","background-position":"center center","background-size":"auto","background-attachment":"scroll","background-type":"","background-media":"","overlay-type":"","overlay-color":"","overlay-opacity":"","overlay-gradient":""},"tablet":{"background-color":"var(--ast-global-color-5)","background-image":"","background-repeat":"repeat","background-position":"center center","background-size":"auto","background-attachment":"scroll","background-type":"","background-media":"","overlay-type":"","overlay-color":"","overlay-opacity":"","overlay-gradient":""},"mobile":{"background-color":"var(--ast-global-color-5)","background-image":"","background-repeat":"repeat","background-position":"center center","background-size":"auto","background-attachment":"scroll","background-type":"","background-media":"","overlay-type":"","overlay-color":"","overlay-opacity":"","overlay-gradient":""}},"_themeisle_gutenberg_block_has_review":false,"footnotes":""},"class_list":["post-18","page","type-page","status-publish","hentry"],"_links":{"self":[{"href":"https:\/\/escoladigital.madeira.gov.pt\/eb1peareeirolombada\/wp-json\/wp\/v2\/pages\/18","targetHints":{"allow":["GET"]}}],"collection":[{"href":"https:\/\/escoladigital.madeira.gov.pt\/eb1peareeirolombada\/wp-json\/wp\/v2\/pages"}],"about":[{"href":"https:\/\/escoladigital.madeira.gov.pt\/eb1peareeirolombada\/wp-json\/wp\/v2\/types\/page"}],"author":[{"embeddable":true,"href":"https:\/\/escoladigital.madeira.gov.pt\/eb1peareeirolombada\/wp-json\/wp\/v2\/users\/61"}],"replies":[{"embeddable":true,"href":"https:\/\/escoladigital.madeira.gov.pt\/eb1peareeirolombada\/wp-json\/wp\/v2\/comments?post=18"}],"version-history":[{"count":4,"href":"https:\/\/escoladigital.madeira.gov.pt\/eb1peareeirolombada\/wp-json\/wp\/v2\/pages\/18\/revisions"}],"predecessor-version":[{"id":361,"href":"https:\/\/escoladigital.madeira.gov.pt\/eb1peareeirolombada\/wp-json\/wp\/v2\/pages\/18\/revisions\/361"}],"wp:attachment":[{"href":"https:\/\/escoladigital.madeira.gov.pt\/eb1peareeirolombada\/wp-json\/wp\/v2\/media?parent=18"}],"curies":[{"name":"wp","href":"https:\/\/api.w.org\/{rel}","templated":true}]}}