{"id":301,"date":"2025-12-08T13:07:46","date_gmt":"2025-12-08T13:07:46","guid":{"rendered":"https:\/\/escoladigital.madeira.gov.pt\/eb1peareeirolombada\/?page_id=301"},"modified":"2025-12-12T12:36:25","modified_gmt":"2025-12-12T12:36:25","slug":"escola","status":"publish","type":"page","link":"https:\/\/escoladigital.madeira.gov.pt\/eb1peareeirolombada\/escola\/","title":{"rendered":"Escola"},"content":{"rendered":"\n<p>A Escola B\u00e1sica com Pr\u00e9-escolar do Areeiro e Lombada situa-se na periferia da cidade do Funchal. <br>\u00c9 constitu\u00edda por dois edif\u00edcios distintos, sendo que o Edif\u00edcio Areeiro fica situado no Caminho do Areeiro e o Edif\u00edcio Lombada no Caminho da Lombada, ambos na freguesia de S\u00e3o Martinho. <br>O contexto socioecon\u00f3mico dos agregados familiares, na sua maioria, pertence \u00e0 classe m\u00e9dia, desenvolvendo principalmente a atividade profissional entre os setores prim\u00e1rio e terci\u00e1rio. <br>A escola Areeiro e Lombada tem capacidade para cerca de 260 alunos, sendo para o edif\u00edcio do Areeiro 120 alunos e para o edif\u00edcio da Lombada 140, aproximadamente. A tend\u00eancia observada \u00e9 para um crescimento do n\u00famero de alunos nos pr\u00f3ximos anos. <br>A escola \u00e9 composta por alunos com idades compreendidas entre os 3 e os 12 anos, distribu\u00eddos pelo Pr\u00e9-escolar e 1\u00ba ciclo. <br>O corpo docente e n\u00e3o docente tem-se mantido est\u00e1vel, n\u00e3o havendo registo de altera\u00e7\u00f5es significativas. <br>O n\u00famero de docentes colocados, neste momento, \u00e9 adequado. Em rela\u00e7\u00e3o aos n\u00e3o docentes o n\u00famero n\u00e3o \u00e9 suficiente. <br>Quanto aos recursos materiais, designadamente a n\u00edvel de material pedag\u00f3gicodid\u00e1tico, a escola encontra-se bem equipada. Possui material inform\u00e1tico, fotocopiadoras, impressoras, meios multim\u00e9dia, meios audiovisuais, livros e materiais de desgaste.<br>Relativamente aos recursos f\u00edsicos, ambos os edif\u00edcios, apresentam espa\u00e7os interiores e exteriores adequados, com exce\u00e7\u00e3o da falta de espa\u00e7os cobertos para atividades e recreio.<\/p>\n\n\n\n<figure class=\"wp-block-gallery has-nested-images columns-default is-cropped wp-block-gallery-1 is-layout-flex wp-block-gallery-is-layout-flex\">\n<figure class=\"wp-block-image size-large\"><img fetchpriority=\"high\" decoding=\"async\" width=\"1024\" height=\"768\" data-id=\"158\" src=\"https:\/\/escoladigital.madeira.gov.pt\/eb1peareeirolombada\/wp-content\/uploads\/sites\/45\/2024\/12\/Ed.-Areeiro-1-1024x768.jpeg\" alt=\"\" class=\"wp-image-158\" srcset=\"https:\/\/escoladigital.madeira.gov.pt\/eb1peareeirolombada\/wp-content\/uploads\/sites\/45\/2024\/12\/Ed.-Areeiro-1-1024x768.jpeg 1024w, https:\/\/escoladigital.madeira.gov.pt\/eb1peareeirolombada\/wp-content\/uploads\/sites\/45\/2024\/12\/Ed.-Areeiro-1-300x225.jpeg 300w, https:\/\/escoladigital.madeira.gov.pt\/eb1peareeirolombada\/wp-content\/uploads\/sites\/45\/2024\/12\/Ed.-Areeiro-1-768x576.jpeg 768w, https:\/\/escoladigital.madeira.gov.pt\/eb1peareeirolombada\/wp-content\/uploads\/sites\/45\/2024\/12\/Ed.-Areeiro-1-1536x1152.jpeg 1536w, https:\/\/escoladigital.madeira.gov.pt\/eb1peareeirolombada\/wp-content\/uploads\/sites\/45\/2024\/12\/Ed.-Areeiro-1.jpeg 1600w\" sizes=\"(max-width: 1024px) 100vw, 1024px\" \/><\/figure>\n\n\n\n<figure class=\"wp-block-image size-large\"><img decoding=\"async\" width=\"1024\" height=\"768\" data-id=\"159\" src=\"https:\/\/escoladigital.madeira.gov.pt\/eb1peareeirolombada\/wp-content\/uploads\/sites\/45\/2024\/12\/Ed.-Lombada-1-1024x768.jpeg\" alt=\"\" class=\"wp-image-159\" srcset=\"https:\/\/escoladigital.madeira.gov.pt\/eb1peareeirolombada\/wp-content\/uploads\/sites\/45\/2024\/12\/Ed.-Lombada-1-1024x768.jpeg 1024w, https:\/\/escoladigital.madeira.gov.pt\/eb1peareeirolombada\/wp-content\/uploads\/sites\/45\/2024\/12\/Ed.-Lombada-1-300x225.jpeg 300w, https:\/\/escoladigital.madeira.gov.pt\/eb1peareeirolombada\/wp-content\/uploads\/sites\/45\/2024\/12\/Ed.-Lombada-1-768x576.jpeg 768w, https:\/\/escoladigital.madeira.gov.pt\/eb1peareeirolombada\/wp-content\/uploads\/sites\/45\/2024\/12\/Ed.-Lombada-1-1536x1152.jpeg 1536w, https:\/\/escoladigital.madeira.gov.pt\/eb1peareeirolombada\/wp-content\/uploads\/sites\/45\/2024\/12\/Ed.-Lombada-1.jpeg 2048w\" sizes=\"(max-width: 1024px) 100vw, 1024px\" \/><\/figure>\n<\/figure>\n","protected":false},"excerpt":{"rendered":"<p>A Escola B\u00e1sica com Pr\u00e9-escolar do Areeiro e Lombada situa-se na periferia da cidade do Funchal. \u00c9 constitu\u00edda por dois [&hellip;]<\/p>\n","protected":false},"author":109,"featured_media":0,"parent":0,"menu_order":2,"comment_status":"closed","ping_status":"closed","template":"","meta":{"site-sidebar-layout":"default","site-content-layout":"","ast-site-content-layout":"default","site-content-style":"default","site-sidebar-style":"default","ast-global-header-display":"","ast-banner-title-visibility":"","ast-main-header-display":"","ast-hfb-above-header-display":"","ast-hfb-below-header-display":"","ast-hfb-mobile-header-display":"","site-post-title":"","ast-breadcrumbs-content":"","ast-featured-img":"","footer-sml-layout":"","ast-disable-related-posts":"","theme-transparent-header-meta":"","adv-header-id-meta":"","stick-header-meta":"","header-above-stick-meta":"","header-main-stick-meta":"","header-below-stick-meta":"","astra-migrate-meta-layouts":"default","ast-page-background-enabled":"default","ast-page-background-meta":{"desktop":{"background-color":"var(--ast-global-color-4)","background-image":"","background-repeat":"repeat","background-position":"center center","background-size":"auto","background-attachment":"scroll","background-type":"","background-media":"","overlay-type":"","overlay-color":"","overlay-opacity":"","overlay-gradient":""},"tablet":{"background-color":"","background-image":"","background-repeat":"repeat","background-position":"center center","background-size":"auto","background-attachment":"scroll","background-type":"","background-media":"","overlay-type":"","overlay-color":"","overlay-opacity":"","overlay-gradient":""},"mobile":{"background-color":"","background-image":"","background-repeat":"repeat","background-position":"center center","background-size":"auto","background-attachment":"scroll","background-type":"","background-media":"","overlay-type":"","overlay-color":"","overlay-opacity":"","overlay-gradient":""}},"ast-content-background-meta":{"desktop":{"background-color":"var(--ast-global-color-5)","background-image":"","background-repeat":"repeat","background-position":"center center","background-size":"auto","background-attachment":"scroll","background-type":"","background-media":"","overlay-type":"","overlay-color":"","overlay-opacity":"","overlay-gradient":""},"tablet":{"background-color":"var(--ast-global-color-5)","background-image":"","background-repeat":"repeat","background-position":"center center","background-size":"auto","background-attachment":"scroll","background-type":"","background-media":"","overlay-type":"","overlay-color":"","overlay-opacity":"","overlay-gradient":""},"mobile":{"background-color":"var(--ast-global-color-5)","background-image":"","background-repeat":"repeat","background-position":"center center","background-size":"auto","background-attachment":"scroll","background-type":"","background-media":"","overlay-type":"","overlay-color":"","overlay-opacity":"","overlay-gradient":""}},"_themeisle_gutenberg_block_has_review":false,"footnotes":""},"class_list":["post-301","page","type-page","status-publish","hentry"],"_links":{"self":[{"href":"https:\/\/escoladigital.madeira.gov.pt\/eb1peareeirolombada\/wp-json\/wp\/v2\/pages\/301","targetHints":{"allow":["GET"]}}],"collection":[{"href":"https:\/\/escoladigital.madeira.gov.pt\/eb1peareeirolombada\/wp-json\/wp\/v2\/pages"}],"about":[{"href":"https:\/\/escoladigital.madeira.gov.pt\/eb1peareeirolombada\/wp-json\/wp\/v2\/types\/page"}],"author":[{"embeddable":true,"href":"https:\/\/escoladigital.madeira.gov.pt\/eb1peareeirolombada\/wp-json\/wp\/v2\/users\/109"}],"replies":[{"embeddable":true,"href":"https:\/\/escoladigital.madeira.gov.pt\/eb1peareeirolombada\/wp-json\/wp\/v2\/comments?post=301"}],"version-history":[{"count":7,"href":"https:\/\/escoladigital.madeira.gov.pt\/eb1peareeirolombada\/wp-json\/wp\/v2\/pages\/301\/revisions"}],"predecessor-version":[{"id":483,"href":"https:\/\/escoladigital.madeira.gov.pt\/eb1peareeirolombada\/wp-json\/wp\/v2\/pages\/301\/revisions\/483"}],"wp:attachment":[{"href":"https:\/\/escoladigital.madeira.gov.pt\/eb1peareeirolombada\/wp-json\/wp\/v2\/media?parent=301"}],"curies":[{"name":"wp","href":"https:\/\/api.w.org\/{rel}","templated":true}]}}