{"id":54,"date":"2024-11-27T15:36:02","date_gmt":"2024-11-27T15:36:02","guid":{"rendered":"https:\/\/escoladigital.madeira.gov.pt\/eb1peareeirolombada\/?page_id=54"},"modified":"2025-12-10T14:18:44","modified_gmt":"2025-12-10T14:18:44","slug":"eco-escolas","status":"publish","type":"page","link":"https:\/\/escoladigital.madeira.gov.pt\/eb1peareeirolombada\/eco-escolas\/","title":{"rendered":"Eco-Escolas"},"content":{"rendered":"\n<div class=\"wp-block-columns is-layout-flex wp-container-core-columns-is-layout-28f84493 wp-block-columns-is-layout-flex\">\n<div class=\"wp-block-column is-layout-flow wp-block-column-is-layout-flow\" style=\"flex-basis:100%\"><div class=\"is-style-boxed wp-block-themeisle-blocks-posts-grid\" id=\"wp-block-themeisle-blocks-posts-grid-1f9797ea\"><div class=\"is-grid o-posts-grid-columns-3\"><div class=\"o-posts-grid-post-blog o-posts-grid-post-plain\"><div class=\"o-posts-grid-post\"><div class=\"o-posts-grid-post-body is-full\"><span class=\"o-posts-grid-post-category\"><a href=\"https:\/\/escoladigital.madeira.gov.pt\/eb1peareeirolombada\/category\/eco-escolas\/\">Eco-Escolas<\/a><\/span><h4 class=\"o-posts-grid-post-title\"><a href=\"https:\/\/escoladigital.madeira.gov.pt\/eb1peareeirolombada\/2026\/01\/23\/sensibilizacao-sobre-residuos-solidos-urbanos\/\">Sensibiliza\u00e7\u00e3o sobre Res\u00edduos S\u00f3lidos Urbanos<\/a><\/h4><p class=\"o-posts-grid-post-meta\">  <time datetime=\"2026-01-23T11:41:42+00:00\">23\/01\/2026<\/time> by <a href=\"https:\/\/escoladigital.madeira.gov.pt\/eb1peareeirolombada\/author\/crisfaia25\/\">crisfaia25<\/a><\/p><div class=\"o-posts-grid-post-description\"><p>A nossa escola recebeu a visita de um colaborador da C\u00e2mara Municipal do Funchal, parceiro do Progra\u2026<\/p><\/div><\/div><\/div><\/div><div class=\"o-posts-grid-post-blog o-posts-grid-post-plain\"><div class=\"o-posts-grid-post\"><div class=\"o-posts-grid-post-body is-full\"><span class=\"o-posts-grid-post-category\"><a href=\"https:\/\/escoladigital.madeira.gov.pt\/eb1peareeirolombada\/category\/eco-escolas\/\">Eco-Escolas<\/a><\/span><h4 class=\"o-posts-grid-post-title\"><a href=\"https:\/\/escoladigital.madeira.gov.pt\/eb1peareeirolombada\/2025\/12\/16\/biodiversidade-da-ilha-da-madeira\/\">Biodiversidade da Ilha da Madeira<\/a><\/h4><p class=\"o-posts-grid-post-meta\">  <time datetime=\"2025-12-16T10:27:27+00:00\">16\/12\/2025<\/time> by <a href=\"https:\/\/escoladigital.madeira.gov.pt\/eb1peareeirolombada\/author\/crisfaia25\/\">crisfaia25<\/a><\/p><div class=\"o-posts-grid-post-description\"><p>PROGRAMA ECO-ESCOLAS 2025\/2026Eco-Escolas recebe a\u00e7\u00e3o do IFCN sobre a Biodiversidade da Ilha da Made\u2026<\/p><\/div><\/div><\/div><\/div><div class=\"o-posts-grid-post-blog o-posts-grid-post-plain\"><div class=\"o-posts-grid-post\"><div class=\"o-posts-grid-post-body is-full\"><span class=\"o-posts-grid-post-category\"><a href=\"https:\/\/escoladigital.madeira.gov.pt\/eb1peareeirolombada\/category\/eco-escolas\/\">Eco-Escolas<\/a><\/span><h4 class=\"o-posts-grid-post-title\"><a href=\"https:\/\/escoladigital.madeira.gov.pt\/eb1peareeirolombada\/2025\/12\/16\/a-gotinha-saltitona\/\">A Gotinha Saltitona<\/a><\/h4><p class=\"o-posts-grid-post-meta\">  <time datetime=\"2025-12-16T10:25:29+00:00\">16\/12\/2025<\/time> by <a href=\"https:\/\/escoladigital.madeira.gov.pt\/eb1peareeirolombada\/author\/crisfaia25\/\">crisfaia25<\/a><\/p><div class=\"o-posts-grid-post-description\"><p>PROGRAMA ECO-ESCOLAS 2025\/2026Eco-Escolas dinamiza atividade \u201cA Gotinha Saltitona\u201d sobre a poupan\u00e7a \u2026<\/p><\/div><\/div><\/div><\/div><div class=\"o-posts-grid-post-blog o-posts-grid-post-plain\"><div class=\"o-posts-grid-post\"><div class=\"o-posts-grid-post-image\"><a href=\"https:\/\/escoladigital.madeira.gov.pt\/eb1peareeirolombada\/2025\/11\/26\/cerimonia-de-entrega-de-bandeiras-verdes\/\"><img fetchpriority=\"high\" decoding=\"async\" width=\"1600\" height=\"739\" src=\"https:\/\/escoladigital.madeira.gov.pt\/eb1peareeirolombada\/wp-content\/uploads\/sites\/45\/2025\/11\/586515030_1347598150496141_6429276185216087353_n.jpg\" class=\"attachment-full size-full\" alt=\"Cerim\u00f3nia de entrega de bandeiras verdes\" srcset=\"https:\/\/escoladigital.madeira.gov.pt\/eb1peareeirolombada\/wp-content\/uploads\/sites\/45\/2025\/11\/586515030_1347598150496141_6429276185216087353_n.jpg 1600w, https:\/\/escoladigital.madeira.gov.pt\/eb1peareeirolombada\/wp-content\/uploads\/sites\/45\/2025\/11\/586515030_1347598150496141_6429276185216087353_n-300x139.jpg 300w, https:\/\/escoladigital.madeira.gov.pt\/eb1peareeirolombada\/wp-content\/uploads\/sites\/45\/2025\/11\/586515030_1347598150496141_6429276185216087353_n-1024x473.jpg 1024w, https:\/\/escoladigital.madeira.gov.pt\/eb1peareeirolombada\/wp-content\/uploads\/sites\/45\/2025\/11\/586515030_1347598150496141_6429276185216087353_n-768x355.jpg 768w, https:\/\/escoladigital.madeira.gov.pt\/eb1peareeirolombada\/wp-content\/uploads\/sites\/45\/2025\/11\/586515030_1347598150496141_6429276185216087353_n-1536x709.jpg 1536w\" sizes=\"(max-width: 1600px) 100vw, 1600px\" \/><\/a><\/div><div class=\"o-posts-grid-post-body\"><span class=\"o-posts-grid-post-category\"><a href=\"https:\/\/escoladigital.madeira.gov.pt\/eb1peareeirolombada\/category\/eco-escolas\/\">Eco-Escolas<\/a><\/span><h4 class=\"o-posts-grid-post-title\"><a href=\"https:\/\/escoladigital.madeira.gov.pt\/eb1peareeirolombada\/2025\/11\/26\/cerimonia-de-entrega-de-bandeiras-verdes\/\">Cerim\u00f3nia de entrega de bandeiras verdes<\/a><\/h4><p class=\"o-posts-grid-post-meta\">  <time datetime=\"2025-11-26T15:54:23+00:00\">26\/11\/2025<\/time> by <a href=\"https:\/\/escoladigital.madeira.gov.pt\/eb1peareeirolombada\/author\/crisfaia25\/\">crisfaia25<\/a><\/p><div class=\"o-posts-grid-post-description\"><p><\/p><\/div><\/div><\/div><\/div><div class=\"o-posts-grid-post-blog o-posts-grid-post-plain\"><div class=\"o-posts-grid-post\"><div class=\"o-posts-grid-post-image\"><a href=\"https:\/\/escoladigital.madeira.gov.pt\/eb1peareeirolombada\/2025\/11\/26\/visita-a-estacao-de-transferencia-e-triagem-de-residuos-solidos-do-funchal\/\"><img decoding=\"async\" width=\"500\" height=\"375\" src=\"https:\/\/escoladigital.madeira.gov.pt\/eb1peareeirolombada\/wp-content\/uploads\/sites\/45\/2025\/11\/transferir.png\" class=\"attachment-full size-full\" alt=\"Visita \u00e0 Esta\u00e7\u00e3o de Transfer\u00eancia e Triagem de Res\u00edduos S\u00f3lidos do Funchal\" srcset=\"https:\/\/escoladigital.madeira.gov.pt\/eb1peareeirolombada\/wp-content\/uploads\/sites\/45\/2025\/11\/transferir.png 500w, https:\/\/escoladigital.madeira.gov.pt\/eb1peareeirolombada\/wp-content\/uploads\/sites\/45\/2025\/11\/transferir-300x225.png 300w\" sizes=\"(max-width: 500px) 100vw, 500px\" \/><\/a><\/div><div class=\"o-posts-grid-post-body\"><span class=\"o-posts-grid-post-category\"><a href=\"https:\/\/escoladigital.madeira.gov.pt\/eb1peareeirolombada\/category\/eco-escolas\/\">Eco-Escolas<\/a><\/span><h4 class=\"o-posts-grid-post-title\"><a href=\"https:\/\/escoladigital.madeira.gov.pt\/eb1peareeirolombada\/2025\/11\/26\/visita-a-estacao-de-transferencia-e-triagem-de-residuos-solidos-do-funchal\/\">Visita \u00e0 Esta\u00e7\u00e3o de Transfer\u00eancia e Triagem de Res\u00edduos S\u00f3lidos do Funchal<\/a><\/h4><p class=\"o-posts-grid-post-meta\">  <time datetime=\"2025-11-26T15:45:30+00:00\">26\/11\/2025<\/time> by <a href=\"https:\/\/escoladigital.madeira.gov.pt\/eb1peareeirolombada\/author\/crisfaia25\/\">crisfaia25<\/a><\/p><div class=\"o-posts-grid-post-description\"><p><\/p><\/div><\/div><\/div><\/div><\/div> <\/div><\/div>\n<\/div>\n\n\n\n<p><\/p>\n","protected":false},"excerpt":{"rendered":"","protected":false},"author":61,"featured_media":0,"parent":0,"menu_order":0,"comment_status":"closed","ping_status":"closed","template":"","meta":{"site-sidebar-layout":"default","site-content-layout":"","ast-site-content-layout":"default","site-content-style":"default","site-sidebar-style":"default","ast-global-header-display":"","ast-banner-title-visibility":"","ast-main-header-display":"","ast-hfb-above-header-display":"","ast-hfb-below-header-display":"","ast-hfb-mobile-header-display":"","site-post-title":"","ast-breadcrumbs-content":"","ast-featured-img":"","footer-sml-layout":"","ast-disable-related-posts":"","theme-transparent-header-meta":"","adv-header-id-meta":"","stick-header-meta":"","header-above-stick-meta":"","header-main-stick-meta":"","header-below-stick-meta":"","astra-migrate-meta-layouts":"default","ast-page-background-enabled":"default","ast-page-background-meta":{"desktop":{"background-color":"var(--ast-global-color-4)","background-image":"","background-repeat":"repeat","background-position":"center center","background-size":"auto","background-attachment":"scroll","background-type":"","background-media":"","overlay-type":"","overlay-color":"","overlay-opacity":"","overlay-gradient":""},"tablet":{"background-color":"","background-image":"","background-repeat":"repeat","background-position":"center center","background-size":"auto","background-attachment":"scroll","background-type":"","background-media":"","overlay-type":"","overlay-color":"","overlay-opacity":"","overlay-gradient":""},"mobile":{"background-color":"","background-image":"","background-repeat":"repeat","background-position":"center center","background-size":"auto","background-attachment":"scroll","background-type":"","background-media":"","overlay-type":"","overlay-color":"","overlay-opacity":"","overlay-gradient":""}},"ast-content-background-meta":{"desktop":{"background-color":"var(--ast-global-color-5)","background-image":"","background-repeat":"repeat","background-position":"center center","background-size":"auto","background-attachment":"scroll","background-type":"","background-media":"","overlay-type":"","overlay-color":"","overlay-opacity":"","overlay-gradient":""},"tablet":{"background-color":"var(--ast-global-color-5)","background-image":"","background-repeat":"repeat","background-position":"center center","background-size":"auto","background-attachment":"scroll","background-type":"","background-media":"","overlay-type":"","overlay-color":"","overlay-opacity":"","overlay-gradient":""},"mobile":{"background-color":"var(--ast-global-color-5)","background-image":"","background-repeat":"repeat","background-position":"center center","background-size":"auto","background-attachment":"scroll","background-type":"","background-media":"","overlay-type":"","overlay-color":"","overlay-opacity":"","overlay-gradient":""}},"_themeisle_gutenberg_block_has_review":false,"footnotes":""},"class_list":["post-54","page","type-page","status-publish","hentry"],"_links":{"self":[{"href":"https:\/\/escoladigital.madeira.gov.pt\/eb1peareeirolombada\/wp-json\/wp\/v2\/pages\/54","targetHints":{"allow":["GET"]}}],"collection":[{"href":"https:\/\/escoladigital.madeira.gov.pt\/eb1peareeirolombada\/wp-json\/wp\/v2\/pages"}],"about":[{"href":"https:\/\/escoladigital.madeira.gov.pt\/eb1peareeirolombada\/wp-json\/wp\/v2\/types\/page"}],"author":[{"embeddable":true,"href":"https:\/\/escoladigital.madeira.gov.pt\/eb1peareeirolombada\/wp-json\/wp\/v2\/users\/61"}],"replies":[{"embeddable":true,"href":"https:\/\/escoladigital.madeira.gov.pt\/eb1peareeirolombada\/wp-json\/wp\/v2\/comments?post=54"}],"version-history":[{"count":4,"href":"https:\/\/escoladigital.madeira.gov.pt\/eb1peareeirolombada\/wp-json\/wp\/v2\/pages\/54\/revisions"}],"predecessor-version":[{"id":366,"href":"https:\/\/escoladigital.madeira.gov.pt\/eb1peareeirolombada\/wp-json\/wp\/v2\/pages\/54\/revisions\/366"}],"wp:attachment":[{"href":"https:\/\/escoladigital.madeira.gov.pt\/eb1peareeirolombada\/wp-json\/wp\/v2\/media?parent=54"}],"curies":[{"name":"wp","href":"https:\/\/api.w.org\/{rel}","templated":true}]}}