{"id":244,"date":"2024-11-20T15:45:28","date_gmt":"2024-11-20T15:45:28","guid":{"rendered":"https:\/\/escoladigital.madeira.gov.pt\/eb1peassomada\/?page_id=244"},"modified":"2024-12-10T10:56:24","modified_gmt":"2024-12-10T10:56:24","slug":"inicio","status":"publish","type":"page","link":"https:\/\/escoladigital.madeira.gov.pt\/eb1peassomada\/inicio\/","title":{"rendered":"A ESCOLA"},"content":{"rendered":"\n<div class=\"wp-block-group alignfull is-vertical is-layout-flex wp-container-core-group-is-layout-fe9cc265 wp-block-group-is-layout-flex\">\n<div class=\"wp-block-columns is-layout-flex wp-container-core-columns-is-layout-28f84493 wp-block-columns-is-layout-flex\">\n<div class=\"wp-block-column is-layout-flow wp-block-column-is-layout-flow\">\n<p>A EB1\/PE da Assomada funciona num edif\u00edcio constru\u00eddo de raiz que foi inaugurado no dia 30 de setembro de 2004.<br>A escola est\u00e1 localizada no s\u00edtio da Assomada, freguesia do Cani\u00e7o, concelho de Santa Cruz, pertencendo \u00e0 Delega\u00e7\u00e3o Escolar deste concelho.<br>Engloba os n\u00edveis de ensino do Pr\u00e9-Escolar e do 1.\u00ba Ciclo.<br><\/p>\n<\/div>\n\n\n\n<div class=\"wp-block-column is-layout-flow wp-block-column-is-layout-flow\">\n<figure class=\"wp-block-gallery has-nested-images columns-default is-cropped wp-block-gallery-1 is-layout-flex wp-block-gallery-is-layout-flex\">\n<figure class=\"wp-block-image aligncenter size-large\"><img fetchpriority=\"high\" decoding=\"async\" width=\"1024\" height=\"768\" data-id=\"488\" src=\"https:\/\/escoladigital.madeira.gov.pt\/eb1peassomada\/wp-content\/uploads\/sites\/17\/2024\/12\/1732709961618-1024x768.jpg\" alt=\"\" class=\"wp-image-488\" srcset=\"https:\/\/escoladigital.madeira.gov.pt\/eb1peassomada\/wp-content\/uploads\/sites\/17\/2024\/12\/1732709961618-1024x768.jpg 1024w, https:\/\/escoladigital.madeira.gov.pt\/eb1peassomada\/wp-content\/uploads\/sites\/17\/2024\/12\/1732709961618-300x225.jpg 300w, https:\/\/escoladigital.madeira.gov.pt\/eb1peassomada\/wp-content\/uploads\/sites\/17\/2024\/12\/1732709961618-768x576.jpg 768w, https:\/\/escoladigital.madeira.gov.pt\/eb1peassomada\/wp-content\/uploads\/sites\/17\/2024\/12\/1732709961618-1536x1152.jpg 1536w, https:\/\/escoladigital.madeira.gov.pt\/eb1peassomada\/wp-content\/uploads\/sites\/17\/2024\/12\/1732709961618-2048x1536.jpg 2048w\" sizes=\"(max-width: 1024px) 100vw, 1024px\" \/><\/figure>\n<\/figure>\n<\/div>\n<\/div>\n<\/div>\n\n\n\n<p><\/p>\n","protected":false},"excerpt":{"rendered":"<p>A EB1\/PE da Assomada funciona num edif\u00edcio constru\u00eddo de raiz que foi inaugurado no dia 30 de setembro de 2004.A [&hellip;]<\/p>\n","protected":false},"author":26,"featured_media":0,"parent":0,"menu_order":0,"comment_status":"closed","ping_status":"closed","template":"","meta":{"site-sidebar-layout":"default","site-content-layout":"","ast-site-content-layout":"default","site-content-style":"default","site-sidebar-style":"default","ast-global-header-display":"","ast-banner-title-visibility":"","ast-main-header-display":"","ast-hfb-above-header-display":"","ast-hfb-below-header-display":"","ast-hfb-mobile-header-display":"","site-post-title":"","ast-breadcrumbs-content":"","ast-featured-img":"","footer-sml-layout":"","ast-disable-related-posts":"","theme-transparent-header-meta":"","adv-header-id-meta":"","stick-header-meta":"","header-above-stick-meta":"","header-main-stick-meta":"","header-below-stick-meta":"","astra-migrate-meta-layouts":"default","ast-page-background-enabled":"default","ast-page-background-meta":{"desktop":{"background-color":"var(--ast-global-color-4)","background-image":"","background-repeat":"repeat","background-position":"center center","background-size":"auto","background-attachment":"scroll","background-type":"","background-media":"","overlay-type":"","overlay-color":"","overlay-opacity":"","overlay-gradient":""},"tablet":{"background-color":"","background-image":"","background-repeat":"repeat","background-position":"center center","background-size":"auto","background-attachment":"scroll","background-type":"","background-media":"","overlay-type":"","overlay-color":"","overlay-opacity":"","overlay-gradient":""},"mobile":{"background-color":"","background-image":"","background-repeat":"repeat","background-position":"center center","background-size":"auto","background-attachment":"scroll","background-type":"","background-media":"","overlay-type":"","overlay-color":"","overlay-opacity":"","overlay-gradient":""}},"ast-content-background-meta":{"desktop":{"background-color":"var(--ast-global-color-5)","background-image":"","background-repeat":"repeat","background-position":"center center","background-size":"auto","background-attachment":"scroll","background-type":"","background-media":"","overlay-type":"","overlay-color":"","overlay-opacity":"","overlay-gradient":""},"tablet":{"background-color":"var(--ast-global-color-5)","background-image":"","background-repeat":"repeat","background-position":"center center","background-size":"auto","background-attachment":"scroll","background-type":"","background-media":"","overlay-type":"","overlay-color":"","overlay-opacity":"","overlay-gradient":""},"mobile":{"background-color":"var(--ast-global-color-5)","background-image":"","background-repeat":"repeat","background-position":"center center","background-size":"auto","background-attachment":"scroll","background-type":"","background-media":"","overlay-type":"","overlay-color":"","overlay-opacity":"","overlay-gradient":""}},"_themeisle_gutenberg_block_has_review":false,"footnotes":""},"class_list":["post-244","page","type-page","status-publish","hentry"],"_links":{"self":[{"href":"https:\/\/escoladigital.madeira.gov.pt\/eb1peassomada\/wp-json\/wp\/v2\/pages\/244","targetHints":{"allow":["GET"]}}],"collection":[{"href":"https:\/\/escoladigital.madeira.gov.pt\/eb1peassomada\/wp-json\/wp\/v2\/pages"}],"about":[{"href":"https:\/\/escoladigital.madeira.gov.pt\/eb1peassomada\/wp-json\/wp\/v2\/types\/page"}],"author":[{"embeddable":true,"href":"https:\/\/escoladigital.madeira.gov.pt\/eb1peassomada\/wp-json\/wp\/v2\/users\/26"}],"replies":[{"embeddable":true,"href":"https:\/\/escoladigital.madeira.gov.pt\/eb1peassomada\/wp-json\/wp\/v2\/comments?post=244"}],"version-history":[{"count":10,"href":"https:\/\/escoladigital.madeira.gov.pt\/eb1peassomada\/wp-json\/wp\/v2\/pages\/244\/revisions"}],"predecessor-version":[{"id":491,"href":"https:\/\/escoladigital.madeira.gov.pt\/eb1peassomada\/wp-json\/wp\/v2\/pages\/244\/revisions\/491"}],"wp:attachment":[{"href":"https:\/\/escoladigital.madeira.gov.pt\/eb1peassomada\/wp-json\/wp\/v2\/media?parent=244"}],"curies":[{"name":"wp","href":"https:\/\/api.w.org\/{rel}","templated":true}]}}