{"id":98,"date":"2024-04-18T22:05:32","date_gmt":"2024-04-18T22:05:32","guid":{"rendered":"https:\/\/escoladigital.madeira.gov.pt\/eb1peassomada\/?page_id=98"},"modified":"2024-12-09T22:47:50","modified_gmt":"2024-12-09T22:47:50","slug":"coordenacao-tic","status":"publish","type":"page","link":"https:\/\/escoladigital.madeira.gov.pt\/eb1peassomada\/coordenacao-tic\/","title":{"rendered":"COORDENA\u00c7\u00c3O TIC"},"content":{"rendered":"\n<p>Aqui poder\u00e1 consultar o Plano TIC da nossa escola. Este documento constitui uma esp\u00e9cie de estrat\u00e9gia global de escola, onde o \u00e2mbito tecnol\u00f3gico \u00e9 um instrumento privilegiado no trabalho das prioridades, metas e objetivos estabelecidos no Projeto Educativo de Escola.<\/p>\n\n\n\n<div class=\"wp-block-columns are-vertically-aligned-center is-layout-flex wp-container-core-columns-is-layout-28f84493 wp-block-columns-is-layout-flex\">\n<div class=\"wp-block-column is-vertically-aligned-center is-layout-flow wp-block-column-is-layout-flow\" style=\"flex-basis:33.34%\"><\/div>\n\n\n\n<div class=\"wp-block-column is-layout-flow wp-block-column-is-layout-flow\" style=\"flex-basis:33.34%\">\n<figure class=\"wp-block-image size-full\"><a href=\"https:\/\/escoladigital.madeira.gov.pt\/eb1peassomada\/wp-content\/uploads\/sites\/17\/2024\/12\/Modelo_PLANOTIC2425.pdf\" target=\"_blank\" rel=\"noreferrer noopener\"><img fetchpriority=\"high\" decoding=\"async\" width=\"420\" height=\"593\" src=\"https:\/\/escoladigital.madeira.gov.pt\/eb1peassomada\/wp-content\/uploads\/sites\/17\/2024\/12\/Capa_plano_tic.jpg\" alt=\"\" class=\"wp-image-472\" srcset=\"https:\/\/escoladigital.madeira.gov.pt\/eb1peassomada\/wp-content\/uploads\/sites\/17\/2024\/12\/Capa_plano_tic.jpg 420w, https:\/\/escoladigital.madeira.gov.pt\/eb1peassomada\/wp-content\/uploads\/sites\/17\/2024\/12\/Capa_plano_tic-212x300.jpg 212w\" sizes=\"(max-width: 420px) 100vw, 420px\" \/><\/a><\/figure>\n<\/div>\n\n\n\n<div class=\"wp-block-column is-layout-flow wp-block-column-is-layout-flow\" style=\"flex-basis:33.33%\"><\/div>\n<\/div>\n\n\n\n<p><\/p>\n","protected":false},"excerpt":{"rendered":"<p>Aqui poder\u00e1 consultar o Plano TIC da nossa escola. Este documento constitui uma esp\u00e9cie de estrat\u00e9gia global de escola, onde [&hellip;]<\/p>\n","protected":false},"author":26,"featured_media":0,"parent":0,"menu_order":4,"comment_status":"closed","ping_status":"closed","template":"","meta":{"site-sidebar-layout":"default","site-content-layout":"","ast-site-content-layout":"default","site-content-style":"default","site-sidebar-style":"default","ast-global-header-display":"","ast-banner-title-visibility":"","ast-main-header-display":"","ast-hfb-above-header-display":"","ast-hfb-below-header-display":"","ast-hfb-mobile-header-display":"","site-post-title":"","ast-breadcrumbs-content":"","ast-featured-img":"","footer-sml-layout":"","ast-disable-related-posts":"","theme-transparent-header-meta":"","adv-header-id-meta":"","stick-header-meta":"","header-above-stick-meta":"","header-main-stick-meta":"","header-below-stick-meta":"","astra-migrate-meta-layouts":"default","ast-page-background-enabled":"default","ast-page-background-meta":{"desktop":{"background-color":"var(--ast-global-color-4)","background-image":"","background-repeat":"repeat","background-position":"center center","background-size":"auto","background-attachment":"scroll","background-type":"","background-media":"","overlay-type":"","overlay-color":"","overlay-opacity":"","overlay-gradient":""},"tablet":{"background-color":"","background-image":"","background-repeat":"repeat","background-position":"center center","background-size":"auto","background-attachment":"scroll","background-type":"","background-media":"","overlay-type":"","overlay-color":"","overlay-opacity":"","overlay-gradient":""},"mobile":{"background-color":"","background-image":"","background-repeat":"repeat","background-position":"center center","background-size":"auto","background-attachment":"scroll","background-type":"","background-media":"","overlay-type":"","overlay-color":"","overlay-opacity":"","overlay-gradient":""}},"ast-content-background-meta":{"desktop":{"background-color":"var(--ast-global-color-5)","background-image":"","background-repeat":"repeat","background-position":"center center","background-size":"auto","background-attachment":"scroll","background-type":"","background-media":"","overlay-type":"","overlay-color":"","overlay-opacity":"","overlay-gradient":""},"tablet":{"background-color":"var(--ast-global-color-5)","background-image":"","background-repeat":"repeat","background-position":"center center","background-size":"auto","background-attachment":"scroll","background-type":"","background-media":"","overlay-type":"","overlay-color":"","overlay-opacity":"","overlay-gradient":""},"mobile":{"background-color":"var(--ast-global-color-5)","background-image":"","background-repeat":"repeat","background-position":"center center","background-size":"auto","background-attachment":"scroll","background-type":"","background-media":"","overlay-type":"","overlay-color":"","overlay-opacity":"","overlay-gradient":""}},"_themeisle_gutenberg_block_has_review":false,"footnotes":""},"class_list":["post-98","page","type-page","status-publish","hentry"],"_links":{"self":[{"href":"https:\/\/escoladigital.madeira.gov.pt\/eb1peassomada\/wp-json\/wp\/v2\/pages\/98","targetHints":{"allow":["GET"]}}],"collection":[{"href":"https:\/\/escoladigital.madeira.gov.pt\/eb1peassomada\/wp-json\/wp\/v2\/pages"}],"about":[{"href":"https:\/\/escoladigital.madeira.gov.pt\/eb1peassomada\/wp-json\/wp\/v2\/types\/page"}],"author":[{"embeddable":true,"href":"https:\/\/escoladigital.madeira.gov.pt\/eb1peassomada\/wp-json\/wp\/v2\/users\/26"}],"replies":[{"embeddable":true,"href":"https:\/\/escoladigital.madeira.gov.pt\/eb1peassomada\/wp-json\/wp\/v2\/comments?post=98"}],"version-history":[{"count":6,"href":"https:\/\/escoladigital.madeira.gov.pt\/eb1peassomada\/wp-json\/wp\/v2\/pages\/98\/revisions"}],"predecessor-version":[{"id":476,"href":"https:\/\/escoladigital.madeira.gov.pt\/eb1peassomada\/wp-json\/wp\/v2\/pages\/98\/revisions\/476"}],"wp:attachment":[{"href":"https:\/\/escoladigital.madeira.gov.pt\/eb1peassomada\/wp-json\/wp\/v2\/media?parent=98"}],"curies":[{"name":"wp","href":"https:\/\/api.w.org\/{rel}","templated":true}]}}