{"id":208,"date":"2024-11-27T16:42:38","date_gmt":"2024-11-27T16:42:38","guid":{"rendered":"https:\/\/escoladigital.madeira.gov.pt\/eb1peboliqueime\/?page_id=208"},"modified":"2025-02-08T14:57:50","modified_gmt":"2025-02-08T14:57:50","slug":"seguranca-com-internet","status":"publish","type":"page","link":"https:\/\/escoladigital.madeira.gov.pt\/eb1peboliqueime\/seguranca-com-internet\/","title":{"rendered":"Seguran\u00e7a com Internet"},"content":{"rendered":"\n<figure class=\"wp-block-image size-full\"><img fetchpriority=\"high\" decoding=\"async\" width=\"820\" height=\"575\" src=\"https:\/\/escoladigital.madeira.gov.pt\/eb1peboliqueime\/wp-content\/uploads\/sites\/41\/2025\/02\/3.png\" alt=\"\" class=\"wp-image-470\" srcset=\"https:\/\/escoladigital.madeira.gov.pt\/eb1peboliqueime\/wp-content\/uploads\/sites\/41\/2025\/02\/3.png 820w, https:\/\/escoladigital.madeira.gov.pt\/eb1peboliqueime\/wp-content\/uploads\/sites\/41\/2025\/02\/3-300x210.png 300w, https:\/\/escoladigital.madeira.gov.pt\/eb1peboliqueime\/wp-content\/uploads\/sites\/41\/2025\/02\/3-768x539.png 768w\" sizes=\"(max-width: 820px) 100vw, 820px\" \/><\/figure>\n\n\n\n<p>Algumas atividades a ser desenvolvidas:<\/p>\n\n\n\n<ul class=\"wp-block-list\">\n<li>Organizar\u00a0<em>workshops<\/em>, palestras, debates e sess\u00f5es de\u00a0<em>brainstorming<\/em>\u00a0sobre os diversos dom\u00ednios da Cidadania Digital.<\/li>\n\n\n\n<li>Envolver a escola na iniciativa &#8220;Escola Sem\u00a0<em>Bullying<\/em>\u00a0I Escola Sem Viol\u00eancia&#8221;, promovendo um ambiente mais seguro e saud\u00e1vel para todos.<\/li>\n\n\n\n<li>Promover a participa\u00e7\u00e3o de professores e alunos nas iniciativas Desafios SeguraNet e L\u00edderes Digitais.<\/li>\n\n\n\n<li>Organizar exposi\u00e7\u00f5es, com trabalhos realizados pelos alunos, incluindo apresenta\u00e7\u00f5es de cartazes, v\u00eddeos e outros recursos de sensibiliza\u00e7\u00e3o.<\/li>\n\n\n\n<li>Visualiza\u00e7\u00e3o p\u00fablica de v\u00eddeos de sensibiliza\u00e7\u00e3o para as tem\u00e1ticas da Cidadania Digital, contribuindo para a sensibiliza\u00e7\u00e3o da comunidade escolar e local.<\/li>\n\n\n\n<li>Debates em sala de aula sobre Cidadania Digital, utilizando os recursos dispon\u00edveis.<\/li>\n\n\n\n<li>Promover concursos na escola ou agrupamento, abordando temas relacionados com Cidadania Digital e Educa\u00e7\u00e3o para os M\u00e9dia, incentivando a criatividade e o pensamento cr\u00edtico dos alunos.<\/li>\n\n\n\n<li>Integra\u00e7\u00e3o de clubes ou grupos escolares (ex.: grupo de teatro, r\u00e1dio e TV escolar, jornal da escola) na dinamiza\u00e7\u00e3o de atividades relacionadas com a Cidadania Digital.<\/li>\n\n\n\n<li>Publicar conte\u00fados educativos sobre Cidadania Digital nos canais e plataformas de comunica\u00e7\u00e3o da escola, como o\u00a0<em>website<\/em>, redes sociais, jornal escolar ou\u00a0<em>blog<\/em>\u00a0educativo, para sensibilizar toda a comunidade escolar.<\/li>\n<\/ul>\n\n\n\n<p><\/p>\n","protected":false},"excerpt":{"rendered":"<p>Algumas atividades a ser desenvolvidas:<\/p>\n","protected":false},"author":54,"featured_media":0,"parent":0,"menu_order":0,"comment_status":"closed","ping_status":"closed","template":"","meta":{"site-sidebar-layout":"default","site-content-layout":"","ast-site-content-layout":"default","site-content-style":"default","site-sidebar-style":"default","ast-global-header-display":"","ast-banner-title-visibility":"","ast-main-header-display":"","ast-hfb-above-header-display":"","ast-hfb-below-header-display":"","ast-hfb-mobile-header-display":"","site-post-title":"","ast-breadcrumbs-content":"","ast-featured-img":"","footer-sml-layout":"","ast-disable-related-posts":"","theme-transparent-header-meta":"","adv-header-id-meta":"","stick-header-meta":"","header-above-stick-meta":"","header-main-stick-meta":"","header-below-stick-meta":"","astra-migrate-meta-layouts":"default","ast-page-background-enabled":"default","ast-page-background-meta":{"desktop":{"background-color":"var(--ast-global-color-4)","background-image":"","background-repeat":"repeat","background-position":"center center","background-size":"auto","background-attachment":"scroll","background-type":"","background-media":"","overlay-type":"","overlay-color":"","overlay-opacity":"","overlay-gradient":""},"tablet":{"background-color":"","background-image":"","background-repeat":"repeat","background-position":"center center","background-size":"auto","background-attachment":"scroll","background-type":"","background-media":"","overlay-type":"","overlay-color":"","overlay-opacity":"","overlay-gradient":""},"mobile":{"background-color":"","background-image":"","background-repeat":"repeat","background-position":"center center","background-size":"auto","background-attachment":"scroll","background-type":"","background-media":"","overlay-type":"","overlay-color":"","overlay-opacity":"","overlay-gradient":""}},"ast-content-background-meta":{"desktop":{"background-color":"var(--ast-global-color-5)","background-image":"","background-repeat":"repeat","background-position":"center center","background-size":"auto","background-attachment":"scroll","background-type":"","background-media":"","overlay-type":"","overlay-color":"","overlay-opacity":"","overlay-gradient":""},"tablet":{"background-color":"var(--ast-global-color-5)","background-image":"","background-repeat":"repeat","background-position":"center center","background-size":"auto","background-attachment":"scroll","background-type":"","background-media":"","overlay-type":"","overlay-color":"","overlay-opacity":"","overlay-gradient":""},"mobile":{"background-color":"var(--ast-global-color-5)","background-image":"","background-repeat":"repeat","background-position":"center center","background-size":"auto","background-attachment":"scroll","background-type":"","background-media":"","overlay-type":"","overlay-color":"","overlay-opacity":"","overlay-gradient":""}},"_themeisle_gutenberg_block_has_review":false,"footnotes":""},"class_list":["post-208","page","type-page","status-publish","hentry"],"_links":{"self":[{"href":"https:\/\/escoladigital.madeira.gov.pt\/eb1peboliqueime\/wp-json\/wp\/v2\/pages\/208","targetHints":{"allow":["GET"]}}],"collection":[{"href":"https:\/\/escoladigital.madeira.gov.pt\/eb1peboliqueime\/wp-json\/wp\/v2\/pages"}],"about":[{"href":"https:\/\/escoladigital.madeira.gov.pt\/eb1peboliqueime\/wp-json\/wp\/v2\/types\/page"}],"author":[{"embeddable":true,"href":"https:\/\/escoladigital.madeira.gov.pt\/eb1peboliqueime\/wp-json\/wp\/v2\/users\/54"}],"replies":[{"embeddable":true,"href":"https:\/\/escoladigital.madeira.gov.pt\/eb1peboliqueime\/wp-json\/wp\/v2\/comments?post=208"}],"version-history":[{"count":4,"href":"https:\/\/escoladigital.madeira.gov.pt\/eb1peboliqueime\/wp-json\/wp\/v2\/pages\/208\/revisions"}],"predecessor-version":[{"id":473,"href":"https:\/\/escoladigital.madeira.gov.pt\/eb1peboliqueime\/wp-json\/wp\/v2\/pages\/208\/revisions\/473"}],"wp:attachment":[{"href":"https:\/\/escoladigital.madeira.gov.pt\/eb1peboliqueime\/wp-json\/wp\/v2\/media?parent=208"}],"curies":[{"name":"wp","href":"https:\/\/api.w.org\/{rel}","templated":true}]}}