{"id":572,"date":"2025-10-25T15:00:09","date_gmt":"2025-10-25T15:00:09","guid":{"rendered":"https:\/\/escoladigital.madeira.gov.pt\/eb1peboliqueime\/?page_id=572"},"modified":"2025-12-16T15:54:53","modified_gmt":"2025-12-16T15:54:53","slug":"entrada","status":"publish","type":"page","link":"https:\/\/escoladigital.madeira.gov.pt\/eb1peboliqueime\/","title":{"rendered":"Entrada"},"content":{"rendered":"\n<div class=\"wp-block-columns is-layout-flex wp-container-core-columns-is-layout-28f84493 wp-block-columns-is-layout-flex\">\n<div class=\"wp-block-column is-layout-flow wp-block-column-is-layout-flow\" style=\"flex-basis:25%\"><\/div>\n\n\n\n<div class=\"wp-block-column is-layout-flow wp-block-column-is-layout-flow\" style=\"flex-basis:50%\">\n<div id=\"wp-block-themeisle-blocks-slider-c6a68e50\" class=\"wp-block-themeisle-blocks-slider glide\" data-per-view=\"1\" data-gap=\"0\" data-peek=\"0\" data-autoplay=\"true\" data-height=\"400px\" data-hide-arrows=\"false\"><div class=\"glide__track\" data-glide-el=\"track\"><div class=\"glide__slides\"><div class=\"wp-block-themeisle-blocks-slider-item-wrapper glide__slide\"><figure><img decoding=\"async\" class=\"wp-block-themeisle-blocks-slider-item\" src=\"https:\/\/escoladigital.madeira.gov.pt\/eb1peboliqueime\/wp-content\/uploads\/sites\/41\/2025\/10\/Escola-Boliqueime.jpg\" alt=\"\" title=\"\" data-id=\"584\" \/><\/figure><\/div><div class=\"wp-block-themeisle-blocks-slider-item-wrapper glide__slide\"><figure><img decoding=\"async\" class=\"wp-block-themeisle-blocks-slider-item\" src=\"https:\/\/escoladigital.madeira.gov.pt\/eb1peboliqueime\/wp-content\/uploads\/sites\/41\/2025\/12\/IMG_3540-scaled.jpeg\" alt=\"\" title=\"\" data-id=\"847\" \/><\/figure><\/div><div class=\"wp-block-themeisle-blocks-slider-item-wrapper glide__slide\"><figure><img decoding=\"async\" class=\"wp-block-themeisle-blocks-slider-item\" src=\"https:\/\/escoladigital.madeira.gov.pt\/eb1peboliqueime\/wp-content\/uploads\/sites\/41\/2025\/12\/IMG_3538-scaled.jpeg\" alt=\"\" title=\"\" data-id=\"846\" \/><\/figure><\/div><div class=\"wp-block-themeisle-blocks-slider-item-wrapper glide__slide\"><figure><img decoding=\"async\" class=\"wp-block-themeisle-blocks-slider-item\" src=\"https:\/\/escoladigital.madeira.gov.pt\/eb1peboliqueime\/wp-content\/uploads\/sites\/41\/2025\/12\/IMG_3534-scaled.jpeg\" alt=\"\" title=\"\" data-id=\"843\" \/><\/figure><\/div><div class=\"wp-block-themeisle-blocks-slider-item-wrapper glide__slide\"><figure><img decoding=\"async\" class=\"wp-block-themeisle-blocks-slider-item\" src=\"https:\/\/escoladigital.madeira.gov.pt\/eb1peboliqueime\/wp-content\/uploads\/sites\/41\/2025\/12\/IMG_3565-scaled.jpeg\" alt=\"\" title=\"\" data-id=\"854\" \/><\/figure><\/div><div class=\"wp-block-themeisle-blocks-slider-item-wrapper glide__slide\"><figure><img decoding=\"async\" class=\"wp-block-themeisle-blocks-slider-item\" src=\"https:\/\/escoladigital.madeira.gov.pt\/eb1peboliqueime\/wp-content\/uploads\/sites\/41\/2025\/12\/IMG_3547-scaled.jpeg\" alt=\"\" title=\"\" data-id=\"852\" \/><\/figure><\/div><div class=\"wp-block-themeisle-blocks-slider-item-wrapper glide__slide\"><figure><img decoding=\"async\" class=\"wp-block-themeisle-blocks-slider-item\" src=\"https:\/\/escoladigital.madeira.gov.pt\/eb1peboliqueime\/wp-content\/uploads\/sites\/41\/2025\/12\/IMG_3543-scaled.jpeg\" alt=\"\" title=\"\" data-id=\"850\" \/><\/figure><\/div><div class=\"wp-block-themeisle-blocks-slider-item-wrapper glide__slide\"><figure><img decoding=\"async\" class=\"wp-block-themeisle-blocks-slider-item\" src=\"https:\/\/escoladigital.madeira.gov.pt\/eb1peboliqueime\/wp-content\/uploads\/sites\/41\/2025\/12\/IMG_3548-scaled.jpeg\" alt=\"\" title=\"\" data-id=\"853\" \/><\/figure><\/div><div class=\"wp-block-themeisle-blocks-slider-item-wrapper glide__slide\"><figure><img decoding=\"async\" class=\"wp-block-themeisle-blocks-slider-item\" src=\"https:\/\/escoladigital.madeira.gov.pt\/eb1peboliqueime\/wp-content\/uploads\/sites\/41\/2025\/12\/IMG_3546-scaled.jpeg\" alt=\"\" title=\"\" data-id=\"851\" \/><\/figure><\/div><div class=\"wp-block-themeisle-blocks-slider-item-wrapper glide__slide\"><figure><img decoding=\"async\" class=\"wp-block-themeisle-blocks-slider-item\" src=\"https:\/\/escoladigital.madeira.gov.pt\/eb1peboliqueime\/wp-content\/uploads\/sites\/41\/2025\/12\/IMG_3541-scaled.jpeg\" alt=\"\" title=\"\" data-id=\"848\" \/><\/figure><\/div><div class=\"wp-block-themeisle-blocks-slider-item-wrapper glide__slide\"><figure><img decoding=\"async\" class=\"wp-block-themeisle-blocks-slider-item\" src=\"https:\/\/escoladigital.madeira.gov.pt\/eb1peboliqueime\/wp-content\/uploads\/sites\/41\/2025\/12\/IMG_3537-scaled.jpeg\" alt=\"\" title=\"\" data-id=\"845\" \/><\/figure><\/div><div class=\"wp-block-themeisle-blocks-slider-item-wrapper glide__slide\"><figure><img decoding=\"async\" class=\"wp-block-themeisle-blocks-slider-item\" src=\"https:\/\/escoladigital.madeira.gov.pt\/eb1peboliqueime\/wp-content\/uploads\/sites\/41\/2025\/12\/IMG_3536-scaled.jpeg\" alt=\"\" title=\"\" data-id=\"844\" \/><\/figure><\/div><div class=\"wp-block-themeisle-blocks-slider-item-wrapper glide__slide\"><figure><img decoding=\"async\" class=\"wp-block-themeisle-blocks-slider-item\" src=\"https:\/\/escoladigital.madeira.gov.pt\/eb1peboliqueime\/wp-content\/uploads\/sites\/41\/2025\/12\/IMG_3542-scaled.jpeg\" alt=\"\" title=\"\" data-id=\"849\" \/><\/figure><\/div><\/div><div class=\"glide__bullets\" data-glide-el=\"controls[nav]\"><button class=\"glide__bullet\" data-glide-dir=\"=0\"><\/button><button class=\"glide__bullet\" data-glide-dir=\"=1\"><\/button><button class=\"glide__bullet\" data-glide-dir=\"=2\"><\/button><button class=\"glide__bullet\" data-glide-dir=\"=3\"><\/button><button class=\"glide__bullet\" data-glide-dir=\"=4\"><\/button><button class=\"glide__bullet\" data-glide-dir=\"=5\"><\/button><button class=\"glide__bullet\" data-glide-dir=\"=6\"><\/button><button class=\"glide__bullet\" data-glide-dir=\"=7\"><\/button><button class=\"glide__bullet\" data-glide-dir=\"=8\"><\/button><button class=\"glide__bullet\" data-glide-dir=\"=9\"><\/button><button class=\"glide__bullet\" data-glide-dir=\"=10\"><\/button><button class=\"glide__bullet\" data-glide-dir=\"=11\"><\/button><button class=\"glide__bullet\" data-glide-dir=\"=12\"><\/button><\/div><\/div><\/div>\n<\/div>\n\n\n\n<div class=\"wp-block-column is-layout-flow wp-block-column-is-layout-flow\" style=\"flex-basis:25%\"><\/div>\n<\/div>\n\n\n\n<h2 class=\"wp-block-heading\">Acontecimentos<\/h2>\n\n\n\n<p><\/p>\n\n\n<div class=\"is-style-boxed wp-block-themeisle-blocks-posts-grid\" id=\"wp-block-themeisle-blocks-posts-grid-ba45634a\"><div class=\"is-grid o-posts-grid-columns-3\"><div class=\"o-posts-grid-post-blog o-posts-grid-post-plain\"><div class=\"o-posts-grid-post\"><div class=\"o-posts-grid-post-image\"><a href=\"https:\/\/escoladigital.madeira.gov.pt\/eb1peboliqueime\/2026\/04\/21\/literacia-financeira-o-dinheiro-nao-cresce-nas-arvores\/\"><img fetchpriority=\"high\" decoding=\"async\" width=\"1536\" height=\"2048\" src=\"https:\/\/escoladigital.madeira.gov.pt\/eb1peboliqueime\/wp-content\/uploads\/sites\/41\/2026\/04\/WhatsApp-Image-2026-04-21-at-13.13.47.jpeg\" class=\"attachment-full size-full\" alt=\"Literacia Financeira: &#8220;O dinheiro n\u00e3o cresce nas \u00e1rvores.&#8221;\" srcset=\"https:\/\/escoladigital.madeira.gov.pt\/eb1peboliqueime\/wp-content\/uploads\/sites\/41\/2026\/04\/WhatsApp-Image-2026-04-21-at-13.13.47.jpeg 1536w, https:\/\/escoladigital.madeira.gov.pt\/eb1peboliqueime\/wp-content\/uploads\/sites\/41\/2026\/04\/WhatsApp-Image-2026-04-21-at-13.13.47-225x300.jpeg 225w, https:\/\/escoladigital.madeira.gov.pt\/eb1peboliqueime\/wp-content\/uploads\/sites\/41\/2026\/04\/WhatsApp-Image-2026-04-21-at-13.13.47-768x1024.jpeg 768w, https:\/\/escoladigital.madeira.gov.pt\/eb1peboliqueime\/wp-content\/uploads\/sites\/41\/2026\/04\/WhatsApp-Image-2026-04-21-at-13.13.47-1152x1536.jpeg 1152w\" sizes=\"(max-width: 1536px) 100vw, 1536px\" \/><\/a><\/div><div class=\"o-posts-grid-post-body\"><span class=\"o-posts-grid-post-category\"><a href=\"https:\/\/escoladigital.madeira.gov.pt\/eb1peboliqueime\/category\/atividades\/\">Atividades<\/a><\/span><h4 class=\"o-posts-grid-post-title\"><a href=\"https:\/\/escoladigital.madeira.gov.pt\/eb1peboliqueime\/2026\/04\/21\/literacia-financeira-o-dinheiro-nao-cresce-nas-arvores\/\">Literacia Financeira: &#8220;O dinheiro n\u00e3o cresce nas \u00e1rvores.&#8221;<\/a><\/h4><p class=\"o-posts-grid-post-meta\">  <time datetime=\"2026-04-21T16:48:38+00:00\">Abril 21, 2026<\/time> by <a href=\"https:\/\/escoladigital.madeira.gov.pt\/eb1peboliqueime\/author\/eb1peboliqueime\/\">eb1peboliqueime<\/a><\/p><div class=\"o-posts-grid-post-description\"><p>A turma do 2.\u00ba A recebeu a visita do Dr. Pedro Silva, da Divis\u00e3o de Educa\u00e7\u00e3o da C\u00e2mara Municipal do \u2026<\/p><\/div><\/div><\/div><\/div><div class=\"o-posts-grid-post-blog o-posts-grid-post-plain\"><div class=\"o-posts-grid-post\"><div class=\"o-posts-grid-post-image\"><a href=\"https:\/\/escoladigital.madeira.gov.pt\/eb1peboliqueime\/2026\/04\/17\/visita-a-assembleia-legislativa-da-ram-2\/\"><img decoding=\"async\" width=\"1600\" height=\"1200\" src=\"https:\/\/escoladigital.madeira.gov.pt\/eb1peboliqueime\/wp-content\/uploads\/sites\/41\/2026\/04\/WhatsApp-Image-2026-04-17-at-13.02.21.jpeg\" class=\"attachment-full size-full\" alt=\"Visita \u00e0 Assembleia Legislativa da RAM\" srcset=\"https:\/\/escoladigital.madeira.gov.pt\/eb1peboliqueime\/wp-content\/uploads\/sites\/41\/2026\/04\/WhatsApp-Image-2026-04-17-at-13.02.21.jpeg 1600w, https:\/\/escoladigital.madeira.gov.pt\/eb1peboliqueime\/wp-content\/uploads\/sites\/41\/2026\/04\/WhatsApp-Image-2026-04-17-at-13.02.21-300x225.jpeg 300w, https:\/\/escoladigital.madeira.gov.pt\/eb1peboliqueime\/wp-content\/uploads\/sites\/41\/2026\/04\/WhatsApp-Image-2026-04-17-at-13.02.21-1024x768.jpeg 1024w, https:\/\/escoladigital.madeira.gov.pt\/eb1peboliqueime\/wp-content\/uploads\/sites\/41\/2026\/04\/WhatsApp-Image-2026-04-17-at-13.02.21-768x576.jpeg 768w, https:\/\/escoladigital.madeira.gov.pt\/eb1peboliqueime\/wp-content\/uploads\/sites\/41\/2026\/04\/WhatsApp-Image-2026-04-17-at-13.02.21-1536x1152.jpeg 1536w\" sizes=\"(max-width: 1600px) 100vw, 1600px\" \/><\/a><\/div><div class=\"o-posts-grid-post-body\"><span class=\"o-posts-grid-post-category\"><a href=\"https:\/\/escoladigital.madeira.gov.pt\/eb1peboliqueime\/category\/visitas-de-estudo\/\">Visitas de Estudo<\/a><\/span><h4 class=\"o-posts-grid-post-title\"><a href=\"https:\/\/escoladigital.madeira.gov.pt\/eb1peboliqueime\/2026\/04\/17\/visita-a-assembleia-legislativa-da-ram-2\/\">Visita \u00e0 Assembleia Legislativa da RAM<\/a><\/h4><p class=\"o-posts-grid-post-meta\">  <time datetime=\"2026-04-17T14:10:02+00:00\">Abril 17, 2026<\/time> by <a href=\"https:\/\/escoladigital.madeira.gov.pt\/eb1peboliqueime\/author\/eb1peboliqueime\/\">eb1peboliqueime<\/a><\/p><div class=\"o-posts-grid-post-description\"><p>A visita \u00e0 Assembleia Legislativa da Regi\u00e3o Aut\u00f3noma da Madeira realizou-se no \u00e2mbito da disciplina \u2026<\/p><\/div><\/div><\/div><\/div><div class=\"o-posts-grid-post-blog o-posts-grid-post-plain\"><div class=\"o-posts-grid-post\"><div class=\"o-posts-grid-post-image\"><a href=\"https:\/\/escoladigital.madeira.gov.pt\/eb1peboliqueime\/2026\/04\/15\/visita-a-assembleia-legislativa-da-ram\/\"><img decoding=\"async\" width=\"1600\" height=\"1200\" src=\"https:\/\/escoladigital.madeira.gov.pt\/eb1peboliqueime\/wp-content\/uploads\/sites\/41\/2026\/04\/WhatsApp-Image-2026-04-14-at-19.56.40-1.jpeg\" class=\"attachment-full size-full\" alt=\"Visita \u00e0 Assembleia Legislativa da RAM\" srcset=\"https:\/\/escoladigital.madeira.gov.pt\/eb1peboliqueime\/wp-content\/uploads\/sites\/41\/2026\/04\/WhatsApp-Image-2026-04-14-at-19.56.40-1.jpeg 1600w, https:\/\/escoladigital.madeira.gov.pt\/eb1peboliqueime\/wp-content\/uploads\/sites\/41\/2026\/04\/WhatsApp-Image-2026-04-14-at-19.56.40-1-300x225.jpeg 300w, https:\/\/escoladigital.madeira.gov.pt\/eb1peboliqueime\/wp-content\/uploads\/sites\/41\/2026\/04\/WhatsApp-Image-2026-04-14-at-19.56.40-1-1024x768.jpeg 1024w, https:\/\/escoladigital.madeira.gov.pt\/eb1peboliqueime\/wp-content\/uploads\/sites\/41\/2026\/04\/WhatsApp-Image-2026-04-14-at-19.56.40-1-768x576.jpeg 768w, https:\/\/escoladigital.madeira.gov.pt\/eb1peboliqueime\/wp-content\/uploads\/sites\/41\/2026\/04\/WhatsApp-Image-2026-04-14-at-19.56.40-1-1536x1152.jpeg 1536w\" sizes=\"(max-width: 1600px) 100vw, 1600px\" \/><\/a><\/div><div class=\"o-posts-grid-post-body\"><span class=\"o-posts-grid-post-category\"><a href=\"https:\/\/escoladigital.madeira.gov.pt\/eb1peboliqueime\/category\/visitas-de-estudo\/\">Visitas de Estudo<\/a><\/span><h4 class=\"o-posts-grid-post-title\"><a href=\"https:\/\/escoladigital.madeira.gov.pt\/eb1peboliqueime\/2026\/04\/15\/visita-a-assembleia-legislativa-da-ram\/\">Visita \u00e0 Assembleia Legislativa da RAM<\/a><\/h4><p class=\"o-posts-grid-post-meta\">  <time datetime=\"2026-04-15T08:18:46+00:00\">Abril 15, 2026<\/time> by <a href=\"https:\/\/escoladigital.madeira.gov.pt\/eb1peboliqueime\/author\/eb1peboliqueime\/\">eb1peboliqueime<\/a><\/p><div class=\"o-posts-grid-post-description\"><p>No \u00e2mbito da disciplina de Cidadania e Desenvolvimento, e no estudo da democracia e das institui\u00e7\u00f5es\u2026<\/p><\/div><\/div><\/div><\/div><div class=\"o-posts-grid-post-blog o-posts-grid-post-plain\"><div class=\"o-posts-grid-post\"><div class=\"o-posts-grid-post-image\"><a href=\"https:\/\/escoladigital.madeira.gov.pt\/eb1peboliqueime\/2026\/04\/14\/visita-a-estacao-de-transferencia-de-residuos-solidos-urbanos\/\"><img loading=\"lazy\" decoding=\"async\" width=\"2000\" height=\"1500\" src=\"https:\/\/escoladigital.madeira.gov.pt\/eb1peboliqueime\/wp-content\/uploads\/sites\/41\/2026\/04\/WhatsApp-Image-2026-04-14-at-11.20.47-1.jpeg\" class=\"attachment-full size-full\" alt=\"Visita \u00e0 Esta\u00e7\u00e3o de Transfer\u00eancia de Res\u00edduos S\u00f3lidos Urbanos\" srcset=\"https:\/\/escoladigital.madeira.gov.pt\/eb1peboliqueime\/wp-content\/uploads\/sites\/41\/2026\/04\/WhatsApp-Image-2026-04-14-at-11.20.47-1.jpeg 2000w, https:\/\/escoladigital.madeira.gov.pt\/eb1peboliqueime\/wp-content\/uploads\/sites\/41\/2026\/04\/WhatsApp-Image-2026-04-14-at-11.20.47-1-300x225.jpeg 300w, https:\/\/escoladigital.madeira.gov.pt\/eb1peboliqueime\/wp-content\/uploads\/sites\/41\/2026\/04\/WhatsApp-Image-2026-04-14-at-11.20.47-1-1024x768.jpeg 1024w, https:\/\/escoladigital.madeira.gov.pt\/eb1peboliqueime\/wp-content\/uploads\/sites\/41\/2026\/04\/WhatsApp-Image-2026-04-14-at-11.20.47-1-768x576.jpeg 768w, https:\/\/escoladigital.madeira.gov.pt\/eb1peboliqueime\/wp-content\/uploads\/sites\/41\/2026\/04\/WhatsApp-Image-2026-04-14-at-11.20.47-1-1536x1152.jpeg 1536w\" sizes=\"(max-width: 2000px) 100vw, 2000px\" \/><\/a><\/div><div class=\"o-posts-grid-post-body\"><span class=\"o-posts-grid-post-category\"><a href=\"https:\/\/escoladigital.madeira.gov.pt\/eb1peboliqueime\/category\/visitas-de-estudo\/\">Visitas de Estudo<\/a><\/span><h4 class=\"o-posts-grid-post-title\"><a href=\"https:\/\/escoladigital.madeira.gov.pt\/eb1peboliqueime\/2026\/04\/14\/visita-a-estacao-de-transferencia-de-residuos-solidos-urbanos\/\">Visita \u00e0 Esta\u00e7\u00e3o de Transfer\u00eancia de Res\u00edduos S\u00f3lidos Urbanos<\/a><\/h4><p class=\"o-posts-grid-post-meta\">  <time datetime=\"2026-04-14T11:33:28+00:00\">Abril 14, 2026<\/time> by <a href=\"https:\/\/escoladigital.madeira.gov.pt\/eb1peboliqueime\/author\/eb1peboliqueime\/\">eb1peboliqueime<\/a><\/p><div class=\"o-posts-grid-post-description\"><p>Hoje realiz\u00e1mos uma visita \u00e0 Esta\u00e7\u00e3o de Transfer\u00eancia de Res\u00edduos S\u00f3lidos Urbanos dos Viveiros, no \u00e2\u2026<\/p><\/div><\/div><\/div><\/div><div class=\"o-posts-grid-post-blog o-posts-grid-post-plain\"><div class=\"o-posts-grid-post\"><div class=\"o-posts-grid-post-image\"><a href=\"https:\/\/escoladigital.madeira.gov.pt\/eb1peboliqueime\/2026\/03\/27\/%f0%9f%93%9a%e2%9c%a8-biblioteca-itinerante-a-magia-da-leitura\/\"><img loading=\"lazy\" decoding=\"async\" width=\"1200\" height=\"675\" src=\"https:\/\/escoladigital.madeira.gov.pt\/eb1peboliqueime\/wp-content\/uploads\/sites\/41\/2026\/03\/Diapositivo4-1.jpeg\" class=\"attachment-full size-full\" alt=\"\ud83d\udcda\u2728 Biblioteca Itinerante: A Magia da Leitura\" srcset=\"https:\/\/escoladigital.madeira.gov.pt\/eb1peboliqueime\/wp-content\/uploads\/sites\/41\/2026\/03\/Diapositivo4-1.jpeg 1200w, https:\/\/escoladigital.madeira.gov.pt\/eb1peboliqueime\/wp-content\/uploads\/sites\/41\/2026\/03\/Diapositivo4-1-300x169.jpeg 300w, https:\/\/escoladigital.madeira.gov.pt\/eb1peboliqueime\/wp-content\/uploads\/sites\/41\/2026\/03\/Diapositivo4-1-1024x576.jpeg 1024w, https:\/\/escoladigital.madeira.gov.pt\/eb1peboliqueime\/wp-content\/uploads\/sites\/41\/2026\/03\/Diapositivo4-1-768x432.jpeg 768w\" sizes=\"(max-width: 1200px) 100vw, 1200px\" \/><\/a><\/div><div class=\"o-posts-grid-post-body\"><span class=\"o-posts-grid-post-category\"><a href=\"https:\/\/escoladigital.madeira.gov.pt\/eb1peboliqueime\/category\/atividades\/\">Atividades<\/a><\/span><h4 class=\"o-posts-grid-post-title\"><a href=\"https:\/\/escoladigital.madeira.gov.pt\/eb1peboliqueime\/2026\/03\/27\/%f0%9f%93%9a%e2%9c%a8-biblioteca-itinerante-a-magia-da-leitura\/\">\ud83d\udcda\u2728 Biblioteca Itinerante: A Magia da Leitura<\/a><\/h4><p class=\"o-posts-grid-post-meta\">  <time datetime=\"2026-03-27T16:16:39+00:00\">Mar\u00e7o 27, 2026<\/time> by <a href=\"https:\/\/escoladigital.madeira.gov.pt\/eb1peboliqueime\/author\/eb1peboliqueime\/\">eb1peboliqueime<\/a><\/p><div class=\"o-posts-grid-post-description\"><p>Ontem volt\u00e1mos a receber, com grande entusiasmo, a Biblioteca Itinerante \u201cA Magia da Leitura\u201d, da Di\u2026<\/p><\/div><\/div><\/div><\/div><div class=\"o-posts-grid-post-blog o-posts-grid-post-plain\"><div class=\"o-posts-grid-post\"><div class=\"o-posts-grid-post-image\"><a href=\"https:\/\/escoladigital.madeira.gov.pt\/eb1peboliqueime\/2026\/03\/27\/jogos-da-pascoa\/\"><img loading=\"lazy\" decoding=\"async\" width=\"2048\" height=\"1856\" src=\"https:\/\/escoladigital.madeira.gov.pt\/eb1peboliqueime\/wp-content\/uploads\/sites\/41\/2026\/03\/WhatsApp-Image-2026-03-27-at-13.52.09-2.jpeg\" class=\"attachment-full size-full\" alt=\"Jogos da P\u00e1scoa\" srcset=\"https:\/\/escoladigital.madeira.gov.pt\/eb1peboliqueime\/wp-content\/uploads\/sites\/41\/2026\/03\/WhatsApp-Image-2026-03-27-at-13.52.09-2.jpeg 2048w, https:\/\/escoladigital.madeira.gov.pt\/eb1peboliqueime\/wp-content\/uploads\/sites\/41\/2026\/03\/WhatsApp-Image-2026-03-27-at-13.52.09-2-300x272.jpeg 300w, https:\/\/escoladigital.madeira.gov.pt\/eb1peboliqueime\/wp-content\/uploads\/sites\/41\/2026\/03\/WhatsApp-Image-2026-03-27-at-13.52.09-2-1024x928.jpeg 1024w, https:\/\/escoladigital.madeira.gov.pt\/eb1peboliqueime\/wp-content\/uploads\/sites\/41\/2026\/03\/WhatsApp-Image-2026-03-27-at-13.52.09-2-768x696.jpeg 768w, https:\/\/escoladigital.madeira.gov.pt\/eb1peboliqueime\/wp-content\/uploads\/sites\/41\/2026\/03\/WhatsApp-Image-2026-03-27-at-13.52.09-2-1536x1392.jpeg 1536w\" sizes=\"(max-width: 2048px) 100vw, 2048px\" \/><\/a><\/div><div class=\"o-posts-grid-post-body\"><span class=\"o-posts-grid-post-category\"><a href=\"https:\/\/escoladigital.madeira.gov.pt\/eb1peboliqueime\/category\/festividades\/\">Festividades<\/a><\/span><h4 class=\"o-posts-grid-post-title\"><a href=\"https:\/\/escoladigital.madeira.gov.pt\/eb1peboliqueime\/2026\/03\/27\/jogos-da-pascoa\/\">Jogos da P\u00e1scoa<\/a><\/h4><p class=\"o-posts-grid-post-meta\">  <time datetime=\"2026-03-27T15:09:10+00:00\">Mar\u00e7o 27, 2026<\/time> by <a href=\"https:\/\/escoladigital.madeira.gov.pt\/eb1peboliqueime\/author\/eb1peboliqueime\/\">eb1peboliqueime<\/a><\/p><div class=\"o-posts-grid-post-description\"><p>Foi uma manh\u00e3 de ca\u00e7a aos ovos diferente. Diversos jogos alusivos \u00e0 P\u00e1scoa animaram as nossas crian\u00e7\u2026<\/p><\/div><\/div><\/div><\/div><\/div> <\/div>\n\n\n<div class=\"wp-block-query is-layout-flow wp-block-query-is-layout-flow\"><ul class=\"wp-block-post-template is-layout-flow wp-block-post-template-is-layout-flow\"><li class=\"wp-block-post post-1573 post type-post status-publish format-standard has-post-thumbnail hentry category-atividades tag-2-o-ano\">\n\n<div class=\"wp-block-columns are-vertically-aligned-center is-layout-flex wp-container-core-columns-is-layout-28f84493 wp-block-columns-is-layout-flex\">\n<div class=\"wp-block-column is-vertically-aligned-center is-layout-flow wp-block-column-is-layout-flow\" style=\"flex-basis:25%\"><\/div>\n\n\n\n<div class=\"wp-block-column is-vertically-aligned-center is-layout-flow wp-block-column-is-layout-flow\" style=\"flex-basis:75%\"><\/div>\n<\/div>\n\n<\/li><li class=\"wp-block-post post-1570 post type-post status-publish format-standard has-post-thumbnail hentry category-visitas-de-estudo tag-3-o-ano\">\n\n<div class=\"wp-block-columns are-vertically-aligned-center is-layout-flex wp-container-core-columns-is-layout-28f84493 wp-block-columns-is-layout-flex\">\n<div class=\"wp-block-column is-vertically-aligned-center is-layout-flow wp-block-column-is-layout-flow\" style=\"flex-basis:25%\"><\/div>\n\n\n\n<div class=\"wp-block-column is-vertically-aligned-center is-layout-flow wp-block-column-is-layout-flow\" style=\"flex-basis:75%\"><\/div>\n<\/div>\n\n<\/li><li class=\"wp-block-post post-1566 post type-post status-publish format-standard has-post-thumbnail hentry category-visitas-de-estudo tag-3-o-ano\">\n\n<div class=\"wp-block-columns are-vertically-aligned-center is-layout-flex wp-container-core-columns-is-layout-28f84493 wp-block-columns-is-layout-flex\">\n<div class=\"wp-block-column is-vertically-aligned-center is-layout-flow wp-block-column-is-layout-flow\" style=\"flex-basis:25%\"><\/div>\n\n\n\n<div class=\"wp-block-column is-vertically-aligned-center is-layout-flow wp-block-column-is-layout-flow\" style=\"flex-basis:75%\"><\/div>\n<\/div>\n\n<\/li><\/ul><\/div>\n\n\n\n<div class=\"wp-block-columns is-layout-flex wp-container-core-columns-is-layout-28f84493 wp-block-columns-is-layout-flex\">\n<div class=\"wp-block-column is-layout-flow wp-block-column-is-layout-flow\"><\/div>\n\n\n\n<div class=\"wp-block-column is-layout-flow wp-block-column-is-layout-flow\"><\/div>\n\n\n\n<div class=\"wp-block-column is-layout-flow wp-block-column-is-layout-flow\"><\/div>\n<\/div>\n\n\n\n<p><\/p>\n","protected":false},"excerpt":{"rendered":"<p>Acontecimentos<\/p>\n","protected":false},"author":54,"featured_media":0,"parent":0,"menu_order":0,"comment_status":"closed","ping_status":"closed","template":"","meta":{"site-sidebar-layout":"default","site-content-layout":"","ast-site-content-layout":"default","site-content-style":"default","site-sidebar-style":"default","ast-global-header-display":"","ast-banner-title-visibility":"","ast-main-header-display":"","ast-hfb-above-header-display":"","ast-hfb-below-header-display":"","ast-hfb-mobile-header-display":"","site-post-title":"","ast-breadcrumbs-content":"","ast-featured-img":"","footer-sml-layout":"","ast-disable-related-posts":"","theme-transparent-header-meta":"","adv-header-id-meta":"","stick-header-meta":"","header-above-stick-meta":"","header-main-stick-meta":"","header-below-stick-meta":"","astra-migrate-meta-layouts":"default","ast-page-background-enabled":"default","ast-page-background-meta":{"desktop":{"background-color":"var(--ast-global-color-4)","background-image":"","background-repeat":"repeat","background-position":"center center","background-size":"auto","background-attachment":"scroll","background-type":"","background-media":"","overlay-type":"","overlay-color":"","overlay-opacity":"","overlay-gradient":""},"tablet":{"background-color":"","background-image":"","background-repeat":"repeat","background-position":"center center","background-size":"auto","background-attachment":"scroll","background-type":"","background-media":"","overlay-type":"","overlay-color":"","overlay-opacity":"","overlay-gradient":""},"mobile":{"background-color":"","background-image":"","background-repeat":"repeat","background-position":"center center","background-size":"auto","background-attachment":"scroll","background-type":"","background-media":"","overlay-type":"","overlay-color":"","overlay-opacity":"","overlay-gradient":""}},"ast-content-background-meta":{"desktop":{"background-color":"var(--ast-global-color-5)","background-image":"","background-repeat":"repeat","background-position":"center center","background-size":"auto","background-attachment":"scroll","background-type":"","background-media":"","overlay-type":"","overlay-color":"","overlay-opacity":"","overlay-gradient":""},"tablet":{"background-color":"var(--ast-global-color-5)","background-image":"","background-repeat":"repeat","background-position":"center center","background-size":"auto","background-attachment":"scroll","background-type":"","background-media":"","overlay-type":"","overlay-color":"","overlay-opacity":"","overlay-gradient":""},"mobile":{"background-color":"var(--ast-global-color-5)","background-image":"","background-repeat":"repeat","background-position":"center center","background-size":"auto","background-attachment":"scroll","background-type":"","background-media":"","overlay-type":"","overlay-color":"","overlay-opacity":"","overlay-gradient":""}},"_themeisle_gutenberg_block_has_review":false,"footnotes":""},"class_list":["post-572","page","type-page","status-publish","hentry"],"_links":{"self":[{"href":"https:\/\/escoladigital.madeira.gov.pt\/eb1peboliqueime\/wp-json\/wp\/v2\/pages\/572","targetHints":{"allow":["GET"]}}],"collection":[{"href":"https:\/\/escoladigital.madeira.gov.pt\/eb1peboliqueime\/wp-json\/wp\/v2\/pages"}],"about":[{"href":"https:\/\/escoladigital.madeira.gov.pt\/eb1peboliqueime\/wp-json\/wp\/v2\/types\/page"}],"author":[{"embeddable":true,"href":"https:\/\/escoladigital.madeira.gov.pt\/eb1peboliqueime\/wp-json\/wp\/v2\/users\/54"}],"replies":[{"embeddable":true,"href":"https:\/\/escoladigital.madeira.gov.pt\/eb1peboliqueime\/wp-json\/wp\/v2\/comments?post=572"}],"version-history":[{"count":18,"href":"https:\/\/escoladigital.madeira.gov.pt\/eb1peboliqueime\/wp-json\/wp\/v2\/pages\/572\/revisions"}],"predecessor-version":[{"id":1299,"href":"https:\/\/escoladigital.madeira.gov.pt\/eb1peboliqueime\/wp-json\/wp\/v2\/pages\/572\/revisions\/1299"}],"wp:attachment":[{"href":"https:\/\/escoladigital.madeira.gov.pt\/eb1peboliqueime\/wp-json\/wp\/v2\/media?parent=572"}],"curies":[{"name":"wp","href":"https:\/\/api.w.org\/{rel}","templated":true}]}}