{"id":727,"date":"2025-10-26T18:33:31","date_gmt":"2025-10-26T18:33:31","guid":{"rendered":"https:\/\/escoladigital.madeira.gov.pt\/eb1peboliqueime\/?page_id=727"},"modified":"2025-12-10T16:49:01","modified_gmt":"2025-12-10T16:49:01","slug":"aec","status":"publish","type":"page","link":"https:\/\/escoladigital.madeira.gov.pt\/eb1peboliqueime\/aec\/","title":{"rendered":"AEC"},"content":{"rendered":"\n<h3 class=\"wp-block-heading has-text-align-center\"><mark style=\"background-color:var(--ast-global-color-4)\" class=\"has-inline-color has-ast-global-color-0-color\">Atividades de Enriquecimento Curricular<\/mark><\/h3>\n\n\n\n<p><\/p>\n\n\n\n<p><\/p>\n\n\n\n<p>As atividades de enriquecimento curricular s\u00e3o de natureza eminentemente l\u00fadica, formativa, art\u00edstica, tecnol\u00f3gica e cultural.<\/p>\n\n\n\n<div id=\"wp-block-themeisle-blocks-accordion-6b5ff5f9\" class=\"wp-block-themeisle-blocks-accordion exclusive\">\n<details class=\"wp-block-themeisle-blocks-accordion-item\"><summary class=\"wp-block-themeisle-blocks-accordion-item__title\"><div>Express\u00e3o e Educa\u00e7\u00e3o F\u00edsico Motora<\/div><\/summary><div class=\"wp-block-themeisle-blocks-accordion-item__content\">\n<p>Esta atividade tem um hor\u00e1rio espec\u00edfico e segue as orienta\u00e7\u00f5es program\u00e1ticas da Dire\u00e7\u00e3o- Geral da Educa\u00e7\u00e3o, para saber mais sobre estas orienta\u00e7\u00f5es aceda aqui \u00e0 sua p\u00e1gina.<\/p>\n\n\n\n<div class=\"wp-block-buttons is-layout-flex wp-block-buttons-is-layout-flex\">\n<div class=\"wp-block-button\"><a class=\"wp-block-button__link wp-element-button\" href=\"https:\/\/www.dge.mec.pt\/sites\/default\/files\/Basico\/AEC\/ativ_fisica_desportiva.pdf\"><strong>Orienta\u00e7\u00f5es Program\u00e1ticas para Atividade F\u00edsica e Desporto<\/strong><\/a><\/div>\n<\/div>\n<\/div><\/details>\n\n\n\n<details class=\"wp-block-themeisle-blocks-accordion-item\"><summary class=\"wp-block-themeisle-blocks-accordion-item__title\"><div>Express\u00e3o e Educa\u00e7\u00e3o Musical e Art\u00edstica<\/div><\/summary><div class=\"wp-block-themeisle-blocks-accordion-item__content\">\n<p>Esta atividade tem um hor\u00e1rio espec\u00edfico e segue as orienta\u00e7\u00f5es do Gabinete Coordenador de Educa\u00e7\u00e3o Art\u00edstica, para saber mais sobre este gabinete aceda aqui \u00e0 sua p\u00e1gina.<\/p>\n\n\n\n<div class=\"wp-block-buttons is-layout-flex wp-block-buttons-is-layout-flex\">\n<div class=\"wp-block-button\"><a class=\"wp-block-button__link wp-element-button\" href=\"https:\/\/www.madeira.gov.pt\/dre\/Estrutura\/DRE\/Areas\/Educa%C3%A7%C3%A3o-Art%C3%ADstica\"><strong>Gabinete Coordenador de Educa\u00e7\u00e3o Art\u00edstica<\/strong><\/a><\/div>\n<\/div>\n\n\n\n<div id=\"wp-block-themeisle-blocks-accordion-5ebad260\" class=\"wp-block-themeisle-blocks-accordion exclusive\"><\/div>\n<\/div><\/details>\n<\/div>\n\n\n\n<div id=\"wp-block-themeisle-blocks-accordion-94515e04\" class=\"wp-block-themeisle-blocks-accordion exclusive\"><\/div>\n\n\n\n<div id=\"wp-block-themeisle-blocks-accordion-e252b277\" class=\"wp-block-themeisle-blocks-accordion exclusive\">\n<details class=\"wp-block-themeisle-blocks-accordion-item\"><summary class=\"wp-block-themeisle-blocks-accordion-item__title\"><div>Express\u00e3o Pl\u00e1stica<\/div><\/summary><div class=\"wp-block-themeisle-blocks-accordion-item__content\">\n<p>Nesta atividade procura-se potenciar o lado art\u00edstico e criativo dos nossos alunos, realizando trabalhos diversificados e de encontro com o calend\u00e1rio festivo, para saber mais sobre este gabinete aceda aqui \u00e0 sua p\u00e1gina.<\/p>\n\n\n\n<div class=\"wp-block-buttons is-layout-flex wp-block-buttons-is-layout-flex\">\n<div class=\"wp-block-button\"><a class=\"wp-block-button__link wp-element-button\" href=\"https:\/\/www.madeira.gov.pt\/dre\/Estrutura\/DRE\/Educa%C3%A7%C3%A3o-Art%C3%ADstica\"><strong>Gabinete Coordenador de Educa\u00e7\u00e3o Art\u00edstica<\/strong><\/a><\/div>\n<\/div>\n<\/div><\/details>\n\n\n\n<details class=\"wp-block-themeisle-blocks-accordion-item\"><summary class=\"wp-block-themeisle-blocks-accordion-item__title\"><div>TIC | Tecnologias da Informa\u00e7\u00e3o e Comunica\u00e7\u00e3o<\/div><\/summary><div class=\"wp-block-themeisle-blocks-accordion-item__content\">\n<p>A Atividade de Enriquecimento Curricular de TIC visa proporcionar situa\u00e7\u00f5es de ensino-aprendizagem conducentes \u00e0 aquisi\u00e7\u00e3o e desenvolvimento de compet\u00eancias e atitudes no dom\u00ednio das TIC, promovendo, igualmente, a transversalidade com as restantes \u00e1reas do conhecimento.<\/p>\n\n\n\n<p>Os of\u00edcios-circulares n\u00ba 5.0.0 \u2013 320\/09 de 16 de Julho e n\u00ba5.0.0 \u2013 429\/09 de 8 de Outubro com aditamento do of\u00edcio-circular n\u00ba 5.0.0 \u2013 339\/10 de 7 de Julho, apresentam as orienta\u00e7\u00f5es para a leciona\u00e7\u00e3o das TIC no 1\u00ba Ciclo do Ensino B\u00e1sico.<br>No 1\u00ba Ciclo do Ensino B\u00e1sico, o desenvolvimento crescente da Atividade de Enriquecimento Curricular de TIC, proporcionou a cria\u00e7\u00e3o de um Documento&nbsp;Orientador TIC \u2013 RAM \u2013 Fase Experimental (<strong>DoTIC<\/strong>), onde se definiram linhas orientadoras e a promo\u00e7\u00e3o da transversalidade com as restantes \u00e1reas curriculares.<\/p>\n\n\n\n<div class=\"wp-block-buttons is-layout-flex wp-block-buttons-is-layout-flex\">\n<div class=\"wp-block-button\"><a class=\"wp-block-button__link wp-element-button\" href=\"https:\/\/teducativas.madeira.gov.pt\/gmte\/projetos\/tic-edu\/professores-de-tic\/1%C2%BA-ciclo-do-ensino-b%C3%A1sico\/atividade-de-enriquecimento-curricular-de-tic\"><strong>GMTE | Gabinete de Moderniza\u00e7\u00e3o das Tecnologias Educativas<\/strong><\/a><\/div>\n<\/div>\n<\/div><\/details>\n<\/div>\n\n\n\n<div id=\"wp-block-themeisle-blocks-accordion-d5e6fcce\" class=\"wp-block-themeisle-blocks-accordion exclusive\">\n<details class=\"wp-block-themeisle-blocks-accordion-item\"><summary class=\"wp-block-themeisle-blocks-accordion-item__title\"><div>Ingl\u00eas<\/div><\/summary><div class=\"wp-block-themeisle-blocks-accordion-item__content\">\n<p>A L\u00edngua Inglesa visa sensibilizar para aprendizagem de uma L\u00edngua estrangeira, salientamos as seguintes metas educacionais:<\/p>\n\n\n\n<p>\u00b7&nbsp;&nbsp;&nbsp;&nbsp;&nbsp;&nbsp;&nbsp;Enriquecer o vocabul\u00e1rio;<\/p>\n\n\n\n<p>\u00b7&nbsp;&nbsp;&nbsp;&nbsp;&nbsp;&nbsp;&nbsp;Desenvolver a express\u00e3o oral e escrita;<\/p>\n\n\n\n<p>\u00b7&nbsp;&nbsp;&nbsp;&nbsp;&nbsp;&nbsp;&nbsp;Desenvolver a criatividade e imagina\u00e7\u00e3o;<\/p>\n\n\n\n<p>\u00b7&nbsp;&nbsp;&nbsp;&nbsp;&nbsp;&nbsp;&nbsp;Fomentar a interac\u00e7\u00e3o entre a dimens\u00e3o curricular e de enriquecimento curricular;<\/p>\n\n\n\n<p>\u00b7&nbsp;&nbsp;&nbsp;&nbsp;&nbsp;&nbsp;&nbsp;Criar fontes de motiva\u00e7\u00e3o para favorecer o sucesso educativo.<\/p>\n<\/div><\/details>\n\n\n\n<details class=\"wp-block-themeisle-blocks-accordion-item\"><summary class=\"wp-block-themeisle-blocks-accordion-item__title\"><div>Estudo<\/div><\/summary><div class=\"wp-block-themeisle-blocks-accordion-item__content\">\n<p>Esta atividade visa melhorar os conhecimentos globais dos alunos atrav\u00e9s de estrat\u00e9gias diversificadas, ensinando e aplicando m\u00e9todos e t\u00e9cnicas de estudo.<\/p>\n<\/div><\/details>\n\n\n\n<details class=\"wp-block-themeisle-blocks-accordion-item\"><summary class=\"wp-block-themeisle-blocks-accordion-item__title\"><div>Biblioteca<\/div><\/summary><div class=\"wp-block-themeisle-blocks-accordion-item__content\">\n<p>A atividade de Biblioteca desenvolve-se para todos os anos de escolaridade. Pretende desenvolver a literacia e a educa\u00e7\u00e3o liter\u00e1ria nos alunos.<\/p>\n<\/div><\/details>\n<\/div>\n\n\n\n<p><\/p>\n","protected":false},"excerpt":{"rendered":"<p>Atividades de Enriquecimento Curricular As atividades de enriquecimento curricular s\u00e3o de natureza eminentemente l\u00fadica, formativa, art\u00edstica, tecnol\u00f3gica e cultural.<\/p>\n","protected":false},"author":54,"featured_media":0,"parent":0,"menu_order":0,"comment_status":"closed","ping_status":"closed","template":"","meta":{"site-sidebar-layout":"default","site-content-layout":"","ast-site-content-layout":"default","site-content-style":"default","site-sidebar-style":"default","ast-global-header-display":"","ast-banner-title-visibility":"","ast-main-header-display":"","ast-hfb-above-header-display":"","ast-hfb-below-header-display":"","ast-hfb-mobile-header-display":"","site-post-title":"","ast-breadcrumbs-content":"","ast-featured-img":"","footer-sml-layout":"","ast-disable-related-posts":"","theme-transparent-header-meta":"","adv-header-id-meta":"","stick-header-meta":"","header-above-stick-meta":"","header-main-stick-meta":"","header-below-stick-meta":"","astra-migrate-meta-layouts":"default","ast-page-background-enabled":"default","ast-page-background-meta":{"desktop":{"background-color":"var(--ast-global-color-4)","background-image":"","background-repeat":"repeat","background-position":"center center","background-size":"auto","background-attachment":"scroll","background-type":"","background-media":"","overlay-type":"","overlay-color":"","overlay-opacity":"","overlay-gradient":""},"tablet":{"background-color":"","background-image":"","background-repeat":"repeat","background-position":"center center","background-size":"auto","background-attachment":"scroll","background-type":"","background-media":"","overlay-type":"","overlay-color":"","overlay-opacity":"","overlay-gradient":""},"mobile":{"background-color":"","background-image":"","background-repeat":"repeat","background-position":"center center","background-size":"auto","background-attachment":"scroll","background-type":"","background-media":"","overlay-type":"","overlay-color":"","overlay-opacity":"","overlay-gradient":""}},"ast-content-background-meta":{"desktop":{"background-color":"var(--ast-global-color-5)","background-image":"","background-repeat":"repeat","background-position":"center center","background-size":"auto","background-attachment":"scroll","background-type":"","background-media":"","overlay-type":"","overlay-color":"","overlay-opacity":"","overlay-gradient":""},"tablet":{"background-color":"var(--ast-global-color-5)","background-image":"","background-repeat":"repeat","background-position":"center center","background-size":"auto","background-attachment":"scroll","background-type":"","background-media":"","overlay-type":"","overlay-color":"","overlay-opacity":"","overlay-gradient":""},"mobile":{"background-color":"var(--ast-global-color-5)","background-image":"","background-repeat":"repeat","background-position":"center center","background-size":"auto","background-attachment":"scroll","background-type":"","background-media":"","overlay-type":"","overlay-color":"","overlay-opacity":"","overlay-gradient":""}},"_themeisle_gutenberg_block_has_review":false,"footnotes":""},"class_list":["post-727","page","type-page","status-publish","hentry"],"_links":{"self":[{"href":"https:\/\/escoladigital.madeira.gov.pt\/eb1peboliqueime\/wp-json\/wp\/v2\/pages\/727","targetHints":{"allow":["GET"]}}],"collection":[{"href":"https:\/\/escoladigital.madeira.gov.pt\/eb1peboliqueime\/wp-json\/wp\/v2\/pages"}],"about":[{"href":"https:\/\/escoladigital.madeira.gov.pt\/eb1peboliqueime\/wp-json\/wp\/v2\/types\/page"}],"author":[{"embeddable":true,"href":"https:\/\/escoladigital.madeira.gov.pt\/eb1peboliqueime\/wp-json\/wp\/v2\/users\/54"}],"replies":[{"embeddable":true,"href":"https:\/\/escoladigital.madeira.gov.pt\/eb1peboliqueime\/wp-json\/wp\/v2\/comments?post=727"}],"version-history":[{"count":19,"href":"https:\/\/escoladigital.madeira.gov.pt\/eb1peboliqueime\/wp-json\/wp\/v2\/pages\/727\/revisions"}],"predecessor-version":[{"id":878,"href":"https:\/\/escoladigital.madeira.gov.pt\/eb1peboliqueime\/wp-json\/wp\/v2\/pages\/727\/revisions\/878"}],"wp:attachment":[{"href":"https:\/\/escoladigital.madeira.gov.pt\/eb1peboliqueime\/wp-json\/wp\/v2\/media?parent=727"}],"curies":[{"name":"wp","href":"https:\/\/api.w.org\/{rel}","templated":true}]}}