{"id":730,"date":"2025-10-26T18:35:24","date_gmt":"2025-10-26T18:35:24","guid":{"rendered":"https:\/\/escoladigital.madeira.gov.pt\/eb1peboliqueime\/?page_id=730"},"modified":"2025-10-27T11:22:35","modified_gmt":"2025-10-27T11:22:35","slug":"dcb","status":"publish","type":"page","link":"https:\/\/escoladigital.madeira.gov.pt\/eb1peboliqueime\/dcb\/","title":{"rendered":"DCB"},"content":{"rendered":"\n<div class=\"wp-block-columns is-layout-flex wp-container-core-columns-is-layout-28f84493 wp-block-columns-is-layout-flex\">\n<div class=\"wp-block-column is-layout-flow wp-block-column-is-layout-flow\">\n<h4 class=\"wp-block-heading\"><mark class=\"has-inline-color has-ast-global-color-0-color\">Diploma de Compet\u00eancias B\u00e1sicas em Tecnologias da Informa\u00e7\u00e3o (TI)<\/mark><\/h4>\n<\/div>\n\n\n\n<div class=\"wp-block-column is-layout-flow wp-block-column-is-layout-flow\">\n<figure class=\"wp-block-image size-full is-resized\"><img fetchpriority=\"high\" decoding=\"async\" width=\"346\" height=\"152\" src=\"https:\/\/escoladigital.madeira.gov.pt\/eb1peboliqueime\/wp-content\/uploads\/sites\/41\/2025\/10\/Logotipo-DCB.jpg\" alt=\"\" class=\"wp-image-754\" style=\"width:492px;height:auto\" srcset=\"https:\/\/escoladigital.madeira.gov.pt\/eb1peboliqueime\/wp-content\/uploads\/sites\/41\/2025\/10\/Logotipo-DCB.jpg 346w, https:\/\/escoladigital.madeira.gov.pt\/eb1peboliqueime\/wp-content\/uploads\/sites\/41\/2025\/10\/Logotipo-DCB-300x132.jpg 300w\" sizes=\"(max-width: 346px) 100vw, 346px\" \/><\/figure>\n<\/div>\n<\/div>\n\n\n\n<div class=\"wp-block-columns is-layout-flex wp-container-core-columns-is-layout-28f84493 wp-block-columns-is-layout-flex\">\n<div class=\"wp-block-column is-layout-flow wp-block-column-is-layout-flow\">\n<p>O Diploma de Compet\u00eancias B\u00e1sicas em Tecnologias de Informa\u00e7\u00e3o tem como principal objetivo dotar toda a comunidade educativa de um conjunto de compet\u00eancias b\u00e1sicas em tecnologias de informa\u00e7\u00e3o que permitam um exerc\u00edcio pleno dos seus direitos e deveres como cidad\u00e3os.<\/p>\n<\/div>\n\n\n\n<div class=\"wp-block-column is-layout-flow wp-block-column-is-layout-flow\">\n<h3 class=\"wp-block-heading\">Objetivos<\/h3>\n\n\n\n<ul class=\"wp-block-list\">\n<li>Promover o Diploma de Compet\u00eancias B\u00e1sicas em TI nas escolas;<\/li>\n\n\n\n<li>Propor a realiza\u00e7\u00e3o do DCB aos diferentes elementos da comunidade educativa (encarregados de educa\u00e7\u00e3o, auxiliares da a\u00e7\u00e3o educativa, professores, etc)<\/li>\n\n\n\n<li>Dotar os alunos do 4 \u00ba ano do 1 \u00ba Ciclo do Ensino B\u00e1sico, alunos do 2 \u00ba e 3 \u00ba Ciclos e outros agentes da comunidade educativa da RAM com as Compet\u00eancias B\u00e1sicas em TI.<\/li>\n<\/ul>\n\n\n\n<p><\/p>\n\n\n\n<p><\/p>\n<\/div>\n<\/div>\n\n\n\n<div class=\"wp-block-columns is-layout-flex wp-container-core-columns-is-layout-28f84493 wp-block-columns-is-layout-flex\">\n<div class=\"wp-block-column is-layout-flow wp-block-column-is-layout-flow\">\n<figure class=\"wp-block-image aligncenter size-full is-resized\"><img decoding=\"async\" width=\"980\" height=\"980\" src=\"https:\/\/escoladigital.madeira.gov.pt\/eb1peboliqueime\/wp-content\/uploads\/sites\/41\/2025\/10\/pessoas-logotipo.webp\" alt=\"\" class=\"wp-image-755\" style=\"width:237px;height:auto\" srcset=\"https:\/\/escoladigital.madeira.gov.pt\/eb1peboliqueime\/wp-content\/uploads\/sites\/41\/2025\/10\/pessoas-logotipo.webp 980w, https:\/\/escoladigital.madeira.gov.pt\/eb1peboliqueime\/wp-content\/uploads\/sites\/41\/2025\/10\/pessoas-logotipo-300x300.webp 300w, https:\/\/escoladigital.madeira.gov.pt\/eb1peboliqueime\/wp-content\/uploads\/sites\/41\/2025\/10\/pessoas-logotipo-150x150.webp 150w, https:\/\/escoladigital.madeira.gov.pt\/eb1peboliqueime\/wp-content\/uploads\/sites\/41\/2025\/10\/pessoas-logotipo-768x768.webp 768w\" sizes=\"(max-width: 980px) 100vw, 980px\" \/><\/figure>\n<\/div>\n\n\n\n<div class=\"wp-block-column is-layout-flow wp-block-column-is-layout-flow\">\n<h3 class=\"wp-block-heading\">Destinat\u00e1rios<\/h3>\n\n\n\n<p>A certifica\u00e7\u00e3o de Compet\u00eancias B\u00e1sicas em Tecnologias de Informa\u00e7\u00e3o destina se aos alunos do 4 \u00ba ano do 1 \u00ba Ciclo do Ensino B\u00e1sico (que frequentam a Atividade de Enriquecimento Curricular de TIC), alunos dos 2 \u00ba e 3 \u00ba Ciclos do Ensino B\u00e1sico e do Ensino Secund\u00e1rio e outros agentes da comunidade educativa da RAM.<\/p>\n<\/div>\n<\/div>\n\n\n\n<div class=\"wp-block-columns is-layout-flex wp-container-core-columns-is-layout-28f84493 wp-block-columns-is-layout-flex\">\n<div class=\"wp-block-column is-layout-flow wp-block-column-is-layout-flow\">\n<h4 class=\"wp-block-heading\"><strong>Conte\u00fados program\u00e1ticos<\/strong><\/h4>\n\n\n\n<ul class=\"wp-block-list\">\n<li>Processador de texto<\/li>\n\n\n\n<li>Correio Eletr\u00f3nico<\/li>\n\n\n\n<li>Internet\/Web<\/li>\n<\/ul>\n<\/div>\n\n\n\n<div class=\"wp-block-column is-layout-flow wp-block-column-is-layout-flow\">\n<h3 class=\"wp-block-heading\">Compet\u00eancias<\/h3>\n\n\n\n<p>A avalia\u00e7\u00e3o do exame tem como prop\u00f3sito averiguar o dom\u00ednio por parte do candidato das seguintes compet\u00eancias:<\/p>\n\n\n\n<ul class=\"wp-block-list\">\n<li>Escrever, imprimir e guardar um texto;<\/li>\n\n\n\n<li>Pesquisar informa\u00e7\u00e3o na Internet;<\/li>\n\n\n\n<li>Receber e enviar uma mensagem de correio eletr\u00f3nico;<\/li>\n\n\n\n<li>Criar e nomear uma pasta;<\/li>\n\n\n\n<li>Digitar e gravar um texto;<\/li>\n\n\n\n<li>Aceder \u00e0 World Wide Web;<\/li>\n\n\n\n<li>Entrar num motor de busca;<\/li>\n\n\n\n<li>Pesquisar sobre um tema dado e imprimir p\u00e1ginas;<\/li>\n\n\n\n<li>Entrar na caixa de correio eletr\u00f3nico;<\/li>\n\n\n\n<li>Ler uma mensagem de correio eletr\u00f3nico;<\/li>\n\n\n\n<li>Enviar uma mensagem, anexando um ficheiro.<\/li>\n<\/ul>\n<\/div>\n<\/div>\n\n\n\n<p><\/p>\n","protected":false},"excerpt":{"rendered":"<p>Diploma de Compet\u00eancias B\u00e1sicas em Tecnologias da Informa\u00e7\u00e3o (TI) O Diploma de Compet\u00eancias B\u00e1sicas em Tecnologias de Informa\u00e7\u00e3o tem como [&hellip;]<\/p>\n","protected":false},"author":54,"featured_media":0,"parent":0,"menu_order":0,"comment_status":"closed","ping_status":"closed","template":"","meta":{"site-sidebar-layout":"default","site-content-layout":"","ast-site-content-layout":"default","site-content-style":"default","site-sidebar-style":"default","ast-global-header-display":"","ast-banner-title-visibility":"","ast-main-header-display":"","ast-hfb-above-header-display":"","ast-hfb-below-header-display":"","ast-hfb-mobile-header-display":"","site-post-title":"","ast-breadcrumbs-content":"","ast-featured-img":"","footer-sml-layout":"","ast-disable-related-posts":"","theme-transparent-header-meta":"","adv-header-id-meta":"","stick-header-meta":"","header-above-stick-meta":"","header-main-stick-meta":"","header-below-stick-meta":"","astra-migrate-meta-layouts":"default","ast-page-background-enabled":"default","ast-page-background-meta":{"desktop":{"background-color":"var(--ast-global-color-4)","background-image":"","background-repeat":"repeat","background-position":"center center","background-size":"auto","background-attachment":"scroll","background-type":"","background-media":"","overlay-type":"","overlay-color":"","overlay-opacity":"","overlay-gradient":""},"tablet":{"background-color":"","background-image":"","background-repeat":"repeat","background-position":"center center","background-size":"auto","background-attachment":"scroll","background-type":"","background-media":"","overlay-type":"","overlay-color":"","overlay-opacity":"","overlay-gradient":""},"mobile":{"background-color":"","background-image":"","background-repeat":"repeat","background-position":"center center","background-size":"auto","background-attachment":"scroll","background-type":"","background-media":"","overlay-type":"","overlay-color":"","overlay-opacity":"","overlay-gradient":""}},"ast-content-background-meta":{"desktop":{"background-color":"var(--ast-global-color-5)","background-image":"","background-repeat":"repeat","background-position":"center center","background-size":"auto","background-attachment":"scroll","background-type":"","background-media":"","overlay-type":"","overlay-color":"","overlay-opacity":"","overlay-gradient":""},"tablet":{"background-color":"var(--ast-global-color-5)","background-image":"","background-repeat":"repeat","background-position":"center center","background-size":"auto","background-attachment":"scroll","background-type":"","background-media":"","overlay-type":"","overlay-color":"","overlay-opacity":"","overlay-gradient":""},"mobile":{"background-color":"var(--ast-global-color-5)","background-image":"","background-repeat":"repeat","background-position":"center center","background-size":"auto","background-attachment":"scroll","background-type":"","background-media":"","overlay-type":"","overlay-color":"","overlay-opacity":"","overlay-gradient":""}},"_themeisle_gutenberg_block_has_review":false,"footnotes":""},"class_list":["post-730","page","type-page","status-publish","hentry"],"_links":{"self":[{"href":"https:\/\/escoladigital.madeira.gov.pt\/eb1peboliqueime\/wp-json\/wp\/v2\/pages\/730","targetHints":{"allow":["GET"]}}],"collection":[{"href":"https:\/\/escoladigital.madeira.gov.pt\/eb1peboliqueime\/wp-json\/wp\/v2\/pages"}],"about":[{"href":"https:\/\/escoladigital.madeira.gov.pt\/eb1peboliqueime\/wp-json\/wp\/v2\/types\/page"}],"author":[{"embeddable":true,"href":"https:\/\/escoladigital.madeira.gov.pt\/eb1peboliqueime\/wp-json\/wp\/v2\/users\/54"}],"replies":[{"embeddable":true,"href":"https:\/\/escoladigital.madeira.gov.pt\/eb1peboliqueime\/wp-json\/wp\/v2\/comments?post=730"}],"version-history":[{"count":3,"href":"https:\/\/escoladigital.madeira.gov.pt\/eb1peboliqueime\/wp-json\/wp\/v2\/pages\/730\/revisions"}],"predecessor-version":[{"id":756,"href":"https:\/\/escoladigital.madeira.gov.pt\/eb1peboliqueime\/wp-json\/wp\/v2\/pages\/730\/revisions\/756"}],"wp:attachment":[{"href":"https:\/\/escoladigital.madeira.gov.pt\/eb1peboliqueime\/wp-json\/wp\/v2\/media?parent=730"}],"curies":[{"name":"wp","href":"https:\/\/api.w.org\/{rel}","templated":true}]}}