{"id":129,"date":"2025-11-10T16:32:45","date_gmt":"2025-11-10T16:32:45","guid":{"rendered":"https:\/\/escoladigital.madeira.gov.pt\/eb1pecalheta\/?page_id=129"},"modified":"2025-12-04T11:32:51","modified_gmt":"2025-12-04T11:32:51","slug":"documentos-oficiais","status":"publish","type":"page","link":"https:\/\/escoladigital.madeira.gov.pt\/eb1pecalheta\/documentos-oficiais\/","title":{"rendered":"DOCUMENTOS"},"content":{"rendered":"\n<div class=\"wp-block-columns is-layout-flex wp-container-core-columns-is-layout-28f84493 wp-block-columns-is-layout-flex\">\n<div class=\"wp-block-column is-layout-flow wp-block-column-is-layout-flow\"><\/div>\n\n\n\n<div class=\"wp-block-column is-layout-flow wp-block-column-is-layout-flow\">\n<figure class=\"wp-block-image size-full is-resized\"><img fetchpriority=\"high\" decoding=\"async\" width=\"1024\" height=\"266\" src=\"https:\/\/escoladigital.madeira.gov.pt\/eb1pecalheta\/wp-content\/uploads\/sites\/59\/2025\/11\/Documentos-oficiais-27-11-2025.jpg\" alt=\"\" class=\"wp-image-620\" style=\"width:370px;height:auto\" srcset=\"https:\/\/escoladigital.madeira.gov.pt\/eb1pecalheta\/wp-content\/uploads\/sites\/59\/2025\/11\/Documentos-oficiais-27-11-2025.jpg 1024w, https:\/\/escoladigital.madeira.gov.pt\/eb1pecalheta\/wp-content\/uploads\/sites\/59\/2025\/11\/Documentos-oficiais-27-11-2025-300x78.jpg 300w, https:\/\/escoladigital.madeira.gov.pt\/eb1pecalheta\/wp-content\/uploads\/sites\/59\/2025\/11\/Documentos-oficiais-27-11-2025-768x200.jpg 768w\" sizes=\"(max-width: 1024px) 100vw, 1024px\" \/><\/figure>\n<\/div>\n\n\n\n<div class=\"wp-block-column is-layout-flow wp-block-column-is-layout-flow\"><\/div>\n<\/div>\n\n\n\n<p class=\"has-text-align-center\">Este portal encontra-se ainda em fase de desenvolvimento. Tentaremos ser breves.<\/p>\n\n\n\n<p><\/p>\n\n\n\n<div id=\"wp-block-themeisle-blocks-advanced-columns-55b78b58\" class=\"wp-block-themeisle-blocks-advanced-columns alignfull has-3-columns has-desktop-equal-layout has-tablet-equal-layout has-mobile-collapsedRows-layout has-vertical-center ticss-c00aadba\"><div class=\"wp-block-themeisle-blocks-advanced-columns-overlay\"><\/div><div class=\"innerblocks-wrap\">\n<div id=\"wp-block-themeisle-blocks-advanced-column-d16eef57\" class=\"wp-block-themeisle-blocks-advanced-column\">\n<figure class=\"wp-block-image aligncenter size-full is-resized is-style-default\"><img decoding=\"async\" width=\"1000\" height=\"501\" src=\"https:\/\/escoladigital.madeira.gov.pt\/eb1pecalheta\/wp-content\/uploads\/sites\/59\/2024\/12\/RI2.png\" alt=\"\" class=\"wp-image-252\" style=\"width:180px;height:auto\" srcset=\"https:\/\/escoladigital.madeira.gov.pt\/eb1pecalheta\/wp-content\/uploads\/sites\/59\/2024\/12\/RI2.png 1000w, https:\/\/escoladigital.madeira.gov.pt\/eb1pecalheta\/wp-content\/uploads\/sites\/59\/2024\/12\/RI2-300x150.png 300w, https:\/\/escoladigital.madeira.gov.pt\/eb1pecalheta\/wp-content\/uploads\/sites\/59\/2024\/12\/RI2-768x385.png 768w\" sizes=\"(max-width: 1000px) 100vw, 1000px\" \/><\/figure>\n\n\n\n<h3 id=\"wp-block-themeisle-blocks-advanced-heading-af4a6933\" class=\"wp-block-themeisle-blocks-advanced-heading wp-block-themeisle-blocks-advanced-heading-af4a6933\">REGULAMENTO INTERNO<\/h3>\n\n\n\n<div class=\"wp-block-buttons is-content-justification-center is-layout-flex wp-container-core-buttons-is-layout-a89b3969 wp-block-buttons-is-layout-flex\">\n<div class=\"wp-block-button\"><a class=\"wp-block-button__link wp-element-button\" href=\"https:\/\/escoladigital.madeira.gov.pt\/eb1pecalheta\/wp-content\/uploads\/sites\/59\/2025\/12\/Regulamento-Interno-CALHETA.pdf\">CLICA AQUI<\/a><\/div>\n<\/div>\n<\/div>\n\n\n\n<div id=\"wp-block-themeisle-blocks-advanced-column-bd1b0b6b\" class=\"wp-block-themeisle-blocks-advanced-column\">\n<figure class=\"wp-block-image aligncenter size-full is-resized is-style-default\"><img decoding=\"async\" width=\"1498\" height=\"501\" src=\"https:\/\/escoladigital.madeira.gov.pt\/eb1pecalheta\/wp-content\/uploads\/sites\/59\/2024\/12\/PEE2-3.png\" alt=\"\" class=\"wp-image-254\" style=\"width:266px;height:auto\" srcset=\"https:\/\/escoladigital.madeira.gov.pt\/eb1pecalheta\/wp-content\/uploads\/sites\/59\/2024\/12\/PEE2-3.png 1498w, https:\/\/escoladigital.madeira.gov.pt\/eb1pecalheta\/wp-content\/uploads\/sites\/59\/2024\/12\/PEE2-3-300x100.png 300w, https:\/\/escoladigital.madeira.gov.pt\/eb1pecalheta\/wp-content\/uploads\/sites\/59\/2024\/12\/PEE2-3-1024x342.png 1024w, https:\/\/escoladigital.madeira.gov.pt\/eb1pecalheta\/wp-content\/uploads\/sites\/59\/2024\/12\/PEE2-3-768x257.png 768w\" sizes=\"(max-width: 1498px) 100vw, 1498px\" \/><\/figure>\n\n\n\n<h3 id=\"wp-block-themeisle-blocks-advanced-heading-112ba0b0\" class=\"wp-block-themeisle-blocks-advanced-heading wp-block-themeisle-blocks-advanced-heading-112ba0b0\">PROJETO EDUCATIVO<\/h3>\n\n\n\n<div class=\"wp-block-buttons is-content-justification-center is-layout-flex wp-container-core-buttons-is-layout-a89b3969 wp-block-buttons-is-layout-flex\">\n<div class=\"wp-block-button is-style-primary\"><a class=\"wp-block-button__link wp-element-button\">CLICA AQUI<\/a><\/div>\n<\/div>\n<\/div>\n\n\n\n<div id=\"wp-block-themeisle-blocks-advanced-column-07b3d357\" class=\"wp-block-themeisle-blocks-advanced-column\">\n<figure class=\"wp-block-image aligncenter size-full is-resized is-style-default\"><img loading=\"lazy\" decoding=\"async\" width=\"1499\" height=\"501\" src=\"https:\/\/escoladigital.madeira.gov.pt\/eb1pecalheta\/wp-content\/uploads\/sites\/59\/2024\/12\/PAA2.png\" alt=\"\" class=\"wp-image-255\" style=\"width:284px;height:auto\" srcset=\"https:\/\/escoladigital.madeira.gov.pt\/eb1pecalheta\/wp-content\/uploads\/sites\/59\/2024\/12\/PAA2.png 1499w, https:\/\/escoladigital.madeira.gov.pt\/eb1pecalheta\/wp-content\/uploads\/sites\/59\/2024\/12\/PAA2-300x100.png 300w, https:\/\/escoladigital.madeira.gov.pt\/eb1pecalheta\/wp-content\/uploads\/sites\/59\/2024\/12\/PAA2-1024x342.png 1024w, https:\/\/escoladigital.madeira.gov.pt\/eb1pecalheta\/wp-content\/uploads\/sites\/59\/2024\/12\/PAA2-768x257.png 768w\" sizes=\"(max-width: 1499px) 100vw, 1499px\" \/><\/figure>\n\n\n\n<h3 id=\"wp-block-themeisle-blocks-advanced-heading-c1dd424b\" class=\"wp-block-themeisle-blocks-advanced-heading wp-block-themeisle-blocks-advanced-heading-c1dd424b\">PLANO ANUAL DE ATIVIDADES<\/h3>\n\n\n\n<div class=\"wp-block-buttons is-content-justification-center is-layout-flex wp-container-core-buttons-is-layout-a89b3969 wp-block-buttons-is-layout-flex\">\n<div class=\"wp-block-button is-style-primary\"><a class=\"wp-block-button__link wp-element-button\">CLICA AQUI<\/a><\/div>\n<\/div>\n<\/div>\n<\/div><\/div>\n\n\n\n<div id=\"wp-block-themeisle-blocks-advanced-columns-d59eae9f\" class=\"wp-block-themeisle-blocks-advanced-columns alignfull has-2-columns has-desktop-equal-layout has-tablet-equal-layout has-mobile-collapsedRows-layout has-vertical-center ticss-c00aadba\"><div class=\"wp-block-themeisle-blocks-advanced-columns-overlay\"><\/div><div class=\"innerblocks-wrap\">\n<div id=\"wp-block-themeisle-blocks-advanced-column-43870673\" class=\"wp-block-themeisle-blocks-advanced-column\">\n<figure class=\"wp-block-image aligncenter size-full is-resized is-style-default\"><img loading=\"lazy\" decoding=\"async\" width=\"1500\" height=\"501\" src=\"https:\/\/escoladigital.madeira.gov.pt\/eb1pecalheta\/wp-content\/uploads\/sites\/59\/2024\/12\/aa-2.png\" alt=\"\" class=\"wp-image-273\" style=\"width:272px;height:auto\" srcset=\"https:\/\/escoladigital.madeira.gov.pt\/eb1pecalheta\/wp-content\/uploads\/sites\/59\/2024\/12\/aa-2.png 1500w, https:\/\/escoladigital.madeira.gov.pt\/eb1pecalheta\/wp-content\/uploads\/sites\/59\/2024\/12\/aa-2-300x100.png 300w, https:\/\/escoladigital.madeira.gov.pt\/eb1pecalheta\/wp-content\/uploads\/sites\/59\/2024\/12\/aa-2-1024x342.png 1024w, https:\/\/escoladigital.madeira.gov.pt\/eb1pecalheta\/wp-content\/uploads\/sites\/59\/2024\/12\/aa-2-768x257.png 768w\" sizes=\"(max-width: 1500px) 100vw, 1500px\" \/><\/figure>\n\n\n\n<h3 id=\"wp-block-themeisle-blocks-advanced-heading-d4b39917\" class=\"wp-block-themeisle-blocks-advanced-heading wp-block-themeisle-blocks-advanced-heading-d4b39917\">CRIT\u00c9RIOS DE AVALIA\u00c7\u00c3O<\/h3>\n\n\n\n<div class=\"wp-block-buttons is-content-justification-center is-layout-flex wp-container-core-buttons-is-layout-a89b3969 wp-block-buttons-is-layout-flex\">\n<div class=\"wp-block-button is-style-primary\"><a class=\"wp-block-button__link wp-element-button\">CLICA AQUI<\/a><\/div>\n<\/div>\n<\/div>\n\n\n\n<div id=\"wp-block-themeisle-blocks-advanced-column-c8bc61d5\" class=\"wp-block-themeisle-blocks-advanced-column\">\n<figure class=\"wp-block-image aligncenter size-full is-resized is-style-default\"><img loading=\"lazy\" decoding=\"async\" width=\"1000\" height=\"501\" src=\"https:\/\/escoladigital.madeira.gov.pt\/eb1pecalheta\/wp-content\/uploads\/sites\/59\/2024\/12\/aa-1.png\" alt=\"\" class=\"wp-image-271\" style=\"width:192px;height:auto\" srcset=\"https:\/\/escoladigital.madeira.gov.pt\/eb1pecalheta\/wp-content\/uploads\/sites\/59\/2024\/12\/aa-1.png 1000w, https:\/\/escoladigital.madeira.gov.pt\/eb1pecalheta\/wp-content\/uploads\/sites\/59\/2024\/12\/aa-1-300x150.png 300w, https:\/\/escoladigital.madeira.gov.pt\/eb1pecalheta\/wp-content\/uploads\/sites\/59\/2024\/12\/aa-1-768x385.png 768w\" sizes=\"(max-width: 1000px) 100vw, 1000px\" \/><\/figure>\n\n\n\n<h3 id=\"wp-block-themeisle-blocks-advanced-heading-269317cd\" class=\"wp-block-themeisle-blocks-advanced-heading wp-block-themeisle-blocks-advanced-heading-269317cd\">AUTO AVALIA\u00c7\u00c3O<\/h3>\n\n\n\n<div class=\"wp-block-buttons is-content-justification-center is-layout-flex wp-container-core-buttons-is-layout-a89b3969 wp-block-buttons-is-layout-flex\">\n<div class=\"wp-block-button is-style-primary\"><a class=\"wp-block-button__link wp-element-button\" href=\"https:\/\/escoladigital.madeira.gov.pt\/eb1pecalheta\/wp-content\/uploads\/sites\/59\/2025\/12\/Relatorio-de-Autoavaliacao-EB1PE-da-Calheta-21-2025.pdf\">CLICA AQUI<\/a><\/div>\n<\/div>\n<\/div>\n<\/div><\/div>\n\n\n\n<figure class=\"wp-block-image aligncenter size-full is-resized\"><img loading=\"lazy\" decoding=\"async\" width=\"366\" height=\"418\" src=\"https:\/\/escoladigital.madeira.gov.pt\/eb1pecalheta\/wp-content\/uploads\/sites\/59\/2025\/12\/Ciber-edu.png\" alt=\"\" class=\"wp-image-645\" style=\"aspect-ratio:0.8755934357594108;width:112px;height:auto\" srcset=\"https:\/\/escoladigital.madeira.gov.pt\/eb1pecalheta\/wp-content\/uploads\/sites\/59\/2025\/12\/Ciber-edu.png 366w, https:\/\/escoladigital.madeira.gov.pt\/eb1pecalheta\/wp-content\/uploads\/sites\/59\/2025\/12\/Ciber-edu-263x300.png 263w\" sizes=\"(max-width: 366px) 100vw, 366px\" \/><\/figure>\n\n\n\n<p class=\"has-text-align-center\"><strong>Documento<\/strong>: <a href=\"https:\/\/escoladigital.madeira.gov.pt\/eb1pecalheta\/wp-content\/uploads\/sites\/59\/2025\/12\/PUA-Politica-de-Utilizacao-Aceitavel.pdf\" data-type=\"attachment\" data-id=\"690\">Pol\u00edtica de utiliza\u00e7\u00e3o aceit\u00e1vel (PUA);<\/a><\/p>\n\n\n\n<p><\/p>\n","protected":false},"excerpt":{"rendered":"<p>Este portal encontra-se ainda em fase de desenvolvimento. Tentaremos ser breves. Documento: Pol\u00edtica de utiliza\u00e7\u00e3o aceit\u00e1vel (PUA);<\/p>\n","protected":false},"author":75,"featured_media":0,"parent":0,"menu_order":0,"comment_status":"closed","ping_status":"closed","template":"","meta":{"site-sidebar-layout":"default","site-content-layout":"","ast-site-content-layout":"default","site-content-style":"default","site-sidebar-style":"default","ast-global-header-display":"","ast-banner-title-visibility":"","ast-main-header-display":"","ast-hfb-above-header-display":"","ast-hfb-below-header-display":"","ast-hfb-mobile-header-display":"","site-post-title":"disabled","ast-breadcrumbs-content":"","ast-featured-img":"","footer-sml-layout":"","ast-disable-related-posts":"","theme-transparent-header-meta":"","adv-header-id-meta":"","stick-header-meta":"","header-above-stick-meta":"","header-main-stick-meta":"","header-below-stick-meta":"","astra-migrate-meta-layouts":"default","ast-page-background-enabled":"default","ast-page-background-meta":{"desktop":{"background-color":"var(--ast-global-color-4)","background-image":"","background-repeat":"repeat","background-position":"center center","background-size":"auto","background-attachment":"scroll","background-type":"","background-media":"","overlay-type":"","overlay-color":"","overlay-opacity":"","overlay-gradient":""},"tablet":{"background-color":"","background-image":"","background-repeat":"repeat","background-position":"center center","background-size":"auto","background-attachment":"scroll","background-type":"","background-media":"","overlay-type":"","overlay-color":"","overlay-opacity":"","overlay-gradient":""},"mobile":{"background-color":"","background-image":"","background-repeat":"repeat","background-position":"center center","background-size":"auto","background-attachment":"scroll","background-type":"","background-media":"","overlay-type":"","overlay-color":"","overlay-opacity":"","overlay-gradient":""}},"ast-content-background-meta":{"desktop":{"background-color":"var(--ast-global-color-5)","background-image":"","background-repeat":"repeat","background-position":"center center","background-size":"auto","background-attachment":"scroll","background-type":"","background-media":"","overlay-type":"","overlay-color":"","overlay-opacity":"","overlay-gradient":""},"tablet":{"background-color":"var(--ast-global-color-5)","background-image":"","background-repeat":"repeat","background-position":"center center","background-size":"auto","background-attachment":"scroll","background-type":"","background-media":"","overlay-type":"","overlay-color":"","overlay-opacity":"","overlay-gradient":""},"mobile":{"background-color":"var(--ast-global-color-5)","background-image":"","background-repeat":"repeat","background-position":"center center","background-size":"auto","background-attachment":"scroll","background-type":"","background-media":"","overlay-type":"","overlay-color":"","overlay-opacity":"","overlay-gradient":""}},"_themeisle_gutenberg_block_has_review":false,"footnotes":""},"class_list":["post-129","page","type-page","status-publish","hentry"],"_links":{"self":[{"href":"https:\/\/escoladigital.madeira.gov.pt\/eb1pecalheta\/wp-json\/wp\/v2\/pages\/129","targetHints":{"allow":["GET"]}}],"collection":[{"href":"https:\/\/escoladigital.madeira.gov.pt\/eb1pecalheta\/wp-json\/wp\/v2\/pages"}],"about":[{"href":"https:\/\/escoladigital.madeira.gov.pt\/eb1pecalheta\/wp-json\/wp\/v2\/types\/page"}],"author":[{"embeddable":true,"href":"https:\/\/escoladigital.madeira.gov.pt\/eb1pecalheta\/wp-json\/wp\/v2\/users\/75"}],"replies":[{"embeddable":true,"href":"https:\/\/escoladigital.madeira.gov.pt\/eb1pecalheta\/wp-json\/wp\/v2\/comments?post=129"}],"version-history":[{"count":29,"href":"https:\/\/escoladigital.madeira.gov.pt\/eb1pecalheta\/wp-json\/wp\/v2\/pages\/129\/revisions"}],"predecessor-version":[{"id":696,"href":"https:\/\/escoladigital.madeira.gov.pt\/eb1pecalheta\/wp-json\/wp\/v2\/pages\/129\/revisions\/696"}],"wp:attachment":[{"href":"https:\/\/escoladigital.madeira.gov.pt\/eb1pecalheta\/wp-json\/wp\/v2\/media?parent=129"}],"curies":[{"name":"wp","href":"https:\/\/api.w.org\/{rel}","templated":true}]}}