{"id":147,"date":"2025-11-10T10:59:33","date_gmt":"2025-11-10T10:59:33","guid":{"rendered":"https:\/\/escoladigital.madeira.gov.pt\/eb1pecalheta\/?page_id=147"},"modified":"2026-01-19T12:05:10","modified_gmt":"2026-01-19T12:05:10","slug":"contactos","status":"publish","type":"page","link":"https:\/\/escoladigital.madeira.gov.pt\/eb1pecalheta\/contactos\/","title":{"rendered":"INFORMA\u00c7\u00d5ES"},"content":{"rendered":"\n<div class=\"wp-block-columns is-layout-flex wp-container-core-columns-is-layout-28f84493 wp-block-columns-is-layout-flex\">\n<div class=\"wp-block-column is-layout-flow wp-block-column-is-layout-flow\"><\/div>\n\n\n\n<div class=\"wp-block-column is-layout-flow wp-block-column-is-layout-flow\">\n<figure class=\"wp-block-image size-full is-resized\"><img fetchpriority=\"high\" decoding=\"async\" width=\"1024\" height=\"357\" src=\"https:\/\/escoladigital.madeira.gov.pt\/eb1pecalheta\/wp-content\/uploads\/sites\/59\/2025\/11\/Informa-es-27-11-2025.jpg\" alt=\"\" class=\"wp-image-617\" style=\"width:301px;height:auto\" srcset=\"https:\/\/escoladigital.madeira.gov.pt\/eb1pecalheta\/wp-content\/uploads\/sites\/59\/2025\/11\/Informa-es-27-11-2025.jpg 1024w, https:\/\/escoladigital.madeira.gov.pt\/eb1pecalheta\/wp-content\/uploads\/sites\/59\/2025\/11\/Informa-es-27-11-2025-300x105.jpg 300w, https:\/\/escoladigital.madeira.gov.pt\/eb1pecalheta\/wp-content\/uploads\/sites\/59\/2025\/11\/Informa-es-27-11-2025-768x268.jpg 768w\" sizes=\"(max-width: 1024px) 100vw, 1024px\" \/><\/figure>\n<\/div>\n\n\n\n<div class=\"wp-block-column is-layout-flow wp-block-column-is-layout-flow\"><\/div>\n<\/div>\n\n\n\n<p><\/p>\n\n\n\n<h2 class=\"wp-block-heading has-text-align-center\">Mensalidades<\/h2>\n\n\n\n<p>\u00b7 O pagamento das mensalidades e refei\u00e7\u00f5es dever\u00e1 ser efetuado por transfer\u00eancia banc\u00e1ria;&nbsp;<\/p>\n\n\n\n<p>\u00b7 O valor a pagar dever\u00e1 ser consultado na p\u00e1gina de internet do PLACE a partir do 1\u00ba dia de cada m\u00eas;&nbsp;<\/p>\n\n\n\n<p>\u00b7 Efetuar a transfer\u00eancia para o IBAN PT50001800080061524402015;&nbsp;<\/p>\n\n\n\n<p>\u00b7 Enviar o comprovativo da transfer\u00eancia para o endere\u00e7o de correio eletr\u00f3nico da escola com o nome do aluno \u2013&nbsp;<a href=\"mailto:eb1pecalheta@edu.madeira.gov.pt\">eb1pecalheta@edu.madeira.gov.pt&nbsp;<\/a><\/p>\n\n\n\n<p>Excetuam-se situa\u00e7\u00f5es pontuais, devidamente justificadas e expostas \u00e0 dire\u00e7\u00e3o da escola, que sejam impeditivas dos procedimentos anteriormente descritos.&nbsp;<\/p>\n\n\n\n<p>O  diretor&nbsp;<\/p>\n\n\n\n<p>Avelino C\u00e2mara<\/p>\n\n\n\n<p><\/p>\n\n\n\n<div class=\"wp-block-columns is-layout-flex wp-container-core-columns-is-layout-28f84493 wp-block-columns-is-layout-flex\">\n<div class=\"wp-block-column is-layout-flow wp-block-column-is-layout-flow\">\n<figure class=\"wp-block-image aligncenter size-full is-resized\"><a href=\"https:\/\/escoladigital.madeira.gov.pt\/eb1pecalheta\/wp-content\/uploads\/sites\/59\/2025\/11\/ListaLivrosEscola.20251110.2231.pdf\"><img decoding=\"async\" width=\"1024\" height=\"234\" src=\"https:\/\/escoladigital.madeira.gov.pt\/eb1pecalheta\/wp-content\/uploads\/sites\/59\/2025\/11\/Manuais-escolares-18-11-2025-1.jpg\" alt=\"\" class=\"wp-image-452\" style=\"width:411px;height:auto\" srcset=\"https:\/\/escoladigital.madeira.gov.pt\/eb1pecalheta\/wp-content\/uploads\/sites\/59\/2025\/11\/Manuais-escolares-18-11-2025-1.jpg 1024w, https:\/\/escoladigital.madeira.gov.pt\/eb1pecalheta\/wp-content\/uploads\/sites\/59\/2025\/11\/Manuais-escolares-18-11-2025-1-300x69.jpg 300w, https:\/\/escoladigital.madeira.gov.pt\/eb1pecalheta\/wp-content\/uploads\/sites\/59\/2025\/11\/Manuais-escolares-18-11-2025-1-768x176.jpg 768w\" sizes=\"(max-width: 1024px) 100vw, 1024px\" \/><\/a><\/figure>\n<\/div>\n\n\n\n<div class=\"wp-block-column is-layout-flow wp-block-column-is-layout-flow\">\n<figure class=\"wp-block-image aligncenter size-full is-resized\"><a href=\"https:\/\/escoladigital.madeira.gov.pt\/eb1pecalheta\/wp-content\/uploads\/sites\/59\/2025\/11\/Regulamento-ASE-1.pdf\"><img decoding=\"async\" width=\"1024\" height=\"249\" src=\"https:\/\/escoladigital.madeira.gov.pt\/eb1pecalheta\/wp-content\/uploads\/sites\/59\/2025\/11\/Regulamento-ASE-18-11-2025-1.jpg\" alt=\"\" class=\"wp-image-454\" style=\"width:411px;height:auto\" srcset=\"https:\/\/escoladigital.madeira.gov.pt\/eb1pecalheta\/wp-content\/uploads\/sites\/59\/2025\/11\/Regulamento-ASE-18-11-2025-1.jpg 1024w, https:\/\/escoladigital.madeira.gov.pt\/eb1pecalheta\/wp-content\/uploads\/sites\/59\/2025\/11\/Regulamento-ASE-18-11-2025-1-300x73.jpg 300w, https:\/\/escoladigital.madeira.gov.pt\/eb1pecalheta\/wp-content\/uploads\/sites\/59\/2025\/11\/Regulamento-ASE-18-11-2025-1-768x187.jpg 768w\" sizes=\"(max-width: 1024px) 100vw, 1024px\" \/><\/a><\/figure>\n<\/div>\n<\/div>\n\n\n\n<div class=\"wp-block-columns is-layout-flex wp-container-core-columns-is-layout-28f84493 wp-block-columns-is-layout-flex\">\n<div class=\"wp-block-column is-layout-flow wp-block-column-is-layout-flow\">\n<figure class=\"wp-block-image aligncenter size-full is-resized\"><a href=\"https:\/\/escoladigital.madeira.gov.pt\/eb1pecalheta\/wp-content\/uploads\/sites\/59\/2025\/11\/horario-geral-2025-2026.pdf\"><img loading=\"lazy\" decoding=\"async\" width=\"1024\" height=\"279\" src=\"https:\/\/escoladigital.madeira.gov.pt\/eb1pecalheta\/wp-content\/uploads\/sites\/59\/2025\/11\/Hor-rio-Geral-18-11-2025-2-1.jpg\" alt=\"\" class=\"wp-image-481\" style=\"width:411px;height:auto\" srcset=\"https:\/\/escoladigital.madeira.gov.pt\/eb1pecalheta\/wp-content\/uploads\/sites\/59\/2025\/11\/Hor-rio-Geral-18-11-2025-2-1.jpg 1024w, https:\/\/escoladigital.madeira.gov.pt\/eb1pecalheta\/wp-content\/uploads\/sites\/59\/2025\/11\/Hor-rio-Geral-18-11-2025-2-1-300x82.jpg 300w, https:\/\/escoladigital.madeira.gov.pt\/eb1pecalheta\/wp-content\/uploads\/sites\/59\/2025\/11\/Hor-rio-Geral-18-11-2025-2-1-768x209.jpg 768w\" sizes=\"(max-width: 1024px) 100vw, 1024px\" \/><\/a><\/figure>\n<\/div>\n\n\n\n<div class=\"wp-block-column is-layout-flow wp-block-column-is-layout-flow\">\n<figure class=\"wp-block-image aligncenter size-full is-resized\"><a href=\"https:\/\/escoladigital.madeira.gov.pt\/eb1pecalheta\/2025\/11\/10\/calendario-escolar\/\"><img loading=\"lazy\" decoding=\"async\" width=\"1024\" height=\"229\" src=\"https:\/\/escoladigital.madeira.gov.pt\/eb1pecalheta\/wp-content\/uploads\/sites\/59\/2025\/11\/Calend-rio-Escolar-25-11-2025.jpg\" alt=\"\" class=\"wp-image-482\" style=\"width:420px;height:auto\" srcset=\"https:\/\/escoladigital.madeira.gov.pt\/eb1pecalheta\/wp-content\/uploads\/sites\/59\/2025\/11\/Calend-rio-Escolar-25-11-2025.jpg 1024w, https:\/\/escoladigital.madeira.gov.pt\/eb1pecalheta\/wp-content\/uploads\/sites\/59\/2025\/11\/Calend-rio-Escolar-25-11-2025-300x67.jpg 300w, https:\/\/escoladigital.madeira.gov.pt\/eb1pecalheta\/wp-content\/uploads\/sites\/59\/2025\/11\/Calend-rio-Escolar-25-11-2025-768x172.jpg 768w\" sizes=\"(max-width: 1024px) 100vw, 1024px\" \/><\/a><\/figure>\n<\/div>\n<\/div>\n\n\n\n<figure class=\"wp-block-image aligncenter size-full\"><a href=\"https:\/\/iave.pt\/provas-e-exames\/provas-e-exames\/provas-ensaio\/\"><img loading=\"lazy\" decoding=\"async\" width=\"223\" height=\"58\" src=\"https:\/\/escoladigital.madeira.gov.pt\/eb1pecalheta\/wp-content\/uploads\/sites\/59\/2026\/01\/image-4.png\" alt=\"\" class=\"wp-image-787\" \/><\/a><\/figure>\n\n\n\n<figure class=\"wp-block-image aligncenter size-full\"><a href=\"https:\/\/outlook.office.com\"><img loading=\"lazy\" decoding=\"async\" width=\"435\" height=\"342\" src=\"https:\/\/escoladigital.madeira.gov.pt\/eb1pecalheta\/wp-content\/uploads\/sites\/59\/2026\/01\/image-6.png\" alt=\"\" class=\"wp-image-790\" srcset=\"https:\/\/escoladigital.madeira.gov.pt\/eb1pecalheta\/wp-content\/uploads\/sites\/59\/2026\/01\/image-6.png 435w, https:\/\/escoladigital.madeira.gov.pt\/eb1pecalheta\/wp-content\/uploads\/sites\/59\/2026\/01\/image-6-300x236.png 300w\" sizes=\"(max-width: 435px) 100vw, 435px\" \/><\/a><\/figure>\n","protected":false},"excerpt":{"rendered":"<p>Mensalidades \u00b7 O pagamento das mensalidades e refei\u00e7\u00f5es dever\u00e1 ser efetuado por transfer\u00eancia banc\u00e1ria;&nbsp; \u00b7 O valor a pagar dever\u00e1 [&hellip;]<\/p>\n","protected":false},"author":75,"featured_media":0,"parent":0,"menu_order":0,"comment_status":"closed","ping_status":"closed","template":"","meta":{"site-sidebar-layout":"default","site-content-layout":"","ast-site-content-layout":"default","site-content-style":"default","site-sidebar-style":"default","ast-global-header-display":"","ast-banner-title-visibility":"","ast-main-header-display":"","ast-hfb-above-header-display":"","ast-hfb-below-header-display":"","ast-hfb-mobile-header-display":"","site-post-title":"disabled","ast-breadcrumbs-content":"","ast-featured-img":"","footer-sml-layout":"","ast-disable-related-posts":"","theme-transparent-header-meta":"","adv-header-id-meta":"","stick-header-meta":"","header-above-stick-meta":"","header-main-stick-meta":"","header-below-stick-meta":"","astra-migrate-meta-layouts":"default","ast-page-background-enabled":"default","ast-page-background-meta":{"desktop":{"background-color":"var(--ast-global-color-4)","background-image":"","background-repeat":"repeat","background-position":"center center","background-size":"auto","background-attachment":"scroll","background-type":"","background-media":"","overlay-type":"","overlay-color":"","overlay-opacity":"","overlay-gradient":""},"tablet":{"background-color":"","background-image":"","background-repeat":"repeat","background-position":"center center","background-size":"auto","background-attachment":"scroll","background-type":"","background-media":"","overlay-type":"","overlay-color":"","overlay-opacity":"","overlay-gradient":""},"mobile":{"background-color":"","background-image":"","background-repeat":"repeat","background-position":"center center","background-size":"auto","background-attachment":"scroll","background-type":"","background-media":"","overlay-type":"","overlay-color":"","overlay-opacity":"","overlay-gradient":""}},"ast-content-background-meta":{"desktop":{"background-color":"var(--ast-global-color-5)","background-image":"","background-repeat":"repeat","background-position":"center center","background-size":"auto","background-attachment":"scroll","background-type":"","background-media":"","overlay-type":"","overlay-color":"","overlay-opacity":"","overlay-gradient":""},"tablet":{"background-color":"var(--ast-global-color-5)","background-image":"","background-repeat":"repeat","background-position":"center center","background-size":"auto","background-attachment":"scroll","background-type":"","background-media":"","overlay-type":"","overlay-color":"","overlay-opacity":"","overlay-gradient":""},"mobile":{"background-color":"var(--ast-global-color-5)","background-image":"","background-repeat":"repeat","background-position":"center center","background-size":"auto","background-attachment":"scroll","background-type":"","background-media":"","overlay-type":"","overlay-color":"","overlay-opacity":"","overlay-gradient":""}},"_themeisle_gutenberg_block_has_review":false,"footnotes":""},"class_list":["post-147","page","type-page","status-publish","hentry"],"_links":{"self":[{"href":"https:\/\/escoladigital.madeira.gov.pt\/eb1pecalheta\/wp-json\/wp\/v2\/pages\/147","targetHints":{"allow":["GET"]}}],"collection":[{"href":"https:\/\/escoladigital.madeira.gov.pt\/eb1pecalheta\/wp-json\/wp\/v2\/pages"}],"about":[{"href":"https:\/\/escoladigital.madeira.gov.pt\/eb1pecalheta\/wp-json\/wp\/v2\/types\/page"}],"author":[{"embeddable":true,"href":"https:\/\/escoladigital.madeira.gov.pt\/eb1pecalheta\/wp-json\/wp\/v2\/users\/75"}],"replies":[{"embeddable":true,"href":"https:\/\/escoladigital.madeira.gov.pt\/eb1pecalheta\/wp-json\/wp\/v2\/comments?post=147"}],"version-history":[{"count":43,"href":"https:\/\/escoladigital.madeira.gov.pt\/eb1pecalheta\/wp-json\/wp\/v2\/pages\/147\/revisions"}],"predecessor-version":[{"id":793,"href":"https:\/\/escoladigital.madeira.gov.pt\/eb1pecalheta\/wp-json\/wp\/v2\/pages\/147\/revisions\/793"}],"wp:attachment":[{"href":"https:\/\/escoladigital.madeira.gov.pt\/eb1pecalheta\/wp-json\/wp\/v2\/media?parent=147"}],"curies":[{"name":"wp","href":"https:\/\/api.w.org\/{rel}","templated":true}]}}