{"id":294,"date":"2025-11-10T14:36:11","date_gmt":"2025-11-10T14:36:11","guid":{"rendered":"https:\/\/escoladigital.madeira.gov.pt\/eb1pecalheta\/?page_id=294"},"modified":"2025-12-04T09:52:42","modified_gmt":"2025-12-04T09:52:42","slug":"inicio","status":"publish","type":"page","link":"https:\/\/escoladigital.madeira.gov.pt\/eb1pecalheta\/inicio\/","title":{"rendered":"CONTACTOS"},"content":{"rendered":"\n<div class=\"wp-block-columns is-layout-flex wp-container-core-columns-is-layout-28f84493 wp-block-columns-is-layout-flex\">\n<div class=\"wp-block-column is-layout-flow wp-block-column-is-layout-flow\"><\/div>\n\n\n\n<div class=\"wp-block-column is-layout-flow wp-block-column-is-layout-flow\">\n<figure class=\"wp-block-image size-full is-resized\"><img fetchpriority=\"high\" decoding=\"async\" width=\"1024\" height=\"407\" src=\"https:\/\/escoladigital.madeira.gov.pt\/eb1pecalheta\/wp-content\/uploads\/sites\/59\/2025\/11\/Contactos-27-11-2025-2.jpg\" alt=\"\" class=\"wp-image-615\" style=\"width:239px;height:auto\" srcset=\"https:\/\/escoladigital.madeira.gov.pt\/eb1pecalheta\/wp-content\/uploads\/sites\/59\/2025\/11\/Contactos-27-11-2025-2.jpg 1024w, https:\/\/escoladigital.madeira.gov.pt\/eb1pecalheta\/wp-content\/uploads\/sites\/59\/2025\/11\/Contactos-27-11-2025-2-300x119.jpg 300w, https:\/\/escoladigital.madeira.gov.pt\/eb1pecalheta\/wp-content\/uploads\/sites\/59\/2025\/11\/Contactos-27-11-2025-2-768x305.jpg 768w\" sizes=\"(max-width: 1024px) 100vw, 1024px\" \/><\/figure>\n<\/div>\n\n\n\n<div class=\"wp-block-column is-layout-flow wp-block-column-is-layout-flow\"><\/div>\n<\/div>\n\n\n\n<p><\/p>\n\n\n\n<div class=\"wp-block-columns is-layout-flex wp-container-core-columns-is-layout-28f84493 wp-block-columns-is-layout-flex\">\n<div class=\"wp-block-column is-layout-flow wp-block-column-is-layout-flow\">\n<figure class=\"wp-block-image size-full is-resized\"><img decoding=\"async\" width=\"1024\" height=\"576\" src=\"https:\/\/escoladigital.madeira.gov.pt\/eb1pecalheta\/wp-content\/uploads\/sites\/59\/2025\/11\/IMG_1778-2.jpg\" alt=\"\" class=\"wp-image-587\" style=\"width:432px;height:auto\" srcset=\"https:\/\/escoladigital.madeira.gov.pt\/eb1pecalheta\/wp-content\/uploads\/sites\/59\/2025\/11\/IMG_1778-2.jpg 1024w, https:\/\/escoladigital.madeira.gov.pt\/eb1pecalheta\/wp-content\/uploads\/sites\/59\/2025\/11\/IMG_1778-2-300x169.jpg 300w, https:\/\/escoladigital.madeira.gov.pt\/eb1pecalheta\/wp-content\/uploads\/sites\/59\/2025\/11\/IMG_1778-2-768x432.jpg 768w\" sizes=\"(max-width: 1024px) 100vw, 1024px\" \/><\/figure>\n\n\n\n<p><strong>C\u00f3digo da Escola<\/strong>: 3101104<\/p>\n\n\n\n<div id=\"wp-block-themeisle-blocks-icon-list-f3cb1759\" class=\"wp-block-themeisle-blocks-icon-list\">\n<div id=\"wp-block-themeisle-blocks-icon-list-item-332f0af1\" class=\"wp-block-themeisle-blocks-icon-list-item\"><i class=\"fas fa-phone wp-block-themeisle-blocks-icon-list-item-icon\"><\/i><p class=\"wp-block-themeisle-blocks-icon-list-item-content\">936 367 737<\/p><\/div>\n\n\n\n<div id=\"wp-block-themeisle-blocks-icon-list-item-9a855a4b\" class=\"wp-block-themeisle-blocks-icon-list-item\"><i class=\"fas fa-phone wp-block-themeisle-blocks-icon-list-item-icon\"><\/i><p class=\"wp-block-themeisle-blocks-icon-list-item-content\">291 146 045<\/p><\/div>\n\n\n\n<div id=\"wp-block-themeisle-blocks-icon-list-item-56f52b03\" class=\"wp-block-themeisle-blocks-icon-list-item\"><i class=\"far fa-envelope wp-block-themeisle-blocks-icon-list-item-icon\"><\/i><p class=\"wp-block-themeisle-blocks-icon-list-item-content\"><a href=\"mailto:eb1pecalheta@edu.madeira.gov.pt\">mailto: eb1pecalheta@edu.madeira.gov.pt<\/a><\/p><\/div>\n\n\n\n<div id=\"wp-block-themeisle-blocks-icon-list-item-b478e54f\" class=\"wp-block-themeisle-blocks-icon-list-item\"><i class=\"fas fa-map-marker-alt wp-block-themeisle-blocks-icon-list-item-icon\"><\/i><p class=\"wp-block-themeisle-blocks-icon-list-item-content\">Caminho Lombo do Sal\u00e3o, Rua S\u00e3o Francisco Xavier N\u00ba\u00a09\u00a0\u00a0        <\/p><\/div>\n\n\n\n<div id=\"wp-block-themeisle-blocks-icon-list-item-834b3c10\" class=\"wp-block-themeisle-blocks-icon-list-item\"><i class=\"fas fa-map-marker-alt wp-block-themeisle-blocks-icon-list-item-icon\"><\/i><p class=\"wp-block-themeisle-blocks-icon-list-item-content\"> 9370-155 \u2013 Calheta <\/p><\/div>\n<\/div>\n\n\n\n<p>Localiza\u00e7\u00e3o GPS: 32\u00b043&#8217;50&#8243;N 17\u00b010&#8217;18&#8243;W<\/p>\n<\/div>\n\n\n\n<div class=\"wp-block-column is-layout-flow wp-block-column-is-layout-flow\">\n<iframe src=\"https:\/\/www.google.com\/maps\/embed?pb=!1m18!1m12!1m3!1d1186.631170564177!2d-17.170878881501945!3d32.731229387276755!2m3!1f0!2f0!3f0!3m2!1i1024!2i768!4f13.1!3m3!1m2!1s0xc60517554ae7553%3A0xfc3b8c0cd2b766cd!2sEscola%20do%201%C2%BA%20Ciclo%20da%20Calheta!5e0!3m2!1spt-PT!2spt!4v1764192955374!5m2!1spt-PT!2spt\" width=\"600\" height=\"450\" style=\"border:0\" allowfullscreen=\"\"><\/iframe>\n<\/div>\n\n\n\n<div class=\"wp-block-column is-layout-flow wp-block-column-is-layout-flow\"><\/div>\n<\/div>\n","protected":false},"excerpt":{"rendered":"<p>C\u00f3digo da Escola: 3101104 Localiza\u00e7\u00e3o GPS: 32\u00b043&#8217;50&#8243;N 17\u00b010&#8217;18&#8243;W<\/p>\n","protected":false},"author":75,"featured_media":0,"parent":0,"menu_order":0,"comment_status":"closed","ping_status":"closed","template":"","meta":{"site-sidebar-layout":"default","site-content-layout":"","ast-site-content-layout":"default","site-content-style":"default","site-sidebar-style":"default","ast-global-header-display":"","ast-banner-title-visibility":"","ast-main-header-display":"","ast-hfb-above-header-display":"","ast-hfb-below-header-display":"","ast-hfb-mobile-header-display":"","site-post-title":"disabled","ast-breadcrumbs-content":"","ast-featured-img":"","footer-sml-layout":"","ast-disable-related-posts":"","theme-transparent-header-meta":"","adv-header-id-meta":"","stick-header-meta":"","header-above-stick-meta":"","header-main-stick-meta":"","header-below-stick-meta":"","astra-migrate-meta-layouts":"default","ast-page-background-enabled":"default","ast-page-background-meta":{"desktop":{"background-color":"var(--ast-global-color-4)","background-image":"","background-repeat":"repeat","background-position":"center center","background-size":"auto","background-attachment":"scroll","background-type":"","background-media":"","overlay-type":"","overlay-color":"","overlay-opacity":"","overlay-gradient":""},"tablet":{"background-color":"","background-image":"","background-repeat":"repeat","background-position":"center center","background-size":"auto","background-attachment":"scroll","background-type":"","background-media":"","overlay-type":"","overlay-color":"","overlay-opacity":"","overlay-gradient":""},"mobile":{"background-color":"","background-image":"","background-repeat":"repeat","background-position":"center center","background-size":"auto","background-attachment":"scroll","background-type":"","background-media":"","overlay-type":"","overlay-color":"","overlay-opacity":"","overlay-gradient":""}},"ast-content-background-meta":{"desktop":{"background-color":"var(--ast-global-color-5)","background-image":"","background-repeat":"repeat","background-position":"center center","background-size":"auto","background-attachment":"scroll","background-type":"","background-media":"","overlay-type":"","overlay-color":"","overlay-opacity":"","overlay-gradient":""},"tablet":{"background-color":"var(--ast-global-color-5)","background-image":"","background-repeat":"repeat","background-position":"center center","background-size":"auto","background-attachment":"scroll","background-type":"","background-media":"","overlay-type":"","overlay-color":"","overlay-opacity":"","overlay-gradient":""},"mobile":{"background-color":"var(--ast-global-color-5)","background-image":"","background-repeat":"repeat","background-position":"center center","background-size":"auto","background-attachment":"scroll","background-type":"","background-media":"","overlay-type":"","overlay-color":"","overlay-opacity":"","overlay-gradient":""}},"_themeisle_gutenberg_block_has_review":false,"footnotes":""},"class_list":["post-294","page","type-page","status-publish","hentry"],"_links":{"self":[{"href":"https:\/\/escoladigital.madeira.gov.pt\/eb1pecalheta\/wp-json\/wp\/v2\/pages\/294","targetHints":{"allow":["GET"]}}],"collection":[{"href":"https:\/\/escoladigital.madeira.gov.pt\/eb1pecalheta\/wp-json\/wp\/v2\/pages"}],"about":[{"href":"https:\/\/escoladigital.madeira.gov.pt\/eb1pecalheta\/wp-json\/wp\/v2\/types\/page"}],"author":[{"embeddable":true,"href":"https:\/\/escoladigital.madeira.gov.pt\/eb1pecalheta\/wp-json\/wp\/v2\/users\/75"}],"replies":[{"embeddable":true,"href":"https:\/\/escoladigital.madeira.gov.pt\/eb1pecalheta\/wp-json\/wp\/v2\/comments?post=294"}],"version-history":[{"count":37,"href":"https:\/\/escoladigital.madeira.gov.pt\/eb1pecalheta\/wp-json\/wp\/v2\/pages\/294\/revisions"}],"predecessor-version":[{"id":679,"href":"https:\/\/escoladigital.madeira.gov.pt\/eb1pecalheta\/wp-json\/wp\/v2\/pages\/294\/revisions\/679"}],"wp:attachment":[{"href":"https:\/\/escoladigital.madeira.gov.pt\/eb1pecalheta\/wp-json\/wp\/v2\/media?parent=294"}],"curies":[{"name":"wp","href":"https:\/\/api.w.org\/{rel}","templated":true}]}}