{"id":45,"date":"2025-11-10T14:40:48","date_gmt":"2025-11-10T14:40:48","guid":{"rendered":"https:\/\/escoladigital.madeira.gov.pt\/eb1pecalheta\/?page_id=45"},"modified":"2026-04-21T13:37:55","modified_gmt":"2026-04-21T13:37:55","slug":"a-escola","status":"publish","type":"page","link":"https:\/\/escoladigital.madeira.gov.pt\/eb1pecalheta\/","title":{"rendered":"A ESCOLA"},"content":{"rendered":"\n<figure class=\"wp-block-image aligncenter size-full is-resized\"><a href=\"https:\/\/www.coquinhos.com\/category\/jogos-para-criancas-3-anos\/\"><img fetchpriority=\"high\" decoding=\"async\" width=\"600\" height=\"300\" src=\"https:\/\/escoladigital.madeira.gov.pt\/eb1pecalheta\/wp-content\/uploads\/sites\/59\/2025\/12\/2025-12-07-Sejam-bem-vindos-a-EB1-PE-da-Calheta-1.gif\" alt=\"\" class=\"wp-image-697\" style=\"width:322px;height:auto\" \/><\/a><\/figure>\n\n\n\n<div class=\"wp-block-columns is-layout-flex wp-container-core-columns-is-layout-28f84493 wp-block-columns-is-layout-flex\">\n<div class=\"wp-block-column is-layout-flow wp-block-column-is-layout-flow\">\n<p><\/p>\n\n\n\n<figure class=\"wp-block-video\"><video height=\"480\" style=\"aspect-ratio: 848 \/ 480;\" width=\"848\" controls src=\"https:\/\/escoladigital.madeira.gov.pt\/eb1pecalheta\/wp-content\/uploads\/sites\/59\/2026\/02\/escola_site.mp4\"><\/video><\/figure>\n\n\n\n<iframe src=\"https:\/\/www.google.com\/maps\/embed?pb=!1m18!1m12!1m3!1d1186.631170564177!2d-17.170878881501945!3d32.731229387276755!2m3!1f0!2f0!3f0!3m2!1i1024!2i768!4f13.1!3m3!1m2!1s0xc60517554ae7553%3A0xfc3b8c0cd2b766cd!2sEscola%20do%201%C2%BA%20Ciclo%20da%20Calheta!5e0!3m2!1spt-PT!2spt!4v1764192955374!5m2!1spt-PT!2spt\" width=\"800\" height=\"800\" style=\"border:0\" allowfullscreen=\"\"><\/iframe>\n<\/div>\n\n\n\n<div class=\"wp-block-column is-layout-flow wp-block-column-is-layout-flow\">\n<p><\/p>\n\n\n\n<figure class=\"wp-block-image aligncenter size-full is-resized\"><img decoding=\"async\" width=\"447\" height=\"447\" src=\"https:\/\/escoladigital.madeira.gov.pt\/eb1pecalheta\/wp-content\/uploads\/sites\/59\/2025\/11\/IMG_1777-4.jpg\" alt=\"\" class=\"wp-image-636\" style=\"width:241px;height:auto\" srcset=\"https:\/\/escoladigital.madeira.gov.pt\/eb1pecalheta\/wp-content\/uploads\/sites\/59\/2025\/11\/IMG_1777-4.jpg 447w, https:\/\/escoladigital.madeira.gov.pt\/eb1pecalheta\/wp-content\/uploads\/sites\/59\/2025\/11\/IMG_1777-4-300x300.jpg 300w, https:\/\/escoladigital.madeira.gov.pt\/eb1pecalheta\/wp-content\/uploads\/sites\/59\/2025\/11\/IMG_1777-4-150x150.jpg 150w\" sizes=\"(max-width: 447px) 100vw, 447px\" \/><\/figure>\n\n\n\n<p>Situada no cora\u00e7\u00e3o do concelho da Calheta, a EB1\/PE da Calheta \u00e9 um edif\u00edcio escolar que foi inaugurado no dia 21 de Outubro de 2003 pelo Presidente do Governo Regional da Madeira, sua Ex.\u00aa o Dr. Alberto Jo\u00e3o Jardim, tendo a partir desta data iniciado a sua atividade.<\/p>\n\n\n\n<p>Funciona no regime de escola a  tempo inteiro (ETI), possuindo 5 turmas do 1\u00ba Ciclo e duas turmas do Pr\u00e9-escolar &nbsp;com um total de cento e trinta &nbsp;alunos. Para al\u00e9m das aulas curriculares que acontecem no turno da manh\u00e3, entre as 8:30 horas e 13:30 horas, os alunos disp\u00f5em de outras atividades (AEC\u00b4s): Ingl\u00eas, Express\u00e3o Art\u00edstica (M\u00fasica), Express\u00e3o F\u00edsico-motora, Express\u00e3o Pl\u00e1stica, TIC, Estudo, Biblioteca; Clube Eco-Escolas e Clube TIC que funcionam  no turno da tarde entre as 14:30 horas e as 18:30 horas.&nbsp;<\/p>\n\n\n\n<p>A EB1\/PE da Calheta tem como miss\u00e3o proporcionar uma&nbsp;<strong>educa\u00e7\u00e3o de qualidade<\/strong>, centrada no desenvolvimento integral de cada crian\u00e7a, promovendo valores como o&nbsp;<strong>respeito, a responsabilidade, a coopera\u00e7\u00e3o e a cidadania ativa<\/strong>.<\/p>\n\n\n\n<p>Com uma&nbsp;<strong>equipa educativa experiente e dedicada<\/strong>, trabalhamos diariamente para garantir um ambiente seguro, inclusivo e estimulante, onde o aprender se faz de forma significativa e participada.<\/p>\n\n\n\n<p>A escola valoriza a&nbsp;<strong>inova\u00e7\u00e3o pedag\u00f3gica<\/strong>, o uso das&nbsp;<strong>tecnologias de forma criativa e respons\u00e1vel<\/strong>, e a&nbsp;<strong>liga\u00e7\u00e3o \u00e0 comunidade local<\/strong>, procurando integrar os saberes tradicionais e o patrim\u00f3nio cultural da Calheta nas atividades curriculares e extracurriculares.<\/p>\n\n\n\n<p>Com espa\u00e7os acolhedores, projetos educativos din\u00e2micos e um forte envolvimento das fam\u00edlias, a&nbsp;<strong>EB1\/PE da Calheta<\/strong>&nbsp;assume-se como um espa\u00e7o de&nbsp;<strong>crescimento, partilha e forma\u00e7\u00e3o de cidad\u00e3os conscientes e solid\u00e1rios<\/strong>.<\/p>\n<\/div>\n\n\n\n<div class=\"wp-block-column is-layout-flow wp-block-column-is-layout-flow\">\n<h2 class=\"wp-block-heading\">Acompanhe-nos nas redes sociais.<\/h2>\n\n\n\n<iframe src=\"https:\/\/www.facebook.com\/plugins\/page.php?href=https%3A%2F%2Fwww.facebook.com%2Feb1pedacalheta&amp;tabs=timeline&amp;width=500&amp;height=800&amp;small_header=false&amp;adapt_container_width=true&amp;hide_cover=false&amp;show_facepile=true&amp;appId\" width=\"500\" height=\"800\" style=\"border:none;overflow:hidden\" scrolling=\"no\" frameborder=\"0\" allowfullscreen=\"true\" allow=\"autoplay; clipboard-write; encrypted-media; picture-in-picture; web-share\"><\/iframe>\n\n\n\n<div class=\"wp-block-columns is-layout-flex wp-container-core-columns-is-layout-28f84493 wp-block-columns-is-layout-flex\">\n<div class=\"wp-block-column is-layout-flow wp-block-column-is-layout-flow\"><\/div>\n\n\n\n<div class=\"wp-block-column is-layout-flow wp-block-column-is-layout-flow\"><\/div>\n<\/div>\n<\/div>\n<\/div>\n","protected":false},"excerpt":{"rendered":"<p>Situada no cora\u00e7\u00e3o do concelho da Calheta, a EB1\/PE da Calheta \u00e9 um edif\u00edcio escolar que foi inaugurado no dia [&hellip;]<\/p>\n","protected":false},"author":75,"featured_media":0,"parent":0,"menu_order":0,"comment_status":"closed","ping_status":"closed","template":"","meta":{"site-sidebar-layout":"default","site-content-layout":"","ast-site-content-layout":"default","site-content-style":"default","site-sidebar-style":"default","ast-global-header-display":"","ast-banner-title-visibility":"","ast-main-header-display":"","ast-hfb-above-header-display":"","ast-hfb-below-header-display":"","ast-hfb-mobile-header-display":"","site-post-title":"disabled","ast-breadcrumbs-content":"","ast-featured-img":"","footer-sml-layout":"","ast-disable-related-posts":"","theme-transparent-header-meta":"","adv-header-id-meta":"","stick-header-meta":"","header-above-stick-meta":"","header-main-stick-meta":"","header-below-stick-meta":"","astra-migrate-meta-layouts":"default","ast-page-background-enabled":"default","ast-page-background-meta":{"desktop":{"background-color":"var(--ast-global-color-4)","background-image":"","background-repeat":"repeat","background-position":"center center","background-size":"auto","background-attachment":"scroll","background-type":"","background-media":"","overlay-type":"","overlay-color":"","overlay-opacity":"","overlay-gradient":""},"tablet":{"background-color":"","background-image":"","background-repeat":"repeat","background-position":"center center","background-size":"auto","background-attachment":"scroll","background-type":"","background-media":"","overlay-type":"","overlay-color":"","overlay-opacity":"","overlay-gradient":""},"mobile":{"background-color":"","background-image":"","background-repeat":"repeat","background-position":"center center","background-size":"auto","background-attachment":"scroll","background-type":"","background-media":"","overlay-type":"","overlay-color":"","overlay-opacity":"","overlay-gradient":""}},"ast-content-background-meta":{"desktop":{"background-color":"var(--ast-global-color-5)","background-image":"","background-repeat":"repeat","background-position":"center center","background-size":"auto","background-attachment":"scroll","background-type":"","background-media":"","overlay-type":"","overlay-color":"","overlay-opacity":"","overlay-gradient":""},"tablet":{"background-color":"var(--ast-global-color-5)","background-image":"","background-repeat":"repeat","background-position":"center center","background-size":"auto","background-attachment":"scroll","background-type":"","background-media":"","overlay-type":"","overlay-color":"","overlay-opacity":"","overlay-gradient":""},"mobile":{"background-color":"var(--ast-global-color-5)","background-image":"","background-repeat":"repeat","background-position":"center center","background-size":"auto","background-attachment":"scroll","background-type":"","background-media":"","overlay-type":"","overlay-color":"","overlay-opacity":"","overlay-gradient":""}},"_themeisle_gutenberg_block_has_review":false,"footnotes":""},"class_list":["post-45","page","type-page","status-publish","hentry"],"_links":{"self":[{"href":"https:\/\/escoladigital.madeira.gov.pt\/eb1pecalheta\/wp-json\/wp\/v2\/pages\/45","targetHints":{"allow":["GET"]}}],"collection":[{"href":"https:\/\/escoladigital.madeira.gov.pt\/eb1pecalheta\/wp-json\/wp\/v2\/pages"}],"about":[{"href":"https:\/\/escoladigital.madeira.gov.pt\/eb1pecalheta\/wp-json\/wp\/v2\/types\/page"}],"author":[{"embeddable":true,"href":"https:\/\/escoladigital.madeira.gov.pt\/eb1pecalheta\/wp-json\/wp\/v2\/users\/75"}],"replies":[{"embeddable":true,"href":"https:\/\/escoladigital.madeira.gov.pt\/eb1pecalheta\/wp-json\/wp\/v2\/comments?post=45"}],"version-history":[{"count":43,"href":"https:\/\/escoladigital.madeira.gov.pt\/eb1pecalheta\/wp-json\/wp\/v2\/pages\/45\/revisions"}],"predecessor-version":[{"id":911,"href":"https:\/\/escoladigital.madeira.gov.pt\/eb1pecalheta\/wp-json\/wp\/v2\/pages\/45\/revisions\/911"}],"wp:attachment":[{"href":"https:\/\/escoladigital.madeira.gov.pt\/eb1pecalheta\/wp-json\/wp\/v2\/media?parent=45"}],"curies":[{"name":"wp","href":"https:\/\/api.w.org\/{rel}","templated":true}]}}