{"id":812,"date":"2026-02-10T13:50:25","date_gmt":"2026-02-10T13:50:25","guid":{"rendered":"https:\/\/escoladigital.madeira.gov.pt\/eb1pecalheta\/?page_id=812"},"modified":"2026-03-04T15:09:58","modified_gmt":"2026-03-04T15:09:58","slug":"multimedia","status":"publish","type":"page","link":"https:\/\/escoladigital.madeira.gov.pt\/eb1pecalheta\/multimedia\/","title":{"rendered":"MULTIM\u00c9DIA"},"content":{"rendered":"\n<p class=\"has-text-align-center\"><strong>Seguranet<\/strong><\/p>\n\n\n\n<div class=\"wp-block-columns is-layout-flex wp-container-core-columns-is-layout-28f84493 wp-block-columns-is-layout-flex\">\n<div class=\"wp-block-column is-layout-flow wp-block-column-is-layout-flow\">\n<figure class=\"wp-block-video\"><video height=\"720\" style=\"aspect-ratio: 1280 \/ 720;\" width=\"1280\" controls src=\"https:\/\/escoladigital.madeira.gov.pt\/eb1pecalheta\/wp-content\/uploads\/sites\/59\/2026\/02\/dia_internet_campanha_site.mp4\"><\/video><\/figure>\n<\/div>\n\n\n\n<div class=\"wp-block-column is-layout-flow wp-block-column-is-layout-flow\">\n<figure class=\"wp-block-video\"><video height=\"1080\" style=\"aspect-ratio: 1920 \/ 1080;\" width=\"1920\" controls src=\"https:\/\/escoladigital.madeira.gov.pt\/eb1pecalheta\/wp-content\/uploads\/sites\/59\/2026\/02\/Dilemas_educamedia.mp4\"><\/video><\/figure>\n<\/div>\n\n\n\n<div class=\"wp-block-column is-layout-flow wp-block-column-is-layout-flow\">\n<figure class=\"wp-block-video\"><video height=\"1080\" style=\"aspect-ratio: 1920 \/ 1080;\" width=\"1920\" controls src=\"https:\/\/escoladigital.madeira.gov.pt\/eb1pecalheta\/wp-content\/uploads\/sites\/59\/2026\/02\/Jogo-de-Perguntas_seguranet.mp4\"><\/video><\/figure>\n<\/div>\n<\/div>\n\n\n\n<div class=\"wp-block-columns is-layout-flex wp-container-core-columns-is-layout-28f84493 wp-block-columns-is-layout-flex\">\n<div class=\"wp-block-column is-layout-flow wp-block-column-is-layout-flow\">\n<figure class=\"wp-block-video\"><video height=\"1080\" style=\"aspect-ratio: 1920 \/ 1080;\" width=\"1920\" controls src=\"https:\/\/escoladigital.madeira.gov.pt\/eb1pecalheta\/wp-content\/uploads\/sites\/59\/2026\/03\/seguranet_site.mp4\"><\/video><\/figure>\n<\/div>\n\n\n\n<div class=\"wp-block-column is-layout-flow wp-block-column-is-layout-flow\">\n<figure class=\"wp-block-video\"><video height=\"480\" style=\"aspect-ratio: 850 \/ 480;\" width=\"850\" controls src=\"https:\/\/escoladigital.madeira.gov.pt\/eb1pecalheta\/wp-content\/uploads\/sites\/59\/2026\/02\/Rita_segura_site.mp4\"><\/video><\/figure>\n<\/div>\n\n\n\n<div class=\"wp-block-column is-layout-flow wp-block-column-is-layout-flow\">\n<figure class=\"wp-block-video\"><video height=\"1080\" style=\"aspect-ratio: 1920 \/ 1080;\" width=\"1920\" controls src=\"https:\/\/escoladigital.madeira.gov.pt\/eb1pecalheta\/wp-content\/uploads\/sites\/59\/2026\/02\/cyberseguranca.mp4\"><\/video><\/figure>\n<\/div>\n<\/div>\n\n\n\n<p class=\"has-text-align-center\"><strong>Educamedia<\/strong><\/p>\n\n\n\n<div class=\"wp-block-columns is-layout-flex wp-container-core-columns-is-layout-28f84493 wp-block-columns-is-layout-flex\">\n<div class=\"wp-block-column is-layout-flow wp-block-column-is-layout-flow\">\n<figure class=\"wp-block-video\"><video height=\"720\" style=\"aspect-ratio: 1280 \/ 720;\" width=\"1280\" controls src=\"https:\/\/escoladigital.madeira.gov.pt\/eb1pecalheta\/wp-content\/uploads\/sites\/59\/2026\/02\/TIC-Natal.mp4\"><\/video><\/figure>\n<\/div>\n\n\n\n<div class=\"wp-block-column is-layout-flow wp-block-column-is-layout-flow\">\n<figure class=\"wp-block-video\"><video height=\"720\" style=\"aspect-ratio: 1280 \/ 720;\" width=\"1280\" controls src=\"https:\/\/escoladigital.madeira.gov.pt\/eb1pecalheta\/wp-content\/uploads\/sites\/59\/2026\/03\/lista_desejos2.mp4\"><\/video><\/figure>\n<\/div>\n\n\n\n<div class=\"wp-block-column is-layout-flow wp-block-column-is-layout-flow\">\n<figure class=\"wp-block-video\"><video height=\"720\" style=\"aspect-ratio: 1280 \/ 720;\" width=\"1280\" controls src=\"https:\/\/escoladigital.madeira.gov.pt\/eb1pecalheta\/wp-content\/uploads\/sites\/59\/2026\/02\/Sao_martinho.mp4\"><\/video><\/figure>\n<\/div>\n<\/div>\n\n\n\n<div class=\"wp-block-columns is-layout-flex wp-container-core-columns-is-layout-28f84493 wp-block-columns-is-layout-flex\">\n<div class=\"wp-block-column is-layout-flow wp-block-column-is-layout-flow\">\n<figure class=\"wp-block-video\"><video height=\"1080\" style=\"aspect-ratio: 2520 \/ 1080;\" width=\"2520\" controls src=\"https:\/\/escoladigital.madeira.gov.pt\/eb1pecalheta\/wp-content\/uploads\/sites\/59\/2026\/03\/minuto_lumiere.mp4\"><\/video><\/figure>\n<\/div>\n\n\n\n<div class=\"wp-block-column is-layout-flow wp-block-column-is-layout-flow\">\n<figure class=\"wp-block-video\"><video height=\"720\" style=\"aspect-ratio: 720 \/ 720;\" width=\"720\" controls src=\"https:\/\/escoladigital.madeira.gov.pt\/eb1pecalheta\/wp-content\/uploads\/sites\/59\/2026\/02\/inclusao_final.mp4\"><\/video><\/figure>\n<\/div>\n\n\n\n<div class=\"wp-block-column is-layout-flow wp-block-column-is-layout-flow\">\n<figure class=\"wp-block-video\"><video height=\"720\" style=\"aspect-ratio: 1280 \/ 720;\" width=\"1280\" controls src=\"https:\/\/escoladigital.madeira.gov.pt\/eb1pecalheta\/wp-content\/uploads\/sites\/59\/2026\/02\/Jogos-de-luz-Feito-com-Clipchamp.mp4\"><\/video><\/figure>\n<\/div>\n<\/div>\n\n\n\n<p class=\"has-text-align-center\"><strong>Educa\u00e7\u00e3o para a Seguran\u00e7a e Preven\u00e7\u00e3o de Riscos<\/strong><\/p>\n\n\n\n<div class=\"wp-block-columns is-layout-flex wp-container-core-columns-is-layout-28f84493 wp-block-columns-is-layout-flex\">\n<div class=\"wp-block-column is-layout-flow wp-block-column-is-layout-flow\">\n<figure class=\"wp-block-video\"><video height=\"720\" style=\"aspect-ratio: 1280 \/ 720;\" width=\"1280\" controls src=\"https:\/\/escoladigital.madeira.gov.pt\/eb1pecalheta\/wp-content\/uploads\/sites\/59\/2026\/02\/plano_emergencia_espr.mp4\"><\/video><\/figure>\n<\/div>\n\n\n\n<div class=\"wp-block-column is-layout-flow wp-block-column-is-layout-flow\">\n<figure class=\"wp-block-video\"><video height=\"1080\" style=\"aspect-ratio: 1440 \/ 1080;\" width=\"1440\" controls src=\"https:\/\/escoladigital.madeira.gov.pt\/eb1pecalheta\/wp-content\/uploads\/sites\/59\/2026\/03\/plano_familiar.mp4\"><\/video><\/figure>\n<\/div>\n\n\n\n<div class=\"wp-block-column is-layout-flow wp-block-column-is-layout-flow\">\n<figure class=\"wp-block-video\"><video height=\"480\" style=\"aspect-ratio: 850 \/ 480;\" width=\"850\" controls src=\"https:\/\/escoladigital.madeira.gov.pt\/eb1pecalheta\/wp-content\/uploads\/sites\/59\/2026\/02\/Desastres-Naturais_comunidade-site.mp4\"><\/video><\/figure>\n<\/div>\n<\/div>\n\n\n\n<p class=\"has-text-align-center\"><strong>Plano TIC<\/strong><\/p>\n\n\n\n<div class=\"wp-block-columns is-layout-flex wp-container-core-columns-is-layout-28f84493 wp-block-columns-is-layout-flex\">\n<div class=\"wp-block-column is-layout-flow wp-block-column-is-layout-flow\">\n<figure class=\"wp-block-video\"><video height=\"720\" style=\"aspect-ratio: 1280 \/ 720;\" width=\"1280\" controls src=\"https:\/\/escoladigital.madeira.gov.pt\/eb1pecalheta\/wp-content\/uploads\/sites\/59\/2026\/02\/EB1_PE-da-Calheta-Plano-TIC-em-acao.mp4\"><\/video><\/figure>\n<\/div>\n\n\n\n<div class=\"wp-block-column is-layout-flow wp-block-column-is-layout-flow\"><\/div>\n\n\n\n<div class=\"wp-block-column is-layout-flow wp-block-column-is-layout-flow\"><\/div>\n<\/div>\n","protected":false},"excerpt":{"rendered":"<p>Seguranet Educamedia Educa\u00e7\u00e3o para a Seguran\u00e7a e Preven\u00e7\u00e3o de Riscos Plano TIC<\/p>\n","protected":false},"author":75,"featured_media":0,"parent":0,"menu_order":0,"comment_status":"closed","ping_status":"closed","template":"","meta":{"site-sidebar-layout":"default","site-content-layout":"","ast-site-content-layout":"default","site-content-style":"default","site-sidebar-style":"default","ast-global-header-display":"","ast-banner-title-visibility":"","ast-main-header-display":"","ast-hfb-above-header-display":"","ast-hfb-below-header-display":"","ast-hfb-mobile-header-display":"","site-post-title":"","ast-breadcrumbs-content":"","ast-featured-img":"","footer-sml-layout":"","ast-disable-related-posts":"","theme-transparent-header-meta":"","adv-header-id-meta":"","stick-header-meta":"","header-above-stick-meta":"","header-main-stick-meta":"","header-below-stick-meta":"","astra-migrate-meta-layouts":"default","ast-page-background-enabled":"default","ast-page-background-meta":{"desktop":{"background-color":"var(--ast-global-color-4)","background-image":"","background-repeat":"repeat","background-position":"center center","background-size":"auto","background-attachment":"scroll","background-type":"","background-media":"","overlay-type":"","overlay-color":"","overlay-opacity":"","overlay-gradient":""},"tablet":{"background-color":"","background-image":"","background-repeat":"repeat","background-position":"center center","background-size":"auto","background-attachment":"scroll","background-type":"","background-media":"","overlay-type":"","overlay-color":"","overlay-opacity":"","overlay-gradient":""},"mobile":{"background-color":"","background-image":"","background-repeat":"repeat","background-position":"center center","background-size":"auto","background-attachment":"scroll","background-type":"","background-media":"","overlay-type":"","overlay-color":"","overlay-opacity":"","overlay-gradient":""}},"ast-content-background-meta":{"desktop":{"background-color":"var(--ast-global-color-5)","background-image":"","background-repeat":"repeat","background-position":"center center","background-size":"auto","background-attachment":"scroll","background-type":"","background-media":"","overlay-type":"","overlay-color":"","overlay-opacity":"","overlay-gradient":""},"tablet":{"background-color":"var(--ast-global-color-5)","background-image":"","background-repeat":"repeat","background-position":"center center","background-size":"auto","background-attachment":"scroll","background-type":"","background-media":"","overlay-type":"","overlay-color":"","overlay-opacity":"","overlay-gradient":""},"mobile":{"background-color":"var(--ast-global-color-5)","background-image":"","background-repeat":"repeat","background-position":"center center","background-size":"auto","background-attachment":"scroll","background-type":"","background-media":"","overlay-type":"","overlay-color":"","overlay-opacity":"","overlay-gradient":""}},"_themeisle_gutenberg_block_has_review":false,"footnotes":""},"class_list":["post-812","page","type-page","status-publish","hentry"],"_links":{"self":[{"href":"https:\/\/escoladigital.madeira.gov.pt\/eb1pecalheta\/wp-json\/wp\/v2\/pages\/812","targetHints":{"allow":["GET"]}}],"collection":[{"href":"https:\/\/escoladigital.madeira.gov.pt\/eb1pecalheta\/wp-json\/wp\/v2\/pages"}],"about":[{"href":"https:\/\/escoladigital.madeira.gov.pt\/eb1pecalheta\/wp-json\/wp\/v2\/types\/page"}],"author":[{"embeddable":true,"href":"https:\/\/escoladigital.madeira.gov.pt\/eb1pecalheta\/wp-json\/wp\/v2\/users\/75"}],"replies":[{"embeddable":true,"href":"https:\/\/escoladigital.madeira.gov.pt\/eb1pecalheta\/wp-json\/wp\/v2\/comments?post=812"}],"version-history":[{"count":12,"href":"https:\/\/escoladigital.madeira.gov.pt\/eb1pecalheta\/wp-json\/wp\/v2\/pages\/812\/revisions"}],"predecessor-version":[{"id":873,"href":"https:\/\/escoladigital.madeira.gov.pt\/eb1pecalheta\/wp-json\/wp\/v2\/pages\/812\/revisions\/873"}],"wp:attachment":[{"href":"https:\/\/escoladigital.madeira.gov.pt\/eb1pecalheta\/wp-json\/wp\/v2\/media?parent=812"}],"curies":[{"name":"wp","href":"https:\/\/api.w.org\/{rel}","templated":true}]}}