{"id":103,"date":"2025-12-10T14:21:38","date_gmt":"2025-12-10T14:21:38","guid":{"rendered":"https:\/\/escoladigital.madeira.gov.pt\/eb1pecampanario\/?page_id=103"},"modified":"2025-12-16T21:33:57","modified_gmt":"2025-12-16T21:33:57","slug":"contactos","status":"publish","type":"page","link":"https:\/\/escoladigital.madeira.gov.pt\/eb1pecampanario\/contactos\/","title":{"rendered":"Contactos"},"content":{"rendered":"<div style=\"height:400pxpx;\" class=\"wp-block-themeisle-blocks-leaflet-map\" id=\"wp-block-themeisle-blocks-leaflet-map-0c88ffe9\"><\/div>\n<script type=\"text\/javascript\">\n\t\/* <![CDATA[ *\/\n\t\tif ( ! window.themeisleLeafletMaps ) window.themeisleLeafletMaps =[];\n\t\twindow.themeisleLeafletMaps.push( { container: \"wp-block-themeisle-blocks-leaflet-map-0c88ffe9\", attributes: {\"id\":\"wp-block-themeisle-blocks-leaflet-map-0c88ffe9\",\"location\":\"\",\"latitude\":\"32.667142796629406\",\"longitude\":\"-17.032048702239994\",\"bbox\":\"-17.044923305511478,32.66353002214892,-17.01917409896851,32.670755425053436\",\"zoom\":16,\"height\":\"400px\",\"markers\":[],\"zoomControl\":true,\"draggable\":true,\"hasCustomCSS\":false,\"customCSS\":\"\",\"otterConditions\":[]} } );\n\t\/* ]]> *\/\n<\/script>\n\n\n\n<p><\/p>\n\n\n\n<p><strong>Morada<\/strong>: Estrada da Pretelha (S\u00edtio da Igreja), Freguesia do Campan\u00e1rio, 9350-037 Campan\u00e1rio <\/p>\n\n\n\n<p><strong>Telefone: <\/strong>291 146 067<\/p>\n\n\n\n<p><strong>E-mail:<\/strong> eb1pecampanario@edu.madeira.gov.pt<\/p>\n\n\n\n<p><\/p>\n","protected":false},"excerpt":{"rendered":"<p>Morada: Estrada da Pretelha (S\u00edtio da Igreja), Freguesia do Campan\u00e1rio, 9350-037 Campan\u00e1rio Telefone: 291 146 067 E-mail: eb1pecampanario@edu.madeira.gov.pt<\/p>\n","protected":false},"author":107,"featured_media":0,"parent":0,"menu_order":0,"comment_status":"closed","ping_status":"closed","template":"","meta":{"site-sidebar-layout":"default","site-content-layout":"","ast-site-content-layout":"default","site-content-style":"default","site-sidebar-style":"default","ast-global-header-display":"","ast-banner-title-visibility":"","ast-main-header-display":"","ast-hfb-above-header-display":"","ast-hfb-below-header-display":"","ast-hfb-mobile-header-display":"","site-post-title":"","ast-breadcrumbs-content":"","ast-featured-img":"","footer-sml-layout":"","ast-disable-related-posts":"","theme-transparent-header-meta":"","adv-header-id-meta":"","stick-header-meta":"","header-above-stick-meta":"","header-main-stick-meta":"","header-below-stick-meta":"","astra-migrate-meta-layouts":"default","ast-page-background-enabled":"default","ast-page-background-meta":{"desktop":{"background-color":"var(--ast-global-color-5)","background-image":"","background-repeat":"repeat","background-position":"center center","background-size":"auto","background-attachment":"scroll","background-type":"","background-media":"","overlay-type":"","overlay-color":"","overlay-opacity":"","overlay-gradient":""},"tablet":{"background-color":"","background-image":"","background-repeat":"repeat","background-position":"center center","background-size":"auto","background-attachment":"scroll","background-type":"","background-media":"","overlay-type":"","overlay-color":"","overlay-opacity":"","overlay-gradient":""},"mobile":{"background-color":"","background-image":"","background-repeat":"repeat","background-position":"center center","background-size":"auto","background-attachment":"scroll","background-type":"","background-media":"","overlay-type":"","overlay-color":"","overlay-opacity":"","overlay-gradient":""}},"ast-content-background-meta":{"desktop":{"background-color":"var(--ast-global-color-4)","background-image":"","background-repeat":"repeat","background-position":"center center","background-size":"auto","background-attachment":"scroll","background-type":"","background-media":"","overlay-type":"","overlay-color":"","overlay-opacity":"","overlay-gradient":""},"tablet":{"background-color":"var(--ast-global-color-4)","background-image":"","background-repeat":"repeat","background-position":"center center","background-size":"auto","background-attachment":"scroll","background-type":"","background-media":"","overlay-type":"","overlay-color":"","overlay-opacity":"","overlay-gradient":""},"mobile":{"background-color":"var(--ast-global-color-4)","background-image":"","background-repeat":"repeat","background-position":"center center","background-size":"auto","background-attachment":"scroll","background-type":"","background-media":"","overlay-type":"","overlay-color":"","overlay-opacity":"","overlay-gradient":""}},"_themeisle_gutenberg_block_has_review":false,"footnotes":""},"class_list":["post-103","page","type-page","status-publish","hentry"],"_links":{"self":[{"href":"https:\/\/escoladigital.madeira.gov.pt\/eb1pecampanario\/wp-json\/wp\/v2\/pages\/103","targetHints":{"allow":["GET"]}}],"collection":[{"href":"https:\/\/escoladigital.madeira.gov.pt\/eb1pecampanario\/wp-json\/wp\/v2\/pages"}],"about":[{"href":"https:\/\/escoladigital.madeira.gov.pt\/eb1pecampanario\/wp-json\/wp\/v2\/types\/page"}],"author":[{"embeddable":true,"href":"https:\/\/escoladigital.madeira.gov.pt\/eb1pecampanario\/wp-json\/wp\/v2\/users\/107"}],"replies":[{"embeddable":true,"href":"https:\/\/escoladigital.madeira.gov.pt\/eb1pecampanario\/wp-json\/wp\/v2\/comments?post=103"}],"version-history":[{"count":3,"href":"https:\/\/escoladigital.madeira.gov.pt\/eb1pecampanario\/wp-json\/wp\/v2\/pages\/103\/revisions"}],"predecessor-version":[{"id":137,"href":"https:\/\/escoladigital.madeira.gov.pt\/eb1pecampanario\/wp-json\/wp\/v2\/pages\/103\/revisions\/137"}],"wp:attachment":[{"href":"https:\/\/escoladigital.madeira.gov.pt\/eb1pecampanario\/wp-json\/wp\/v2\/media?parent=103"}],"curies":[{"name":"wp","href":"https:\/\/api.w.org\/{rel}","templated":true}]}}