{"id":229,"date":"2025-03-09T22:46:26","date_gmt":"2025-03-09T22:46:26","guid":{"rendered":"https:\/\/escoladigital.madeira.gov.pt\/eb1peccarreira\/?page_id=229"},"modified":"2025-03-18T16:11:09","modified_gmt":"2025-03-18T16:11:09","slug":"jogos-matematicos","status":"publish","type":"page","link":"https:\/\/escoladigital.madeira.gov.pt\/eb1peccarreira\/jogos-matematicos\/","title":{"rendered":"JOGOS MATEM\u00c1TICOS"},"content":{"rendered":"\n<p class=\"has-text-align-left\">Iniciativa promovida pela Dire\u00e7\u00e3o Regional de Educa\u00e7\u00e3o dirigida aos alunos dos 1.\u00ba, 2.\u00ba e 3.\u00ba ciclos dos ensinos b\u00e1sico e secund\u00e1rio que tem como objetivo contribuir para o desenvolvimento de capacidades matem\u00e1ticas e para o desenvolvimento pessoal e social.<\/p>\n\n\n\n<p>Para outras informa\u00e7\u00f5es, poder\u00e1 aceder ao portal do projeto em:<strong>&nbsp;<\/strong><a href=\"https:\/\/projetosdre.madeira.gov.pt\/crjmram\/\">https:\/\/projetosdre.madeira.gov.pt\/crjmram\/<\/a><\/p>\n\n\n\n<p>Se houver necessidade de mais informa\u00e7\u00f5es, pode dispor do seguinte contacto: Correio eletr\u00f3nico:&nbsp;<strong><a href=\"https:\/\/www.madeira.gov.pt\/dre\/Estrutura\/DRE\/Areas\/Projetos\/Matem%c3%a1tica\/ctl\/Read\/mid\/12862\/InformacaoId\/44036\/UnidadeOrganicaId\/32\/CatalogoId\/crjm@edu.madeira.gov.pt\">crjm@edu.madeira.gov.pt<\/a><\/strong><\/p>\n\n\n\n<p class=\"has-text-align-left\"><strong>Respons\u00e1veis pelo Projeto: N\u00e9lia Jardim \/ Isabel Anuncia\u00e7\u00e3o<\/strong><\/p>\n\n\n\n<figure class=\"wp-block-image aligncenter size-full\"><img fetchpriority=\"high\" decoding=\"async\" width=\"600\" height=\"470\" src=\"https:\/\/escoladigital.madeira.gov.pt\/eb1peccarreira\/wp-content\/uploads\/sites\/33\/2025\/03\/JOGOS-MATEMATICOS.png\" alt=\"\" class=\"wp-image-276\" srcset=\"https:\/\/escoladigital.madeira.gov.pt\/eb1peccarreira\/wp-content\/uploads\/sites\/33\/2025\/03\/JOGOS-MATEMATICOS.png 600w, https:\/\/escoladigital.madeira.gov.pt\/eb1peccarreira\/wp-content\/uploads\/sites\/33\/2025\/03\/JOGOS-MATEMATICOS-300x235.png 300w\" sizes=\"(max-width: 600px) 100vw, 600px\" \/><\/figure>\n\n\n\n<figure class=\"wp-block-image aligncenter size-full\"><img decoding=\"async\" width=\"720\" height=\"960\" src=\"https:\/\/escoladigital.madeira.gov.pt\/eb1peccarreira\/wp-content\/uploads\/sites\/33\/2025\/03\/jm.jpg\" alt=\"\" class=\"wp-image-513\" srcset=\"https:\/\/escoladigital.madeira.gov.pt\/eb1peccarreira\/wp-content\/uploads\/sites\/33\/2025\/03\/jm.jpg 720w, https:\/\/escoladigital.madeira.gov.pt\/eb1peccarreira\/wp-content\/uploads\/sites\/33\/2025\/03\/jm-225x300.jpg 225w\" sizes=\"(max-width: 720px) 100vw, 720px\" \/><\/figure>\n","protected":false},"excerpt":{"rendered":"<p>Iniciativa promovida pela Dire\u00e7\u00e3o Regional de Educa\u00e7\u00e3o dirigida aos alunos dos 1.\u00ba, 2.\u00ba e 3.\u00ba ciclos dos ensinos b\u00e1sico e secund\u00e1rio que tem como objetivo contribuir para o desenvolvimento de capacidades matem\u00e1ticas e para o desenvolvimento pessoal e social. Para outras informa\u00e7\u00f5es, poder\u00e1 aceder ao portal do projeto em:&nbsp;https:\/\/projetosdre.madeira.gov.pt\/crjmram\/ Se houver necessidade de mais informa\u00e7\u00f5es, &hellip; <\/p>\n<p class=\"link-more\"><a href=\"https:\/\/escoladigital.madeira.gov.pt\/eb1peccarreira\/jogos-matematicos\/\" class=\"more-link\">Read more<span class=\"screen-reader-text\"> &#8220;JOGOS MATEM\u00c1TICOS&#8221;<\/span><\/a><\/p>\n","protected":false},"author":44,"featured_media":0,"parent":0,"menu_order":0,"comment_status":"closed","ping_status":"closed","template":"","meta":{"_themeisle_gutenberg_block_has_review":false,"inspiro_hide_title":false,"footnotes":""},"class_list":["post-229","page","type-page","status-publish","hentry"],"_links":{"self":[{"href":"https:\/\/escoladigital.madeira.gov.pt\/eb1peccarreira\/wp-json\/wp\/v2\/pages\/229","targetHints":{"allow":["GET"]}}],"collection":[{"href":"https:\/\/escoladigital.madeira.gov.pt\/eb1peccarreira\/wp-json\/wp\/v2\/pages"}],"about":[{"href":"https:\/\/escoladigital.madeira.gov.pt\/eb1peccarreira\/wp-json\/wp\/v2\/types\/page"}],"author":[{"embeddable":true,"href":"https:\/\/escoladigital.madeira.gov.pt\/eb1peccarreira\/wp-json\/wp\/v2\/users\/44"}],"replies":[{"embeddable":true,"href":"https:\/\/escoladigital.madeira.gov.pt\/eb1peccarreira\/wp-json\/wp\/v2\/comments?post=229"}],"version-history":[{"count":8,"href":"https:\/\/escoladigital.madeira.gov.pt\/eb1peccarreira\/wp-json\/wp\/v2\/pages\/229\/revisions"}],"predecessor-version":[{"id":738,"href":"https:\/\/escoladigital.madeira.gov.pt\/eb1peccarreira\/wp-json\/wp\/v2\/pages\/229\/revisions\/738"}],"wp:attachment":[{"href":"https:\/\/escoladigital.madeira.gov.pt\/eb1peccarreira\/wp-json\/wp\/v2\/media?parent=229"}],"curies":[{"name":"wp","href":"https:\/\/api.w.org\/{rel}","templated":true}]}}