{"id":238,"date":"2025-03-09T22:47:41","date_gmt":"2025-03-09T22:47:41","guid":{"rendered":"https:\/\/escoladigital.madeira.gov.pt\/eb1peccarreira\/?page_id=238"},"modified":"2025-03-11T19:25:04","modified_gmt":"2025-03-11T19:25:04","slug":"prer","status":"publish","type":"page","link":"https:\/\/escoladigital.madeira.gov.pt\/eb1peccarreira\/prer\/","title":{"rendered":"PRER"},"content":{"rendered":"\t\t<div data-elementor-type=\"wp-page\" data-elementor-id=\"238\" class=\"elementor elementor-238\">\n\t\t\t\t<div class=\"elementor-element elementor-element-a9fbd3f e-flex e-con-boxed e-con e-parent\" data-id=\"a9fbd3f\" data-element_type=\"container\" data-e-type=\"container\">\n\t\t\t\t\t<div class=\"e-con-inner\">\n\t\t\t\t<div class=\"elementor-element elementor-element-7fa24865 elementor-widget elementor-widget-text-editor\" data-id=\"7fa24865\" data-element_type=\"widget\" data-e-type=\"widget\" data-widget_type=\"text-editor.default\">\n\t\t\t\t<div class=\"elementor-widget-container\">\n\t\t\t\t\t\t\t\t\t\n<p class=\"has-text-align-left\">O PRER foi a estrat\u00e9gia encontrada pela Dire\u00e7\u00e3o Regional de Educa\u00e7\u00e3o, da Regi\u00e3o Aut\u00f3noma da Madeira (RAM), para desenvolver uma cultura de educa\u00e7\u00e3o para a seguran\u00e7a rodovi\u00e1ria junto da comunidade educativa. Tendo em conta que \u00e9 fundamental estimular uma cidadania respons\u00e1vel, h\u00e1 que desenvolver desde cedo compet\u00eancias, quer de a\u00e7\u00e3o quer de conhecimento, passando pelas de atitude, relacionadas com comportamentos seguros em ambiente rodovi\u00e1rio, pelo que a escola se apresenta como um contexto privilegiado nesse sentido. Tal facto justifica a pertin\u00eancia da exist\u00eancia do supracitado Plano em contexto escolar, envolvendo a comunidade respetiva, desde a educa\u00e7\u00e3o pr\u00e9-escolar at\u00e9 ao ensino secund\u00e1rio, passando pelo ensino b\u00e1sico, assim como pelos mais variados sectores da escola-comunidade educativa.<\/p>\n\n<p class=\"has-text-align-left\">Neste formato o plano existe desde o ano letivo 2007\/2008. Para mais informa\u00e7\u00f5es pode consultar a p\u00e1gina oficial do PRER <a href=\"https:\/\/projetosdre.madeira.gov.pt\/prer\/\" data-type=\"link\" data-id=\"https:\/\/projetosdre.madeira.gov.pt\/prer\/\"> clicando aqui<\/a><\/p>\n<p><strong>Respons\u00e1veis pelo Projeto: Professor\u00a0 Bruno Martins e Manuel Gon\u00e7alves<\/strong><\/p>\n\n<figure class=\"wp-block-image aligncenter size-large\"><img fetchpriority=\"high\" decoding=\"async\" width=\"1024\" height=\"512\" class=\"wp-image-273\" src=\"https:\/\/escoladigital.madeira.gov.pt\/eb1peccarreira\/wp-content\/uploads\/sites\/33\/2025\/03\/PREER-1024x512.png\" alt=\"\" srcset=\"https:\/\/escoladigital.madeira.gov.pt\/eb1peccarreira\/wp-content\/uploads\/sites\/33\/2025\/03\/PREER-1024x512.png 1024w, https:\/\/escoladigital.madeira.gov.pt\/eb1peccarreira\/wp-content\/uploads\/sites\/33\/2025\/03\/PREER-300x150.png 300w, https:\/\/escoladigital.madeira.gov.pt\/eb1peccarreira\/wp-content\/uploads\/sites\/33\/2025\/03\/PREER.png 1200w\" sizes=\"(max-width: 1024px) 100vw, 1024px\" \/><\/figure>\n\n<figure class=\"wp-block-gallery has-nested-images columns-default is-cropped wp-block-gallery-2 is-layout-flex wp-block-gallery-is-layout-flex\">\n<figure class=\"wp-block-image size-full\"><img decoding=\"async\" width=\"960\" height=\"720\" data-id=\"507\" class=\"wp-image-507\" src=\"https:\/\/escoladigital.madeira.gov.pt\/eb1peccarreira\/wp-content\/uploads\/sites\/33\/2025\/03\/preerf5.jpg\" alt=\"\" srcset=\"https:\/\/escoladigital.madeira.gov.pt\/eb1peccarreira\/wp-content\/uploads\/sites\/33\/2025\/03\/preerf5.jpg 960w, https:\/\/escoladigital.madeira.gov.pt\/eb1peccarreira\/wp-content\/uploads\/sites\/33\/2025\/03\/preerf5-300x225.jpg 300w\" sizes=\"(max-width: 960px) 100vw, 960px\" \/><\/figure>\n\n<figure class=\"wp-block-image size-full\"><img decoding=\"async\" width=\"540\" height=\"960\" data-id=\"505\" class=\"wp-image-505\" src=\"https:\/\/escoladigital.madeira.gov.pt\/eb1peccarreira\/wp-content\/uploads\/sites\/33\/2025\/03\/preerf3.jpg\" alt=\"\" srcset=\"https:\/\/escoladigital.madeira.gov.pt\/eb1peccarreira\/wp-content\/uploads\/sites\/33\/2025\/03\/preerf3.jpg 540w, https:\/\/escoladigital.madeira.gov.pt\/eb1peccarreira\/wp-content\/uploads\/sites\/33\/2025\/03\/preerf3-169x300.jpg 169w\" sizes=\"(max-width: 540px) 100vw, 540px\" \/><\/figure>\n<\/figure>\n\n<p>\u00a0<\/p>\n\t\t\t\t\t\t\t\t<\/div>\n\t\t\t\t<\/div>\n\t\t\t\t\t<\/div>\n\t\t\t\t<\/div>\n\t\t\t\t<\/div>\n\t\t","protected":false},"excerpt":{"rendered":"<p>O PRER foi a estrat\u00e9gia encontrada pela Dire\u00e7\u00e3o Regional de Educa\u00e7\u00e3o, da Regi\u00e3o Aut\u00f3noma da Madeira (RAM), para desenvolver uma cultura de educa\u00e7\u00e3o para a seguran\u00e7a rodovi\u00e1ria junto da comunidade educativa. Tendo em conta que \u00e9 fundamental estimular uma cidadania respons\u00e1vel, h\u00e1 que desenvolver desde cedo compet\u00eancias, quer de a\u00e7\u00e3o quer de conhecimento, passando pelas &hellip; <\/p>\n<p class=\"link-more\"><a href=\"https:\/\/escoladigital.madeira.gov.pt\/eb1peccarreira\/prer\/\" class=\"more-link\">Read more<span class=\"screen-reader-text\"> &#8220;PRER&#8221;<\/span><\/a><\/p>\n","protected":false},"author":44,"featured_media":0,"parent":0,"menu_order":0,"comment_status":"closed","ping_status":"closed","template":"","meta":{"_themeisle_gutenberg_block_has_review":false,"inspiro_hide_title":false,"footnotes":""},"class_list":["post-238","page","type-page","status-publish","hentry"],"_links":{"self":[{"href":"https:\/\/escoladigital.madeira.gov.pt\/eb1peccarreira\/wp-json\/wp\/v2\/pages\/238","targetHints":{"allow":["GET"]}}],"collection":[{"href":"https:\/\/escoladigital.madeira.gov.pt\/eb1peccarreira\/wp-json\/wp\/v2\/pages"}],"about":[{"href":"https:\/\/escoladigital.madeira.gov.pt\/eb1peccarreira\/wp-json\/wp\/v2\/types\/page"}],"author":[{"embeddable":true,"href":"https:\/\/escoladigital.madeira.gov.pt\/eb1peccarreira\/wp-json\/wp\/v2\/users\/44"}],"replies":[{"embeddable":true,"href":"https:\/\/escoladigital.madeira.gov.pt\/eb1peccarreira\/wp-json\/wp\/v2\/comments?post=238"}],"version-history":[{"count":14,"href":"https:\/\/escoladigital.madeira.gov.pt\/eb1peccarreira\/wp-json\/wp\/v2\/pages\/238\/revisions"}],"predecessor-version":[{"id":631,"href":"https:\/\/escoladigital.madeira.gov.pt\/eb1peccarreira\/wp-json\/wp\/v2\/pages\/238\/revisions\/631"}],"wp:attachment":[{"href":"https:\/\/escoladigital.madeira.gov.pt\/eb1peccarreira\/wp-json\/wp\/v2\/media?parent=238"}],"curies":[{"name":"wp","href":"https:\/\/api.w.org\/{rel}","templated":true}]}}