{"id":251,"date":"2025-03-09T23:01:40","date_gmt":"2025-03-09T23:01:40","guid":{"rendered":"https:\/\/escoladigital.madeira.gov.pt\/eb1peccarreira\/?page_id=251"},"modified":"2025-03-19T11:33:18","modified_gmt":"2025-03-19T11:33:18","slug":"quem-somos","status":"publish","type":"page","link":"https:\/\/escoladigital.madeira.gov.pt\/eb1peccarreira\/quem-somos\/","title":{"rendered":"QUEM SOMOS&#8230;"},"content":{"rendered":"\t\t<div data-elementor-type=\"wp-page\" data-elementor-id=\"251\" class=\"elementor elementor-251\">\n\t\t\t\t<div class=\"elementor-element elementor-element-554aa3d5 e-flex e-con-boxed e-con e-parent\" data-id=\"554aa3d5\" data-element_type=\"container\" data-e-type=\"container\">\n\t\t\t\t\t<div class=\"e-con-inner\">\n\t\t\t\t<div class=\"elementor-element elementor-element-3ec609d1 elementor-widget elementor-widget-text-editor\" data-id=\"3ec609d1\" data-element_type=\"widget\" data-e-type=\"widget\" data-widget_type=\"text-editor.default\">\n\t\t\t\t<div class=\"elementor-widget-container\">\n\t\t\t\t\t\t\t\t\t<p><img fetchpriority=\"high\" decoding=\"async\" class=\"aligncenter wp-image-208 size-full\" src=\"https:\/\/escoladigital.madeira.gov.pt\/eb1peccarreira\/wp-content\/uploads\/sites\/33\/2025\/03\/cropped-CARREIRA.jpg\" alt=\"\" width=\"2000\" height=\"1076\" srcset=\"https:\/\/escoladigital.madeira.gov.pt\/eb1peccarreira\/wp-content\/uploads\/sites\/33\/2025\/03\/cropped-CARREIRA.jpg 2000w, https:\/\/escoladigital.madeira.gov.pt\/eb1peccarreira\/wp-content\/uploads\/sites\/33\/2025\/03\/cropped-CARREIRA-300x161.jpg 300w, https:\/\/escoladigital.madeira.gov.pt\/eb1peccarreira\/wp-content\/uploads\/sites\/33\/2025\/03\/cropped-CARREIRA-1024x551.jpg 1024w\" sizes=\"(max-width: 2000px) 100vw, 2000px\" \/><\/p>\n<p>DIRETORA: MARISA MENDES<\/p>\n<p><!-- \/wp:paragraph --><!-- wp:paragraph --><\/p>\n<p>@MAIL: <a href=\"mailto:marisamendes2005@edu.madeira.gov.pt\">marisamendes2005@edu.madeira.gov.pt<\/a><\/p>\n<p><!-- \/wp:paragraph --><!-- wp:paragraph --><\/p>\n<p>SUBSTITUTA LEGAL: ISABEL ANUNCIA\u00c7\u00c3O<\/p>\n<p><!-- \/wp:paragraph --><!-- wp:paragraph --><\/p>\n<p>@MAIL: <a href=\"mailto:isabelanunciacao@edu.madeira.gov.pt\">isabelanunciacao@edu.madeira.gov.pt<\/a><\/p>\n<p><!-- \/wp:paragraph --><!-- wp:paragraph --><\/p>\n<p>COORDENADOR TIC: M\u00c1RIO MENEZES<\/p>\n<p><!-- \/wp:paragraph --><!-- wp:paragraph --><\/p>\n<p>@MAIL:\u00a0 <a href=\"mailto:mario_menezes2009@edu.madeira.gov.pt\">mario_menezes2009@edu.madeira.gov.pt<\/a><\/p>\n<p><strong>\u00a0<\/strong><\/p>\n<p><!-- \/wp:paragraph --><\/p>\t\t\t\t\t\t\t\t<\/div>\n\t\t\t\t<\/div>\n\t\t\t\t\t<\/div>\n\t\t\t\t<\/div>\n\t\t<div class=\"elementor-element elementor-element-1ef86c8 e-flex e-con-boxed e-con e-parent\" data-id=\"1ef86c8\" data-element_type=\"container\" data-e-type=\"container\">\n\t\t\t\t\t<div class=\"e-con-inner\">\n\t\t\t\t<div class=\"elementor-element elementor-element-0d0e0f8 elementor-widget elementor-widget-text-editor\" data-id=\"0d0e0f8\" data-element_type=\"widget\" data-e-type=\"widget\" data-widget_type=\"text-editor.default\">\n\t\t\t\t<div class=\"elementor-widget-container\">\n\t\t\t\t\t\t\t\t\t<p><strong>Bem-vindos \u00e0 EB1\/PE Carvalhal e Carreira!<\/strong><\/p>\n<p data-start=\"192\" data-end=\"433\"><strong>\u00c9 com grande satisfa\u00e7\u00e3o que abrimos este espa\u00e7o digital para todos os que fazem parte da nossa comunidade educativa. A nossa escola \u00e9 um lugar de aprendizagem, crescimento e partilha, onde cada aluno \u00e9 valorizado no seu percurso educativo.<\/strong><\/p>\n<p data-start=\"435\" data-end=\"726\"><strong>Neste site, poder\u00e3o encontrar informa\u00e7\u00f5es essenciais sobre a nossa institui\u00e7\u00e3o, desde os projetos educativos e atividades escolares at\u00e9 documentos e avisos importantes. Queremos que este seja um canal de comunica\u00e7\u00e3o direta, promovendo a proximidade entre a escola, os alunos e as fam\u00edlias.<\/strong><\/p>\n<p data-start=\"728\" data-end=\"1046\"><strong>Acreditamos que a educa\u00e7\u00e3o vai al\u00e9m da sala de aula e que o envolvimento dos pais e encarregados de educa\u00e7\u00e3o \u00e9 fundamental para o sucesso dos nossos alunos. Por isso, convidamos-vos a participar ativamente na vida escolar, acompanhando as novidades, os eventos e as iniciativas que realizamos ao longo do ano letivo.<\/strong><\/p>\n<p data-start=\"1048\" data-end=\"1201\"><strong>Juntos, constru\u00edmos uma escola mais forte, inovadora e acolhedora, onde o respeito, a coopera\u00e7\u00e3o e o compromisso com a educa\u00e7\u00e3o s\u00e3o valores essenciais.<\/strong><\/p>\n<p><strong>Pretendemos proporcionar a cada aluno que frequenta a nossa escola, oportunidades de acesso ao conhecimento e experi\u00eancias de aprendizagem que lhe permitam desenvolver compet\u00eancias necess\u00e1rias \u00e0 participa\u00e7\u00e3o ativa e respons\u00e1vel na comunidade de que \u00e9 parte integrante.<\/strong><\/p>\n<p><strong>O nosso Projeto Educativo ambiciona promover princ\u00edpios de gest\u00e3o curricular e pr\u00e1ticas pedag\u00f3gicas promotoras da inclus\u00e3o, que integrem a diversidade intercultural como fonte de aprendizagem e de desenvolvimento pessoal e coletivo.<\/strong><\/p>\n<p><strong>Desejamos tamb\u00e9m promover a participa\u00e7\u00e3o das fam\u00edlias e de outros parceiros na escola, disponibilizando-se como recurso para toda a comunidade.<\/strong><\/p>\n<p data-start=\"1048\" data-end=\"1201\"><strong>\u00a0<\/strong><strong>Sejam bem-vindos ao nosso espa\u00e7o online! Contamos convosco para fazer desta jornada educativa um sucesso para todos.<\/strong><\/p>\n<p data-start=\"1323\" data-end=\"1390\"><strong>EB1\/PE Carvalhal e Carreira \u2013 Aprender e crescer juntos!<\/strong><\/p>\t\t\t\t\t\t\t\t<\/div>\n\t\t\t\t<\/div>\n\t\t\t\t\t<\/div>\n\t\t\t\t<\/div>\n\t\t<div class=\"elementor-element elementor-element-66b97a2 e-flex e-con-boxed e-con e-parent\" data-id=\"66b97a2\" data-element_type=\"container\" data-e-type=\"container\">\n\t\t\t\t\t<div class=\"e-con-inner\">\n\t\t\t\t<div class=\"elementor-element elementor-element-a402f37 elementor-widget elementor-widget-image\" data-id=\"a402f37\" data-element_type=\"widget\" data-e-type=\"widget\" data-widget_type=\"image.default\">\n\t\t\t\t<div class=\"elementor-widget-container\">\n\t\t\t\t\t\t\t\t\t\t\t\t\t\t\t<img decoding=\"async\" width=\"950\" height=\"440\" src=\"https:\/\/escoladigital.madeira.gov.pt\/eb1peccarreira\/wp-content\/uploads\/sites\/33\/2025\/03\/cropped-CarvalhalCarreira-1-1024x474.jpg\" class=\"attachment-large size-large wp-image-191\" alt=\"\" srcset=\"https:\/\/escoladigital.madeira.gov.pt\/eb1peccarreira\/wp-content\/uploads\/sites\/33\/2025\/03\/cropped-CarvalhalCarreira-1-1024x474.jpg 1024w, https:\/\/escoladigital.madeira.gov.pt\/eb1peccarreira\/wp-content\/uploads\/sites\/33\/2025\/03\/cropped-CarvalhalCarreira-1-300x139.jpg 300w, https:\/\/escoladigital.madeira.gov.pt\/eb1peccarreira\/wp-content\/uploads\/sites\/33\/2025\/03\/cropped-CarvalhalCarreira-1-1536x710.jpg 1536w, https:\/\/escoladigital.madeira.gov.pt\/eb1peccarreira\/wp-content\/uploads\/sites\/33\/2025\/03\/cropped-CarvalhalCarreira-1.jpg 2000w\" sizes=\"100vw\" \/>\t\t\t\t\t\t\t\t\t\t\t\t\t\t\t<\/div>\n\t\t\t\t<\/div>\n\t\t\t\t\t<\/div>\n\t\t\t\t<\/div>\n\t\t<div class=\"elementor-element elementor-element-1f02a4a e-flex e-con-boxed e-con e-parent\" data-id=\"1f02a4a\" data-element_type=\"container\" data-e-type=\"container\">\n\t\t\t\t\t<div class=\"e-con-inner\">\n\t\t\t\t<div class=\"elementor-element elementor-element-477bca8 elementor-align-right elementor-widget elementor-widget-button\" data-id=\"477bca8\" data-element_type=\"widget\" data-e-type=\"widget\" data-widget_type=\"button.default\">\n\t\t\t\t<div class=\"elementor-widget-container\">\n\t\t\t\t\t\t\t\t\t<div class=\"elementor-button-wrapper\">\n\t\t\t\t\t<a class=\"elementor-button elementor-button-link elementor-size-sm\" href=\"https:\/\/escoladigital.madeira.gov.pt\/eb1peccarreira\/\">\n\t\t\t\t\t\t<span class=\"elementor-button-content-wrapper\">\n\t\t\t\t\t\t<span class=\"elementor-button-icon\">\n\t\t\t\t<svg aria-hidden=\"true\" class=\"e-font-icon-svg e-fas-home\" viewBox=\"0 0 576 512\" xmlns=\"http:\/\/www.w3.org\/2000\/svg\"><path d=\"M280.37 148.26L96 300.11V464a16 16 0 0 0 16 16l112.06-.29a16 16 0 0 0 15.92-16V368a16 16 0 0 1 16-16h64a16 16 0 0 1 16 16v95.64a16 16 0 0 0 16 16.05L464 480a16 16 0 0 0 16-16V300L295.67 148.26a12.19 12.19 0 0 0-15.3 0zM571.6 251.47L488 182.56V44.05a12 12 0 0 0-12-12h-56a12 12 0 0 0-12 12v72.61L318.47 43a48 48 0 0 0-61 0L4.34 251.47a12 12 0 0 0-1.6 16.9l25.5 31A12 12 0 0 0 45.15 301l235.22-193.74a12.19 12.19 0 0 1 15.3 0L530.9 301a12 12 0 0 0 16.9-1.6l25.5-31a12 12 0 0 0-1.7-16.93z\"><\/path><\/svg>\t\t\t<\/span>\n\t\t\t\t\t\t\t\t\t<span class=\"elementor-button-text\">P\u00e1gina Inicial<\/span>\n\t\t\t\t\t<\/span>\n\t\t\t\t\t<\/a>\n\t\t\t\t<\/div>\n\t\t\t\t\t\t\t\t<\/div>\n\t\t\t\t<\/div>\n\t\t\t\t\t<\/div>\n\t\t\t\t<\/div>\n\t\t<div class=\"elementor-element elementor-element-d931b78 e-flex e-con-boxed e-con e-parent\" data-id=\"d931b78\" data-element_type=\"container\" data-e-type=\"container\">\n\t\t\t\t\t<div class=\"e-con-inner\">\n\t\t\t\t<div class=\"elementor-element elementor-element-e3c4086 elementor-widget elementor-widget-text-editor\" data-id=\"e3c4086\" data-element_type=\"widget\" data-e-type=\"widget\" data-widget_type=\"text-editor.default\">\n\t\t\t\t<div class=\"elementor-widget-container\">\n\t\t\t\t\t\t\t\t\t<p>\u00a0<\/p>\n<p>\u00a0<\/p>\t\t\t\t\t\t\t\t<\/div>\n\t\t\t\t<\/div>\n\t\t\t\t\t<\/div>\n\t\t\t\t<\/div>\n\t\t\t\t<\/div>\n\t\t","protected":false},"excerpt":{"rendered":"<p>DIRETORA: MARISA MENDES @MAIL: marisamendes2005@edu.madeira.gov.pt SUBSTITUTA LEGAL: ISABEL ANUNCIA\u00c7\u00c3O @MAIL: isabelanunciacao@edu.madeira.gov.pt COORDENADOR TIC: M\u00c1RIO MENEZES @MAIL:\u00a0 mario_menezes2009@edu.madeira.gov.pt \u00a0 Bem-vindos \u00e0 EB1\/PE Carvalhal e Carreira! \u00c9 com grande satisfa\u00e7\u00e3o que abrimos este espa\u00e7o digital para todos os que fazem parte da nossa comunidade educativa. A nossa escola \u00e9 um lugar de aprendizagem, crescimento e partilha, onde &hellip; <\/p>\n<p class=\"link-more\"><a href=\"https:\/\/escoladigital.madeira.gov.pt\/eb1peccarreira\/quem-somos\/\" class=\"more-link\">Read more<span class=\"screen-reader-text\"> &#8220;QUEM SOMOS&#8230;&#8221;<\/span><\/a><\/p>\n","protected":false},"author":44,"featured_media":0,"parent":0,"menu_order":0,"comment_status":"closed","ping_status":"closed","template":"","meta":{"_themeisle_gutenberg_block_has_review":false,"inspiro_hide_title":false,"footnotes":""},"class_list":["post-251","page","type-page","status-publish","hentry"],"_links":{"self":[{"href":"https:\/\/escoladigital.madeira.gov.pt\/eb1peccarreira\/wp-json\/wp\/v2\/pages\/251","targetHints":{"allow":["GET"]}}],"collection":[{"href":"https:\/\/escoladigital.madeira.gov.pt\/eb1peccarreira\/wp-json\/wp\/v2\/pages"}],"about":[{"href":"https:\/\/escoladigital.madeira.gov.pt\/eb1peccarreira\/wp-json\/wp\/v2\/types\/page"}],"author":[{"embeddable":true,"href":"https:\/\/escoladigital.madeira.gov.pt\/eb1peccarreira\/wp-json\/wp\/v2\/users\/44"}],"replies":[{"embeddable":true,"href":"https:\/\/escoladigital.madeira.gov.pt\/eb1peccarreira\/wp-json\/wp\/v2\/comments?post=251"}],"version-history":[{"count":53,"href":"https:\/\/escoladigital.madeira.gov.pt\/eb1peccarreira\/wp-json\/wp\/v2\/pages\/251\/revisions"}],"predecessor-version":[{"id":836,"href":"https:\/\/escoladigital.madeira.gov.pt\/eb1peccarreira\/wp-json\/wp\/v2\/pages\/251\/revisions\/836"}],"wp:attachment":[{"href":"https:\/\/escoladigital.madeira.gov.pt\/eb1peccarreira\/wp-json\/wp\/v2\/media?parent=251"}],"curies":[{"name":"wp","href":"https:\/\/api.w.org\/{rel}","templated":true}]}}